{"id":56421,"date":"2026-04-16T10:16:59","date_gmt":"2026-04-16T08:16:59","guid":{"rendered":"https:\/\/librairie7l.com\/?post_type=product&#038;p=56421"},"modified":"2026-04-16T13:49:51","modified_gmt":"2026-04-16T11:49:51","slug":"sarah-lipska-1882-1973-lart-dans-tous-ses-eclats-2","status":"publish","type":"product","link":"https:\/\/librairie7l.com\/en\/produit\/sarah-lipska-1882-1973-lart-dans-tous-ses-eclats-2\/","title":{"rendered":"SARAH LIPSKA (1882-1973) : L&#8217;ART DANS TOUS SES \u00c9CLATS"},"content":{"rendered":"<p>Catalogue publi\u00e9 \u00e0 l&#8217;occasion de l&#8217;exposition consacr\u00e9e \u00e0 Sarah Lipska au mus\u00e9e Sainte-Croix de Poitiers du 2 avril au 27 septembre 2026.<\/p>\n<p>Artiste inclassable et fascinante, Sarah Lipska (1882-1973) traverse la premi\u00e8re moiti\u00e9 du xxe si\u00e8cle en multipliant les pratiques : peintre, sculptrice, cr\u00e9atrice de mode, d\u00e9coratrice d&#8217;int\u00e9rieur, costumi\u00e8re de sc\u00e8ne&#8230; Son oeuvre, foisonnante et singuli\u00e8re, m\u00eale influences polonaises, folklore, modernisme et avant-gardes parisiennes. Ce livre<br \/>\naccompagne la premi\u00e8re grande r\u00e9trospective fran\u00e7aise consacr\u00e9e \u00e0 l&#8217;artiste et propose un panorama g\u00e9n\u00e9reusement illustr\u00e9 de sa cr\u00e9ativit\u00e9 : peintures, projets sc\u00e9niques, textiles, sculptures, int\u00e9rieurs modernistes.<br \/>\nAccessible, visuel et document\u00e9, il met en lumi\u00e8re une figure majeure et pourtant m\u00e9connue de l&#8217;art du xxe si\u00e8cle.<\/p>\n","protected":false},"excerpt":{"rendered":"<p>Catalogue publi\u00e9 \u00e0 l&#8217;occasion de l&#8217;exposition consacr\u00e9e \u00e0 Sarah Lipska au mus\u00e9e Sainte-Croix de Poitiers du 2 avril au 27 septembre 2026. Artiste inclassable et fascinante, Sarah Lipska (1882-1973) traverse la premi\u00e8re moiti\u00e9 du xxe si\u00e8cle en multipliant les pratiques : peintre, sculptrice, cr\u00e9atrice de mode, d\u00e9coratrice d&#8217;int\u00e9rieur, costumi\u00e8re de sc\u00e8ne&#8230; Son oeuvre, foisonnante et [&hellip;]<\/p>\n","protected":false},"featured_media":56419,"template":"","meta":[],"product_cat":[2948],"product_tag":[],"acf":[],"yoast_head":"<!-- This site is optimized with the Yoast SEO plugin v20.11 - https:\/\/yoast.com\/wordpress\/plugins\/seo\/ -->\n<title>Sarah Lipska (1882-1973) : L&#039;art dans tous ses \u00e9clats - Librairie 7L<\/title>\n<meta name=\"robots\" content=\"index, follow, max-snippet:-1, max-image-preview:large, max-video-preview:-1\" \/>\n<link rel=\"canonical\" href=\"https:\/\/librairie7l.com\/en\/produit\/sarah-lipska-1882-1973-lart-dans-tous-ses-eclats-2\/\" \/>\n<meta property=\"og:locale\" content=\"en_US\" \/>\n<meta property=\"og:type\" content=\"article\" \/>\n<meta property=\"og:title\" content=\"Sarah Lipska (1882-1973) : L&#039;art dans tous ses \u00e9clats - Librairie 7L\" \/>\n<meta property=\"og:description\" content=\"Catalogue publi\u00e9 \u00e0 l&#8217;occasion de l&#8217;exposition consacr\u00e9e \u00e0 Sarah Lipska au mus\u00e9e Sainte-Croix de Poitiers du 2 avril au 27 septembre 2026. Artiste inclassable et fascinante, Sarah Lipska (1882-1973) traverse la premi\u00e8re moiti\u00e9 du xxe si\u00e8cle en multipliant les pratiques : peintre, sculptrice, cr\u00e9atrice de mode, d\u00e9coratrice d&#8217;int\u00e9rieur, costumi\u00e8re de sc\u00e8ne&#8230; Son oeuvre, foisonnante et [&hellip;]\" \/>\n<meta property=\"og:url\" content=\"https:\/\/librairie7l.com\/en\/produit\/sarah-lipska-1882-1973-lart-dans-tous-ses-eclats-2\/\" \/>\n<meta property=\"og:site_name\" content=\"Librairie 7L\" \/>\n<meta property=\"article:modified_time\" content=\"2026-04-16T11:49:51+00:00\" \/>\n<meta property=\"og:image\" content=\"https:\/\/librairie7l.com\/wp-content\/uploads\/2026\/01\/9782376801504_1_75.jpg\" \/>\n\t<meta property=\"og:image:width\" content=\"600\" \/>\n\t<meta property=\"og:image:height\" content=\"645\" \/>\n\t<meta property=\"og:image:type\" content=\"image\/jpeg\" \/>\n<meta name=\"twitter:card\" content=\"summary_large_image\" \/>\n<meta name=\"twitter:label1\" content=\"Est. reading time\" \/>\n\t<meta name=\"twitter:data1\" content=\"1 minute\" \/>\n<script type=\"application\/ld+json\" class=\"yoast-schema-graph\">{\"@context\":\"https:\/\/schema.org\",\"@graph\":[{\"@type\":\"WebPage\",\"@id\":\"https:\/\/librairie7l.com\/en\/produit\/sarah-lipska-1882-1973-lart-dans-tous-ses-eclats-2\/\",\"url\":\"https:\/\/librairie7l.com\/en\/produit\/sarah-lipska-1882-1973-lart-dans-tous-ses-eclats-2\/\",\"name\":\"Sarah Lipska (1882-1973) : L'art dans tous ses \u00e9clats - Librairie 7L\",\"isPartOf\":{\"@id\":\"https:\/\/librairie7l.com\/en\/#website\"},\"datePublished\":\"2026-04-16T08:16:59+00:00\",\"dateModified\":\"2026-04-16T11:49:51+00:00\",\"breadcrumb\":{\"@id\":\"https:\/\/librairie7l.com\/en\/produit\/sarah-lipska-1882-1973-lart-dans-tous-ses-eclats-2\/#breadcrumb\"},\"inLanguage\":\"en-US\",\"potentialAction\":[{\"@type\":\"ReadAction\",\"target\":[\"https:\/\/librairie7l.com\/en\/produit\/sarah-lipska-1882-1973-lart-dans-tous-ses-eclats-2\/\"]}]},{\"@type\":\"BreadcrumbList\",\"@id\":\"https:\/\/librairie7l.com\/en\/produit\/sarah-lipska-1882-1973-lart-dans-tous-ses-eclats-2\/#breadcrumb\",\"itemListElement\":[{\"@type\":\"ListItem\",\"position\":1,\"name\":\"Accueil\",\"item\":\"https:\/\/librairie7l.com\/en\/\"},{\"@type\":\"ListItem\",\"position\":2,\"name\":\"Shop\",\"item\":\"https:\/\/librairie7l.com\/en\/shop\/\"},{\"@type\":\"ListItem\",\"position\":3,\"name\":\"SARAH LIPSKA (1882-1973) : L&#8217;ART DANS TOUS SES \u00c9CLATS\"}]},{\"@type\":\"WebSite\",\"@id\":\"https:\/\/librairie7l.com\/en\/#website\",\"url\":\"https:\/\/librairie7l.com\/en\/\",\"name\":\"Librairie 7L\",\"description\":\"Librairie fond\u00e9e en 1999 par Karl Lagerfeld \u00e0 Paris\",\"publisher\":{\"@id\":\"https:\/\/librairie7l.com\/en\/#organization\"},\"potentialAction\":[{\"@type\":\"SearchAction\",\"target\":{\"@type\":\"EntryPoint\",\"urlTemplate\":\"https:\/\/librairie7l.com\/en\/?s={search_term_string}\"},\"query-input\":\"required name=search_term_string\"}],\"inLanguage\":\"en-US\"},{\"@type\":\"Organization\",\"@id\":\"https:\/\/librairie7l.com\/en\/#organization\",\"name\":\"Librairie 7L\",\"url\":\"https:\/\/librairie7l.com\/en\/\",\"logo\":{\"@type\":\"ImageObject\",\"inLanguage\":\"en-US\",\"@id\":\"https:\/\/librairie7l.com\/en\/#\/schema\/logo\/image\/\",\"url\":\"https:\/\/librairie7l.com\/wp-content\/uploads\/2022\/08\/logo-1.png\",\"contentUrl\":\"https:\/\/librairie7l.com\/wp-content\/uploads\/2022\/08\/logo-1.png\",\"width\":227,\"height\":301,\"caption\":\"Librairie 7L\"},\"image\":{\"@id\":\"https:\/\/librairie7l.com\/en\/#\/schema\/logo\/image\/\"}}]}<\/script>\n<!-- \/ Yoast SEO plugin. -->","yoast_head_json":{"title":"Sarah Lipska (1882-1973) : L'art dans tous ses \u00e9clats - Librairie 7L","robots":{"index":"index","follow":"follow","max-snippet":"max-snippet:-1","max-image-preview":"max-image-preview:large","max-video-preview":"max-video-preview:-1"},"canonical":"https:\/\/librairie7l.com\/en\/produit\/sarah-lipska-1882-1973-lart-dans-tous-ses-eclats-2\/","og_locale":"en_US","og_type":"article","og_title":"Sarah Lipska (1882-1973) : L'art dans tous ses \u00e9clats - Librairie 7L","og_description":"Catalogue publi\u00e9 \u00e0 l&#8217;occasion de l&#8217;exposition consacr\u00e9e \u00e0 Sarah Lipska au mus\u00e9e Sainte-Croix de Poitiers du 2 avril au 27 septembre 2026. Artiste inclassable et fascinante, Sarah Lipska (1882-1973) traverse la premi\u00e8re moiti\u00e9 du xxe si\u00e8cle en multipliant les pratiques : peintre, sculptrice, cr\u00e9atrice de mode, d\u00e9coratrice d&#8217;int\u00e9rieur, costumi\u00e8re de sc\u00e8ne&#8230; Son oeuvre, foisonnante et [&hellip;]","og_url":"https:\/\/librairie7l.com\/en\/produit\/sarah-lipska-1882-1973-lart-dans-tous-ses-eclats-2\/","og_site_name":"Librairie 7L","article_modified_time":"2026-04-16T11:49:51+00:00","og_image":[{"width":600,"height":645,"url":"https:\/\/librairie7l.com\/wp-content\/uploads\/2026\/01\/9782376801504_1_75.jpg","type":"image\/jpeg"}],"twitter_card":"summary_large_image","twitter_misc":{"Est. reading time":"1 minute"},"schema":{"@context":"https:\/\/schema.org","@graph":[{"@type":"WebPage","@id":"https:\/\/librairie7l.com\/en\/produit\/sarah-lipska-1882-1973-lart-dans-tous-ses-eclats-2\/","url":"https:\/\/librairie7l.com\/en\/produit\/sarah-lipska-1882-1973-lart-dans-tous-ses-eclats-2\/","name":"Sarah Lipska (1882-1973) : L'art dans tous ses \u00e9clats - Librairie 7L","isPartOf":{"@id":"https:\/\/librairie7l.com\/en\/#website"},"datePublished":"2026-04-16T08:16:59+00:00","dateModified":"2026-04-16T11:49:51+00:00","breadcrumb":{"@id":"https:\/\/librairie7l.com\/en\/produit\/sarah-lipska-1882-1973-lart-dans-tous-ses-eclats-2\/#breadcrumb"},"inLanguage":"en-US","potentialAction":[{"@type":"ReadAction","target":["https:\/\/librairie7l.com\/en\/produit\/sarah-lipska-1882-1973-lart-dans-tous-ses-eclats-2\/"]}]},{"@type":"BreadcrumbList","@id":"https:\/\/librairie7l.com\/en\/produit\/sarah-lipska-1882-1973-lart-dans-tous-ses-eclats-2\/#breadcrumb","itemListElement":[{"@type":"ListItem","position":1,"name":"Accueil","item":"https:\/\/librairie7l.com\/en\/"},{"@type":"ListItem","position":2,"name":"Shop","item":"https:\/\/librairie7l.com\/en\/shop\/"},{"@type":"ListItem","position":3,"name":"SARAH LIPSKA (1882-1973) : L&#8217;ART DANS TOUS SES \u00c9CLATS"}]},{"@type":"WebSite","@id":"https:\/\/librairie7l.com\/en\/#website","url":"https:\/\/librairie7l.com\/en\/","name":"Librairie 7L","description":"Librairie fond\u00e9e en 1999 par Karl Lagerfeld \u00e0 Paris","publisher":{"@id":"https:\/\/librairie7l.com\/en\/#organization"},"potentialAction":[{"@type":"SearchAction","target":{"@type":"EntryPoint","urlTemplate":"https:\/\/librairie7l.com\/en\/?s={search_term_string}"},"query-input":"required name=search_term_string"}],"inLanguage":"en-US"},{"@type":"Organization","@id":"https:\/\/librairie7l.com\/en\/#organization","name":"Librairie 7L","url":"https:\/\/librairie7l.com\/en\/","logo":{"@type":"ImageObject","inLanguage":"en-US","@id":"https:\/\/librairie7l.com\/en\/#\/schema\/logo\/image\/","url":"https:\/\/librairie7l.com\/wp-content\/uploads\/2022\/08\/logo-1.png","contentUrl":"https:\/\/librairie7l.com\/wp-content\/uploads\/2022\/08\/logo-1.png","width":227,"height":301,"caption":"Librairie 7L"},"image":{"@id":"https:\/\/librairie7l.com\/en\/#\/schema\/logo\/image\/"}}]}},"_links":{"self":[{"href":"https:\/\/librairie7l.com\/en\/wp-json\/wp\/v2\/product\/56421"}],"collection":[{"href":"https:\/\/librairie7l.com\/en\/wp-json\/wp\/v2\/product"}],"about":[{"href":"https:\/\/librairie7l.com\/en\/wp-json\/wp\/v2\/types\/product"}],"wp:featuredmedia":[{"embeddable":true,"href":"https:\/\/librairie7l.com\/en\/wp-json\/wp\/v2\/media\/56419"}],"wp:attachment":[{"href":"https:\/\/librairie7l.com\/en\/wp-json\/wp\/v2\/media?parent=56421"}],"wp:term":[{"taxonomy":"product_cat","embeddable":true,"href":"https:\/\/librairie7l.com\/en\/wp-json\/wp\/v2\/product_cat?post=56421"},{"taxonomy":"product_tag","embeddable":true,"href":"https:\/\/librairie7l.com\/en\/wp-json\/wp\/v2\/product_tag?post=56421"}],"curies":[{"name":"wp","href":"https:\/\/api.w.org\/{rel}","templated":true}]}}