{"id":56425,"date":"2026-04-16T10:17:01","date_gmt":"2026-04-16T08:17:01","guid":{"rendered":"https:\/\/librairie7l.com\/?post_type=product&#038;p=56425"},"modified":"2026-04-16T13:50:46","modified_gmt":"2026-04-16T11:50:46","slug":"annette-messager-une-hirondelle-ne-fait-pas-le-printemps-2","status":"publish","type":"product","link":"https:\/\/librairie7l.com\/en\/produit\/annette-messager-une-hirondelle-ne-fait-pas-le-printemps-2\/","title":{"rendered":"ANNETTE MESSAGER : UNE HIRONDELLE NE FAIT PAS LE PRINTEMPS"},"content":{"rendered":"<p>Catalogue de l&#8217;exposition, Une hirondelle ne fait pas le printemps d&#8217;Annette Messager, au Mus\u00e9e de la Chasse et de la Nature, du 14 avril au 20 septembre 2026<\/p>\n<p>Annette Messager, n\u00e9e en 1943 \u00e0 Berck-sur-Mer, est aujourd&#8217;hui l&#8217;une des artistes fran\u00e7aises contemporaines les plus reconnues sur la sc\u00e8ne internationale. Elle s&#8217;est vue<br \/>\nd\u00e9cerner en 2005 le Lion d&#8217;Or de la Biennale de Venise, et le Centre Pompidou lui a consacr\u00e9 une grande exposition r\u00e9trospective en 2007, exposition pr\u00e9sent\u00e9e par la suite dans plusieurs autres mus\u00e9es du monde (Tokyo, S\u00e9oul). Plus r\u00e9cemment, son travail a \u00e9t\u00e9 expos\u00e9 au LaM, investissant le Lille M\u00e9tropole Mus\u00e9e d&#8217;Art moderne lors d&#8217;une importante exposition en 2022. Elle m\u00eale des techniques tr\u00e8s vari\u00e9es (d\u00e9coupage, collage, peinture, photographie, \u00e9criture, broderie) et toutes sortes de mat\u00e9riaux insolites (peluches, animaux taxidermis\u00e9s, tissus, photographies&#8230;). Son oeuvre puise dans diverses influences, de l&#8217;imagerie populaire \u00e0 l&#8217;art brut ou savant, cr\u00e9ant une subtile dualit\u00e9. M\u00ealant sans cesse r\u00e9alisme et fantastique, elle s&#8217;attache \u00e0 explorer les questions d&#8217;identit\u00e9 et \u00e0 interroger la condition f\u00e9minine.<\/p>\n<p>L&#8217;exposition propose une plong\u00e9e in\u00e9dite dans le travail d&#8217;Annette Messager : bien que son travail ait \u00e9t\u00e9 largement \u00e9tudi\u00e9 \u00e0 travers le monde, jamais cette dimension sp\u00e9cifique de la figure animale n&#8217;avait \u00e9t\u00e9 mise en lumi\u00e8re de mani\u00e8re aussi approfondie. L&#8217;exposition, confi\u00e9e au commissariat g\u00e9n\u00e9ral de Colin Lemoine, propose un dialogue in\u00e9dit entre les collections personnelles de l&#8217;artiste et celles du mus\u00e9e. \u00c0 travers installations monumentales, oeuvres embl\u00e9matiques ou in\u00e9dites, Annette Messager associe tour \u00e0 tour macrocosme et microcosme, spectacle et intimit\u00e9, drame et humour, mots et images. Les animaux qu&#8217;elle met en sc\u00e8ne deviennent des miroirs de notre humanit\u00e9, ils parodient nos comportements, singent nos exc\u00e8s et incarnent nos d\u00e9sirs, nos vices. Cette exposition r\u00e9v\u00e8le un monde o\u00f9 les b\u00eates, aussi fascinantes qu&#8217;inqui\u00e9tantes, deviennent des r\u00e9servoirs infinis de passions et de pulsions. Ainsi, Annette Messager, par son regard singulier, transforme la contemplation animale en une exp\u00e9rience profond\u00e9ment humaine.<br \/>\nLe catalogue sera compos\u00e9 d&#8217;une pr\u00e9face r\u00e9dig\u00e9e par Alice Gandi et de trois essais r\u00e9dig\u00e9s respectivement par Colin Lemoine, Gwena\u00eblle Aubry et Guillaume Lecointre.<br \/>\nAlice Gandin est directrice du Mus\u00e9e de la Chasse et de la Nature. Colin Lemoine est historien de l&#8217;art et \u00e9crivain. Gwena\u00eblle Aubry est philosophe et \u00e9crivaine. Guillaume Lecointre est zoologue et \u00e9crivain.<\/p>\n","protected":false},"excerpt":{"rendered":"<p>Catalogue de l&#8217;exposition, Une hirondelle ne fait pas le printemps d&#8217;Annette Messager, au Mus\u00e9e de la Chasse et de la Nature, du 14 avril au 20 septembre 2026 Annette Messager, n\u00e9e en 1943 \u00e0 Berck-sur-Mer, est aujourd&#8217;hui l&#8217;une des artistes fran\u00e7aises contemporaines les plus reconnues sur la sc\u00e8ne internationale. Elle s&#8217;est vue d\u00e9cerner en 2005 [&hellip;]<\/p>\n","protected":false},"featured_media":56423,"template":"","meta":[],"product_cat":[2948],"product_tag":[],"acf":[],"yoast_head":"<!-- This site is optimized with the Yoast SEO plugin v20.11 - https:\/\/yoast.com\/wordpress\/plugins\/seo\/ -->\n<title>Annette Messager : Une hirondelle ne fait pas le printemps - Librairie 7L<\/title>\n<meta name=\"robots\" content=\"index, follow, max-snippet:-1, max-image-preview:large, max-video-preview:-1\" \/>\n<link rel=\"canonical\" href=\"https:\/\/librairie7l.com\/en\/produit\/annette-messager-une-hirondelle-ne-fait-pas-le-printemps-2\/\" \/>\n<meta property=\"og:locale\" content=\"en_US\" \/>\n<meta property=\"og:type\" content=\"article\" \/>\n<meta property=\"og:title\" content=\"Annette Messager : Une hirondelle ne fait pas le printemps - Librairie 7L\" \/>\n<meta property=\"og:description\" content=\"Catalogue de l&#8217;exposition, Une hirondelle ne fait pas le printemps d&#8217;Annette Messager, au Mus\u00e9e de la Chasse et de la Nature, du 14 avril au 20 septembre 2026 Annette Messager, n\u00e9e en 1943 \u00e0 Berck-sur-Mer, est aujourd&#8217;hui l&#8217;une des artistes fran\u00e7aises contemporaines les plus reconnues sur la sc\u00e8ne internationale. Elle s&#8217;est vue d\u00e9cerner en 2005 [&hellip;]\" \/>\n<meta property=\"og:url\" content=\"https:\/\/librairie7l.com\/en\/produit\/annette-messager-une-hirondelle-ne-fait-pas-le-printemps-2\/\" \/>\n<meta property=\"og:site_name\" content=\"Librairie 7L\" \/>\n<meta property=\"article:modified_time\" content=\"2026-04-16T11:50:46+00:00\" \/>\n<meta property=\"og:image\" content=\"https:\/\/librairie7l.com\/wp-content\/uploads\/2025\/12\/9782373722444_1_75.jpg\" \/>\n\t<meta property=\"og:image:width\" content=\"600\" \/>\n\t<meta property=\"og:image:height\" content=\"793\" \/>\n\t<meta property=\"og:image:type\" content=\"image\/jpeg\" \/>\n<meta name=\"twitter:card\" content=\"summary_large_image\" \/>\n<meta name=\"twitter:label1\" content=\"Est. reading time\" \/>\n\t<meta name=\"twitter:data1\" content=\"2 minutes\" \/>\n<script type=\"application\/ld+json\" class=\"yoast-schema-graph\">{\"@context\":\"https:\/\/schema.org\",\"@graph\":[{\"@type\":\"WebPage\",\"@id\":\"https:\/\/librairie7l.com\/en\/produit\/annette-messager-une-hirondelle-ne-fait-pas-le-printemps-2\/\",\"url\":\"https:\/\/librairie7l.com\/en\/produit\/annette-messager-une-hirondelle-ne-fait-pas-le-printemps-2\/\",\"name\":\"Annette Messager : Une hirondelle ne fait pas le printemps - Librairie 7L\",\"isPartOf\":{\"@id\":\"https:\/\/librairie7l.com\/en\/#website\"},\"datePublished\":\"2026-04-16T08:17:01+00:00\",\"dateModified\":\"2026-04-16T11:50:46+00:00\",\"breadcrumb\":{\"@id\":\"https:\/\/librairie7l.com\/en\/produit\/annette-messager-une-hirondelle-ne-fait-pas-le-printemps-2\/#breadcrumb\"},\"inLanguage\":\"en-US\",\"potentialAction\":[{\"@type\":\"ReadAction\",\"target\":[\"https:\/\/librairie7l.com\/en\/produit\/annette-messager-une-hirondelle-ne-fait-pas-le-printemps-2\/\"]}]},{\"@type\":\"BreadcrumbList\",\"@id\":\"https:\/\/librairie7l.com\/en\/produit\/annette-messager-une-hirondelle-ne-fait-pas-le-printemps-2\/#breadcrumb\",\"itemListElement\":[{\"@type\":\"ListItem\",\"position\":1,\"name\":\"Accueil\",\"item\":\"https:\/\/librairie7l.com\/en\/\"},{\"@type\":\"ListItem\",\"position\":2,\"name\":\"Shop\",\"item\":\"https:\/\/librairie7l.com\/en\/shop\/\"},{\"@type\":\"ListItem\",\"position\":3,\"name\":\"ANNETTE MESSAGER : UNE HIRONDELLE NE FAIT PAS LE PRINTEMPS\"}]},{\"@type\":\"WebSite\",\"@id\":\"https:\/\/librairie7l.com\/en\/#website\",\"url\":\"https:\/\/librairie7l.com\/en\/\",\"name\":\"Librairie 7L\",\"description\":\"Librairie fond\u00e9e en 1999 par Karl Lagerfeld \u00e0 Paris\",\"publisher\":{\"@id\":\"https:\/\/librairie7l.com\/en\/#organization\"},\"potentialAction\":[{\"@type\":\"SearchAction\",\"target\":{\"@type\":\"EntryPoint\",\"urlTemplate\":\"https:\/\/librairie7l.com\/en\/?s={search_term_string}\"},\"query-input\":\"required name=search_term_string\"}],\"inLanguage\":\"en-US\"},{\"@type\":\"Organization\",\"@id\":\"https:\/\/librairie7l.com\/en\/#organization\",\"name\":\"Librairie 7L\",\"url\":\"https:\/\/librairie7l.com\/en\/\",\"logo\":{\"@type\":\"ImageObject\",\"inLanguage\":\"en-US\",\"@id\":\"https:\/\/librairie7l.com\/en\/#\/schema\/logo\/image\/\",\"url\":\"https:\/\/librairie7l.com\/wp-content\/uploads\/2022\/08\/logo-1.png\",\"contentUrl\":\"https:\/\/librairie7l.com\/wp-content\/uploads\/2022\/08\/logo-1.png\",\"width\":227,\"height\":301,\"caption\":\"Librairie 7L\"},\"image\":{\"@id\":\"https:\/\/librairie7l.com\/en\/#\/schema\/logo\/image\/\"}}]}<\/script>\n<!-- \/ Yoast SEO plugin. -->","yoast_head_json":{"title":"Annette Messager : Une hirondelle ne fait pas le printemps - Librairie 7L","robots":{"index":"index","follow":"follow","max-snippet":"max-snippet:-1","max-image-preview":"max-image-preview:large","max-video-preview":"max-video-preview:-1"},"canonical":"https:\/\/librairie7l.com\/en\/produit\/annette-messager-une-hirondelle-ne-fait-pas-le-printemps-2\/","og_locale":"en_US","og_type":"article","og_title":"Annette Messager : Une hirondelle ne fait pas le printemps - Librairie 7L","og_description":"Catalogue de l&#8217;exposition, Une hirondelle ne fait pas le printemps d&#8217;Annette Messager, au Mus\u00e9e de la Chasse et de la Nature, du 14 avril au 20 septembre 2026 Annette Messager, n\u00e9e en 1943 \u00e0 Berck-sur-Mer, est aujourd&#8217;hui l&#8217;une des artistes fran\u00e7aises contemporaines les plus reconnues sur la sc\u00e8ne internationale. Elle s&#8217;est vue d\u00e9cerner en 2005 [&hellip;]","og_url":"https:\/\/librairie7l.com\/en\/produit\/annette-messager-une-hirondelle-ne-fait-pas-le-printemps-2\/","og_site_name":"Librairie 7L","article_modified_time":"2026-04-16T11:50:46+00:00","og_image":[{"width":600,"height":793,"url":"https:\/\/librairie7l.com\/wp-content\/uploads\/2025\/12\/9782373722444_1_75.jpg","type":"image\/jpeg"}],"twitter_card":"summary_large_image","twitter_misc":{"Est. reading time":"2 minutes"},"schema":{"@context":"https:\/\/schema.org","@graph":[{"@type":"WebPage","@id":"https:\/\/librairie7l.com\/en\/produit\/annette-messager-une-hirondelle-ne-fait-pas-le-printemps-2\/","url":"https:\/\/librairie7l.com\/en\/produit\/annette-messager-une-hirondelle-ne-fait-pas-le-printemps-2\/","name":"Annette Messager : Une hirondelle ne fait pas le printemps - Librairie 7L","isPartOf":{"@id":"https:\/\/librairie7l.com\/en\/#website"},"datePublished":"2026-04-16T08:17:01+00:00","dateModified":"2026-04-16T11:50:46+00:00","breadcrumb":{"@id":"https:\/\/librairie7l.com\/en\/produit\/annette-messager-une-hirondelle-ne-fait-pas-le-printemps-2\/#breadcrumb"},"inLanguage":"en-US","potentialAction":[{"@type":"ReadAction","target":["https:\/\/librairie7l.com\/en\/produit\/annette-messager-une-hirondelle-ne-fait-pas-le-printemps-2\/"]}]},{"@type":"BreadcrumbList","@id":"https:\/\/librairie7l.com\/en\/produit\/annette-messager-une-hirondelle-ne-fait-pas-le-printemps-2\/#breadcrumb","itemListElement":[{"@type":"ListItem","position":1,"name":"Accueil","item":"https:\/\/librairie7l.com\/en\/"},{"@type":"ListItem","position":2,"name":"Shop","item":"https:\/\/librairie7l.com\/en\/shop\/"},{"@type":"ListItem","position":3,"name":"ANNETTE MESSAGER : UNE HIRONDELLE NE FAIT PAS LE PRINTEMPS"}]},{"@type":"WebSite","@id":"https:\/\/librairie7l.com\/en\/#website","url":"https:\/\/librairie7l.com\/en\/","name":"Librairie 7L","description":"Librairie fond\u00e9e en 1999 par Karl Lagerfeld \u00e0 Paris","publisher":{"@id":"https:\/\/librairie7l.com\/en\/#organization"},"potentialAction":[{"@type":"SearchAction","target":{"@type":"EntryPoint","urlTemplate":"https:\/\/librairie7l.com\/en\/?s={search_term_string}"},"query-input":"required name=search_term_string"}],"inLanguage":"en-US"},{"@type":"Organization","@id":"https:\/\/librairie7l.com\/en\/#organization","name":"Librairie 7L","url":"https:\/\/librairie7l.com\/en\/","logo":{"@type":"ImageObject","inLanguage":"en-US","@id":"https:\/\/librairie7l.com\/en\/#\/schema\/logo\/image\/","url":"https:\/\/librairie7l.com\/wp-content\/uploads\/2022\/08\/logo-1.png","contentUrl":"https:\/\/librairie7l.com\/wp-content\/uploads\/2022\/08\/logo-1.png","width":227,"height":301,"caption":"Librairie 7L"},"image":{"@id":"https:\/\/librairie7l.com\/en\/#\/schema\/logo\/image\/"}}]}},"_links":{"self":[{"href":"https:\/\/librairie7l.com\/en\/wp-json\/wp\/v2\/product\/56425"}],"collection":[{"href":"https:\/\/librairie7l.com\/en\/wp-json\/wp\/v2\/product"}],"about":[{"href":"https:\/\/librairie7l.com\/en\/wp-json\/wp\/v2\/types\/product"}],"wp:featuredmedia":[{"embeddable":true,"href":"https:\/\/librairie7l.com\/en\/wp-json\/wp\/v2\/media\/56423"}],"wp:attachment":[{"href":"https:\/\/librairie7l.com\/en\/wp-json\/wp\/v2\/media?parent=56425"}],"wp:term":[{"taxonomy":"product_cat","embeddable":true,"href":"https:\/\/librairie7l.com\/en\/wp-json\/wp\/v2\/product_cat?post=56425"},{"taxonomy":"product_tag","embeddable":true,"href":"https:\/\/librairie7l.com\/en\/wp-json\/wp\/v2\/product_tag?post=56425"}],"curies":[{"name":"wp","href":"https:\/\/api.w.org\/{rel}","templated":true}]}}