{"id":56429,"date":"2026-04-16T10:17:03","date_gmt":"2026-04-16T08:17:03","guid":{"rendered":"https:\/\/librairie7l.com\/?post_type=product&#038;p=56429"},"modified":"2026-04-16T14:00:04","modified_gmt":"2026-04-16T12:00:04","slug":"canova-quatre-temps-tome-2-2","status":"publish","type":"product","link":"https:\/\/librairie7l.com\/en\/produit\/canova-quatre-temps-tome-2-2\/","title":{"rendered":"CANOVA, QUATRE TEMPS TOME 2"},"content":{"rendered":"<p>Ce volume fait suite au premier ouvrage du projet Canova \/ Quatre Temps co\u00e9dit\u00e9 avec la Fondazione Pallavicino de G\u00eanes, qui se propose d&#8217;accueillir dans une mise en page raffin\u00e9e le travail photographique que Luigi Spina consacre aux mod\u00e8les en pl\u00e2tre r\u00e9alis\u00e9s par Antonio Canova et conserv\u00e9s dans leur quasi-totalit\u00e9 \u00e0 la gypsoth\u00e8que de Possagno.<br \/>\nLe projet, qui accompagne les c\u00e9l\u00e9brations canoviennes de la p\u00e9riode 2019-2022, s&#8217;articule autour de quatre publications ; chacune d&#8217;entre elles est consacr\u00e9e \u00e0 un ensemble particulier de mod\u00e8les en pl\u00e2tre et entend restituer sa dignit\u00e9 au geste cr\u00e9ateur d&#8217;Antonio Canova en soulignant par ailleurs le r\u00f4le incontournable des petits clous en bronze (rep\u00e8res) qui ont permis la m\u00e9tamorphose du mod\u00e8le de pl\u00e2tre en sculpture de marbre.<br \/>\nSi le premier volume est d\u00e9di\u00e9 au dialogue entre mythe et foi, illustr\u00e9 par Spina et ses photographies qui montrent Amour et Psych\u00e9, Pauline Borgh\u00e8se, V\u00e9nus et Mars, Madeleine gisante, la Paix et la D\u00e9ploration du Christ, le second volume est consacr\u00e9 au mythe. Les sculptures auxquelles s&#8217;attache la narration visuelle sont les suivantes : Danseuse, le doigt au menton, D\u00e9dale et Icare, Th\u00e9s\u00e9e luttant contre le Centaure, Na\u00efade, Pie VII, V\u00e9nus et Adonis, Nymphe endormie.<\/p>\n","protected":false},"excerpt":{"rendered":"<p>Ce volume fait suite au premier ouvrage du projet Canova \/ Quatre Temps co\u00e9dit\u00e9 avec la Fondazione Pallavicino de G\u00eanes, qui se propose d&#8217;accueillir dans une mise en page raffin\u00e9e le travail photographique que Luigi Spina consacre aux mod\u00e8les en pl\u00e2tre r\u00e9alis\u00e9s par Antonio Canova et conserv\u00e9s dans leur quasi-totalit\u00e9 \u00e0 la gypsoth\u00e8que de Possagno. [&hellip;]<\/p>\n","protected":false},"featured_media":56427,"template":"","meta":[],"product_cat":[2948],"product_tag":[],"acf":[],"yoast_head":"<!-- This site is optimized with the Yoast SEO plugin v20.11 - https:\/\/yoast.com\/wordpress\/plugins\/seo\/ -->\n<title>Canova, quatre temps Tome 2 - Librairie 7L<\/title>\n<meta name=\"robots\" content=\"index, follow, max-snippet:-1, max-image-preview:large, max-video-preview:-1\" \/>\n<link rel=\"canonical\" href=\"https:\/\/librairie7l.com\/en\/produit\/canova-quatre-temps-tome-2-2\/\" \/>\n<meta property=\"og:locale\" content=\"en_US\" \/>\n<meta property=\"og:type\" content=\"article\" \/>\n<meta property=\"og:title\" content=\"Canova, quatre temps Tome 2 - Librairie 7L\" \/>\n<meta property=\"og:description\" content=\"Ce volume fait suite au premier ouvrage du projet Canova \/ Quatre Temps co\u00e9dit\u00e9 avec la Fondazione Pallavicino de G\u00eanes, qui se propose d&#8217;accueillir dans une mise en page raffin\u00e9e le travail photographique que Luigi Spina consacre aux mod\u00e8les en pl\u00e2tre r\u00e9alis\u00e9s par Antonio Canova et conserv\u00e9s dans leur quasi-totalit\u00e9 \u00e0 la gypsoth\u00e8que de Possagno. [&hellip;]\" \/>\n<meta property=\"og:url\" content=\"https:\/\/librairie7l.com\/en\/produit\/canova-quatre-temps-tome-2-2\/\" \/>\n<meta property=\"og:site_name\" content=\"Librairie 7L\" \/>\n<meta property=\"article:modified_time\" content=\"2026-04-16T12:00:04+00:00\" \/>\n<meta property=\"og:image\" content=\"https:\/\/librairie7l.com\/wp-content\/uploads\/2021\/07\/9788874399581_1_75.jpg\" \/>\n\t<meta property=\"og:image:width\" content=\"600\" \/>\n\t<meta property=\"og:image:height\" content=\"746\" \/>\n\t<meta property=\"og:image:type\" content=\"image\/jpeg\" \/>\n<meta name=\"twitter:card\" content=\"summary_large_image\" \/>\n<meta name=\"twitter:label1\" content=\"Est. reading time\" \/>\n\t<meta name=\"twitter:data1\" content=\"1 minute\" \/>\n<script type=\"application\/ld+json\" class=\"yoast-schema-graph\">{\"@context\":\"https:\/\/schema.org\",\"@graph\":[{\"@type\":\"WebPage\",\"@id\":\"https:\/\/librairie7l.com\/en\/produit\/canova-quatre-temps-tome-2-2\/\",\"url\":\"https:\/\/librairie7l.com\/en\/produit\/canova-quatre-temps-tome-2-2\/\",\"name\":\"Canova, quatre temps Tome 2 - Librairie 7L\",\"isPartOf\":{\"@id\":\"https:\/\/librairie7l.com\/en\/#website\"},\"datePublished\":\"2026-04-16T08:17:03+00:00\",\"dateModified\":\"2026-04-16T12:00:04+00:00\",\"breadcrumb\":{\"@id\":\"https:\/\/librairie7l.com\/en\/produit\/canova-quatre-temps-tome-2-2\/#breadcrumb\"},\"inLanguage\":\"en-US\",\"potentialAction\":[{\"@type\":\"ReadAction\",\"target\":[\"https:\/\/librairie7l.com\/en\/produit\/canova-quatre-temps-tome-2-2\/\"]}]},{\"@type\":\"BreadcrumbList\",\"@id\":\"https:\/\/librairie7l.com\/en\/produit\/canova-quatre-temps-tome-2-2\/#breadcrumb\",\"itemListElement\":[{\"@type\":\"ListItem\",\"position\":1,\"name\":\"Accueil\",\"item\":\"https:\/\/librairie7l.com\/en\/\"},{\"@type\":\"ListItem\",\"position\":2,\"name\":\"Shop\",\"item\":\"https:\/\/librairie7l.com\/en\/shop\/\"},{\"@type\":\"ListItem\",\"position\":3,\"name\":\"CANOVA, QUATRE TEMPS TOME 2\"}]},{\"@type\":\"WebSite\",\"@id\":\"https:\/\/librairie7l.com\/en\/#website\",\"url\":\"https:\/\/librairie7l.com\/en\/\",\"name\":\"Librairie 7L\",\"description\":\"Librairie fond\u00e9e en 1999 par Karl Lagerfeld \u00e0 Paris\",\"publisher\":{\"@id\":\"https:\/\/librairie7l.com\/en\/#organization\"},\"potentialAction\":[{\"@type\":\"SearchAction\",\"target\":{\"@type\":\"EntryPoint\",\"urlTemplate\":\"https:\/\/librairie7l.com\/en\/?s={search_term_string}\"},\"query-input\":\"required name=search_term_string\"}],\"inLanguage\":\"en-US\"},{\"@type\":\"Organization\",\"@id\":\"https:\/\/librairie7l.com\/en\/#organization\",\"name\":\"Librairie 7L\",\"url\":\"https:\/\/librairie7l.com\/en\/\",\"logo\":{\"@type\":\"ImageObject\",\"inLanguage\":\"en-US\",\"@id\":\"https:\/\/librairie7l.com\/en\/#\/schema\/logo\/image\/\",\"url\":\"https:\/\/librairie7l.com\/wp-content\/uploads\/2022\/08\/logo-1.png\",\"contentUrl\":\"https:\/\/librairie7l.com\/wp-content\/uploads\/2022\/08\/logo-1.png\",\"width\":227,\"height\":301,\"caption\":\"Librairie 7L\"},\"image\":{\"@id\":\"https:\/\/librairie7l.com\/en\/#\/schema\/logo\/image\/\"}}]}<\/script>\n<!-- \/ Yoast SEO plugin. -->","yoast_head_json":{"title":"Canova, quatre temps Tome 2 - Librairie 7L","robots":{"index":"index","follow":"follow","max-snippet":"max-snippet:-1","max-image-preview":"max-image-preview:large","max-video-preview":"max-video-preview:-1"},"canonical":"https:\/\/librairie7l.com\/en\/produit\/canova-quatre-temps-tome-2-2\/","og_locale":"en_US","og_type":"article","og_title":"Canova, quatre temps Tome 2 - Librairie 7L","og_description":"Ce volume fait suite au premier ouvrage du projet Canova \/ Quatre Temps co\u00e9dit\u00e9 avec la Fondazione Pallavicino de G\u00eanes, qui se propose d&#8217;accueillir dans une mise en page raffin\u00e9e le travail photographique que Luigi Spina consacre aux mod\u00e8les en pl\u00e2tre r\u00e9alis\u00e9s par Antonio Canova et conserv\u00e9s dans leur quasi-totalit\u00e9 \u00e0 la gypsoth\u00e8que de Possagno. [&hellip;]","og_url":"https:\/\/librairie7l.com\/en\/produit\/canova-quatre-temps-tome-2-2\/","og_site_name":"Librairie 7L","article_modified_time":"2026-04-16T12:00:04+00:00","og_image":[{"width":600,"height":746,"url":"https:\/\/librairie7l.com\/wp-content\/uploads\/2021\/07\/9788874399581_1_75.jpg","type":"image\/jpeg"}],"twitter_card":"summary_large_image","twitter_misc":{"Est. reading time":"1 minute"},"schema":{"@context":"https:\/\/schema.org","@graph":[{"@type":"WebPage","@id":"https:\/\/librairie7l.com\/en\/produit\/canova-quatre-temps-tome-2-2\/","url":"https:\/\/librairie7l.com\/en\/produit\/canova-quatre-temps-tome-2-2\/","name":"Canova, quatre temps Tome 2 - Librairie 7L","isPartOf":{"@id":"https:\/\/librairie7l.com\/en\/#website"},"datePublished":"2026-04-16T08:17:03+00:00","dateModified":"2026-04-16T12:00:04+00:00","breadcrumb":{"@id":"https:\/\/librairie7l.com\/en\/produit\/canova-quatre-temps-tome-2-2\/#breadcrumb"},"inLanguage":"en-US","potentialAction":[{"@type":"ReadAction","target":["https:\/\/librairie7l.com\/en\/produit\/canova-quatre-temps-tome-2-2\/"]}]},{"@type":"BreadcrumbList","@id":"https:\/\/librairie7l.com\/en\/produit\/canova-quatre-temps-tome-2-2\/#breadcrumb","itemListElement":[{"@type":"ListItem","position":1,"name":"Accueil","item":"https:\/\/librairie7l.com\/en\/"},{"@type":"ListItem","position":2,"name":"Shop","item":"https:\/\/librairie7l.com\/en\/shop\/"},{"@type":"ListItem","position":3,"name":"CANOVA, QUATRE TEMPS TOME 2"}]},{"@type":"WebSite","@id":"https:\/\/librairie7l.com\/en\/#website","url":"https:\/\/librairie7l.com\/en\/","name":"Librairie 7L","description":"Librairie fond\u00e9e en 1999 par Karl Lagerfeld \u00e0 Paris","publisher":{"@id":"https:\/\/librairie7l.com\/en\/#organization"},"potentialAction":[{"@type":"SearchAction","target":{"@type":"EntryPoint","urlTemplate":"https:\/\/librairie7l.com\/en\/?s={search_term_string}"},"query-input":"required name=search_term_string"}],"inLanguage":"en-US"},{"@type":"Organization","@id":"https:\/\/librairie7l.com\/en\/#organization","name":"Librairie 7L","url":"https:\/\/librairie7l.com\/en\/","logo":{"@type":"ImageObject","inLanguage":"en-US","@id":"https:\/\/librairie7l.com\/en\/#\/schema\/logo\/image\/","url":"https:\/\/librairie7l.com\/wp-content\/uploads\/2022\/08\/logo-1.png","contentUrl":"https:\/\/librairie7l.com\/wp-content\/uploads\/2022\/08\/logo-1.png","width":227,"height":301,"caption":"Librairie 7L"},"image":{"@id":"https:\/\/librairie7l.com\/en\/#\/schema\/logo\/image\/"}}]}},"_links":{"self":[{"href":"https:\/\/librairie7l.com\/en\/wp-json\/wp\/v2\/product\/56429"}],"collection":[{"href":"https:\/\/librairie7l.com\/en\/wp-json\/wp\/v2\/product"}],"about":[{"href":"https:\/\/librairie7l.com\/en\/wp-json\/wp\/v2\/types\/product"}],"wp:featuredmedia":[{"embeddable":true,"href":"https:\/\/librairie7l.com\/en\/wp-json\/wp\/v2\/media\/56427"}],"wp:attachment":[{"href":"https:\/\/librairie7l.com\/en\/wp-json\/wp\/v2\/media?parent=56429"}],"wp:term":[{"taxonomy":"product_cat","embeddable":true,"href":"https:\/\/librairie7l.com\/en\/wp-json\/wp\/v2\/product_cat?post=56429"},{"taxonomy":"product_tag","embeddable":true,"href":"https:\/\/librairie7l.com\/en\/wp-json\/wp\/v2\/product_tag?post=56429"}],"curies":[{"name":"wp","href":"https:\/\/api.w.org\/{rel}","templated":true}]}}