{"id":56433,"date":"2026-04-16T10:17:06","date_gmt":"2026-04-16T08:17:06","guid":{"rendered":"https:\/\/librairie7l.com\/?post_type=product&#038;p=56433"},"modified":"2026-04-16T13:25:00","modified_gmt":"2026-04-16T11:25:00","slug":"venise-et-le-gout-du-beau-le-mecene-et-larchitecte-de-la-renaissance-a-la-fenice-2","status":"publish","type":"product","link":"https:\/\/librairie7l.com\/en\/produit\/venise-et-le-gout-du-beau-le-mecene-et-larchitecte-de-la-renaissance-a-la-fenice-2\/","title":{"rendered":"VENISE ET LE GO\u00dbT DU BEAU : LE M\u00c9C\u00c8NE ET L&#8217;ARCHITECTE DE LA RENAISSANCE \u00c0 LA FENICE"},"content":{"rendered":"<p>L&#8217;historien de Venise Jean-Claude Hocquet, auteur de nombreux ouvrages sur la S\u00e9r\u00e9nissime, porte un nouveau regard sur la ville et son histoire qu&#8217;il aborde par le prisme de l&#8217;histoire de l&#8217;art et de l&#8217;histoire sociale des relations entre les m\u00e9c\u00e8nes nobles ou riches bourgeois et les cr\u00e9ateurs. Les architectures de Venise se refl\u00e8tent dans l&#8217;eau partout pr\u00e9sente, les \u00e9glises et leurs coupoles forment une couronne au bassin de San Marco, les palais bordent la plus belle avenue du monde, le Grand Canal. La ville s&#8217;est b\u00e2tie en un mill\u00e9naire et sa longue histoire lui impose la diversit\u00e9 ce qui contribue pour beaucoup \u00e0 sa beaut\u00e9 et \u00e0 son attrait incomparables. Au XVe si\u00e8cle, \u00e0 la Renaissance (le c\u00e9l\u00e8bre Quattrocento italien) les architectes et leurs commanditaires commencent \u00e0 \u00eatre bien connus et quand l&#8217;histoire de la R\u00e9publique s&#8217;ach\u00e8ve, c&#8217;est avec la construction du th\u00e9\u00e2tre La Fenice \u00e0 la fin du si\u00e8cle des Lumi\u00e8res. Le livre embrasse ces quatre si\u00e8cles et retrace la vie et les oeuvres des architectes venus de Florence, de Rome ou des provinces de l&#8217;\u00c9tat v\u00e9nitien, souvent simples tailleurs de pierre form\u00e9s dans les ateliers de leurs illustres pr\u00e9d\u00e9cesseurs ou th\u00e9oriciens lecteurs de Vitruve, qui ont construit des \u00e9glises, des h\u00f4pitaux, des palais, des b\u00e2timents commerciaux ou administratifs, mais aussi des monuments fun\u00e9raires ou des temples d\u00e9di\u00e9s \u00e0 la musique ou \u00e0 la glorification des h\u00e9ros. L&#8217;architecture s&#8217;enrichit de la peinture, de la sculpture et accueille la musique, faisant de Venise la d\u00e9esse des arts et de ce livre ambitieux, riche de 230 photographies personnelles au plus pr\u00e8s du texte, le couronnement d&#8217;une oeuvre de cr\u00e9ation historique.<\/p>\n","protected":false},"excerpt":{"rendered":"<p>L&#8217;historien de Venise Jean-Claude Hocquet, auteur de nombreux ouvrages sur la S\u00e9r\u00e9nissime, porte un nouveau regard sur la ville et son histoire qu&#8217;il aborde par le prisme de l&#8217;histoire de l&#8217;art et de l&#8217;histoire sociale des relations entre les m\u00e9c\u00e8nes nobles ou riches bourgeois et les cr\u00e9ateurs. Les architectures de Venise se refl\u00e8tent dans l&#8217;eau [&hellip;]<\/p>\n","protected":false},"featured_media":56431,"template":"","meta":[],"product_cat":[2948],"product_tag":[],"acf":[],"yoast_head":"<!-- This site is optimized with the Yoast SEO plugin v20.11 - https:\/\/yoast.com\/wordpress\/plugins\/seo\/ -->\n<title>Venise et le go\u00fbt du beau : Le m\u00e9c\u00e8ne et l&#039;architecte de la Renaissance \u00e0 la Fenice - Librairie 7L<\/title>\n<meta name=\"robots\" content=\"index, follow, max-snippet:-1, max-image-preview:large, max-video-preview:-1\" \/>\n<link rel=\"canonical\" href=\"https:\/\/librairie7l.com\/en\/produit\/venise-et-le-gout-du-beau-le-mecene-et-larchitecte-de-la-renaissance-a-la-fenice-2\/\" \/>\n<meta property=\"og:locale\" content=\"en_US\" \/>\n<meta property=\"og:type\" content=\"article\" \/>\n<meta property=\"og:title\" content=\"Venise et le go\u00fbt du beau : Le m\u00e9c\u00e8ne et l&#039;architecte de la Renaissance \u00e0 la Fenice - Librairie 7L\" \/>\n<meta property=\"og:description\" content=\"L&#8217;historien de Venise Jean-Claude Hocquet, auteur de nombreux ouvrages sur la S\u00e9r\u00e9nissime, porte un nouveau regard sur la ville et son histoire qu&#8217;il aborde par le prisme de l&#8217;histoire de l&#8217;art et de l&#8217;histoire sociale des relations entre les m\u00e9c\u00e8nes nobles ou riches bourgeois et les cr\u00e9ateurs. Les architectures de Venise se refl\u00e8tent dans l&#8217;eau [&hellip;]\" \/>\n<meta property=\"og:url\" content=\"https:\/\/librairie7l.com\/en\/produit\/venise-et-le-gout-du-beau-le-mecene-et-larchitecte-de-la-renaissance-a-la-fenice-2\/\" \/>\n<meta property=\"og:site_name\" content=\"Librairie 7L\" \/>\n<meta property=\"article:modified_time\" content=\"2026-04-16T11:25:00+00:00\" \/>\n<meta property=\"og:image\" content=\"https:\/\/librairie7l.com\/wp-content\/uploads\/2015\/02\/9782252039663_1_75.jpg\" \/>\n\t<meta property=\"og:image:width\" content=\"600\" \/>\n\t<meta property=\"og:image:height\" content=\"858\" \/>\n\t<meta property=\"og:image:type\" content=\"image\/jpeg\" \/>\n<meta name=\"twitter:card\" content=\"summary_large_image\" \/>\n<meta name=\"twitter:label1\" content=\"Est. reading time\" \/>\n\t<meta name=\"twitter:data1\" content=\"1 minute\" \/>\n<script type=\"application\/ld+json\" class=\"yoast-schema-graph\">{\"@context\":\"https:\/\/schema.org\",\"@graph\":[{\"@type\":\"WebPage\",\"@id\":\"https:\/\/librairie7l.com\/en\/produit\/venise-et-le-gout-du-beau-le-mecene-et-larchitecte-de-la-renaissance-a-la-fenice-2\/\",\"url\":\"https:\/\/librairie7l.com\/en\/produit\/venise-et-le-gout-du-beau-le-mecene-et-larchitecte-de-la-renaissance-a-la-fenice-2\/\",\"name\":\"Venise et le go\u00fbt du beau : Le m\u00e9c\u00e8ne et l'architecte de la Renaissance \u00e0 la Fenice - Librairie 7L\",\"isPartOf\":{\"@id\":\"https:\/\/librairie7l.com\/en\/#website\"},\"datePublished\":\"2026-04-16T08:17:06+00:00\",\"dateModified\":\"2026-04-16T11:25:00+00:00\",\"breadcrumb\":{\"@id\":\"https:\/\/librairie7l.com\/en\/produit\/venise-et-le-gout-du-beau-le-mecene-et-larchitecte-de-la-renaissance-a-la-fenice-2\/#breadcrumb\"},\"inLanguage\":\"en-US\",\"potentialAction\":[{\"@type\":\"ReadAction\",\"target\":[\"https:\/\/librairie7l.com\/en\/produit\/venise-et-le-gout-du-beau-le-mecene-et-larchitecte-de-la-renaissance-a-la-fenice-2\/\"]}]},{\"@type\":\"BreadcrumbList\",\"@id\":\"https:\/\/librairie7l.com\/en\/produit\/venise-et-le-gout-du-beau-le-mecene-et-larchitecte-de-la-renaissance-a-la-fenice-2\/#breadcrumb\",\"itemListElement\":[{\"@type\":\"ListItem\",\"position\":1,\"name\":\"Accueil\",\"item\":\"https:\/\/librairie7l.com\/en\/\"},{\"@type\":\"ListItem\",\"position\":2,\"name\":\"Shop\",\"item\":\"https:\/\/librairie7l.com\/en\/shop\/\"},{\"@type\":\"ListItem\",\"position\":3,\"name\":\"VENISE ET LE GO\u00dbT DU BEAU : LE M\u00c9C\u00c8NE ET L&#8217;ARCHITECTE DE LA RENAISSANCE \u00c0 LA FENICE\"}]},{\"@type\":\"WebSite\",\"@id\":\"https:\/\/librairie7l.com\/en\/#website\",\"url\":\"https:\/\/librairie7l.com\/en\/\",\"name\":\"Librairie 7L\",\"description\":\"Librairie fond\u00e9e en 1999 par Karl Lagerfeld \u00e0 Paris\",\"publisher\":{\"@id\":\"https:\/\/librairie7l.com\/en\/#organization\"},\"potentialAction\":[{\"@type\":\"SearchAction\",\"target\":{\"@type\":\"EntryPoint\",\"urlTemplate\":\"https:\/\/librairie7l.com\/en\/?s={search_term_string}\"},\"query-input\":\"required name=search_term_string\"}],\"inLanguage\":\"en-US\"},{\"@type\":\"Organization\",\"@id\":\"https:\/\/librairie7l.com\/en\/#organization\",\"name\":\"Librairie 7L\",\"url\":\"https:\/\/librairie7l.com\/en\/\",\"logo\":{\"@type\":\"ImageObject\",\"inLanguage\":\"en-US\",\"@id\":\"https:\/\/librairie7l.com\/en\/#\/schema\/logo\/image\/\",\"url\":\"https:\/\/librairie7l.com\/wp-content\/uploads\/2022\/08\/logo-1.png\",\"contentUrl\":\"https:\/\/librairie7l.com\/wp-content\/uploads\/2022\/08\/logo-1.png\",\"width\":227,\"height\":301,\"caption\":\"Librairie 7L\"},\"image\":{\"@id\":\"https:\/\/librairie7l.com\/en\/#\/schema\/logo\/image\/\"}}]}<\/script>\n<!-- \/ Yoast SEO plugin. -->","yoast_head_json":{"title":"Venise et le go\u00fbt du beau : Le m\u00e9c\u00e8ne et l'architecte de la Renaissance \u00e0 la Fenice - Librairie 7L","robots":{"index":"index","follow":"follow","max-snippet":"max-snippet:-1","max-image-preview":"max-image-preview:large","max-video-preview":"max-video-preview:-1"},"canonical":"https:\/\/librairie7l.com\/en\/produit\/venise-et-le-gout-du-beau-le-mecene-et-larchitecte-de-la-renaissance-a-la-fenice-2\/","og_locale":"en_US","og_type":"article","og_title":"Venise et le go\u00fbt du beau : Le m\u00e9c\u00e8ne et l'architecte de la Renaissance \u00e0 la Fenice - Librairie 7L","og_description":"L&#8217;historien de Venise Jean-Claude Hocquet, auteur de nombreux ouvrages sur la S\u00e9r\u00e9nissime, porte un nouveau regard sur la ville et son histoire qu&#8217;il aborde par le prisme de l&#8217;histoire de l&#8217;art et de l&#8217;histoire sociale des relations entre les m\u00e9c\u00e8nes nobles ou riches bourgeois et les cr\u00e9ateurs. Les architectures de Venise se refl\u00e8tent dans l&#8217;eau [&hellip;]","og_url":"https:\/\/librairie7l.com\/en\/produit\/venise-et-le-gout-du-beau-le-mecene-et-larchitecte-de-la-renaissance-a-la-fenice-2\/","og_site_name":"Librairie 7L","article_modified_time":"2026-04-16T11:25:00+00:00","og_image":[{"width":600,"height":858,"url":"https:\/\/librairie7l.com\/wp-content\/uploads\/2015\/02\/9782252039663_1_75.jpg","type":"image\/jpeg"}],"twitter_card":"summary_large_image","twitter_misc":{"Est. reading time":"1 minute"},"schema":{"@context":"https:\/\/schema.org","@graph":[{"@type":"WebPage","@id":"https:\/\/librairie7l.com\/en\/produit\/venise-et-le-gout-du-beau-le-mecene-et-larchitecte-de-la-renaissance-a-la-fenice-2\/","url":"https:\/\/librairie7l.com\/en\/produit\/venise-et-le-gout-du-beau-le-mecene-et-larchitecte-de-la-renaissance-a-la-fenice-2\/","name":"Venise et le go\u00fbt du beau : Le m\u00e9c\u00e8ne et l'architecte de la Renaissance \u00e0 la Fenice - Librairie 7L","isPartOf":{"@id":"https:\/\/librairie7l.com\/en\/#website"},"datePublished":"2026-04-16T08:17:06+00:00","dateModified":"2026-04-16T11:25:00+00:00","breadcrumb":{"@id":"https:\/\/librairie7l.com\/en\/produit\/venise-et-le-gout-du-beau-le-mecene-et-larchitecte-de-la-renaissance-a-la-fenice-2\/#breadcrumb"},"inLanguage":"en-US","potentialAction":[{"@type":"ReadAction","target":["https:\/\/librairie7l.com\/en\/produit\/venise-et-le-gout-du-beau-le-mecene-et-larchitecte-de-la-renaissance-a-la-fenice-2\/"]}]},{"@type":"BreadcrumbList","@id":"https:\/\/librairie7l.com\/en\/produit\/venise-et-le-gout-du-beau-le-mecene-et-larchitecte-de-la-renaissance-a-la-fenice-2\/#breadcrumb","itemListElement":[{"@type":"ListItem","position":1,"name":"Accueil","item":"https:\/\/librairie7l.com\/en\/"},{"@type":"ListItem","position":2,"name":"Shop","item":"https:\/\/librairie7l.com\/en\/shop\/"},{"@type":"ListItem","position":3,"name":"VENISE ET LE GO\u00dbT DU BEAU : LE M\u00c9C\u00c8NE ET L&#8217;ARCHITECTE DE LA RENAISSANCE \u00c0 LA FENICE"}]},{"@type":"WebSite","@id":"https:\/\/librairie7l.com\/en\/#website","url":"https:\/\/librairie7l.com\/en\/","name":"Librairie 7L","description":"Librairie fond\u00e9e en 1999 par Karl Lagerfeld \u00e0 Paris","publisher":{"@id":"https:\/\/librairie7l.com\/en\/#organization"},"potentialAction":[{"@type":"SearchAction","target":{"@type":"EntryPoint","urlTemplate":"https:\/\/librairie7l.com\/en\/?s={search_term_string}"},"query-input":"required name=search_term_string"}],"inLanguage":"en-US"},{"@type":"Organization","@id":"https:\/\/librairie7l.com\/en\/#organization","name":"Librairie 7L","url":"https:\/\/librairie7l.com\/en\/","logo":{"@type":"ImageObject","inLanguage":"en-US","@id":"https:\/\/librairie7l.com\/en\/#\/schema\/logo\/image\/","url":"https:\/\/librairie7l.com\/wp-content\/uploads\/2022\/08\/logo-1.png","contentUrl":"https:\/\/librairie7l.com\/wp-content\/uploads\/2022\/08\/logo-1.png","width":227,"height":301,"caption":"Librairie 7L"},"image":{"@id":"https:\/\/librairie7l.com\/en\/#\/schema\/logo\/image\/"}}]}},"_links":{"self":[{"href":"https:\/\/librairie7l.com\/en\/wp-json\/wp\/v2\/product\/56433"}],"collection":[{"href":"https:\/\/librairie7l.com\/en\/wp-json\/wp\/v2\/product"}],"about":[{"href":"https:\/\/librairie7l.com\/en\/wp-json\/wp\/v2\/types\/product"}],"wp:featuredmedia":[{"embeddable":true,"href":"https:\/\/librairie7l.com\/en\/wp-json\/wp\/v2\/media\/56431"}],"wp:attachment":[{"href":"https:\/\/librairie7l.com\/en\/wp-json\/wp\/v2\/media?parent=56433"}],"wp:term":[{"taxonomy":"product_cat","embeddable":true,"href":"https:\/\/librairie7l.com\/en\/wp-json\/wp\/v2\/product_cat?post=56433"},{"taxonomy":"product_tag","embeddable":true,"href":"https:\/\/librairie7l.com\/en\/wp-json\/wp\/v2\/product_tag?post=56433"}],"curies":[{"name":"wp","href":"https:\/\/api.w.org\/{rel}","templated":true}]}}