{"id":56456,"date":"2026-04-18T10:16:25","date_gmt":"2026-04-18T08:16:25","guid":{"rendered":"https:\/\/librairie7l.com\/?post_type=product&#038;p=56456"},"modified":"2026-04-19T15:40:22","modified_gmt":"2026-04-19T13:40:22","slug":"pierre-boncompain-de-la-toile-a-la-terre-peinture-et-ceramique-2","status":"publish","type":"product","link":"https:\/\/librairie7l.com\/en\/produit\/pierre-boncompain-de-la-toile-a-la-terre-peinture-et-ceramique-2\/","title":{"rendered":"PIERRE BONCOMPAIN, DE LA TOILE \u00c0 LA TERRE : PEINTURE ET C\u00c9RAMIQUE"},"content":{"rendered":"<p>Peintures, c\u00e9ramiques, tapisseries : le pr\u00e9sent catalogue explore l&#8217;univers lumineux de Pierre Boncompain et souligne les r\u00e9sonances entre ses diff\u00e9rentes pratiques artistiques. La mise en perspective entre les techniques permet non seulement de saisir la coh\u00e9rence d&#8217;une oeuvre mais aussi de mesurer sa remarquable appropriation des savoir-faire sp\u00e9cifiques \u00e0 chaque m\u00e9dium. Couleur, lumi\u00e8re et mati\u00e8re se r\u00e9pondent pour r\u00e9v\u00e9ler l&#8217;harmonie et la sensualit\u00e9 de son oeuvre, de la toile \u00e0 la terre, avec un accent particulier sur ses c\u00e9ramiques r\u00e9alis\u00e9es \u00e0 Vallauris. <\/p>\n<p>&#8220;Pierre Boncompain, de la toile \u00e0 la terre&#8221;, est une invitation \u00e0 plonger dans son univers artistique singulier et \u00e0 appr\u00e9cier la beaut\u00e9 de son dialogue entre la peinture, la tapisserie et la c\u00e9ramique.<\/p>\n","protected":false},"excerpt":{"rendered":"<p>Peintures, c\u00e9ramiques, tapisseries : le pr\u00e9sent catalogue explore l&#8217;univers lumineux de Pierre Boncompain et souligne les r\u00e9sonances entre ses diff\u00e9rentes pratiques artistiques. La mise en perspective entre les techniques permet non seulement de saisir la coh\u00e9rence d&#8217;une oeuvre mais aussi de mesurer sa remarquable appropriation des savoir-faire sp\u00e9cifiques \u00e0 chaque m\u00e9dium. Couleur, lumi\u00e8re et mati\u00e8re [&hellip;]<\/p>\n","protected":false},"featured_media":56454,"template":"","meta":[],"product_cat":[2948],"product_tag":[],"acf":[],"yoast_head":"<!-- This site is optimized with the Yoast SEO plugin v20.11 - https:\/\/yoast.com\/wordpress\/plugins\/seo\/ -->\n<title>Pierre Boncompain, de la toile \u00e0 la terre : Peinture et c\u00e9ramique - Librairie 7L<\/title>\n<meta name=\"robots\" content=\"index, follow, max-snippet:-1, max-image-preview:large, max-video-preview:-1\" \/>\n<link rel=\"canonical\" href=\"https:\/\/librairie7l.com\/en\/produit\/pierre-boncompain-de-la-toile-a-la-terre-peinture-et-ceramique-2\/\" \/>\n<meta property=\"og:locale\" content=\"en_US\" \/>\n<meta property=\"og:type\" content=\"article\" \/>\n<meta property=\"og:title\" content=\"Pierre Boncompain, de la toile \u00e0 la terre : Peinture et c\u00e9ramique - Librairie 7L\" \/>\n<meta property=\"og:description\" content=\"Peintures, c\u00e9ramiques, tapisseries : le pr\u00e9sent catalogue explore l&#8217;univers lumineux de Pierre Boncompain et souligne les r\u00e9sonances entre ses diff\u00e9rentes pratiques artistiques. La mise en perspective entre les techniques permet non seulement de saisir la coh\u00e9rence d&#8217;une oeuvre mais aussi de mesurer sa remarquable appropriation des savoir-faire sp\u00e9cifiques \u00e0 chaque m\u00e9dium. Couleur, lumi\u00e8re et mati\u00e8re [&hellip;]\" \/>\n<meta property=\"og:url\" content=\"https:\/\/librairie7l.com\/en\/produit\/pierre-boncompain-de-la-toile-a-la-terre-peinture-et-ceramique-2\/\" \/>\n<meta property=\"og:site_name\" content=\"Librairie 7L\" \/>\n<meta property=\"article:modified_time\" content=\"2026-04-19T13:40:22+00:00\" \/>\n<meta property=\"og:image\" content=\"https:\/\/librairie7l.com\/wp-content\/uploads\/2025\/10\/9788836663224_1_75.jpg\" \/>\n\t<meta property=\"og:image:width\" content=\"600\" \/>\n\t<meta property=\"og:image:height\" content=\"758\" \/>\n\t<meta property=\"og:image:type\" content=\"image\/jpeg\" \/>\n<meta name=\"twitter:card\" content=\"summary_large_image\" \/>\n<meta name=\"twitter:label1\" content=\"Est. reading time\" \/>\n\t<meta name=\"twitter:data1\" content=\"1 minute\" \/>\n<script type=\"application\/ld+json\" class=\"yoast-schema-graph\">{\"@context\":\"https:\/\/schema.org\",\"@graph\":[{\"@type\":\"WebPage\",\"@id\":\"https:\/\/librairie7l.com\/en\/produit\/pierre-boncompain-de-la-toile-a-la-terre-peinture-et-ceramique-2\/\",\"url\":\"https:\/\/librairie7l.com\/en\/produit\/pierre-boncompain-de-la-toile-a-la-terre-peinture-et-ceramique-2\/\",\"name\":\"Pierre Boncompain, de la toile \u00e0 la terre : Peinture et c\u00e9ramique - Librairie 7L\",\"isPartOf\":{\"@id\":\"https:\/\/librairie7l.com\/en\/#website\"},\"datePublished\":\"2026-04-18T08:16:25+00:00\",\"dateModified\":\"2026-04-19T13:40:22+00:00\",\"breadcrumb\":{\"@id\":\"https:\/\/librairie7l.com\/en\/produit\/pierre-boncompain-de-la-toile-a-la-terre-peinture-et-ceramique-2\/#breadcrumb\"},\"inLanguage\":\"en-US\",\"potentialAction\":[{\"@type\":\"ReadAction\",\"target\":[\"https:\/\/librairie7l.com\/en\/produit\/pierre-boncompain-de-la-toile-a-la-terre-peinture-et-ceramique-2\/\"]}]},{\"@type\":\"BreadcrumbList\",\"@id\":\"https:\/\/librairie7l.com\/en\/produit\/pierre-boncompain-de-la-toile-a-la-terre-peinture-et-ceramique-2\/#breadcrumb\",\"itemListElement\":[{\"@type\":\"ListItem\",\"position\":1,\"name\":\"Accueil\",\"item\":\"https:\/\/librairie7l.com\/en\/\"},{\"@type\":\"ListItem\",\"position\":2,\"name\":\"Shop\",\"item\":\"https:\/\/librairie7l.com\/en\/shop\/\"},{\"@type\":\"ListItem\",\"position\":3,\"name\":\"PIERRE BONCOMPAIN, DE LA TOILE \u00c0 LA TERRE : PEINTURE ET C\u00c9RAMIQUE\"}]},{\"@type\":\"WebSite\",\"@id\":\"https:\/\/librairie7l.com\/en\/#website\",\"url\":\"https:\/\/librairie7l.com\/en\/\",\"name\":\"Librairie 7L\",\"description\":\"Librairie fond\u00e9e en 1999 par Karl Lagerfeld \u00e0 Paris\",\"publisher\":{\"@id\":\"https:\/\/librairie7l.com\/en\/#organization\"},\"potentialAction\":[{\"@type\":\"SearchAction\",\"target\":{\"@type\":\"EntryPoint\",\"urlTemplate\":\"https:\/\/librairie7l.com\/en\/?s={search_term_string}\"},\"query-input\":\"required name=search_term_string\"}],\"inLanguage\":\"en-US\"},{\"@type\":\"Organization\",\"@id\":\"https:\/\/librairie7l.com\/en\/#organization\",\"name\":\"Librairie 7L\",\"url\":\"https:\/\/librairie7l.com\/en\/\",\"logo\":{\"@type\":\"ImageObject\",\"inLanguage\":\"en-US\",\"@id\":\"https:\/\/librairie7l.com\/en\/#\/schema\/logo\/image\/\",\"url\":\"https:\/\/librairie7l.com\/wp-content\/uploads\/2022\/08\/logo-1.png\",\"contentUrl\":\"https:\/\/librairie7l.com\/wp-content\/uploads\/2022\/08\/logo-1.png\",\"width\":227,\"height\":301,\"caption\":\"Librairie 7L\"},\"image\":{\"@id\":\"https:\/\/librairie7l.com\/en\/#\/schema\/logo\/image\/\"}}]}<\/script>\n<!-- \/ Yoast SEO plugin. -->","yoast_head_json":{"title":"Pierre Boncompain, de la toile \u00e0 la terre : Peinture et c\u00e9ramique - Librairie 7L","robots":{"index":"index","follow":"follow","max-snippet":"max-snippet:-1","max-image-preview":"max-image-preview:large","max-video-preview":"max-video-preview:-1"},"canonical":"https:\/\/librairie7l.com\/en\/produit\/pierre-boncompain-de-la-toile-a-la-terre-peinture-et-ceramique-2\/","og_locale":"en_US","og_type":"article","og_title":"Pierre Boncompain, de la toile \u00e0 la terre : Peinture et c\u00e9ramique - Librairie 7L","og_description":"Peintures, c\u00e9ramiques, tapisseries : le pr\u00e9sent catalogue explore l&#8217;univers lumineux de Pierre Boncompain et souligne les r\u00e9sonances entre ses diff\u00e9rentes pratiques artistiques. La mise en perspective entre les techniques permet non seulement de saisir la coh\u00e9rence d&#8217;une oeuvre mais aussi de mesurer sa remarquable appropriation des savoir-faire sp\u00e9cifiques \u00e0 chaque m\u00e9dium. Couleur, lumi\u00e8re et mati\u00e8re [&hellip;]","og_url":"https:\/\/librairie7l.com\/en\/produit\/pierre-boncompain-de-la-toile-a-la-terre-peinture-et-ceramique-2\/","og_site_name":"Librairie 7L","article_modified_time":"2026-04-19T13:40:22+00:00","og_image":[{"width":600,"height":758,"url":"https:\/\/librairie7l.com\/wp-content\/uploads\/2025\/10\/9788836663224_1_75.jpg","type":"image\/jpeg"}],"twitter_card":"summary_large_image","twitter_misc":{"Est. reading time":"1 minute"},"schema":{"@context":"https:\/\/schema.org","@graph":[{"@type":"WebPage","@id":"https:\/\/librairie7l.com\/en\/produit\/pierre-boncompain-de-la-toile-a-la-terre-peinture-et-ceramique-2\/","url":"https:\/\/librairie7l.com\/en\/produit\/pierre-boncompain-de-la-toile-a-la-terre-peinture-et-ceramique-2\/","name":"Pierre Boncompain, de la toile \u00e0 la terre : Peinture et c\u00e9ramique - Librairie 7L","isPartOf":{"@id":"https:\/\/librairie7l.com\/en\/#website"},"datePublished":"2026-04-18T08:16:25+00:00","dateModified":"2026-04-19T13:40:22+00:00","breadcrumb":{"@id":"https:\/\/librairie7l.com\/en\/produit\/pierre-boncompain-de-la-toile-a-la-terre-peinture-et-ceramique-2\/#breadcrumb"},"inLanguage":"en-US","potentialAction":[{"@type":"ReadAction","target":["https:\/\/librairie7l.com\/en\/produit\/pierre-boncompain-de-la-toile-a-la-terre-peinture-et-ceramique-2\/"]}]},{"@type":"BreadcrumbList","@id":"https:\/\/librairie7l.com\/en\/produit\/pierre-boncompain-de-la-toile-a-la-terre-peinture-et-ceramique-2\/#breadcrumb","itemListElement":[{"@type":"ListItem","position":1,"name":"Accueil","item":"https:\/\/librairie7l.com\/en\/"},{"@type":"ListItem","position":2,"name":"Shop","item":"https:\/\/librairie7l.com\/en\/shop\/"},{"@type":"ListItem","position":3,"name":"PIERRE BONCOMPAIN, DE LA TOILE \u00c0 LA TERRE : PEINTURE ET C\u00c9RAMIQUE"}]},{"@type":"WebSite","@id":"https:\/\/librairie7l.com\/en\/#website","url":"https:\/\/librairie7l.com\/en\/","name":"Librairie 7L","description":"Librairie fond\u00e9e en 1999 par Karl Lagerfeld \u00e0 Paris","publisher":{"@id":"https:\/\/librairie7l.com\/en\/#organization"},"potentialAction":[{"@type":"SearchAction","target":{"@type":"EntryPoint","urlTemplate":"https:\/\/librairie7l.com\/en\/?s={search_term_string}"},"query-input":"required name=search_term_string"}],"inLanguage":"en-US"},{"@type":"Organization","@id":"https:\/\/librairie7l.com\/en\/#organization","name":"Librairie 7L","url":"https:\/\/librairie7l.com\/en\/","logo":{"@type":"ImageObject","inLanguage":"en-US","@id":"https:\/\/librairie7l.com\/en\/#\/schema\/logo\/image\/","url":"https:\/\/librairie7l.com\/wp-content\/uploads\/2022\/08\/logo-1.png","contentUrl":"https:\/\/librairie7l.com\/wp-content\/uploads\/2022\/08\/logo-1.png","width":227,"height":301,"caption":"Librairie 7L"},"image":{"@id":"https:\/\/librairie7l.com\/en\/#\/schema\/logo\/image\/"}}]}},"_links":{"self":[{"href":"https:\/\/librairie7l.com\/en\/wp-json\/wp\/v2\/product\/56456"}],"collection":[{"href":"https:\/\/librairie7l.com\/en\/wp-json\/wp\/v2\/product"}],"about":[{"href":"https:\/\/librairie7l.com\/en\/wp-json\/wp\/v2\/types\/product"}],"wp:featuredmedia":[{"embeddable":true,"href":"https:\/\/librairie7l.com\/en\/wp-json\/wp\/v2\/media\/56454"}],"wp:attachment":[{"href":"https:\/\/librairie7l.com\/en\/wp-json\/wp\/v2\/media?parent=56456"}],"wp:term":[{"taxonomy":"product_cat","embeddable":true,"href":"https:\/\/librairie7l.com\/en\/wp-json\/wp\/v2\/product_cat?post=56456"},{"taxonomy":"product_tag","embeddable":true,"href":"https:\/\/librairie7l.com\/en\/wp-json\/wp\/v2\/product_tag?post=56456"}],"curies":[{"name":"wp","href":"https:\/\/api.w.org\/{rel}","templated":true}]}}