{"id":56460,"date":"2026-04-18T10:16:28","date_gmt":"2026-04-18T08:16:28","guid":{"rendered":"https:\/\/librairie7l.com\/?post_type=product&#038;p=56460"},"modified":"2026-04-19T15:55:46","modified_gmt":"2026-04-19T13:55:46","slug":"corps-a-corps-philippe-marinig-et-les-lutteurs-de-sumo-2","status":"publish","type":"product","link":"https:\/\/librairie7l.com\/en\/produit\/corps-a-corps-philippe-marinig-et-les-lutteurs-de-sumo-2\/","title":{"rendered":"CORPS A CORPS : PHILIPPE MARINIG ET LES LUTTEURS DE SUMO"},"content":{"rendered":"<p>Philippe Marinig est un des rares photographes occidentaux \u00e0 avoir \u00e9t\u00e9 accept\u00e9 dans le monde du sumo. Depuis 2007, il capture sans rel\u00e2che l&#8217;essence de cette discipline sacr\u00e9e lors des tournois officiels mais aussi lors d&#8217;entra\u00eenements et de moments de vie partag\u00e9s dans les enceintes ferm\u00e9es des \u00e9curies qui l&#8217;ont adopt\u00e9. Empreintes de ritualit\u00e9 et de puissance, ses photographies montrent les lutteurs dans toute leur complexit\u00e9, de la force \u00e0 la fragilit\u00e9, de la gloire \u00e0 l&#8217;intimit\u00e9.<br \/>\nCet ouvrage rassemble une s\u00e9rie photographique en noir et blanc invitant \u00e0 regarder ces figures extraordinaires non plus comme des symboles lointains, mais comme des pr\u00e9sences singuli\u00e8res, profond\u00e9ment humaines, dont le destin est marqu\u00e9 par le d\u00e9passement de soi. <\/p>\n","protected":false},"excerpt":{"rendered":"<p>Philippe Marinig est un des rares photographes occidentaux \u00e0 avoir \u00e9t\u00e9 accept\u00e9 dans le monde du sumo. Depuis 2007, il capture sans rel\u00e2che l&#8217;essence de cette discipline sacr\u00e9e lors des tournois officiels mais aussi lors d&#8217;entra\u00eenements et de moments de vie partag\u00e9s dans les enceintes ferm\u00e9es des \u00e9curies qui l&#8217;ont adopt\u00e9. Empreintes de ritualit\u00e9 et [&hellip;]<\/p>\n","protected":false},"featured_media":56458,"template":"","meta":[],"product_cat":[2948],"product_tag":[],"acf":[],"yoast_head":"<!-- This site is optimized with the Yoast SEO plugin v20.11 - https:\/\/yoast.com\/wordpress\/plugins\/seo\/ -->\n<title>Corps a corps : Philippe Marinig et les lutteurs de sumo - Librairie 7L<\/title>\n<meta name=\"robots\" content=\"index, follow, max-snippet:-1, max-image-preview:large, max-video-preview:-1\" \/>\n<link rel=\"canonical\" href=\"https:\/\/librairie7l.com\/en\/produit\/corps-a-corps-philippe-marinig-et-les-lutteurs-de-sumo-2\/\" \/>\n<meta property=\"og:locale\" content=\"en_US\" \/>\n<meta property=\"og:type\" content=\"article\" \/>\n<meta property=\"og:title\" content=\"Corps a corps : Philippe Marinig et les lutteurs de sumo - Librairie 7L\" \/>\n<meta property=\"og:description\" content=\"Philippe Marinig est un des rares photographes occidentaux \u00e0 avoir \u00e9t\u00e9 accept\u00e9 dans le monde du sumo. Depuis 2007, il capture sans rel\u00e2che l&#8217;essence de cette discipline sacr\u00e9e lors des tournois officiels mais aussi lors d&#8217;entra\u00eenements et de moments de vie partag\u00e9s dans les enceintes ferm\u00e9es des \u00e9curies qui l&#8217;ont adopt\u00e9. Empreintes de ritualit\u00e9 et [&hellip;]\" \/>\n<meta property=\"og:url\" content=\"https:\/\/librairie7l.com\/en\/produit\/corps-a-corps-philippe-marinig-et-les-lutteurs-de-sumo-2\/\" \/>\n<meta property=\"og:site_name\" content=\"Librairie 7L\" \/>\n<meta property=\"article:modified_time\" content=\"2026-04-19T13:55:46+00:00\" \/>\n<meta property=\"og:image\" content=\"https:\/\/librairie7l.com\/wp-content\/uploads\/2025\/10\/9788836663293_1_75.jpg\" \/>\n\t<meta property=\"og:image:width\" content=\"748\" \/>\n\t<meta property=\"og:image:height\" content=\"600\" \/>\n\t<meta property=\"og:image:type\" content=\"image\/jpeg\" \/>\n<meta name=\"twitter:card\" content=\"summary_large_image\" \/>\n<meta name=\"twitter:label1\" content=\"Est. reading time\" \/>\n\t<meta name=\"twitter:data1\" content=\"1 minute\" \/>\n<script type=\"application\/ld+json\" class=\"yoast-schema-graph\">{\"@context\":\"https:\/\/schema.org\",\"@graph\":[{\"@type\":\"WebPage\",\"@id\":\"https:\/\/librairie7l.com\/en\/produit\/corps-a-corps-philippe-marinig-et-les-lutteurs-de-sumo-2\/\",\"url\":\"https:\/\/librairie7l.com\/en\/produit\/corps-a-corps-philippe-marinig-et-les-lutteurs-de-sumo-2\/\",\"name\":\"Corps a corps : Philippe Marinig et les lutteurs de sumo - Librairie 7L\",\"isPartOf\":{\"@id\":\"https:\/\/librairie7l.com\/en\/#website\"},\"datePublished\":\"2026-04-18T08:16:28+00:00\",\"dateModified\":\"2026-04-19T13:55:46+00:00\",\"breadcrumb\":{\"@id\":\"https:\/\/librairie7l.com\/en\/produit\/corps-a-corps-philippe-marinig-et-les-lutteurs-de-sumo-2\/#breadcrumb\"},\"inLanguage\":\"en-US\",\"potentialAction\":[{\"@type\":\"ReadAction\",\"target\":[\"https:\/\/librairie7l.com\/en\/produit\/corps-a-corps-philippe-marinig-et-les-lutteurs-de-sumo-2\/\"]}]},{\"@type\":\"BreadcrumbList\",\"@id\":\"https:\/\/librairie7l.com\/en\/produit\/corps-a-corps-philippe-marinig-et-les-lutteurs-de-sumo-2\/#breadcrumb\",\"itemListElement\":[{\"@type\":\"ListItem\",\"position\":1,\"name\":\"Accueil\",\"item\":\"https:\/\/librairie7l.com\/en\/\"},{\"@type\":\"ListItem\",\"position\":2,\"name\":\"Shop\",\"item\":\"https:\/\/librairie7l.com\/en\/shop\/\"},{\"@type\":\"ListItem\",\"position\":3,\"name\":\"CORPS A CORPS : PHILIPPE MARINIG ET LES LUTTEURS DE SUMO\"}]},{\"@type\":\"WebSite\",\"@id\":\"https:\/\/librairie7l.com\/en\/#website\",\"url\":\"https:\/\/librairie7l.com\/en\/\",\"name\":\"Librairie 7L\",\"description\":\"Librairie fond\u00e9e en 1999 par Karl Lagerfeld \u00e0 Paris\",\"publisher\":{\"@id\":\"https:\/\/librairie7l.com\/en\/#organization\"},\"potentialAction\":[{\"@type\":\"SearchAction\",\"target\":{\"@type\":\"EntryPoint\",\"urlTemplate\":\"https:\/\/librairie7l.com\/en\/?s={search_term_string}\"},\"query-input\":\"required name=search_term_string\"}],\"inLanguage\":\"en-US\"},{\"@type\":\"Organization\",\"@id\":\"https:\/\/librairie7l.com\/en\/#organization\",\"name\":\"Librairie 7L\",\"url\":\"https:\/\/librairie7l.com\/en\/\",\"logo\":{\"@type\":\"ImageObject\",\"inLanguage\":\"en-US\",\"@id\":\"https:\/\/librairie7l.com\/en\/#\/schema\/logo\/image\/\",\"url\":\"https:\/\/librairie7l.com\/wp-content\/uploads\/2022\/08\/logo-1.png\",\"contentUrl\":\"https:\/\/librairie7l.com\/wp-content\/uploads\/2022\/08\/logo-1.png\",\"width\":227,\"height\":301,\"caption\":\"Librairie 7L\"},\"image\":{\"@id\":\"https:\/\/librairie7l.com\/en\/#\/schema\/logo\/image\/\"}}]}<\/script>\n<!-- \/ Yoast SEO plugin. -->","yoast_head_json":{"title":"Corps a corps : Philippe Marinig et les lutteurs de sumo - Librairie 7L","robots":{"index":"index","follow":"follow","max-snippet":"max-snippet:-1","max-image-preview":"max-image-preview:large","max-video-preview":"max-video-preview:-1"},"canonical":"https:\/\/librairie7l.com\/en\/produit\/corps-a-corps-philippe-marinig-et-les-lutteurs-de-sumo-2\/","og_locale":"en_US","og_type":"article","og_title":"Corps a corps : Philippe Marinig et les lutteurs de sumo - Librairie 7L","og_description":"Philippe Marinig est un des rares photographes occidentaux \u00e0 avoir \u00e9t\u00e9 accept\u00e9 dans le monde du sumo. Depuis 2007, il capture sans rel\u00e2che l&#8217;essence de cette discipline sacr\u00e9e lors des tournois officiels mais aussi lors d&#8217;entra\u00eenements et de moments de vie partag\u00e9s dans les enceintes ferm\u00e9es des \u00e9curies qui l&#8217;ont adopt\u00e9. Empreintes de ritualit\u00e9 et [&hellip;]","og_url":"https:\/\/librairie7l.com\/en\/produit\/corps-a-corps-philippe-marinig-et-les-lutteurs-de-sumo-2\/","og_site_name":"Librairie 7L","article_modified_time":"2026-04-19T13:55:46+00:00","og_image":[{"width":748,"height":600,"url":"https:\/\/librairie7l.com\/wp-content\/uploads\/2025\/10\/9788836663293_1_75.jpg","type":"image\/jpeg"}],"twitter_card":"summary_large_image","twitter_misc":{"Est. reading time":"1 minute"},"schema":{"@context":"https:\/\/schema.org","@graph":[{"@type":"WebPage","@id":"https:\/\/librairie7l.com\/en\/produit\/corps-a-corps-philippe-marinig-et-les-lutteurs-de-sumo-2\/","url":"https:\/\/librairie7l.com\/en\/produit\/corps-a-corps-philippe-marinig-et-les-lutteurs-de-sumo-2\/","name":"Corps a corps : Philippe Marinig et les lutteurs de sumo - Librairie 7L","isPartOf":{"@id":"https:\/\/librairie7l.com\/en\/#website"},"datePublished":"2026-04-18T08:16:28+00:00","dateModified":"2026-04-19T13:55:46+00:00","breadcrumb":{"@id":"https:\/\/librairie7l.com\/en\/produit\/corps-a-corps-philippe-marinig-et-les-lutteurs-de-sumo-2\/#breadcrumb"},"inLanguage":"en-US","potentialAction":[{"@type":"ReadAction","target":["https:\/\/librairie7l.com\/en\/produit\/corps-a-corps-philippe-marinig-et-les-lutteurs-de-sumo-2\/"]}]},{"@type":"BreadcrumbList","@id":"https:\/\/librairie7l.com\/en\/produit\/corps-a-corps-philippe-marinig-et-les-lutteurs-de-sumo-2\/#breadcrumb","itemListElement":[{"@type":"ListItem","position":1,"name":"Accueil","item":"https:\/\/librairie7l.com\/en\/"},{"@type":"ListItem","position":2,"name":"Shop","item":"https:\/\/librairie7l.com\/en\/shop\/"},{"@type":"ListItem","position":3,"name":"CORPS A CORPS : PHILIPPE MARINIG ET LES LUTTEURS DE SUMO"}]},{"@type":"WebSite","@id":"https:\/\/librairie7l.com\/en\/#website","url":"https:\/\/librairie7l.com\/en\/","name":"Librairie 7L","description":"Librairie fond\u00e9e en 1999 par Karl Lagerfeld \u00e0 Paris","publisher":{"@id":"https:\/\/librairie7l.com\/en\/#organization"},"potentialAction":[{"@type":"SearchAction","target":{"@type":"EntryPoint","urlTemplate":"https:\/\/librairie7l.com\/en\/?s={search_term_string}"},"query-input":"required name=search_term_string"}],"inLanguage":"en-US"},{"@type":"Organization","@id":"https:\/\/librairie7l.com\/en\/#organization","name":"Librairie 7L","url":"https:\/\/librairie7l.com\/en\/","logo":{"@type":"ImageObject","inLanguage":"en-US","@id":"https:\/\/librairie7l.com\/en\/#\/schema\/logo\/image\/","url":"https:\/\/librairie7l.com\/wp-content\/uploads\/2022\/08\/logo-1.png","contentUrl":"https:\/\/librairie7l.com\/wp-content\/uploads\/2022\/08\/logo-1.png","width":227,"height":301,"caption":"Librairie 7L"},"image":{"@id":"https:\/\/librairie7l.com\/en\/#\/schema\/logo\/image\/"}}]}},"_links":{"self":[{"href":"https:\/\/librairie7l.com\/en\/wp-json\/wp\/v2\/product\/56460"}],"collection":[{"href":"https:\/\/librairie7l.com\/en\/wp-json\/wp\/v2\/product"}],"about":[{"href":"https:\/\/librairie7l.com\/en\/wp-json\/wp\/v2\/types\/product"}],"wp:featuredmedia":[{"embeddable":true,"href":"https:\/\/librairie7l.com\/en\/wp-json\/wp\/v2\/media\/56458"}],"wp:attachment":[{"href":"https:\/\/librairie7l.com\/en\/wp-json\/wp\/v2\/media?parent=56460"}],"wp:term":[{"taxonomy":"product_cat","embeddable":true,"href":"https:\/\/librairie7l.com\/en\/wp-json\/wp\/v2\/product_cat?post=56460"},{"taxonomy":"product_tag","embeddable":true,"href":"https:\/\/librairie7l.com\/en\/wp-json\/wp\/v2\/product_tag?post=56460"}],"curies":[{"name":"wp","href":"https:\/\/api.w.org\/{rel}","templated":true}]}}