{"id":56462,"date":"2026-04-18T10:16:30","date_gmt":"2026-04-18T08:16:30","guid":{"rendered":"https:\/\/librairie7l.com\/?post_type=product&#038;p=56462"},"modified":"2026-04-19T15:44:13","modified_gmt":"2026-04-19T13:44:13","slug":"iliazd-poete-architecte-du-livre-2","status":"publish","type":"product","link":"https:\/\/librairie7l.com\/en\/produit\/iliazd-poete-architecte-du-livre-2\/","title":{"rendered":"ILIAZD, PO\u00c8TE-ARCHITECTE DU LIVRE"},"content":{"rendered":"<p>Parfois qualifi\u00e9 d&#8217;\u00ab homme de la Renaissance \u00bb, \u00e0 la culture immense et \u00e0 la curiosit\u00e9 insatiable, Iliazd (1894-1975), est l&#8217;un des plus grands typographes du XXe si\u00e8cle. C&#8217;est \u00e0 cet artiste g\u00e9orgien, de son vrai nom Ilia Zdanevitch, qui a c\u00f4toy\u00e9 Jean Arp, Georges Braque, Pablo Picasso, Michel Seuphor, L\u00e9opold Survage ou encore Tristan Tzara, que le Mus\u00e9e-Biblioth\u00e8que Pierre Andr\u00e9 Benoit d&#8217;Al\u00e8s consacre une exposition du 10 avril au 31 octobre 2026.<br \/>\nIliazd fut \u00e9galement po\u00e8te, imprimeur, \u00e9diteur de beaux livres o\u00f9 po\u00e9sie et gravure vont de pair. Pour lui, la typographie, plus qu&#8217;un simple moyen au service de la po\u00e9sie, en est une partie int\u00e9grante. Afin de r\u00e9aliser ses livres qu&#8217;il \u00e9dite au Degr\u00e9 41, Iliazd a sollicit\u00e9 les nombreux artistes qu&#8217;il a crois\u00e9 tout au long de son parcours \u00e9clectique, dont son ami Pablo Picasso ou Joan Mir\u00f3. Tous acceptent de r\u00e9aliser des gravures dans le cadre pr\u00e9d\u00e9fini par lui pour chaque livre.<br \/>\nCet ouvrage pr\u00e9sente cette figure hors du commun et son apport aux avant-gardes du XXe si\u00e8cle, rest\u00e9 toute sa vie fid\u00e8le \u00e0 la libert\u00e9 exp\u00e9riment\u00e9e dans le creuset du futurisme russe. \u00c0 travers l&#8217;art de la lettre et de la mise en page d&#8217;Iliazd, le lecteur d\u00e9couvre ainsi des ouvrages exceptionnels et rares, provenant d&#8217;un fond iconographique in\u00e9dit. Entre livre d&#8217;art, livre patrimonial et d&#8217;histoire, cet ouvrage esth\u00e9tique est \u00e0 destination d&#8217;un large public d&#8217;amateurs ou de passionn\u00e9s de la lettre.<\/p>\n","protected":false},"excerpt":{"rendered":"<p>Parfois qualifi\u00e9 d&#8217;\u00ab homme de la Renaissance \u00bb, \u00e0 la culture immense et \u00e0 la curiosit\u00e9 insatiable, Iliazd (1894-1975), est l&#8217;un des plus grands typographes du XXe si\u00e8cle. C&#8217;est \u00e0 cet artiste g\u00e9orgien, de son vrai nom Ilia Zdanevitch, qui a c\u00f4toy\u00e9 Jean Arp, Georges Braque, Pablo Picasso, Michel Seuphor, L\u00e9opold Survage ou encore Tristan [&hellip;]<\/p>\n","protected":false},"featured_media":0,"template":"","meta":[],"product_cat":[2948],"product_tag":[],"acf":[],"yoast_head":"<!-- This site is optimized with the Yoast SEO plugin v20.11 - https:\/\/yoast.com\/wordpress\/plugins\/seo\/ -->\n<title>Iliazd, po\u00e8te-architecte du livre - Librairie 7L<\/title>\n<meta name=\"robots\" content=\"index, follow, max-snippet:-1, max-image-preview:large, max-video-preview:-1\" \/>\n<link rel=\"canonical\" href=\"https:\/\/librairie7l.com\/en\/produit\/iliazd-poete-architecte-du-livre-2\/\" \/>\n<meta property=\"og:locale\" content=\"en_US\" \/>\n<meta property=\"og:type\" content=\"article\" \/>\n<meta property=\"og:title\" content=\"Iliazd, po\u00e8te-architecte du livre - Librairie 7L\" \/>\n<meta property=\"og:description\" content=\"Parfois qualifi\u00e9 d&#8217;\u00ab homme de la Renaissance \u00bb, \u00e0 la culture immense et \u00e0 la curiosit\u00e9 insatiable, Iliazd (1894-1975), est l&#8217;un des plus grands typographes du XXe si\u00e8cle. C&#8217;est \u00e0 cet artiste g\u00e9orgien, de son vrai nom Ilia Zdanevitch, qui a c\u00f4toy\u00e9 Jean Arp, Georges Braque, Pablo Picasso, Michel Seuphor, L\u00e9opold Survage ou encore Tristan [&hellip;]\" \/>\n<meta property=\"og:url\" content=\"https:\/\/librairie7l.com\/en\/produit\/iliazd-poete-architecte-du-livre-2\/\" \/>\n<meta property=\"og:site_name\" content=\"Librairie 7L\" \/>\n<meta property=\"article:modified_time\" content=\"2026-04-19T13:44:13+00:00\" \/>\n<meta name=\"twitter:card\" content=\"summary_large_image\" \/>\n<meta name=\"twitter:label1\" content=\"Est. reading time\" \/>\n\t<meta name=\"twitter:data1\" content=\"1 minute\" \/>\n<script type=\"application\/ld+json\" class=\"yoast-schema-graph\">{\"@context\":\"https:\/\/schema.org\",\"@graph\":[{\"@type\":\"WebPage\",\"@id\":\"https:\/\/librairie7l.com\/en\/produit\/iliazd-poete-architecte-du-livre-2\/\",\"url\":\"https:\/\/librairie7l.com\/en\/produit\/iliazd-poete-architecte-du-livre-2\/\",\"name\":\"Iliazd, po\u00e8te-architecte du livre - Librairie 7L\",\"isPartOf\":{\"@id\":\"https:\/\/librairie7l.com\/en\/#website\"},\"datePublished\":\"2026-04-18T08:16:30+00:00\",\"dateModified\":\"2026-04-19T13:44:13+00:00\",\"breadcrumb\":{\"@id\":\"https:\/\/librairie7l.com\/en\/produit\/iliazd-poete-architecte-du-livre-2\/#breadcrumb\"},\"inLanguage\":\"en-US\",\"potentialAction\":[{\"@type\":\"ReadAction\",\"target\":[\"https:\/\/librairie7l.com\/en\/produit\/iliazd-poete-architecte-du-livre-2\/\"]}]},{\"@type\":\"BreadcrumbList\",\"@id\":\"https:\/\/librairie7l.com\/en\/produit\/iliazd-poete-architecte-du-livre-2\/#breadcrumb\",\"itemListElement\":[{\"@type\":\"ListItem\",\"position\":1,\"name\":\"Accueil\",\"item\":\"https:\/\/librairie7l.com\/en\/\"},{\"@type\":\"ListItem\",\"position\":2,\"name\":\"Shop\",\"item\":\"https:\/\/librairie7l.com\/en\/shop\/\"},{\"@type\":\"ListItem\",\"position\":3,\"name\":\"ILIAZD, PO\u00c8TE-ARCHITECTE DU LIVRE\"}]},{\"@type\":\"WebSite\",\"@id\":\"https:\/\/librairie7l.com\/en\/#website\",\"url\":\"https:\/\/librairie7l.com\/en\/\",\"name\":\"Librairie 7L\",\"description\":\"Librairie fond\u00e9e en 1999 par Karl Lagerfeld \u00e0 Paris\",\"publisher\":{\"@id\":\"https:\/\/librairie7l.com\/en\/#organization\"},\"potentialAction\":[{\"@type\":\"SearchAction\",\"target\":{\"@type\":\"EntryPoint\",\"urlTemplate\":\"https:\/\/librairie7l.com\/en\/?s={search_term_string}\"},\"query-input\":\"required name=search_term_string\"}],\"inLanguage\":\"en-US\"},{\"@type\":\"Organization\",\"@id\":\"https:\/\/librairie7l.com\/en\/#organization\",\"name\":\"Librairie 7L\",\"url\":\"https:\/\/librairie7l.com\/en\/\",\"logo\":{\"@type\":\"ImageObject\",\"inLanguage\":\"en-US\",\"@id\":\"https:\/\/librairie7l.com\/en\/#\/schema\/logo\/image\/\",\"url\":\"https:\/\/librairie7l.com\/wp-content\/uploads\/2022\/08\/logo-1.png\",\"contentUrl\":\"https:\/\/librairie7l.com\/wp-content\/uploads\/2022\/08\/logo-1.png\",\"width\":227,\"height\":301,\"caption\":\"Librairie 7L\"},\"image\":{\"@id\":\"https:\/\/librairie7l.com\/en\/#\/schema\/logo\/image\/\"}}]}<\/script>\n<!-- \/ Yoast SEO plugin. -->","yoast_head_json":{"title":"Iliazd, po\u00e8te-architecte du livre - Librairie 7L","robots":{"index":"index","follow":"follow","max-snippet":"max-snippet:-1","max-image-preview":"max-image-preview:large","max-video-preview":"max-video-preview:-1"},"canonical":"https:\/\/librairie7l.com\/en\/produit\/iliazd-poete-architecte-du-livre-2\/","og_locale":"en_US","og_type":"article","og_title":"Iliazd, po\u00e8te-architecte du livre - Librairie 7L","og_description":"Parfois qualifi\u00e9 d&#8217;\u00ab homme de la Renaissance \u00bb, \u00e0 la culture immense et \u00e0 la curiosit\u00e9 insatiable, Iliazd (1894-1975), est l&#8217;un des plus grands typographes du XXe si\u00e8cle. C&#8217;est \u00e0 cet artiste g\u00e9orgien, de son vrai nom Ilia Zdanevitch, qui a c\u00f4toy\u00e9 Jean Arp, Georges Braque, Pablo Picasso, Michel Seuphor, L\u00e9opold Survage ou encore Tristan [&hellip;]","og_url":"https:\/\/librairie7l.com\/en\/produit\/iliazd-poete-architecte-du-livre-2\/","og_site_name":"Librairie 7L","article_modified_time":"2026-04-19T13:44:13+00:00","twitter_card":"summary_large_image","twitter_misc":{"Est. reading time":"1 minute"},"schema":{"@context":"https:\/\/schema.org","@graph":[{"@type":"WebPage","@id":"https:\/\/librairie7l.com\/en\/produit\/iliazd-poete-architecte-du-livre-2\/","url":"https:\/\/librairie7l.com\/en\/produit\/iliazd-poete-architecte-du-livre-2\/","name":"Iliazd, po\u00e8te-architecte du livre - Librairie 7L","isPartOf":{"@id":"https:\/\/librairie7l.com\/en\/#website"},"datePublished":"2026-04-18T08:16:30+00:00","dateModified":"2026-04-19T13:44:13+00:00","breadcrumb":{"@id":"https:\/\/librairie7l.com\/en\/produit\/iliazd-poete-architecte-du-livre-2\/#breadcrumb"},"inLanguage":"en-US","potentialAction":[{"@type":"ReadAction","target":["https:\/\/librairie7l.com\/en\/produit\/iliazd-poete-architecte-du-livre-2\/"]}]},{"@type":"BreadcrumbList","@id":"https:\/\/librairie7l.com\/en\/produit\/iliazd-poete-architecte-du-livre-2\/#breadcrumb","itemListElement":[{"@type":"ListItem","position":1,"name":"Accueil","item":"https:\/\/librairie7l.com\/en\/"},{"@type":"ListItem","position":2,"name":"Shop","item":"https:\/\/librairie7l.com\/en\/shop\/"},{"@type":"ListItem","position":3,"name":"ILIAZD, PO\u00c8TE-ARCHITECTE DU LIVRE"}]},{"@type":"WebSite","@id":"https:\/\/librairie7l.com\/en\/#website","url":"https:\/\/librairie7l.com\/en\/","name":"Librairie 7L","description":"Librairie fond\u00e9e en 1999 par Karl Lagerfeld \u00e0 Paris","publisher":{"@id":"https:\/\/librairie7l.com\/en\/#organization"},"potentialAction":[{"@type":"SearchAction","target":{"@type":"EntryPoint","urlTemplate":"https:\/\/librairie7l.com\/en\/?s={search_term_string}"},"query-input":"required name=search_term_string"}],"inLanguage":"en-US"},{"@type":"Organization","@id":"https:\/\/librairie7l.com\/en\/#organization","name":"Librairie 7L","url":"https:\/\/librairie7l.com\/en\/","logo":{"@type":"ImageObject","inLanguage":"en-US","@id":"https:\/\/librairie7l.com\/en\/#\/schema\/logo\/image\/","url":"https:\/\/librairie7l.com\/wp-content\/uploads\/2022\/08\/logo-1.png","contentUrl":"https:\/\/librairie7l.com\/wp-content\/uploads\/2022\/08\/logo-1.png","width":227,"height":301,"caption":"Librairie 7L"},"image":{"@id":"https:\/\/librairie7l.com\/en\/#\/schema\/logo\/image\/"}}]}},"_links":{"self":[{"href":"https:\/\/librairie7l.com\/en\/wp-json\/wp\/v2\/product\/56462"}],"collection":[{"href":"https:\/\/librairie7l.com\/en\/wp-json\/wp\/v2\/product"}],"about":[{"href":"https:\/\/librairie7l.com\/en\/wp-json\/wp\/v2\/types\/product"}],"wp:attachment":[{"href":"https:\/\/librairie7l.com\/en\/wp-json\/wp\/v2\/media?parent=56462"}],"wp:term":[{"taxonomy":"product_cat","embeddable":true,"href":"https:\/\/librairie7l.com\/en\/wp-json\/wp\/v2\/product_cat?post=56462"},{"taxonomy":"product_tag","embeddable":true,"href":"https:\/\/librairie7l.com\/en\/wp-json\/wp\/v2\/product_tag?post=56462"}],"curies":[{"name":"wp","href":"https:\/\/api.w.org\/{rel}","templated":true}]}}