{"id":56502,"date":"2026-04-18T12:56:00","date_gmt":"2026-04-18T10:56:00","guid":{"rendered":"https:\/\/librairie7l.com\/?post_type=product&#038;p=56502"},"modified":"2026-04-18T14:59:16","modified_gmt":"2026-04-18T12:59:16","slug":"la-cuisine-japonaise-a-lecran-2","status":"publish","type":"product","link":"https:\/\/librairie7l.com\/en\/produit\/la-cuisine-japonaise-a-lecran-2\/","title":{"rendered":"LA CUISINE JAPONAISE \u00c0 L&#8217;\u00c9CRAN"},"content":{"rendered":"<p>Passons \u00e0 table avec les films, s\u00e9ries et anim\u00e9s japonais et leurs sc\u00e8nes gastronomiques. Du plaisir visuel au festin dans votre assiette, d\u00e9couvrez les recettes des plats que savourent nos personnages \u00e0 l&#8217;\u00e9cran. Un jour \u00e0 humer les soupes tan men de la s\u00e9rie Midnight diner, un autre \u00e0 d\u00e9guster le risotto japonais de Princesse Mononok\u00e9, sans oublier le ramen de Mme Tampopo. De l&#8217;\u00e9cran \u00e0 l&#8217;assiette, il n&#8217;y a qu&#8217;un pas ! Pour vous guider, La Cuisine japonaise \u00e0 l&#8217;\u00e9cran vous propose plus de 60 recettes simples et vari\u00e9es, inspir\u00e9es par les plus grandes oeuvres japonaises vues sur le petit et le grand \u00e9cran. Mangez comme vos personnages pr\u00e9f\u00e9r\u00e9s !<\/p>\n","protected":false},"excerpt":{"rendered":"<p>Passons \u00e0 table avec les films, s\u00e9ries et anim\u00e9s japonais et leurs sc\u00e8nes gastronomiques. Du plaisir visuel au festin dans votre assiette, d\u00e9couvrez les recettes des plats que savourent nos personnages \u00e0 l&#8217;\u00e9cran. Un jour \u00e0 humer les soupes tan men de la s\u00e9rie Midnight diner, un autre \u00e0 d\u00e9guster le risotto japonais de Princesse [&hellip;]<\/p>\n","protected":false},"featured_media":56500,"template":"","meta":[],"product_cat":[7364,2948],"product_tag":[],"acf":[],"yoast_head":"<!-- This site is optimized with the Yoast SEO plugin v20.11 - https:\/\/yoast.com\/wordpress\/plugins\/seo\/ -->\n<title>La Cuisine japonaise \u00e0 l&#039;\u00e9cran - Librairie 7L<\/title>\n<meta name=\"robots\" content=\"index, follow, max-snippet:-1, max-image-preview:large, max-video-preview:-1\" \/>\n<link rel=\"canonical\" href=\"https:\/\/librairie7l.com\/en\/produit\/la-cuisine-japonaise-a-lecran-2\/\" \/>\n<meta property=\"og:locale\" content=\"en_US\" \/>\n<meta property=\"og:type\" content=\"article\" \/>\n<meta property=\"og:title\" content=\"La Cuisine japonaise \u00e0 l&#039;\u00e9cran - Librairie 7L\" \/>\n<meta property=\"og:description\" content=\"Passons \u00e0 table avec les films, s\u00e9ries et anim\u00e9s japonais et leurs sc\u00e8nes gastronomiques. Du plaisir visuel au festin dans votre assiette, d\u00e9couvrez les recettes des plats que savourent nos personnages \u00e0 l&#8217;\u00e9cran. Un jour \u00e0 humer les soupes tan men de la s\u00e9rie Midnight diner, un autre \u00e0 d\u00e9guster le risotto japonais de Princesse [&hellip;]\" \/>\n<meta property=\"og:url\" content=\"https:\/\/librairie7l.com\/en\/produit\/la-cuisine-japonaise-a-lecran-2\/\" \/>\n<meta property=\"og:site_name\" content=\"Librairie 7L\" \/>\n<meta property=\"article:modified_time\" content=\"2026-04-18T12:59:16+00:00\" \/>\n<meta property=\"og:image\" content=\"https:\/\/librairie7l.com\/wp-content\/uploads\/2023\/04\/9782072988301_1_75.jpg\" \/>\n\t<meta property=\"og:image:width\" content=\"600\" \/>\n\t<meta property=\"og:image:height\" content=\"740\" \/>\n\t<meta property=\"og:image:type\" content=\"image\/jpeg\" \/>\n<meta name=\"twitter:card\" content=\"summary_large_image\" \/>\n<meta name=\"twitter:label1\" content=\"Est. reading time\" \/>\n\t<meta name=\"twitter:data1\" content=\"1 minute\" \/>\n<script type=\"application\/ld+json\" class=\"yoast-schema-graph\">{\"@context\":\"https:\/\/schema.org\",\"@graph\":[{\"@type\":\"WebPage\",\"@id\":\"https:\/\/librairie7l.com\/en\/produit\/la-cuisine-japonaise-a-lecran-2\/\",\"url\":\"https:\/\/librairie7l.com\/en\/produit\/la-cuisine-japonaise-a-lecran-2\/\",\"name\":\"La Cuisine japonaise \u00e0 l'\u00e9cran - Librairie 7L\",\"isPartOf\":{\"@id\":\"https:\/\/librairie7l.com\/en\/#website\"},\"datePublished\":\"2026-04-18T10:56:00+00:00\",\"dateModified\":\"2026-04-18T12:59:16+00:00\",\"breadcrumb\":{\"@id\":\"https:\/\/librairie7l.com\/en\/produit\/la-cuisine-japonaise-a-lecran-2\/#breadcrumb\"},\"inLanguage\":\"en-US\",\"potentialAction\":[{\"@type\":\"ReadAction\",\"target\":[\"https:\/\/librairie7l.com\/en\/produit\/la-cuisine-japonaise-a-lecran-2\/\"]}]},{\"@type\":\"BreadcrumbList\",\"@id\":\"https:\/\/librairie7l.com\/en\/produit\/la-cuisine-japonaise-a-lecran-2\/#breadcrumb\",\"itemListElement\":[{\"@type\":\"ListItem\",\"position\":1,\"name\":\"Accueil\",\"item\":\"https:\/\/librairie7l.com\/en\/\"},{\"@type\":\"ListItem\",\"position\":2,\"name\":\"Shop\",\"item\":\"https:\/\/librairie7l.com\/en\/shop\/\"},{\"@type\":\"ListItem\",\"position\":3,\"name\":\"LA CUISINE JAPONAISE \u00c0 L&#8217;\u00c9CRAN\"}]},{\"@type\":\"WebSite\",\"@id\":\"https:\/\/librairie7l.com\/en\/#website\",\"url\":\"https:\/\/librairie7l.com\/en\/\",\"name\":\"Librairie 7L\",\"description\":\"Librairie fond\u00e9e en 1999 par Karl Lagerfeld \u00e0 Paris\",\"publisher\":{\"@id\":\"https:\/\/librairie7l.com\/en\/#organization\"},\"potentialAction\":[{\"@type\":\"SearchAction\",\"target\":{\"@type\":\"EntryPoint\",\"urlTemplate\":\"https:\/\/librairie7l.com\/en\/?s={search_term_string}\"},\"query-input\":\"required name=search_term_string\"}],\"inLanguage\":\"en-US\"},{\"@type\":\"Organization\",\"@id\":\"https:\/\/librairie7l.com\/en\/#organization\",\"name\":\"Librairie 7L\",\"url\":\"https:\/\/librairie7l.com\/en\/\",\"logo\":{\"@type\":\"ImageObject\",\"inLanguage\":\"en-US\",\"@id\":\"https:\/\/librairie7l.com\/en\/#\/schema\/logo\/image\/\",\"url\":\"https:\/\/librairie7l.com\/wp-content\/uploads\/2022\/08\/logo-1.png\",\"contentUrl\":\"https:\/\/librairie7l.com\/wp-content\/uploads\/2022\/08\/logo-1.png\",\"width\":227,\"height\":301,\"caption\":\"Librairie 7L\"},\"image\":{\"@id\":\"https:\/\/librairie7l.com\/en\/#\/schema\/logo\/image\/\"}}]}<\/script>\n<!-- \/ Yoast SEO plugin. -->","yoast_head_json":{"title":"La Cuisine japonaise \u00e0 l'\u00e9cran - Librairie 7L","robots":{"index":"index","follow":"follow","max-snippet":"max-snippet:-1","max-image-preview":"max-image-preview:large","max-video-preview":"max-video-preview:-1"},"canonical":"https:\/\/librairie7l.com\/en\/produit\/la-cuisine-japonaise-a-lecran-2\/","og_locale":"en_US","og_type":"article","og_title":"La Cuisine japonaise \u00e0 l'\u00e9cran - Librairie 7L","og_description":"Passons \u00e0 table avec les films, s\u00e9ries et anim\u00e9s japonais et leurs sc\u00e8nes gastronomiques. Du plaisir visuel au festin dans votre assiette, d\u00e9couvrez les recettes des plats que savourent nos personnages \u00e0 l&#8217;\u00e9cran. Un jour \u00e0 humer les soupes tan men de la s\u00e9rie Midnight diner, un autre \u00e0 d\u00e9guster le risotto japonais de Princesse [&hellip;]","og_url":"https:\/\/librairie7l.com\/en\/produit\/la-cuisine-japonaise-a-lecran-2\/","og_site_name":"Librairie 7L","article_modified_time":"2026-04-18T12:59:16+00:00","og_image":[{"width":600,"height":740,"url":"https:\/\/librairie7l.com\/wp-content\/uploads\/2023\/04\/9782072988301_1_75.jpg","type":"image\/jpeg"}],"twitter_card":"summary_large_image","twitter_misc":{"Est. reading time":"1 minute"},"schema":{"@context":"https:\/\/schema.org","@graph":[{"@type":"WebPage","@id":"https:\/\/librairie7l.com\/en\/produit\/la-cuisine-japonaise-a-lecran-2\/","url":"https:\/\/librairie7l.com\/en\/produit\/la-cuisine-japonaise-a-lecran-2\/","name":"La Cuisine japonaise \u00e0 l'\u00e9cran - Librairie 7L","isPartOf":{"@id":"https:\/\/librairie7l.com\/en\/#website"},"datePublished":"2026-04-18T10:56:00+00:00","dateModified":"2026-04-18T12:59:16+00:00","breadcrumb":{"@id":"https:\/\/librairie7l.com\/en\/produit\/la-cuisine-japonaise-a-lecran-2\/#breadcrumb"},"inLanguage":"en-US","potentialAction":[{"@type":"ReadAction","target":["https:\/\/librairie7l.com\/en\/produit\/la-cuisine-japonaise-a-lecran-2\/"]}]},{"@type":"BreadcrumbList","@id":"https:\/\/librairie7l.com\/en\/produit\/la-cuisine-japonaise-a-lecran-2\/#breadcrumb","itemListElement":[{"@type":"ListItem","position":1,"name":"Accueil","item":"https:\/\/librairie7l.com\/en\/"},{"@type":"ListItem","position":2,"name":"Shop","item":"https:\/\/librairie7l.com\/en\/shop\/"},{"@type":"ListItem","position":3,"name":"LA CUISINE JAPONAISE \u00c0 L&#8217;\u00c9CRAN"}]},{"@type":"WebSite","@id":"https:\/\/librairie7l.com\/en\/#website","url":"https:\/\/librairie7l.com\/en\/","name":"Librairie 7L","description":"Librairie fond\u00e9e en 1999 par Karl Lagerfeld \u00e0 Paris","publisher":{"@id":"https:\/\/librairie7l.com\/en\/#organization"},"potentialAction":[{"@type":"SearchAction","target":{"@type":"EntryPoint","urlTemplate":"https:\/\/librairie7l.com\/en\/?s={search_term_string}"},"query-input":"required name=search_term_string"}],"inLanguage":"en-US"},{"@type":"Organization","@id":"https:\/\/librairie7l.com\/en\/#organization","name":"Librairie 7L","url":"https:\/\/librairie7l.com\/en\/","logo":{"@type":"ImageObject","inLanguage":"en-US","@id":"https:\/\/librairie7l.com\/en\/#\/schema\/logo\/image\/","url":"https:\/\/librairie7l.com\/wp-content\/uploads\/2022\/08\/logo-1.png","contentUrl":"https:\/\/librairie7l.com\/wp-content\/uploads\/2022\/08\/logo-1.png","width":227,"height":301,"caption":"Librairie 7L"},"image":{"@id":"https:\/\/librairie7l.com\/en\/#\/schema\/logo\/image\/"}}]}},"_links":{"self":[{"href":"https:\/\/librairie7l.com\/en\/wp-json\/wp\/v2\/product\/56502"}],"collection":[{"href":"https:\/\/librairie7l.com\/en\/wp-json\/wp\/v2\/product"}],"about":[{"href":"https:\/\/librairie7l.com\/en\/wp-json\/wp\/v2\/types\/product"}],"wp:featuredmedia":[{"embeddable":true,"href":"https:\/\/librairie7l.com\/en\/wp-json\/wp\/v2\/media\/56500"}],"wp:attachment":[{"href":"https:\/\/librairie7l.com\/en\/wp-json\/wp\/v2\/media?parent=56502"}],"wp:term":[{"taxonomy":"product_cat","embeddable":true,"href":"https:\/\/librairie7l.com\/en\/wp-json\/wp\/v2\/product_cat?post=56502"},{"taxonomy":"product_tag","embeddable":true,"href":"https:\/\/librairie7l.com\/en\/wp-json\/wp\/v2\/product_tag?post=56502"}],"curies":[{"name":"wp","href":"https:\/\/api.w.org\/{rel}","templated":true}]}}