{"id":56519,"date":"2026-04-22T10:16:17","date_gmt":"2026-04-22T08:16:17","guid":{"rendered":"https:\/\/librairie7l.com\/?post_type=product&#038;p=56519"},"modified":"2026-04-22T14:16:11","modified_gmt":"2026-04-22T12:16:11","slug":"surrealismes-2","status":"publish","type":"product","link":"https:\/\/librairie7l.com\/en\/produit\/surrealismes-2\/","title":{"rendered":"SURR\u00c9ALISMES"},"content":{"rendered":"<p>\u00c0 l&#8217;automne 1924 paraissait aux \u00e9ditions du Sagittaire chez Simon Kra le premier Manifeste du surr\u00e9alisme r\u00e9dig\u00e9 par Andr\u00e9 Breton qui prit la t\u00eate du mouvement.<br \/>\nApr\u00e8s avoir retrac\u00e9 depuis dada et la Premi\u00e8re Guerre mondiale les origines du surr\u00e9alisme, le livre analyse l&#8217;\u00e9volution de ses aspects, artistiques, th\u00e9oriques, politiques et sociaux en distinguant trois grandes p\u00e9riodes : les ann\u00e9es 20, le tournant des ann\u00e9es 30 et l&#8217;apr\u00e8s-Seconde Guerre mondiale.<br \/>\nUn accent particulier est port\u00e9 sur le renouvellement r\u00e9cent des approches historiographiques ; f\u00e9minisme, mondialisation, march\u00e9 de l&#8217;art surr\u00e9aliste (les surr\u00e9alistes et l&#8217;argent), \u00e9co-surr\u00e9alisme. Enfin, la r\u00e9activation du surr\u00e9alisme par l&#8217;art contemporain et notamment la cr\u00e9ation g\u00e9n\u00e9rative de l&#8217;intelligence artificielle et la r\u00e9alit\u00e9 virtuelle et ses mondes offre une approche \u00e9largie et internationale de l&#8217;un des mouvements litt\u00e9raire et esth\u00e9tique les plus marquants du XXe si\u00e8cle.<\/p>\n","protected":false},"excerpt":{"rendered":"<p>\u00c0 l&#8217;automne 1924 paraissait aux \u00e9ditions du Sagittaire chez Simon Kra le premier Manifeste du surr\u00e9alisme r\u00e9dig\u00e9 par Andr\u00e9 Breton qui prit la t\u00eate du mouvement. Apr\u00e8s avoir retrac\u00e9 depuis dada et la Premi\u00e8re Guerre mondiale les origines du surr\u00e9alisme, le livre analyse l&#8217;\u00e9volution de ses aspects, artistiques, th\u00e9oriques, politiques et sociaux en distinguant trois [&hellip;]<\/p>\n","protected":false},"featured_media":56517,"template":"","meta":[],"product_cat":[2948],"product_tag":[],"acf":[],"yoast_head":"<!-- This site is optimized with the Yoast SEO plugin v20.11 - https:\/\/yoast.com\/wordpress\/plugins\/seo\/ -->\n<title>Surr\u00e9alismes - Librairie 7L<\/title>\n<meta name=\"robots\" content=\"index, follow, max-snippet:-1, max-image-preview:large, max-video-preview:-1\" \/>\n<link rel=\"canonical\" href=\"https:\/\/librairie7l.com\/en\/produit\/surrealismes-2\/\" \/>\n<meta property=\"og:locale\" content=\"en_US\" \/>\n<meta property=\"og:type\" content=\"article\" \/>\n<meta property=\"og:title\" content=\"Surr\u00e9alismes - Librairie 7L\" \/>\n<meta property=\"og:description\" content=\"\u00c0 l&#8217;automne 1924 paraissait aux \u00e9ditions du Sagittaire chez Simon Kra le premier Manifeste du surr\u00e9alisme r\u00e9dig\u00e9 par Andr\u00e9 Breton qui prit la t\u00eate du mouvement. Apr\u00e8s avoir retrac\u00e9 depuis dada et la Premi\u00e8re Guerre mondiale les origines du surr\u00e9alisme, le livre analyse l&#8217;\u00e9volution de ses aspects, artistiques, th\u00e9oriques, politiques et sociaux en distinguant trois [&hellip;]\" \/>\n<meta property=\"og:url\" content=\"https:\/\/librairie7l.com\/en\/produit\/surrealismes-2\/\" \/>\n<meta property=\"og:site_name\" content=\"Librairie 7L\" \/>\n<meta property=\"article:modified_time\" content=\"2026-04-22T12:16:11+00:00\" \/>\n<meta property=\"og:image\" content=\"https:\/\/librairie7l.com\/wp-content\/uploads\/2025\/12\/9782386110870_1_75.jpg\" \/>\n\t<meta property=\"og:image:width\" content=\"600\" \/>\n\t<meta property=\"og:image:height\" content=\"708\" \/>\n\t<meta property=\"og:image:type\" content=\"image\/jpeg\" \/>\n<meta name=\"twitter:card\" content=\"summary_large_image\" \/>\n<meta name=\"twitter:label1\" content=\"Est. reading time\" \/>\n\t<meta name=\"twitter:data1\" content=\"1 minute\" \/>\n<script type=\"application\/ld+json\" class=\"yoast-schema-graph\">{\"@context\":\"https:\/\/schema.org\",\"@graph\":[{\"@type\":\"WebPage\",\"@id\":\"https:\/\/librairie7l.com\/en\/produit\/surrealismes-2\/\",\"url\":\"https:\/\/librairie7l.com\/en\/produit\/surrealismes-2\/\",\"name\":\"Surr\u00e9alismes - Librairie 7L\",\"isPartOf\":{\"@id\":\"https:\/\/librairie7l.com\/en\/#website\"},\"datePublished\":\"2026-04-22T08:16:17+00:00\",\"dateModified\":\"2026-04-22T12:16:11+00:00\",\"breadcrumb\":{\"@id\":\"https:\/\/librairie7l.com\/en\/produit\/surrealismes-2\/#breadcrumb\"},\"inLanguage\":\"en-US\",\"potentialAction\":[{\"@type\":\"ReadAction\",\"target\":[\"https:\/\/librairie7l.com\/en\/produit\/surrealismes-2\/\"]}]},{\"@type\":\"BreadcrumbList\",\"@id\":\"https:\/\/librairie7l.com\/en\/produit\/surrealismes-2\/#breadcrumb\",\"itemListElement\":[{\"@type\":\"ListItem\",\"position\":1,\"name\":\"Accueil\",\"item\":\"https:\/\/librairie7l.com\/en\/\"},{\"@type\":\"ListItem\",\"position\":2,\"name\":\"Shop\",\"item\":\"https:\/\/librairie7l.com\/en\/shop\/\"},{\"@type\":\"ListItem\",\"position\":3,\"name\":\"SURR\u00c9ALISMES\"}]},{\"@type\":\"WebSite\",\"@id\":\"https:\/\/librairie7l.com\/en\/#website\",\"url\":\"https:\/\/librairie7l.com\/en\/\",\"name\":\"Librairie 7L\",\"description\":\"Librairie fond\u00e9e en 1999 par Karl Lagerfeld \u00e0 Paris\",\"publisher\":{\"@id\":\"https:\/\/librairie7l.com\/en\/#organization\"},\"potentialAction\":[{\"@type\":\"SearchAction\",\"target\":{\"@type\":\"EntryPoint\",\"urlTemplate\":\"https:\/\/librairie7l.com\/en\/?s={search_term_string}\"},\"query-input\":\"required name=search_term_string\"}],\"inLanguage\":\"en-US\"},{\"@type\":\"Organization\",\"@id\":\"https:\/\/librairie7l.com\/en\/#organization\",\"name\":\"Librairie 7L\",\"url\":\"https:\/\/librairie7l.com\/en\/\",\"logo\":{\"@type\":\"ImageObject\",\"inLanguage\":\"en-US\",\"@id\":\"https:\/\/librairie7l.com\/en\/#\/schema\/logo\/image\/\",\"url\":\"https:\/\/librairie7l.com\/wp-content\/uploads\/2022\/08\/logo-1.png\",\"contentUrl\":\"https:\/\/librairie7l.com\/wp-content\/uploads\/2022\/08\/logo-1.png\",\"width\":227,\"height\":301,\"caption\":\"Librairie 7L\"},\"image\":{\"@id\":\"https:\/\/librairie7l.com\/en\/#\/schema\/logo\/image\/\"}}]}<\/script>\n<!-- \/ Yoast SEO plugin. -->","yoast_head_json":{"title":"Surr\u00e9alismes - Librairie 7L","robots":{"index":"index","follow":"follow","max-snippet":"max-snippet:-1","max-image-preview":"max-image-preview:large","max-video-preview":"max-video-preview:-1"},"canonical":"https:\/\/librairie7l.com\/en\/produit\/surrealismes-2\/","og_locale":"en_US","og_type":"article","og_title":"Surr\u00e9alismes - Librairie 7L","og_description":"\u00c0 l&#8217;automne 1924 paraissait aux \u00e9ditions du Sagittaire chez Simon Kra le premier Manifeste du surr\u00e9alisme r\u00e9dig\u00e9 par Andr\u00e9 Breton qui prit la t\u00eate du mouvement. Apr\u00e8s avoir retrac\u00e9 depuis dada et la Premi\u00e8re Guerre mondiale les origines du surr\u00e9alisme, le livre analyse l&#8217;\u00e9volution de ses aspects, artistiques, th\u00e9oriques, politiques et sociaux en distinguant trois [&hellip;]","og_url":"https:\/\/librairie7l.com\/en\/produit\/surrealismes-2\/","og_site_name":"Librairie 7L","article_modified_time":"2026-04-22T12:16:11+00:00","og_image":[{"width":600,"height":708,"url":"https:\/\/librairie7l.com\/wp-content\/uploads\/2025\/12\/9782386110870_1_75.jpg","type":"image\/jpeg"}],"twitter_card":"summary_large_image","twitter_misc":{"Est. reading time":"1 minute"},"schema":{"@context":"https:\/\/schema.org","@graph":[{"@type":"WebPage","@id":"https:\/\/librairie7l.com\/en\/produit\/surrealismes-2\/","url":"https:\/\/librairie7l.com\/en\/produit\/surrealismes-2\/","name":"Surr\u00e9alismes - Librairie 7L","isPartOf":{"@id":"https:\/\/librairie7l.com\/en\/#website"},"datePublished":"2026-04-22T08:16:17+00:00","dateModified":"2026-04-22T12:16:11+00:00","breadcrumb":{"@id":"https:\/\/librairie7l.com\/en\/produit\/surrealismes-2\/#breadcrumb"},"inLanguage":"en-US","potentialAction":[{"@type":"ReadAction","target":["https:\/\/librairie7l.com\/en\/produit\/surrealismes-2\/"]}]},{"@type":"BreadcrumbList","@id":"https:\/\/librairie7l.com\/en\/produit\/surrealismes-2\/#breadcrumb","itemListElement":[{"@type":"ListItem","position":1,"name":"Accueil","item":"https:\/\/librairie7l.com\/en\/"},{"@type":"ListItem","position":2,"name":"Shop","item":"https:\/\/librairie7l.com\/en\/shop\/"},{"@type":"ListItem","position":3,"name":"SURR\u00c9ALISMES"}]},{"@type":"WebSite","@id":"https:\/\/librairie7l.com\/en\/#website","url":"https:\/\/librairie7l.com\/en\/","name":"Librairie 7L","description":"Librairie fond\u00e9e en 1999 par Karl Lagerfeld \u00e0 Paris","publisher":{"@id":"https:\/\/librairie7l.com\/en\/#organization"},"potentialAction":[{"@type":"SearchAction","target":{"@type":"EntryPoint","urlTemplate":"https:\/\/librairie7l.com\/en\/?s={search_term_string}"},"query-input":"required name=search_term_string"}],"inLanguage":"en-US"},{"@type":"Organization","@id":"https:\/\/librairie7l.com\/en\/#organization","name":"Librairie 7L","url":"https:\/\/librairie7l.com\/en\/","logo":{"@type":"ImageObject","inLanguage":"en-US","@id":"https:\/\/librairie7l.com\/en\/#\/schema\/logo\/image\/","url":"https:\/\/librairie7l.com\/wp-content\/uploads\/2022\/08\/logo-1.png","contentUrl":"https:\/\/librairie7l.com\/wp-content\/uploads\/2022\/08\/logo-1.png","width":227,"height":301,"caption":"Librairie 7L"},"image":{"@id":"https:\/\/librairie7l.com\/en\/#\/schema\/logo\/image\/"}}]}},"_links":{"self":[{"href":"https:\/\/librairie7l.com\/en\/wp-json\/wp\/v2\/product\/56519"}],"collection":[{"href":"https:\/\/librairie7l.com\/en\/wp-json\/wp\/v2\/product"}],"about":[{"href":"https:\/\/librairie7l.com\/en\/wp-json\/wp\/v2\/types\/product"}],"wp:featuredmedia":[{"embeddable":true,"href":"https:\/\/librairie7l.com\/en\/wp-json\/wp\/v2\/media\/56517"}],"wp:attachment":[{"href":"https:\/\/librairie7l.com\/en\/wp-json\/wp\/v2\/media?parent=56519"}],"wp:term":[{"taxonomy":"product_cat","embeddable":true,"href":"https:\/\/librairie7l.com\/en\/wp-json\/wp\/v2\/product_cat?post=56519"},{"taxonomy":"product_tag","embeddable":true,"href":"https:\/\/librairie7l.com\/en\/wp-json\/wp\/v2\/product_tag?post=56519"}],"curies":[{"name":"wp","href":"https:\/\/api.w.org\/{rel}","templated":true}]}}