{"id":56527,"date":"2026-04-22T10:16:22","date_gmt":"2026-04-22T08:16:22","guid":{"rendered":"https:\/\/librairie7l.com\/?post_type=product&#038;p=56527"},"modified":"2026-04-22T14:16:11","modified_gmt":"2026-04-22T12:16:11","slug":"cassandre-2","status":"publish","type":"product","link":"https:\/\/librairie7l.com\/en\/produit\/cassandre-2\/","title":{"rendered":"CASSANDRE"},"content":{"rendered":"<p>Tous les ans, des milliers de reproductions de l&#8217;\u00c9toile du Nord ou de Normandie, affiches devenues les ic\u00f4nes du style Art d\u00e9co, se vendent dans le monde. Tr\u00e8s peu d&#8217;acheteurs, pourtant, savent que leur auteur, A.M. Cassandre, fut le plus grand affichiste de la premi\u00e8re moiti\u00e9 du xxe si\u00e8cle.<br \/>\nDes dizaines de milliers de spectateurs purent s&#8217;\u00e9merveiller du th\u00e9\u00e2tre que Cassandre construisit dans la cour de l&#8217;archev\u00each\u00e9 d&#8217;Aix-en-Provence pour le festival d&#8217;Art lyrique. Inaugur\u00e9 pour l&#8217;historique Don Juan en 1949, il fut remont\u00e9 pendant vingt-cinq ans. Combien de spectateurs, \u00e0 la fin, connaissaient son origine  ?<br \/>\nDes centaines de milliers de touristes visitent chaque ann\u00e9e le site de la tour Eiffel  : savent-ils que les phrases de Paul Val\u00e9ry grav\u00e9es au fronton du Trocad\u00e9ro sont en caract\u00e8re Peignot cr\u00e9\u00e9 par Cassandre et fondu pour l&#8217;Exposition de 1937  ?<br \/>\nDes millions de gens ach\u00e8tent chaque ann\u00e9e des produits Yves Saint Laurent. La plupart ignorent que le prestigieux logo YSL fut dessin\u00e9 par Cassandre.<br \/>\nPendant quarante ans, Cassandre irrigua le champ des arts d\u00e9coratifs, ouvrant dans tous les domaines de nouvelles voies&#8230; Th\u00e9oricien inlassable, d\u00e9couvreur et artiste surdou\u00e9, capable d&#8217;ex\u00e9cuter lui-m\u00eame tout ce qu&#8217;il inventait, il fut perfectionniste jusque dans les moindres d\u00e9tails.<br \/>\nIl r\u00eavait, h\u00e9las, d&#8217;\u00eatre un grand peintre, mais ne le fut jamais, ce dont il souffrit toute sa vie.<br \/>\nAlors qu&#8217;\u00e0 bien des points de vue, son oeuvre n&#8217;a rien perdu de sa pertinence, il n&#8217;existe plus aujourd&#8217;hui d&#8217;ouvrage disponible sur son travail.<br \/>\nIl \u00e9tait donc grand temps de combler ce vide.<br \/>\nNous proposons bien plus qu&#8217;une simple monographie. Dans toutes les branches d&#8217;activit\u00e9s que Cassandre a abord\u00e9es, Alain Weill a retrouv\u00e9 un grand nombre d&#8217;oeuvres in\u00e9dites qui enrichissent de mani\u00e8re d\u00e9terminante la connaissance du travail exceptionnel de cet artiste prolifique  : outre les affiches majeures r\u00e9unies dans cet ouvrage, des photographies des toiles peintes de grand format dont Cassandre fit un v\u00e9ritable laboratoire de modernit\u00e9. Pour beaucoup d&#8217;affiches, comme \u00e9galement pour le th\u00e9\u00e2tre, l&#8217;auteur a retrouv\u00e9 des dessins pr\u00e9paratoires et des maquettes qui expliquent le processus cr\u00e9atif de l&#8217;artiste. Des photographies de sc\u00e8ne de ses spectacles documentent son travail de d\u00e9corateur. Certaines peintures de Cassandre sont reproduites ici pour la premi\u00e8re fois. Enfin, l&#8217;auteur a eu acc\u00e8s non seulement aux archives familiales, mais aussi \u00e0 des correspondances d&#8217;amis proches qui permettent d&#8217;\u00e9clairer le destin  extraordinaire &#8211; au sens propre &#8211; que fut celui de cet homme aux multiples talents.<br \/>\n  \u00a9www.cassandre.fr  APPROVAL 2018-01-07-01  By the ESTATE OF AM.CASSANDRE<\/p>\n","protected":false},"excerpt":{"rendered":"<p>Tous les ans, des milliers de reproductions de l&#8217;\u00c9toile du Nord ou de Normandie, affiches devenues les ic\u00f4nes du style Art d\u00e9co, se vendent dans le monde. Tr\u00e8s peu d&#8217;acheteurs, pourtant, savent que leur auteur, A.M. Cassandre, fut le plus grand affichiste de la premi\u00e8re moiti\u00e9 du xxe si\u00e8cle. Des dizaines de milliers de spectateurs [&hellip;]<\/p>\n","protected":false},"featured_media":56525,"template":"","meta":[],"product_cat":[2948],"product_tag":[],"acf":[],"yoast_head":"<!-- This site is optimized with the Yoast SEO plugin v20.11 - https:\/\/yoast.com\/wordpress\/plugins\/seo\/ -->\n<title>Cassandre - Librairie 7L<\/title>\n<meta name=\"robots\" content=\"index, follow, max-snippet:-1, max-image-preview:large, max-video-preview:-1\" \/>\n<link rel=\"canonical\" href=\"https:\/\/librairie7l.com\/en\/produit\/cassandre-2\/\" \/>\n<meta property=\"og:locale\" content=\"en_US\" \/>\n<meta property=\"og:type\" content=\"article\" \/>\n<meta property=\"og:title\" content=\"Cassandre - Librairie 7L\" \/>\n<meta property=\"og:description\" content=\"Tous les ans, des milliers de reproductions de l&#8217;\u00c9toile du Nord ou de Normandie, affiches devenues les ic\u00f4nes du style Art d\u00e9co, se vendent dans le monde. Tr\u00e8s peu d&#8217;acheteurs, pourtant, savent que leur auteur, A.M. Cassandre, fut le plus grand affichiste de la premi\u00e8re moiti\u00e9 du xxe si\u00e8cle. Des dizaines de milliers de spectateurs [&hellip;]\" \/>\n<meta property=\"og:url\" content=\"https:\/\/librairie7l.com\/en\/produit\/cassandre-2\/\" \/>\n<meta property=\"og:site_name\" content=\"Librairie 7L\" \/>\n<meta property=\"article:modified_time\" content=\"2026-04-22T12:16:11+00:00\" \/>\n<meta property=\"og:image\" content=\"https:\/\/librairie7l.com\/wp-content\/uploads\/2018\/06\/9782754110372_1_75.jpg\" \/>\n\t<meta property=\"og:image:width\" content=\"250\" \/>\n\t<meta property=\"og:image:height\" content=\"200\" \/>\n\t<meta property=\"og:image:type\" content=\"image\/jpeg\" \/>\n<meta name=\"twitter:card\" content=\"summary_large_image\" \/>\n<meta name=\"twitter:label1\" content=\"Est. reading time\" \/>\n\t<meta name=\"twitter:data1\" content=\"2 minutes\" \/>\n<script type=\"application\/ld+json\" class=\"yoast-schema-graph\">{\"@context\":\"https:\/\/schema.org\",\"@graph\":[{\"@type\":\"WebPage\",\"@id\":\"https:\/\/librairie7l.com\/en\/produit\/cassandre-2\/\",\"url\":\"https:\/\/librairie7l.com\/en\/produit\/cassandre-2\/\",\"name\":\"Cassandre - Librairie 7L\",\"isPartOf\":{\"@id\":\"https:\/\/librairie7l.com\/en\/#website\"},\"datePublished\":\"2026-04-22T08:16:22+00:00\",\"dateModified\":\"2026-04-22T12:16:11+00:00\",\"breadcrumb\":{\"@id\":\"https:\/\/librairie7l.com\/en\/produit\/cassandre-2\/#breadcrumb\"},\"inLanguage\":\"en-US\",\"potentialAction\":[{\"@type\":\"ReadAction\",\"target\":[\"https:\/\/librairie7l.com\/en\/produit\/cassandre-2\/\"]}]},{\"@type\":\"BreadcrumbList\",\"@id\":\"https:\/\/librairie7l.com\/en\/produit\/cassandre-2\/#breadcrumb\",\"itemListElement\":[{\"@type\":\"ListItem\",\"position\":1,\"name\":\"Accueil\",\"item\":\"https:\/\/librairie7l.com\/en\/\"},{\"@type\":\"ListItem\",\"position\":2,\"name\":\"Shop\",\"item\":\"https:\/\/librairie7l.com\/en\/shop\/\"},{\"@type\":\"ListItem\",\"position\":3,\"name\":\"CASSANDRE\"}]},{\"@type\":\"WebSite\",\"@id\":\"https:\/\/librairie7l.com\/en\/#website\",\"url\":\"https:\/\/librairie7l.com\/en\/\",\"name\":\"Librairie 7L\",\"description\":\"Librairie fond\u00e9e en 1999 par Karl Lagerfeld \u00e0 Paris\",\"publisher\":{\"@id\":\"https:\/\/librairie7l.com\/en\/#organization\"},\"potentialAction\":[{\"@type\":\"SearchAction\",\"target\":{\"@type\":\"EntryPoint\",\"urlTemplate\":\"https:\/\/librairie7l.com\/en\/?s={search_term_string}\"},\"query-input\":\"required name=search_term_string\"}],\"inLanguage\":\"en-US\"},{\"@type\":\"Organization\",\"@id\":\"https:\/\/librairie7l.com\/en\/#organization\",\"name\":\"Librairie 7L\",\"url\":\"https:\/\/librairie7l.com\/en\/\",\"logo\":{\"@type\":\"ImageObject\",\"inLanguage\":\"en-US\",\"@id\":\"https:\/\/librairie7l.com\/en\/#\/schema\/logo\/image\/\",\"url\":\"https:\/\/librairie7l.com\/wp-content\/uploads\/2022\/08\/logo-1.png\",\"contentUrl\":\"https:\/\/librairie7l.com\/wp-content\/uploads\/2022\/08\/logo-1.png\",\"width\":227,\"height\":301,\"caption\":\"Librairie 7L\"},\"image\":{\"@id\":\"https:\/\/librairie7l.com\/en\/#\/schema\/logo\/image\/\"}}]}<\/script>\n<!-- \/ Yoast SEO plugin. -->","yoast_head_json":{"title":"Cassandre - Librairie 7L","robots":{"index":"index","follow":"follow","max-snippet":"max-snippet:-1","max-image-preview":"max-image-preview:large","max-video-preview":"max-video-preview:-1"},"canonical":"https:\/\/librairie7l.com\/en\/produit\/cassandre-2\/","og_locale":"en_US","og_type":"article","og_title":"Cassandre - Librairie 7L","og_description":"Tous les ans, des milliers de reproductions de l&#8217;\u00c9toile du Nord ou de Normandie, affiches devenues les ic\u00f4nes du style Art d\u00e9co, se vendent dans le monde. Tr\u00e8s peu d&#8217;acheteurs, pourtant, savent que leur auteur, A.M. Cassandre, fut le plus grand affichiste de la premi\u00e8re moiti\u00e9 du xxe si\u00e8cle. Des dizaines de milliers de spectateurs [&hellip;]","og_url":"https:\/\/librairie7l.com\/en\/produit\/cassandre-2\/","og_site_name":"Librairie 7L","article_modified_time":"2026-04-22T12:16:11+00:00","og_image":[{"width":250,"height":200,"url":"https:\/\/librairie7l.com\/wp-content\/uploads\/2018\/06\/9782754110372_1_75.jpg","type":"image\/jpeg"}],"twitter_card":"summary_large_image","twitter_misc":{"Est. reading time":"2 minutes"},"schema":{"@context":"https:\/\/schema.org","@graph":[{"@type":"WebPage","@id":"https:\/\/librairie7l.com\/en\/produit\/cassandre-2\/","url":"https:\/\/librairie7l.com\/en\/produit\/cassandre-2\/","name":"Cassandre - Librairie 7L","isPartOf":{"@id":"https:\/\/librairie7l.com\/en\/#website"},"datePublished":"2026-04-22T08:16:22+00:00","dateModified":"2026-04-22T12:16:11+00:00","breadcrumb":{"@id":"https:\/\/librairie7l.com\/en\/produit\/cassandre-2\/#breadcrumb"},"inLanguage":"en-US","potentialAction":[{"@type":"ReadAction","target":["https:\/\/librairie7l.com\/en\/produit\/cassandre-2\/"]}]},{"@type":"BreadcrumbList","@id":"https:\/\/librairie7l.com\/en\/produit\/cassandre-2\/#breadcrumb","itemListElement":[{"@type":"ListItem","position":1,"name":"Accueil","item":"https:\/\/librairie7l.com\/en\/"},{"@type":"ListItem","position":2,"name":"Shop","item":"https:\/\/librairie7l.com\/en\/shop\/"},{"@type":"ListItem","position":3,"name":"CASSANDRE"}]},{"@type":"WebSite","@id":"https:\/\/librairie7l.com\/en\/#website","url":"https:\/\/librairie7l.com\/en\/","name":"Librairie 7L","description":"Librairie fond\u00e9e en 1999 par Karl Lagerfeld \u00e0 Paris","publisher":{"@id":"https:\/\/librairie7l.com\/en\/#organization"},"potentialAction":[{"@type":"SearchAction","target":{"@type":"EntryPoint","urlTemplate":"https:\/\/librairie7l.com\/en\/?s={search_term_string}"},"query-input":"required name=search_term_string"}],"inLanguage":"en-US"},{"@type":"Organization","@id":"https:\/\/librairie7l.com\/en\/#organization","name":"Librairie 7L","url":"https:\/\/librairie7l.com\/en\/","logo":{"@type":"ImageObject","inLanguage":"en-US","@id":"https:\/\/librairie7l.com\/en\/#\/schema\/logo\/image\/","url":"https:\/\/librairie7l.com\/wp-content\/uploads\/2022\/08\/logo-1.png","contentUrl":"https:\/\/librairie7l.com\/wp-content\/uploads\/2022\/08\/logo-1.png","width":227,"height":301,"caption":"Librairie 7L"},"image":{"@id":"https:\/\/librairie7l.com\/en\/#\/schema\/logo\/image\/"}}]}},"_links":{"self":[{"href":"https:\/\/librairie7l.com\/en\/wp-json\/wp\/v2\/product\/56527"}],"collection":[{"href":"https:\/\/librairie7l.com\/en\/wp-json\/wp\/v2\/product"}],"about":[{"href":"https:\/\/librairie7l.com\/en\/wp-json\/wp\/v2\/types\/product"}],"wp:featuredmedia":[{"embeddable":true,"href":"https:\/\/librairie7l.com\/en\/wp-json\/wp\/v2\/media\/56525"}],"wp:attachment":[{"href":"https:\/\/librairie7l.com\/en\/wp-json\/wp\/v2\/media?parent=56527"}],"wp:term":[{"taxonomy":"product_cat","embeddable":true,"href":"https:\/\/librairie7l.com\/en\/wp-json\/wp\/v2\/product_cat?post=56527"},{"taxonomy":"product_tag","embeddable":true,"href":"https:\/\/librairie7l.com\/en\/wp-json\/wp\/v2\/product_tag?post=56527"}],"curies":[{"name":"wp","href":"https:\/\/api.w.org\/{rel}","templated":true}]}}