{"id":56537,"date":"2026-04-23T09:17:37","date_gmt":"2026-04-23T07:17:37","guid":{"rendered":"https:\/\/librairie7l.com\/?post_type=product&#038;p=56537"},"modified":"2026-04-23T13:09:26","modified_gmt":"2026-04-23T11:09:26","slug":"penser-la-couleur-significations-methodes-analyses-2","status":"publish","type":"product","link":"https:\/\/librairie7l.com\/en\/produit\/penser-la-couleur-significations-methodes-analyses-2\/","title":{"rendered":"PENSER LA COULEUR : SIGNIFICATIONS, M\u00c9THODES, ANALYSES"},"content":{"rendered":"<p>Sp\u00e9cialiste reconnu de la couleur en art et auteur du best-seller Qu&#8217;est-ce que l&#8217;art abstrait\u00a0?, Georges Roque nous livre ici un de ses ouvrages les plus ambitieux, r\u00e9sultat de vingt ans de r\u00e9flexion. La couleur \u00e9tait jusque-l\u00e0 le parent pauvre de l&#8217;histoire de l&#8217;art\u00a0:\u00a0elle est \u00e0 pr\u00e9sent repens\u00e9e dans ses diff\u00e9rentes dimensions\u00a0; ses significations sont interrog\u00e9es, ainsi que ses fonctions. Une m\u00e9thodologie, qui faisait cruellement d\u00e9faut, est aussi apport\u00e9e afin d&#8217;\u00e9claircir le r\u00f4le que les couleurs jouent dans les oeuvres. La disposition des couleurs est abord\u00e9e \u00e0 partir du XVIIe si\u00e8cle au travers de ses principaux syst\u00e8mes d&#8217;organisation\u00a0:\u00a0couleurs primaires, couleurs chaudes et froides, couleurs compl\u00e9mentaires. L&#8217;approche propos\u00e9e permet aussi de mieux saisir la r\u00e9volution impressionniste et plus g\u00e9n\u00e9ralement la mani\u00e8re dont les artistes ont abord\u00e9 l&#8217;utilisation des couleurs dans leurs oeuvres du point de vue de leur syntaxe et de leur sens. Le texte est agr\u00e9ment\u00e9 de tr\u00e8s belles analyses d\u00e9taill\u00e9es, de La Sainte Famille de Poussin \u00e0 l&#8217;Autoportrait \u00e0 l&#8217;oreille band\u00e9e de Van Gogh, Argenteuil de Manet et Ocre (ocre, rouge sur rouge) de Rothko.<\/p>\n","protected":false},"excerpt":{"rendered":"<p>Sp\u00e9cialiste reconnu de la couleur en art et auteur du best-seller Qu&#8217;est-ce que l&#8217;art abstrait\u00a0?, Georges Roque nous livre ici un de ses ouvrages les plus ambitieux, r\u00e9sultat de vingt ans de r\u00e9flexion. La couleur \u00e9tait jusque-l\u00e0 le parent pauvre de l&#8217;histoire de l&#8217;art\u00a0:\u00a0elle est \u00e0 pr\u00e9sent repens\u00e9e dans ses diff\u00e9rentes dimensions\u00a0; ses significations sont [&hellip;]<\/p>\n","protected":false},"featured_media":56535,"template":"","meta":[],"product_cat":[2948],"product_tag":[],"acf":[],"yoast_head":"<!-- This site is optimized with the Yoast SEO plugin v20.11 - https:\/\/yoast.com\/wordpress\/plugins\/seo\/ -->\n<title>Penser la couleur : Significations, m\u00e9thodes, analyses - Librairie 7L<\/title>\n<meta name=\"robots\" content=\"index, follow, max-snippet:-1, max-image-preview:large, max-video-preview:-1\" \/>\n<link rel=\"canonical\" href=\"https:\/\/librairie7l.com\/en\/produit\/penser-la-couleur-significations-methodes-analyses-2\/\" \/>\n<meta property=\"og:locale\" content=\"en_US\" \/>\n<meta property=\"og:type\" content=\"article\" \/>\n<meta property=\"og:title\" content=\"Penser la couleur : Significations, m\u00e9thodes, analyses - Librairie 7L\" \/>\n<meta property=\"og:description\" content=\"Sp\u00e9cialiste reconnu de la couleur en art et auteur du best-seller Qu&#8217;est-ce que l&#8217;art abstrait\u00a0?, Georges Roque nous livre ici un de ses ouvrages les plus ambitieux, r\u00e9sultat de vingt ans de r\u00e9flexion. La couleur \u00e9tait jusque-l\u00e0 le parent pauvre de l&#8217;histoire de l&#8217;art\u00a0:\u00a0elle est \u00e0 pr\u00e9sent repens\u00e9e dans ses diff\u00e9rentes dimensions\u00a0; ses significations sont [&hellip;]\" \/>\n<meta property=\"og:url\" content=\"https:\/\/librairie7l.com\/en\/produit\/penser-la-couleur-significations-methodes-analyses-2\/\" \/>\n<meta property=\"og:site_name\" content=\"Librairie 7L\" \/>\n<meta property=\"article:modified_time\" content=\"2026-04-23T11:09:26+00:00\" \/>\n<meta property=\"og:image\" content=\"https:\/\/librairie7l.com\/wp-content\/uploads\/2025\/10\/9782073110992_1_75.jpg\" \/>\n\t<meta property=\"og:image:width\" content=\"600\" \/>\n\t<meta property=\"og:image:height\" content=\"825\" \/>\n\t<meta property=\"og:image:type\" content=\"image\/jpeg\" \/>\n<meta name=\"twitter:card\" content=\"summary_large_image\" \/>\n<meta name=\"twitter:label1\" content=\"Est. reading time\" \/>\n\t<meta name=\"twitter:data1\" content=\"1 minute\" \/>\n<script type=\"application\/ld+json\" class=\"yoast-schema-graph\">{\"@context\":\"https:\/\/schema.org\",\"@graph\":[{\"@type\":\"WebPage\",\"@id\":\"https:\/\/librairie7l.com\/en\/produit\/penser-la-couleur-significations-methodes-analyses-2\/\",\"url\":\"https:\/\/librairie7l.com\/en\/produit\/penser-la-couleur-significations-methodes-analyses-2\/\",\"name\":\"Penser la couleur : Significations, m\u00e9thodes, analyses - Librairie 7L\",\"isPartOf\":{\"@id\":\"https:\/\/librairie7l.com\/en\/#website\"},\"datePublished\":\"2026-04-23T07:17:37+00:00\",\"dateModified\":\"2026-04-23T11:09:26+00:00\",\"breadcrumb\":{\"@id\":\"https:\/\/librairie7l.com\/en\/produit\/penser-la-couleur-significations-methodes-analyses-2\/#breadcrumb\"},\"inLanguage\":\"en-US\",\"potentialAction\":[{\"@type\":\"ReadAction\",\"target\":[\"https:\/\/librairie7l.com\/en\/produit\/penser-la-couleur-significations-methodes-analyses-2\/\"]}]},{\"@type\":\"BreadcrumbList\",\"@id\":\"https:\/\/librairie7l.com\/en\/produit\/penser-la-couleur-significations-methodes-analyses-2\/#breadcrumb\",\"itemListElement\":[{\"@type\":\"ListItem\",\"position\":1,\"name\":\"Accueil\",\"item\":\"https:\/\/librairie7l.com\/en\/\"},{\"@type\":\"ListItem\",\"position\":2,\"name\":\"Shop\",\"item\":\"https:\/\/librairie7l.com\/en\/shop\/\"},{\"@type\":\"ListItem\",\"position\":3,\"name\":\"PENSER LA COULEUR : SIGNIFICATIONS, M\u00c9THODES, ANALYSES\"}]},{\"@type\":\"WebSite\",\"@id\":\"https:\/\/librairie7l.com\/en\/#website\",\"url\":\"https:\/\/librairie7l.com\/en\/\",\"name\":\"Librairie 7L\",\"description\":\"Librairie fond\u00e9e en 1999 par Karl Lagerfeld \u00e0 Paris\",\"publisher\":{\"@id\":\"https:\/\/librairie7l.com\/en\/#organization\"},\"potentialAction\":[{\"@type\":\"SearchAction\",\"target\":{\"@type\":\"EntryPoint\",\"urlTemplate\":\"https:\/\/librairie7l.com\/en\/?s={search_term_string}\"},\"query-input\":\"required name=search_term_string\"}],\"inLanguage\":\"en-US\"},{\"@type\":\"Organization\",\"@id\":\"https:\/\/librairie7l.com\/en\/#organization\",\"name\":\"Librairie 7L\",\"url\":\"https:\/\/librairie7l.com\/en\/\",\"logo\":{\"@type\":\"ImageObject\",\"inLanguage\":\"en-US\",\"@id\":\"https:\/\/librairie7l.com\/en\/#\/schema\/logo\/image\/\",\"url\":\"https:\/\/librairie7l.com\/wp-content\/uploads\/2022\/08\/logo-1.png\",\"contentUrl\":\"https:\/\/librairie7l.com\/wp-content\/uploads\/2022\/08\/logo-1.png\",\"width\":227,\"height\":301,\"caption\":\"Librairie 7L\"},\"image\":{\"@id\":\"https:\/\/librairie7l.com\/en\/#\/schema\/logo\/image\/\"}}]}<\/script>\n<!-- \/ Yoast SEO plugin. -->","yoast_head_json":{"title":"Penser la couleur : Significations, m\u00e9thodes, analyses - Librairie 7L","robots":{"index":"index","follow":"follow","max-snippet":"max-snippet:-1","max-image-preview":"max-image-preview:large","max-video-preview":"max-video-preview:-1"},"canonical":"https:\/\/librairie7l.com\/en\/produit\/penser-la-couleur-significations-methodes-analyses-2\/","og_locale":"en_US","og_type":"article","og_title":"Penser la couleur : Significations, m\u00e9thodes, analyses - Librairie 7L","og_description":"Sp\u00e9cialiste reconnu de la couleur en art et auteur du best-seller Qu&#8217;est-ce que l&#8217;art abstrait\u00a0?, Georges Roque nous livre ici un de ses ouvrages les plus ambitieux, r\u00e9sultat de vingt ans de r\u00e9flexion. La couleur \u00e9tait jusque-l\u00e0 le parent pauvre de l&#8217;histoire de l&#8217;art\u00a0:\u00a0elle est \u00e0 pr\u00e9sent repens\u00e9e dans ses diff\u00e9rentes dimensions\u00a0; ses significations sont [&hellip;]","og_url":"https:\/\/librairie7l.com\/en\/produit\/penser-la-couleur-significations-methodes-analyses-2\/","og_site_name":"Librairie 7L","article_modified_time":"2026-04-23T11:09:26+00:00","og_image":[{"width":600,"height":825,"url":"https:\/\/librairie7l.com\/wp-content\/uploads\/2025\/10\/9782073110992_1_75.jpg","type":"image\/jpeg"}],"twitter_card":"summary_large_image","twitter_misc":{"Est. reading time":"1 minute"},"schema":{"@context":"https:\/\/schema.org","@graph":[{"@type":"WebPage","@id":"https:\/\/librairie7l.com\/en\/produit\/penser-la-couleur-significations-methodes-analyses-2\/","url":"https:\/\/librairie7l.com\/en\/produit\/penser-la-couleur-significations-methodes-analyses-2\/","name":"Penser la couleur : Significations, m\u00e9thodes, analyses - Librairie 7L","isPartOf":{"@id":"https:\/\/librairie7l.com\/en\/#website"},"datePublished":"2026-04-23T07:17:37+00:00","dateModified":"2026-04-23T11:09:26+00:00","breadcrumb":{"@id":"https:\/\/librairie7l.com\/en\/produit\/penser-la-couleur-significations-methodes-analyses-2\/#breadcrumb"},"inLanguage":"en-US","potentialAction":[{"@type":"ReadAction","target":["https:\/\/librairie7l.com\/en\/produit\/penser-la-couleur-significations-methodes-analyses-2\/"]}]},{"@type":"BreadcrumbList","@id":"https:\/\/librairie7l.com\/en\/produit\/penser-la-couleur-significations-methodes-analyses-2\/#breadcrumb","itemListElement":[{"@type":"ListItem","position":1,"name":"Accueil","item":"https:\/\/librairie7l.com\/en\/"},{"@type":"ListItem","position":2,"name":"Shop","item":"https:\/\/librairie7l.com\/en\/shop\/"},{"@type":"ListItem","position":3,"name":"PENSER LA COULEUR : SIGNIFICATIONS, M\u00c9THODES, ANALYSES"}]},{"@type":"WebSite","@id":"https:\/\/librairie7l.com\/en\/#website","url":"https:\/\/librairie7l.com\/en\/","name":"Librairie 7L","description":"Librairie fond\u00e9e en 1999 par Karl Lagerfeld \u00e0 Paris","publisher":{"@id":"https:\/\/librairie7l.com\/en\/#organization"},"potentialAction":[{"@type":"SearchAction","target":{"@type":"EntryPoint","urlTemplate":"https:\/\/librairie7l.com\/en\/?s={search_term_string}"},"query-input":"required name=search_term_string"}],"inLanguage":"en-US"},{"@type":"Organization","@id":"https:\/\/librairie7l.com\/en\/#organization","name":"Librairie 7L","url":"https:\/\/librairie7l.com\/en\/","logo":{"@type":"ImageObject","inLanguage":"en-US","@id":"https:\/\/librairie7l.com\/en\/#\/schema\/logo\/image\/","url":"https:\/\/librairie7l.com\/wp-content\/uploads\/2022\/08\/logo-1.png","contentUrl":"https:\/\/librairie7l.com\/wp-content\/uploads\/2022\/08\/logo-1.png","width":227,"height":301,"caption":"Librairie 7L"},"image":{"@id":"https:\/\/librairie7l.com\/en\/#\/schema\/logo\/image\/"}}]}},"_links":{"self":[{"href":"https:\/\/librairie7l.com\/en\/wp-json\/wp\/v2\/product\/56537"}],"collection":[{"href":"https:\/\/librairie7l.com\/en\/wp-json\/wp\/v2\/product"}],"about":[{"href":"https:\/\/librairie7l.com\/en\/wp-json\/wp\/v2\/types\/product"}],"wp:featuredmedia":[{"embeddable":true,"href":"https:\/\/librairie7l.com\/en\/wp-json\/wp\/v2\/media\/56535"}],"wp:attachment":[{"href":"https:\/\/librairie7l.com\/en\/wp-json\/wp\/v2\/media?parent=56537"}],"wp:term":[{"taxonomy":"product_cat","embeddable":true,"href":"https:\/\/librairie7l.com\/en\/wp-json\/wp\/v2\/product_cat?post=56537"},{"taxonomy":"product_tag","embeddable":true,"href":"https:\/\/librairie7l.com\/en\/wp-json\/wp\/v2\/product_tag?post=56537"}],"curies":[{"name":"wp","href":"https:\/\/api.w.org\/{rel}","templated":true}]}}