{"id":56541,"date":"2026-04-23T09:17:39","date_gmt":"2026-04-23T07:17:39","guid":{"rendered":"https:\/\/librairie7l.com\/?post_type=product&#038;p=56541"},"modified":"2026-04-23T13:09:26","modified_gmt":"2026-04-23T11:09:26","slug":"la-bataille-des-couleurs-a-beaubourg-1971-1977-2","status":"publish","type":"product","link":"https:\/\/librairie7l.com\/en\/produit\/la-bataille-des-couleurs-a-beaubourg-1971-1977-2\/","title":{"rendered":"LA BATAILLE DES COULEURS \u00c0 BEAUBOURG : 1971-1977"},"content":{"rendered":"<p>Avant de prendre ses embl\u00e9matiques teintes pop, le Centre Pompidou a bien failli \u00eatre dor\u00e9 et bleu, marron et m\u00eame&#8230; tout jaune ! Dans les ann\u00e9es 1970, durant le chantier, la palette chromatique du b\u00e2timent con\u00e7u par les architectes Renzo Piano et Richard Rogers(avec Gianfranco Franchini et les ing\u00e9nieurs Ove Arup &amp; Partners) est l&#8217;objet de pol\u00e9miques rocambolesques. Une v\u00e9ritable \u00ab bataille des couleurs \u00bb retrac\u00e9e dans une exposition inaugurale \u00e9ponyme \u00e0 la Maison Pompidou.<br \/>\nRouge pour la circulation des biens et des visiteurs, bleu pour l&#8217;air climatis\u00e9, vert pour l&#8217;eau, jaune pour l&#8217;\u00e9lectricit\u00e9&#8230; Chaque r\u00e9seau de flux a re\u00e7u une couleur. Aujourd&#8217;hui iconiques, ces couleurs sont pourtant issues d&#8217;une succession d&#8217;\u00e9v\u00e9nements et de controverses au cours desquelles le pr\u00e9sident Georges Pompidou, les architectes, les conservateurs du mus\u00e9e et plusieurs artistes vont, entre 1971 et 1977, composer et recomposer la palette du b\u00e2timent.<br \/>\nT\u00e9moignages, dessins, photographies, documents in\u00e9dits et mat\u00e9riauth\u00e8que permettent d&#8217;\u00e9clairer les origines mouvement\u00e9es de cette palette. La couleur y appara\u00eet comme un enjeu central, objet de d\u00e9bats et de conflits passionn\u00e9s.   <\/p>\n<p>L&#8217;exposition \u00ab La Bataille des couleurs \u00bb s&#8217;articule en deux sections : une premi\u00e8re salle d\u00e9di\u00e9e \u00e0 la d\u00e9couverte de l&#8217;histoire chromatique du b\u00e2timent ; une seconde salle pr\u00e9sentant un ensemble d&#8217;objets courants (table, luminaire, seaux, c\u00e2bles, etc.) qui montrent comment les architectes ont d\u00e9clin\u00e9 cette palette jusque dans le d\u00e9tail du design et de l&#8217;am\u00e9nagement int\u00e9rieur.<\/p>\n","protected":false},"excerpt":{"rendered":"<p>Avant de prendre ses embl\u00e9matiques teintes pop, le Centre Pompidou a bien failli \u00eatre dor\u00e9 et bleu, marron et m\u00eame&#8230; tout jaune ! Dans les ann\u00e9es 1970, durant le chantier, la palette chromatique du b\u00e2timent con\u00e7u par les architectes Renzo Piano et Richard Rogers(avec Gianfranco Franchini et les ing\u00e9nieurs Ove Arup &amp; Partners) est l&#8217;objet [&hellip;]<\/p>\n","protected":false},"featured_media":56539,"template":"","meta":[],"product_cat":[2948],"product_tag":[],"acf":[],"yoast_head":"<!-- This site is optimized with the Yoast SEO plugin v20.11 - https:\/\/yoast.com\/wordpress\/plugins\/seo\/ -->\n<title>La bataille des couleurs \u00e0 Beaubourg : 1971-1977 - Librairie 7L<\/title>\n<meta name=\"robots\" content=\"index, follow, max-snippet:-1, max-image-preview:large, max-video-preview:-1\" \/>\n<link rel=\"canonical\" href=\"https:\/\/librairie7l.com\/en\/produit\/la-bataille-des-couleurs-a-beaubourg-1971-1977-2\/\" \/>\n<meta property=\"og:locale\" content=\"en_US\" \/>\n<meta property=\"og:type\" content=\"article\" \/>\n<meta property=\"og:title\" content=\"La bataille des couleurs \u00e0 Beaubourg : 1971-1977 - Librairie 7L\" \/>\n<meta property=\"og:description\" content=\"Avant de prendre ses embl\u00e9matiques teintes pop, le Centre Pompidou a bien failli \u00eatre dor\u00e9 et bleu, marron et m\u00eame&#8230; tout jaune ! Dans les ann\u00e9es 1970, durant le chantier, la palette chromatique du b\u00e2timent con\u00e7u par les architectes Renzo Piano et Richard Rogers(avec Gianfranco Franchini et les ing\u00e9nieurs Ove Arup &amp; Partners) est l&#8217;objet [&hellip;]\" \/>\n<meta property=\"og:url\" content=\"https:\/\/librairie7l.com\/en\/produit\/la-bataille-des-couleurs-a-beaubourg-1971-1977-2\/\" \/>\n<meta property=\"og:site_name\" content=\"Librairie 7L\" \/>\n<meta property=\"article:modified_time\" content=\"2026-04-23T11:09:26+00:00\" \/>\n<meta property=\"og:image\" content=\"https:\/\/librairie7l.com\/wp-content\/uploads\/2025\/10\/9782386540417_1_75.jpg\" \/>\n\t<meta property=\"og:image:width\" content=\"600\" \/>\n\t<meta property=\"og:image:height\" content=\"972\" \/>\n\t<meta property=\"og:image:type\" content=\"image\/jpeg\" \/>\n<meta name=\"twitter:card\" content=\"summary_large_image\" \/>\n<meta name=\"twitter:label1\" content=\"Est. reading time\" \/>\n\t<meta name=\"twitter:data1\" content=\"1 minute\" \/>\n<script type=\"application\/ld+json\" class=\"yoast-schema-graph\">{\"@context\":\"https:\/\/schema.org\",\"@graph\":[{\"@type\":\"WebPage\",\"@id\":\"https:\/\/librairie7l.com\/en\/produit\/la-bataille-des-couleurs-a-beaubourg-1971-1977-2\/\",\"url\":\"https:\/\/librairie7l.com\/en\/produit\/la-bataille-des-couleurs-a-beaubourg-1971-1977-2\/\",\"name\":\"La bataille des couleurs \u00e0 Beaubourg : 1971-1977 - Librairie 7L\",\"isPartOf\":{\"@id\":\"https:\/\/librairie7l.com\/en\/#website\"},\"datePublished\":\"2026-04-23T07:17:39+00:00\",\"dateModified\":\"2026-04-23T11:09:26+00:00\",\"breadcrumb\":{\"@id\":\"https:\/\/librairie7l.com\/en\/produit\/la-bataille-des-couleurs-a-beaubourg-1971-1977-2\/#breadcrumb\"},\"inLanguage\":\"en-US\",\"potentialAction\":[{\"@type\":\"ReadAction\",\"target\":[\"https:\/\/librairie7l.com\/en\/produit\/la-bataille-des-couleurs-a-beaubourg-1971-1977-2\/\"]}]},{\"@type\":\"BreadcrumbList\",\"@id\":\"https:\/\/librairie7l.com\/en\/produit\/la-bataille-des-couleurs-a-beaubourg-1971-1977-2\/#breadcrumb\",\"itemListElement\":[{\"@type\":\"ListItem\",\"position\":1,\"name\":\"Accueil\",\"item\":\"https:\/\/librairie7l.com\/en\/\"},{\"@type\":\"ListItem\",\"position\":2,\"name\":\"Shop\",\"item\":\"https:\/\/librairie7l.com\/en\/shop\/\"},{\"@type\":\"ListItem\",\"position\":3,\"name\":\"LA BATAILLE DES COULEURS \u00c0 BEAUBOURG : 1971-1977\"}]},{\"@type\":\"WebSite\",\"@id\":\"https:\/\/librairie7l.com\/en\/#website\",\"url\":\"https:\/\/librairie7l.com\/en\/\",\"name\":\"Librairie 7L\",\"description\":\"Librairie fond\u00e9e en 1999 par Karl Lagerfeld \u00e0 Paris\",\"publisher\":{\"@id\":\"https:\/\/librairie7l.com\/en\/#organization\"},\"potentialAction\":[{\"@type\":\"SearchAction\",\"target\":{\"@type\":\"EntryPoint\",\"urlTemplate\":\"https:\/\/librairie7l.com\/en\/?s={search_term_string}\"},\"query-input\":\"required name=search_term_string\"}],\"inLanguage\":\"en-US\"},{\"@type\":\"Organization\",\"@id\":\"https:\/\/librairie7l.com\/en\/#organization\",\"name\":\"Librairie 7L\",\"url\":\"https:\/\/librairie7l.com\/en\/\",\"logo\":{\"@type\":\"ImageObject\",\"inLanguage\":\"en-US\",\"@id\":\"https:\/\/librairie7l.com\/en\/#\/schema\/logo\/image\/\",\"url\":\"https:\/\/librairie7l.com\/wp-content\/uploads\/2022\/08\/logo-1.png\",\"contentUrl\":\"https:\/\/librairie7l.com\/wp-content\/uploads\/2022\/08\/logo-1.png\",\"width\":227,\"height\":301,\"caption\":\"Librairie 7L\"},\"image\":{\"@id\":\"https:\/\/librairie7l.com\/en\/#\/schema\/logo\/image\/\"}}]}<\/script>\n<!-- \/ Yoast SEO plugin. -->","yoast_head_json":{"title":"La bataille des couleurs \u00e0 Beaubourg : 1971-1977 - Librairie 7L","robots":{"index":"index","follow":"follow","max-snippet":"max-snippet:-1","max-image-preview":"max-image-preview:large","max-video-preview":"max-video-preview:-1"},"canonical":"https:\/\/librairie7l.com\/en\/produit\/la-bataille-des-couleurs-a-beaubourg-1971-1977-2\/","og_locale":"en_US","og_type":"article","og_title":"La bataille des couleurs \u00e0 Beaubourg : 1971-1977 - Librairie 7L","og_description":"Avant de prendre ses embl\u00e9matiques teintes pop, le Centre Pompidou a bien failli \u00eatre dor\u00e9 et bleu, marron et m\u00eame&#8230; tout jaune ! Dans les ann\u00e9es 1970, durant le chantier, la palette chromatique du b\u00e2timent con\u00e7u par les architectes Renzo Piano et Richard Rogers(avec Gianfranco Franchini et les ing\u00e9nieurs Ove Arup &amp; Partners) est l&#8217;objet [&hellip;]","og_url":"https:\/\/librairie7l.com\/en\/produit\/la-bataille-des-couleurs-a-beaubourg-1971-1977-2\/","og_site_name":"Librairie 7L","article_modified_time":"2026-04-23T11:09:26+00:00","og_image":[{"width":600,"height":972,"url":"https:\/\/librairie7l.com\/wp-content\/uploads\/2025\/10\/9782386540417_1_75.jpg","type":"image\/jpeg"}],"twitter_card":"summary_large_image","twitter_misc":{"Est. reading time":"1 minute"},"schema":{"@context":"https:\/\/schema.org","@graph":[{"@type":"WebPage","@id":"https:\/\/librairie7l.com\/en\/produit\/la-bataille-des-couleurs-a-beaubourg-1971-1977-2\/","url":"https:\/\/librairie7l.com\/en\/produit\/la-bataille-des-couleurs-a-beaubourg-1971-1977-2\/","name":"La bataille des couleurs \u00e0 Beaubourg : 1971-1977 - Librairie 7L","isPartOf":{"@id":"https:\/\/librairie7l.com\/en\/#website"},"datePublished":"2026-04-23T07:17:39+00:00","dateModified":"2026-04-23T11:09:26+00:00","breadcrumb":{"@id":"https:\/\/librairie7l.com\/en\/produit\/la-bataille-des-couleurs-a-beaubourg-1971-1977-2\/#breadcrumb"},"inLanguage":"en-US","potentialAction":[{"@type":"ReadAction","target":["https:\/\/librairie7l.com\/en\/produit\/la-bataille-des-couleurs-a-beaubourg-1971-1977-2\/"]}]},{"@type":"BreadcrumbList","@id":"https:\/\/librairie7l.com\/en\/produit\/la-bataille-des-couleurs-a-beaubourg-1971-1977-2\/#breadcrumb","itemListElement":[{"@type":"ListItem","position":1,"name":"Accueil","item":"https:\/\/librairie7l.com\/en\/"},{"@type":"ListItem","position":2,"name":"Shop","item":"https:\/\/librairie7l.com\/en\/shop\/"},{"@type":"ListItem","position":3,"name":"LA BATAILLE DES COULEURS \u00c0 BEAUBOURG : 1971-1977"}]},{"@type":"WebSite","@id":"https:\/\/librairie7l.com\/en\/#website","url":"https:\/\/librairie7l.com\/en\/","name":"Librairie 7L","description":"Librairie fond\u00e9e en 1999 par Karl Lagerfeld \u00e0 Paris","publisher":{"@id":"https:\/\/librairie7l.com\/en\/#organization"},"potentialAction":[{"@type":"SearchAction","target":{"@type":"EntryPoint","urlTemplate":"https:\/\/librairie7l.com\/en\/?s={search_term_string}"},"query-input":"required name=search_term_string"}],"inLanguage":"en-US"},{"@type":"Organization","@id":"https:\/\/librairie7l.com\/en\/#organization","name":"Librairie 7L","url":"https:\/\/librairie7l.com\/en\/","logo":{"@type":"ImageObject","inLanguage":"en-US","@id":"https:\/\/librairie7l.com\/en\/#\/schema\/logo\/image\/","url":"https:\/\/librairie7l.com\/wp-content\/uploads\/2022\/08\/logo-1.png","contentUrl":"https:\/\/librairie7l.com\/wp-content\/uploads\/2022\/08\/logo-1.png","width":227,"height":301,"caption":"Librairie 7L"},"image":{"@id":"https:\/\/librairie7l.com\/en\/#\/schema\/logo\/image\/"}}]}},"_links":{"self":[{"href":"https:\/\/librairie7l.com\/en\/wp-json\/wp\/v2\/product\/56541"}],"collection":[{"href":"https:\/\/librairie7l.com\/en\/wp-json\/wp\/v2\/product"}],"about":[{"href":"https:\/\/librairie7l.com\/en\/wp-json\/wp\/v2\/types\/product"}],"wp:featuredmedia":[{"embeddable":true,"href":"https:\/\/librairie7l.com\/en\/wp-json\/wp\/v2\/media\/56539"}],"wp:attachment":[{"href":"https:\/\/librairie7l.com\/en\/wp-json\/wp\/v2\/media?parent=56541"}],"wp:term":[{"taxonomy":"product_cat","embeddable":true,"href":"https:\/\/librairie7l.com\/en\/wp-json\/wp\/v2\/product_cat?post=56541"},{"taxonomy":"product_tag","embeddable":true,"href":"https:\/\/librairie7l.com\/en\/wp-json\/wp\/v2\/product_tag?post=56541"}],"curies":[{"name":"wp","href":"https:\/\/api.w.org\/{rel}","templated":true}]}}