{"id":56557,"date":"2026-04-23T20:36:25","date_gmt":"2026-04-23T18:36:25","guid":{"rendered":"https:\/\/librairie7l.com\/?post_type=product&#038;p=56557"},"modified":"2026-04-26T23:30:26","modified_gmt":"2026-04-26T21:30:26","slug":"bienvenue-a-gloutonville-12-personnages-fantaisie-a-crocheter-2","status":"publish","type":"product","link":"https:\/\/librairie7l.com\/en\/produit\/bienvenue-a-gloutonville-12-personnages-fantaisie-a-crocheter-2\/","title":{"rendered":"BIENVENUE \u00c0 GLOUTONVILLE : 12 PERSONNAGES FANTAISIE \u00c0 CROCHETER"},"content":{"rendered":"<p>Bienvenue \u00e0 Gloutonville, une ville pas comme les autres, enti\u00e8rement peupl\u00e9e d&#8217;habitants&#8230; crochet\u00e9s !<br \/>\nDonnez vie aux Gloutonvillois en crochetant :<br \/>\nGuillaume le hipster, accro au tricot.<br \/>\nMonsieur le maire, maire de la ville.<br \/>\nAgatha la mairesse, passionn\u00e9e de polars.<br \/>\nGiovanni le pizzaiolo, au pass\u00e9 de clown farceur.<br \/>\nFlora la chanteuse pleureuse, au vibrato d\u00e9vastateur.<br \/>\nWilfred le ma\u00eetre-nageur qui ne sait pas nager.<br \/>\nDonata la cheffe des corv\u00e9es et pro du battoir \u00e0 tapis.<br \/>\nJack &amp; Will les jumeaux entre crime et enqu\u00eate.<br \/>\nGustavo le barista barbu au caf\u00e9 tendance.<br \/>\nKate &amp; Dasha les soeurs un peu sorci\u00e8res.Des tutos d\u00e9taill\u00e9s \u00e9tape par \u00e9tape, des amigurumis pleins de personnalit\u00e9 et un univers au crochet original et dr\u00f4le !<\/p>\n","protected":false},"excerpt":{"rendered":"<p>Bienvenue \u00e0 Gloutonville, une ville pas comme les autres, enti\u00e8rement peupl\u00e9e d&#8217;habitants&#8230; crochet\u00e9s ! Donnez vie aux Gloutonvillois en crochetant : Guillaume le hipster, accro au tricot. Monsieur le maire, maire de la ville. Agatha la mairesse, passionn\u00e9e de polars. Giovanni le pizzaiolo, au pass\u00e9 de clown farceur. Flora la chanteuse pleureuse, au vibrato d\u00e9vastateur. [&hellip;]<\/p>\n","protected":false},"featured_media":56555,"template":"","meta":[],"product_cat":[7364,2948],"product_tag":[],"acf":[],"yoast_head":"<!-- This site is optimized with the Yoast SEO plugin v20.11 - https:\/\/yoast.com\/wordpress\/plugins\/seo\/ -->\n<title>Bienvenue \u00e0 Gloutonville : 12 personnages fantaisie \u00e0 crocheter - Librairie 7L<\/title>\n<meta name=\"robots\" content=\"index, follow, max-snippet:-1, max-image-preview:large, max-video-preview:-1\" \/>\n<link rel=\"canonical\" href=\"https:\/\/librairie7l.com\/en\/produit\/bienvenue-a-gloutonville-12-personnages-fantaisie-a-crocheter-2\/\" \/>\n<meta property=\"og:locale\" content=\"en_US\" \/>\n<meta property=\"og:type\" content=\"article\" \/>\n<meta property=\"og:title\" content=\"Bienvenue \u00e0 Gloutonville : 12 personnages fantaisie \u00e0 crocheter - Librairie 7L\" \/>\n<meta property=\"og:description\" content=\"Bienvenue \u00e0 Gloutonville, une ville pas comme les autres, enti\u00e8rement peupl\u00e9e d&#8217;habitants&#8230; crochet\u00e9s ! Donnez vie aux Gloutonvillois en crochetant : Guillaume le hipster, accro au tricot. Monsieur le maire, maire de la ville. Agatha la mairesse, passionn\u00e9e de polars. Giovanni le pizzaiolo, au pass\u00e9 de clown farceur. Flora la chanteuse pleureuse, au vibrato d\u00e9vastateur. [&hellip;]\" \/>\n<meta property=\"og:url\" content=\"https:\/\/librairie7l.com\/en\/produit\/bienvenue-a-gloutonville-12-personnages-fantaisie-a-crocheter-2\/\" \/>\n<meta property=\"og:site_name\" content=\"Librairie 7L\" \/>\n<meta property=\"article:modified_time\" content=\"2026-04-26T21:30:26+00:00\" \/>\n<meta property=\"og:image\" content=\"https:\/\/librairie7l.com\/wp-content\/uploads\/2025\/06\/9782501193931_1_75.jpg\" \/>\n\t<meta property=\"og:image:width\" content=\"600\" \/>\n\t<meta property=\"og:image:height\" content=\"724\" \/>\n\t<meta property=\"og:image:type\" content=\"image\/jpeg\" \/>\n<meta name=\"twitter:card\" content=\"summary_large_image\" \/>\n<meta name=\"twitter:label1\" content=\"Est. reading time\" \/>\n\t<meta name=\"twitter:data1\" content=\"1 minute\" \/>\n<script type=\"application\/ld+json\" class=\"yoast-schema-graph\">{\"@context\":\"https:\/\/schema.org\",\"@graph\":[{\"@type\":\"WebPage\",\"@id\":\"https:\/\/librairie7l.com\/en\/produit\/bienvenue-a-gloutonville-12-personnages-fantaisie-a-crocheter-2\/\",\"url\":\"https:\/\/librairie7l.com\/en\/produit\/bienvenue-a-gloutonville-12-personnages-fantaisie-a-crocheter-2\/\",\"name\":\"Bienvenue \u00e0 Gloutonville : 12 personnages fantaisie \u00e0 crocheter - Librairie 7L\",\"isPartOf\":{\"@id\":\"https:\/\/librairie7l.com\/en\/#website\"},\"datePublished\":\"2026-04-23T18:36:25+00:00\",\"dateModified\":\"2026-04-26T21:30:26+00:00\",\"breadcrumb\":{\"@id\":\"https:\/\/librairie7l.com\/en\/produit\/bienvenue-a-gloutonville-12-personnages-fantaisie-a-crocheter-2\/#breadcrumb\"},\"inLanguage\":\"en-US\",\"potentialAction\":[{\"@type\":\"ReadAction\",\"target\":[\"https:\/\/librairie7l.com\/en\/produit\/bienvenue-a-gloutonville-12-personnages-fantaisie-a-crocheter-2\/\"]}]},{\"@type\":\"BreadcrumbList\",\"@id\":\"https:\/\/librairie7l.com\/en\/produit\/bienvenue-a-gloutonville-12-personnages-fantaisie-a-crocheter-2\/#breadcrumb\",\"itemListElement\":[{\"@type\":\"ListItem\",\"position\":1,\"name\":\"Accueil\",\"item\":\"https:\/\/librairie7l.com\/en\/\"},{\"@type\":\"ListItem\",\"position\":2,\"name\":\"Shop\",\"item\":\"https:\/\/librairie7l.com\/en\/shop\/\"},{\"@type\":\"ListItem\",\"position\":3,\"name\":\"BIENVENUE \u00c0 GLOUTONVILLE : 12 PERSONNAGES FANTAISIE \u00c0 CROCHETER\"}]},{\"@type\":\"WebSite\",\"@id\":\"https:\/\/librairie7l.com\/en\/#website\",\"url\":\"https:\/\/librairie7l.com\/en\/\",\"name\":\"Librairie 7L\",\"description\":\"Librairie fond\u00e9e en 1999 par Karl Lagerfeld \u00e0 Paris\",\"publisher\":{\"@id\":\"https:\/\/librairie7l.com\/en\/#organization\"},\"potentialAction\":[{\"@type\":\"SearchAction\",\"target\":{\"@type\":\"EntryPoint\",\"urlTemplate\":\"https:\/\/librairie7l.com\/en\/?s={search_term_string}\"},\"query-input\":\"required name=search_term_string\"}],\"inLanguage\":\"en-US\"},{\"@type\":\"Organization\",\"@id\":\"https:\/\/librairie7l.com\/en\/#organization\",\"name\":\"Librairie 7L\",\"url\":\"https:\/\/librairie7l.com\/en\/\",\"logo\":{\"@type\":\"ImageObject\",\"inLanguage\":\"en-US\",\"@id\":\"https:\/\/librairie7l.com\/en\/#\/schema\/logo\/image\/\",\"url\":\"https:\/\/librairie7l.com\/wp-content\/uploads\/2022\/08\/logo-1.png\",\"contentUrl\":\"https:\/\/librairie7l.com\/wp-content\/uploads\/2022\/08\/logo-1.png\",\"width\":227,\"height\":301,\"caption\":\"Librairie 7L\"},\"image\":{\"@id\":\"https:\/\/librairie7l.com\/en\/#\/schema\/logo\/image\/\"}}]}<\/script>\n<!-- \/ Yoast SEO plugin. -->","yoast_head_json":{"title":"Bienvenue \u00e0 Gloutonville : 12 personnages fantaisie \u00e0 crocheter - Librairie 7L","robots":{"index":"index","follow":"follow","max-snippet":"max-snippet:-1","max-image-preview":"max-image-preview:large","max-video-preview":"max-video-preview:-1"},"canonical":"https:\/\/librairie7l.com\/en\/produit\/bienvenue-a-gloutonville-12-personnages-fantaisie-a-crocheter-2\/","og_locale":"en_US","og_type":"article","og_title":"Bienvenue \u00e0 Gloutonville : 12 personnages fantaisie \u00e0 crocheter - Librairie 7L","og_description":"Bienvenue \u00e0 Gloutonville, une ville pas comme les autres, enti\u00e8rement peupl\u00e9e d&#8217;habitants&#8230; crochet\u00e9s ! Donnez vie aux Gloutonvillois en crochetant : Guillaume le hipster, accro au tricot. Monsieur le maire, maire de la ville. Agatha la mairesse, passionn\u00e9e de polars. Giovanni le pizzaiolo, au pass\u00e9 de clown farceur. Flora la chanteuse pleureuse, au vibrato d\u00e9vastateur. [&hellip;]","og_url":"https:\/\/librairie7l.com\/en\/produit\/bienvenue-a-gloutonville-12-personnages-fantaisie-a-crocheter-2\/","og_site_name":"Librairie 7L","article_modified_time":"2026-04-26T21:30:26+00:00","og_image":[{"width":600,"height":724,"url":"https:\/\/librairie7l.com\/wp-content\/uploads\/2025\/06\/9782501193931_1_75.jpg","type":"image\/jpeg"}],"twitter_card":"summary_large_image","twitter_misc":{"Est. reading time":"1 minute"},"schema":{"@context":"https:\/\/schema.org","@graph":[{"@type":"WebPage","@id":"https:\/\/librairie7l.com\/en\/produit\/bienvenue-a-gloutonville-12-personnages-fantaisie-a-crocheter-2\/","url":"https:\/\/librairie7l.com\/en\/produit\/bienvenue-a-gloutonville-12-personnages-fantaisie-a-crocheter-2\/","name":"Bienvenue \u00e0 Gloutonville : 12 personnages fantaisie \u00e0 crocheter - Librairie 7L","isPartOf":{"@id":"https:\/\/librairie7l.com\/en\/#website"},"datePublished":"2026-04-23T18:36:25+00:00","dateModified":"2026-04-26T21:30:26+00:00","breadcrumb":{"@id":"https:\/\/librairie7l.com\/en\/produit\/bienvenue-a-gloutonville-12-personnages-fantaisie-a-crocheter-2\/#breadcrumb"},"inLanguage":"en-US","potentialAction":[{"@type":"ReadAction","target":["https:\/\/librairie7l.com\/en\/produit\/bienvenue-a-gloutonville-12-personnages-fantaisie-a-crocheter-2\/"]}]},{"@type":"BreadcrumbList","@id":"https:\/\/librairie7l.com\/en\/produit\/bienvenue-a-gloutonville-12-personnages-fantaisie-a-crocheter-2\/#breadcrumb","itemListElement":[{"@type":"ListItem","position":1,"name":"Accueil","item":"https:\/\/librairie7l.com\/en\/"},{"@type":"ListItem","position":2,"name":"Shop","item":"https:\/\/librairie7l.com\/en\/shop\/"},{"@type":"ListItem","position":3,"name":"BIENVENUE \u00c0 GLOUTONVILLE : 12 PERSONNAGES FANTAISIE \u00c0 CROCHETER"}]},{"@type":"WebSite","@id":"https:\/\/librairie7l.com\/en\/#website","url":"https:\/\/librairie7l.com\/en\/","name":"Librairie 7L","description":"Librairie fond\u00e9e en 1999 par Karl Lagerfeld \u00e0 Paris","publisher":{"@id":"https:\/\/librairie7l.com\/en\/#organization"},"potentialAction":[{"@type":"SearchAction","target":{"@type":"EntryPoint","urlTemplate":"https:\/\/librairie7l.com\/en\/?s={search_term_string}"},"query-input":"required name=search_term_string"}],"inLanguage":"en-US"},{"@type":"Organization","@id":"https:\/\/librairie7l.com\/en\/#organization","name":"Librairie 7L","url":"https:\/\/librairie7l.com\/en\/","logo":{"@type":"ImageObject","inLanguage":"en-US","@id":"https:\/\/librairie7l.com\/en\/#\/schema\/logo\/image\/","url":"https:\/\/librairie7l.com\/wp-content\/uploads\/2022\/08\/logo-1.png","contentUrl":"https:\/\/librairie7l.com\/wp-content\/uploads\/2022\/08\/logo-1.png","width":227,"height":301,"caption":"Librairie 7L"},"image":{"@id":"https:\/\/librairie7l.com\/en\/#\/schema\/logo\/image\/"}}]}},"_links":{"self":[{"href":"https:\/\/librairie7l.com\/en\/wp-json\/wp\/v2\/product\/56557"}],"collection":[{"href":"https:\/\/librairie7l.com\/en\/wp-json\/wp\/v2\/product"}],"about":[{"href":"https:\/\/librairie7l.com\/en\/wp-json\/wp\/v2\/types\/product"}],"wp:featuredmedia":[{"embeddable":true,"href":"https:\/\/librairie7l.com\/en\/wp-json\/wp\/v2\/media\/56555"}],"wp:attachment":[{"href":"https:\/\/librairie7l.com\/en\/wp-json\/wp\/v2\/media?parent=56557"}],"wp:term":[{"taxonomy":"product_cat","embeddable":true,"href":"https:\/\/librairie7l.com\/en\/wp-json\/wp\/v2\/product_cat?post=56557"},{"taxonomy":"product_tag","embeddable":true,"href":"https:\/\/librairie7l.com\/en\/wp-json\/wp\/v2\/product_tag?post=56557"}],"curies":[{"name":"wp","href":"https:\/\/api.w.org\/{rel}","templated":true}]}}