{"id":56561,"date":"2026-04-24T09:17:02","date_gmt":"2026-04-24T07:17:02","guid":{"rendered":"https:\/\/librairie7l.com\/?post_type=product&#038;p=56561"},"modified":"2026-04-30T20:33:31","modified_gmt":"2026-04-30T18:33:31","slug":"histoire-de-lindustrie-horlogere-suisse-xix-xxe-siecle-aux-origines-dun-succes-industriel-et-commercial-2","status":"publish","type":"product","link":"https:\/\/librairie7l.com\/en\/produit\/histoire-de-lindustrie-horlogere-suisse-xix-xxe-siecle-aux-origines-dun-succes-industriel-et-commercial-2\/","title":{"rendered":"HISTOIRE DE L&#8217;INDUSTRIE HORLOG\u00c8RE SUISSE, XIX-XXE SI\u00c8CLE : AUX ORIGINES D&#8217;UN SUCC\u00c8S INDUSTRIEL ET COMMERCIAL"},"content":{"rendered":"<p>Pour la premi\u00e8re fois depuis l&#8217;Histoire et technique de la montre suisse paru en 1945, l&#8217;histoire de l&#8217;industrie horlog\u00e8re suisse appr\u00e9hend\u00e9e dans son ensemble fait l&#8217;objet d&#8217;un livre de synth\u00e8se. L&#8217;histoire de ce secteur d&#8217;activit\u00e9 n&#8217;a jamais autant captiv\u00e9 les esprits qu&#8217;aujourd&#8217;hui mais il n&#8217;existait paradoxalement pas d&#8217;ouvrage qui explique les grandes lignes de d\u00e9veloppement de l&#8217;horlogerie helv\u00e9tique du milieu du xixe si\u00e8cle \u00e0 nos jours.<br \/>\nCe livre aborde l&#8217;histoire de l&#8217;industrie horlog\u00e8re suisse de mani\u00e8re globale. Il accorde une attention particuli\u00e8re aux nations concurrentes (\u00c9tats-Unis, Japon, Grande-Bretagne) et montre comment les fabricants suisses de montres ont su faire face \u00e0 divers d\u00e9fis, tels que l&#8217;industrialisation \u00e0 la fin du xixe si\u00e8cle, la d\u00e9localisation industrielle dans l&#8217;entre-deux-guerres et la mondialisation depuis les ann\u00e9es 1960, permettant \u00e0 la Suisse de maintenir sa place de leader sur le march\u00e9 mondial. L&#8217;innovation technique, les nouvelles technologies, la politique industrielle des autorit\u00e9s, l&#8217;organisation en district industriel et les rapports avec les syndicats sont autant d&#8217;\u00e9l\u00e9ments abord\u00e9s dans cette synth\u00e8se qui s&#8217;adresse aussi bien aux passionn\u00e9s d&#8217;horlogerie et aux collectionneurs, qu&#8217;aux professionnels de la branche et au citoyen curieux de comprendre le succ\u00e8s mondial de l&#8217;horlogerie suisse.<\/p>\n","protected":false},"excerpt":{"rendered":"<p>Pour la premi\u00e8re fois depuis l&#8217;Histoire et technique de la montre suisse paru en 1945, l&#8217;histoire de l&#8217;industrie horlog\u00e8re suisse appr\u00e9hend\u00e9e dans son ensemble fait l&#8217;objet d&#8217;un livre de synth\u00e8se. L&#8217;histoire de ce secteur d&#8217;activit\u00e9 n&#8217;a jamais autant captiv\u00e9 les esprits qu&#8217;aujourd&#8217;hui mais il n&#8217;existait paradoxalement pas d&#8217;ouvrage qui explique les grandes lignes de d\u00e9veloppement [&hellip;]<\/p>\n","protected":false},"featured_media":56559,"template":"","meta":[],"product_cat":[2948],"product_tag":[],"acf":[],"yoast_head":"<!-- This site is optimized with the Yoast SEO plugin v20.11 - https:\/\/yoast.com\/wordpress\/plugins\/seo\/ -->\n<title>Histoire de l&#039;industrie horlog\u00e8re suisse, XIX-XXe si\u00e8cle : Aux origines d&#039;un succ\u00e8s industriel et commercial - Librairie 7L<\/title>\n<meta name=\"robots\" content=\"index, follow, max-snippet:-1, max-image-preview:large, max-video-preview:-1\" \/>\n<link rel=\"canonical\" href=\"https:\/\/librairie7l.com\/en\/produit\/histoire-de-lindustrie-horlogere-suisse-xix-xxe-siecle-aux-origines-dun-succes-industriel-et-commercial-2\/\" \/>\n<meta property=\"og:locale\" content=\"en_US\" \/>\n<meta property=\"og:type\" content=\"article\" \/>\n<meta property=\"og:title\" content=\"Histoire de l&#039;industrie horlog\u00e8re suisse, XIX-XXe si\u00e8cle : Aux origines d&#039;un succ\u00e8s industriel et commercial - Librairie 7L\" \/>\n<meta property=\"og:description\" content=\"Pour la premi\u00e8re fois depuis l&#8217;Histoire et technique de la montre suisse paru en 1945, l&#8217;histoire de l&#8217;industrie horlog\u00e8re suisse appr\u00e9hend\u00e9e dans son ensemble fait l&#8217;objet d&#8217;un livre de synth\u00e8se. L&#8217;histoire de ce secteur d&#8217;activit\u00e9 n&#8217;a jamais autant captiv\u00e9 les esprits qu&#8217;aujourd&#8217;hui mais il n&#8217;existait paradoxalement pas d&#8217;ouvrage qui explique les grandes lignes de d\u00e9veloppement [&hellip;]\" \/>\n<meta property=\"og:url\" content=\"https:\/\/librairie7l.com\/en\/produit\/histoire-de-lindustrie-horlogere-suisse-xix-xxe-siecle-aux-origines-dun-succes-industriel-et-commercial-2\/\" \/>\n<meta property=\"og:site_name\" content=\"Librairie 7L\" \/>\n<meta property=\"article:modified_time\" content=\"2026-04-30T18:33:31+00:00\" \/>\n<meta property=\"og:image\" content=\"https:\/\/librairie7l.com\/wp-content\/uploads\/2025\/06\/9782889503247_1_75.jpg\" \/>\n\t<meta property=\"og:image:width\" content=\"600\" \/>\n\t<meta property=\"og:image:height\" content=\"865\" \/>\n\t<meta property=\"og:image:type\" content=\"image\/jpeg\" \/>\n<meta name=\"twitter:card\" content=\"summary_large_image\" \/>\n<meta name=\"twitter:label1\" content=\"Est. reading time\" \/>\n\t<meta name=\"twitter:data1\" content=\"1 minute\" \/>\n<script type=\"application\/ld+json\" class=\"yoast-schema-graph\">{\"@context\":\"https:\/\/schema.org\",\"@graph\":[{\"@type\":\"WebPage\",\"@id\":\"https:\/\/librairie7l.com\/en\/produit\/histoire-de-lindustrie-horlogere-suisse-xix-xxe-siecle-aux-origines-dun-succes-industriel-et-commercial-2\/\",\"url\":\"https:\/\/librairie7l.com\/en\/produit\/histoire-de-lindustrie-horlogere-suisse-xix-xxe-siecle-aux-origines-dun-succes-industriel-et-commercial-2\/\",\"name\":\"Histoire de l'industrie horlog\u00e8re suisse, XIX-XXe si\u00e8cle : Aux origines d'un succ\u00e8s industriel et commercial - Librairie 7L\",\"isPartOf\":{\"@id\":\"https:\/\/librairie7l.com\/en\/#website\"},\"datePublished\":\"2026-04-24T07:17:02+00:00\",\"dateModified\":\"2026-04-30T18:33:31+00:00\",\"breadcrumb\":{\"@id\":\"https:\/\/librairie7l.com\/en\/produit\/histoire-de-lindustrie-horlogere-suisse-xix-xxe-siecle-aux-origines-dun-succes-industriel-et-commercial-2\/#breadcrumb\"},\"inLanguage\":\"en-US\",\"potentialAction\":[{\"@type\":\"ReadAction\",\"target\":[\"https:\/\/librairie7l.com\/en\/produit\/histoire-de-lindustrie-horlogere-suisse-xix-xxe-siecle-aux-origines-dun-succes-industriel-et-commercial-2\/\"]}]},{\"@type\":\"BreadcrumbList\",\"@id\":\"https:\/\/librairie7l.com\/en\/produit\/histoire-de-lindustrie-horlogere-suisse-xix-xxe-siecle-aux-origines-dun-succes-industriel-et-commercial-2\/#breadcrumb\",\"itemListElement\":[{\"@type\":\"ListItem\",\"position\":1,\"name\":\"Accueil\",\"item\":\"https:\/\/librairie7l.com\/en\/\"},{\"@type\":\"ListItem\",\"position\":2,\"name\":\"Shop\",\"item\":\"https:\/\/librairie7l.com\/en\/shop\/\"},{\"@type\":\"ListItem\",\"position\":3,\"name\":\"HISTOIRE DE L&#8217;INDUSTRIE HORLOG\u00c8RE SUISSE, XIX-XXE SI\u00c8CLE : AUX ORIGINES D&#8217;UN SUCC\u00c8S INDUSTRIEL ET COMMERCIAL\"}]},{\"@type\":\"WebSite\",\"@id\":\"https:\/\/librairie7l.com\/en\/#website\",\"url\":\"https:\/\/librairie7l.com\/en\/\",\"name\":\"Librairie 7L\",\"description\":\"Librairie fond\u00e9e en 1999 par Karl Lagerfeld \u00e0 Paris\",\"publisher\":{\"@id\":\"https:\/\/librairie7l.com\/en\/#organization\"},\"potentialAction\":[{\"@type\":\"SearchAction\",\"target\":{\"@type\":\"EntryPoint\",\"urlTemplate\":\"https:\/\/librairie7l.com\/en\/?s={search_term_string}\"},\"query-input\":\"required name=search_term_string\"}],\"inLanguage\":\"en-US\"},{\"@type\":\"Organization\",\"@id\":\"https:\/\/librairie7l.com\/en\/#organization\",\"name\":\"Librairie 7L\",\"url\":\"https:\/\/librairie7l.com\/en\/\",\"logo\":{\"@type\":\"ImageObject\",\"inLanguage\":\"en-US\",\"@id\":\"https:\/\/librairie7l.com\/en\/#\/schema\/logo\/image\/\",\"url\":\"https:\/\/librairie7l.com\/wp-content\/uploads\/2022\/08\/logo-1.png\",\"contentUrl\":\"https:\/\/librairie7l.com\/wp-content\/uploads\/2022\/08\/logo-1.png\",\"width\":227,\"height\":301,\"caption\":\"Librairie 7L\"},\"image\":{\"@id\":\"https:\/\/librairie7l.com\/en\/#\/schema\/logo\/image\/\"}}]}<\/script>\n<!-- \/ Yoast SEO plugin. -->","yoast_head_json":{"title":"Histoire de l'industrie horlog\u00e8re suisse, XIX-XXe si\u00e8cle : Aux origines d'un succ\u00e8s industriel et commercial - Librairie 7L","robots":{"index":"index","follow":"follow","max-snippet":"max-snippet:-1","max-image-preview":"max-image-preview:large","max-video-preview":"max-video-preview:-1"},"canonical":"https:\/\/librairie7l.com\/en\/produit\/histoire-de-lindustrie-horlogere-suisse-xix-xxe-siecle-aux-origines-dun-succes-industriel-et-commercial-2\/","og_locale":"en_US","og_type":"article","og_title":"Histoire de l'industrie horlog\u00e8re suisse, XIX-XXe si\u00e8cle : Aux origines d'un succ\u00e8s industriel et commercial - Librairie 7L","og_description":"Pour la premi\u00e8re fois depuis l&#8217;Histoire et technique de la montre suisse paru en 1945, l&#8217;histoire de l&#8217;industrie horlog\u00e8re suisse appr\u00e9hend\u00e9e dans son ensemble fait l&#8217;objet d&#8217;un livre de synth\u00e8se. L&#8217;histoire de ce secteur d&#8217;activit\u00e9 n&#8217;a jamais autant captiv\u00e9 les esprits qu&#8217;aujourd&#8217;hui mais il n&#8217;existait paradoxalement pas d&#8217;ouvrage qui explique les grandes lignes de d\u00e9veloppement [&hellip;]","og_url":"https:\/\/librairie7l.com\/en\/produit\/histoire-de-lindustrie-horlogere-suisse-xix-xxe-siecle-aux-origines-dun-succes-industriel-et-commercial-2\/","og_site_name":"Librairie 7L","article_modified_time":"2026-04-30T18:33:31+00:00","og_image":[{"width":600,"height":865,"url":"https:\/\/librairie7l.com\/wp-content\/uploads\/2025\/06\/9782889503247_1_75.jpg","type":"image\/jpeg"}],"twitter_card":"summary_large_image","twitter_misc":{"Est. reading time":"1 minute"},"schema":{"@context":"https:\/\/schema.org","@graph":[{"@type":"WebPage","@id":"https:\/\/librairie7l.com\/en\/produit\/histoire-de-lindustrie-horlogere-suisse-xix-xxe-siecle-aux-origines-dun-succes-industriel-et-commercial-2\/","url":"https:\/\/librairie7l.com\/en\/produit\/histoire-de-lindustrie-horlogere-suisse-xix-xxe-siecle-aux-origines-dun-succes-industriel-et-commercial-2\/","name":"Histoire de l'industrie horlog\u00e8re suisse, XIX-XXe si\u00e8cle : Aux origines d'un succ\u00e8s industriel et commercial - Librairie 7L","isPartOf":{"@id":"https:\/\/librairie7l.com\/en\/#website"},"datePublished":"2026-04-24T07:17:02+00:00","dateModified":"2026-04-30T18:33:31+00:00","breadcrumb":{"@id":"https:\/\/librairie7l.com\/en\/produit\/histoire-de-lindustrie-horlogere-suisse-xix-xxe-siecle-aux-origines-dun-succes-industriel-et-commercial-2\/#breadcrumb"},"inLanguage":"en-US","potentialAction":[{"@type":"ReadAction","target":["https:\/\/librairie7l.com\/en\/produit\/histoire-de-lindustrie-horlogere-suisse-xix-xxe-siecle-aux-origines-dun-succes-industriel-et-commercial-2\/"]}]},{"@type":"BreadcrumbList","@id":"https:\/\/librairie7l.com\/en\/produit\/histoire-de-lindustrie-horlogere-suisse-xix-xxe-siecle-aux-origines-dun-succes-industriel-et-commercial-2\/#breadcrumb","itemListElement":[{"@type":"ListItem","position":1,"name":"Accueil","item":"https:\/\/librairie7l.com\/en\/"},{"@type":"ListItem","position":2,"name":"Shop","item":"https:\/\/librairie7l.com\/en\/shop\/"},{"@type":"ListItem","position":3,"name":"HISTOIRE DE L&#8217;INDUSTRIE HORLOG\u00c8RE SUISSE, XIX-XXE SI\u00c8CLE : AUX ORIGINES D&#8217;UN SUCC\u00c8S INDUSTRIEL ET COMMERCIAL"}]},{"@type":"WebSite","@id":"https:\/\/librairie7l.com\/en\/#website","url":"https:\/\/librairie7l.com\/en\/","name":"Librairie 7L","description":"Librairie fond\u00e9e en 1999 par Karl Lagerfeld \u00e0 Paris","publisher":{"@id":"https:\/\/librairie7l.com\/en\/#organization"},"potentialAction":[{"@type":"SearchAction","target":{"@type":"EntryPoint","urlTemplate":"https:\/\/librairie7l.com\/en\/?s={search_term_string}"},"query-input":"required name=search_term_string"}],"inLanguage":"en-US"},{"@type":"Organization","@id":"https:\/\/librairie7l.com\/en\/#organization","name":"Librairie 7L","url":"https:\/\/librairie7l.com\/en\/","logo":{"@type":"ImageObject","inLanguage":"en-US","@id":"https:\/\/librairie7l.com\/en\/#\/schema\/logo\/image\/","url":"https:\/\/librairie7l.com\/wp-content\/uploads\/2022\/08\/logo-1.png","contentUrl":"https:\/\/librairie7l.com\/wp-content\/uploads\/2022\/08\/logo-1.png","width":227,"height":301,"caption":"Librairie 7L"},"image":{"@id":"https:\/\/librairie7l.com\/en\/#\/schema\/logo\/image\/"}}]}},"_links":{"self":[{"href":"https:\/\/librairie7l.com\/en\/wp-json\/wp\/v2\/product\/56561"}],"collection":[{"href":"https:\/\/librairie7l.com\/en\/wp-json\/wp\/v2\/product"}],"about":[{"href":"https:\/\/librairie7l.com\/en\/wp-json\/wp\/v2\/types\/product"}],"wp:featuredmedia":[{"embeddable":true,"href":"https:\/\/librairie7l.com\/en\/wp-json\/wp\/v2\/media\/56559"}],"wp:attachment":[{"href":"https:\/\/librairie7l.com\/en\/wp-json\/wp\/v2\/media?parent=56561"}],"wp:term":[{"taxonomy":"product_cat","embeddable":true,"href":"https:\/\/librairie7l.com\/en\/wp-json\/wp\/v2\/product_cat?post=56561"},{"taxonomy":"product_tag","embeddable":true,"href":"https:\/\/librairie7l.com\/en\/wp-json\/wp\/v2\/product_tag?post=56561"}],"curies":[{"name":"wp","href":"https:\/\/api.w.org\/{rel}","templated":true}]}}