{"id":56565,"date":"2026-04-24T09:17:04","date_gmt":"2026-04-24T07:17:04","guid":{"rendered":"https:\/\/librairie7l.com\/?post_type=product&#038;p=56565"},"modified":"2026-04-30T20:47:30","modified_gmt":"2026-04-30T18:47:30","slug":"chaumet-regards-de-photographes-2","status":"publish","type":"product","link":"https:\/\/librairie7l.com\/en\/produit\/chaumet-regards-de-photographes-2\/","title":{"rendered":"CHAUMET : REGARDS DE PHOTOGRAPHES"},"content":{"rendered":"<p>C\u00e9l\u00e8bre maison de haute joaillerie, Chaumet a tiss\u00e9 de longue date des liens \u00e9troits avec la photographie. Au fil des \u00e9poques et au gr\u00e9 de leurs sensibilit\u00e9s artistiques, les grands photographes ont relev\u00e9 avec virtuosit\u00e9 le d\u00e9fi de sublimer les cr\u00e9ation de la Maison. Glamours, romantiques, oniriques, naturalistes ou minimalistes &#8230;, ces images sont autant d&#8217;instantan\u00e9s qui offrent une superbe r\u00e9trospective, des ann\u00e9es 1930 \u00e0 nos jours, sur la mode et son indispensable accessoire, le bijou.<br \/>\nCe livre pr\u00e9sente de g\u00e9n\u00e9reux portfolios des \u00e9ditoriaux de presse marquants et des commandes embl\u00e9matiques de Chaumet aux photographes, tels que Henry Clarke, Guy Bourdin, Mario Testino, Mario Sorrenti, Richard Burbridge, Karim Sadli &#8230; Une section finale, consacr\u00e9e aux pr\u00e9cieux autochromes de pi\u00e8ces iconiques dantant du d\u00e9but du XXe si\u00e8cle, offre un regard in\u00e9dit sur les archives historiques de la maison Chaumet.<\/p>\n","protected":false},"excerpt":{"rendered":"<p>C\u00e9l\u00e8bre maison de haute joaillerie, Chaumet a tiss\u00e9 de longue date des liens \u00e9troits avec la photographie. Au fil des \u00e9poques et au gr\u00e9 de leurs sensibilit\u00e9s artistiques, les grands photographes ont relev\u00e9 avec virtuosit\u00e9 le d\u00e9fi de sublimer les cr\u00e9ation de la Maison. Glamours, romantiques, oniriques, naturalistes ou minimalistes &#8230;, ces images sont autant [&hellip;]<\/p>\n","protected":false},"featured_media":56563,"template":"","meta":[],"product_cat":[2948],"product_tag":[],"acf":[],"yoast_head":"<!-- This site is optimized with the Yoast SEO plugin v20.11 - https:\/\/yoast.com\/wordpress\/plugins\/seo\/ -->\n<title>Chaumet : Regards de photographes - Librairie 7L<\/title>\n<meta name=\"robots\" content=\"index, follow, max-snippet:-1, max-image-preview:large, max-video-preview:-1\" \/>\n<link rel=\"canonical\" href=\"https:\/\/librairie7l.com\/en\/produit\/chaumet-regards-de-photographes-2\/\" \/>\n<meta property=\"og:locale\" content=\"en_US\" \/>\n<meta property=\"og:type\" content=\"article\" \/>\n<meta property=\"og:title\" content=\"Chaumet : Regards de photographes - Librairie 7L\" \/>\n<meta property=\"og:description\" content=\"C\u00e9l\u00e8bre maison de haute joaillerie, Chaumet a tiss\u00e9 de longue date des liens \u00e9troits avec la photographie. Au fil des \u00e9poques et au gr\u00e9 de leurs sensibilit\u00e9s artistiques, les grands photographes ont relev\u00e9 avec virtuosit\u00e9 le d\u00e9fi de sublimer les cr\u00e9ation de la Maison. Glamours, romantiques, oniriques, naturalistes ou minimalistes &#8230;, ces images sont autant [&hellip;]\" \/>\n<meta property=\"og:url\" content=\"https:\/\/librairie7l.com\/en\/produit\/chaumet-regards-de-photographes-2\/\" \/>\n<meta property=\"og:site_name\" content=\"Librairie 7L\" \/>\n<meta property=\"article:modified_time\" content=\"2026-04-30T18:47:30+00:00\" \/>\n<meta property=\"og:image\" content=\"https:\/\/librairie7l.com\/wp-content\/uploads\/2024\/07\/9782850889547_1_75.jpg\" \/>\n\t<meta property=\"og:image:width\" content=\"250\" \/>\n\t<meta property=\"og:image:height\" content=\"313\" \/>\n\t<meta property=\"og:image:type\" content=\"image\/jpeg\" \/>\n<meta name=\"twitter:card\" content=\"summary_large_image\" \/>\n<meta name=\"twitter:label1\" content=\"Est. reading time\" \/>\n\t<meta name=\"twitter:data1\" content=\"1 minute\" \/>\n<script type=\"application\/ld+json\" class=\"yoast-schema-graph\">{\"@context\":\"https:\/\/schema.org\",\"@graph\":[{\"@type\":\"WebPage\",\"@id\":\"https:\/\/librairie7l.com\/en\/produit\/chaumet-regards-de-photographes-2\/\",\"url\":\"https:\/\/librairie7l.com\/en\/produit\/chaumet-regards-de-photographes-2\/\",\"name\":\"Chaumet : Regards de photographes - Librairie 7L\",\"isPartOf\":{\"@id\":\"https:\/\/librairie7l.com\/en\/#website\"},\"datePublished\":\"2026-04-24T07:17:04+00:00\",\"dateModified\":\"2026-04-30T18:47:30+00:00\",\"breadcrumb\":{\"@id\":\"https:\/\/librairie7l.com\/en\/produit\/chaumet-regards-de-photographes-2\/#breadcrumb\"},\"inLanguage\":\"en-US\",\"potentialAction\":[{\"@type\":\"ReadAction\",\"target\":[\"https:\/\/librairie7l.com\/en\/produit\/chaumet-regards-de-photographes-2\/\"]}]},{\"@type\":\"BreadcrumbList\",\"@id\":\"https:\/\/librairie7l.com\/en\/produit\/chaumet-regards-de-photographes-2\/#breadcrumb\",\"itemListElement\":[{\"@type\":\"ListItem\",\"position\":1,\"name\":\"Accueil\",\"item\":\"https:\/\/librairie7l.com\/en\/\"},{\"@type\":\"ListItem\",\"position\":2,\"name\":\"Shop\",\"item\":\"https:\/\/librairie7l.com\/en\/shop\/\"},{\"@type\":\"ListItem\",\"position\":3,\"name\":\"CHAUMET : REGARDS DE PHOTOGRAPHES\"}]},{\"@type\":\"WebSite\",\"@id\":\"https:\/\/librairie7l.com\/en\/#website\",\"url\":\"https:\/\/librairie7l.com\/en\/\",\"name\":\"Librairie 7L\",\"description\":\"Librairie fond\u00e9e en 1999 par Karl Lagerfeld \u00e0 Paris\",\"publisher\":{\"@id\":\"https:\/\/librairie7l.com\/en\/#organization\"},\"potentialAction\":[{\"@type\":\"SearchAction\",\"target\":{\"@type\":\"EntryPoint\",\"urlTemplate\":\"https:\/\/librairie7l.com\/en\/?s={search_term_string}\"},\"query-input\":\"required name=search_term_string\"}],\"inLanguage\":\"en-US\"},{\"@type\":\"Organization\",\"@id\":\"https:\/\/librairie7l.com\/en\/#organization\",\"name\":\"Librairie 7L\",\"url\":\"https:\/\/librairie7l.com\/en\/\",\"logo\":{\"@type\":\"ImageObject\",\"inLanguage\":\"en-US\",\"@id\":\"https:\/\/librairie7l.com\/en\/#\/schema\/logo\/image\/\",\"url\":\"https:\/\/librairie7l.com\/wp-content\/uploads\/2022\/08\/logo-1.png\",\"contentUrl\":\"https:\/\/librairie7l.com\/wp-content\/uploads\/2022\/08\/logo-1.png\",\"width\":227,\"height\":301,\"caption\":\"Librairie 7L\"},\"image\":{\"@id\":\"https:\/\/librairie7l.com\/en\/#\/schema\/logo\/image\/\"}}]}<\/script>\n<!-- \/ Yoast SEO plugin. -->","yoast_head_json":{"title":"Chaumet : Regards de photographes - Librairie 7L","robots":{"index":"index","follow":"follow","max-snippet":"max-snippet:-1","max-image-preview":"max-image-preview:large","max-video-preview":"max-video-preview:-1"},"canonical":"https:\/\/librairie7l.com\/en\/produit\/chaumet-regards-de-photographes-2\/","og_locale":"en_US","og_type":"article","og_title":"Chaumet : Regards de photographes - Librairie 7L","og_description":"C\u00e9l\u00e8bre maison de haute joaillerie, Chaumet a tiss\u00e9 de longue date des liens \u00e9troits avec la photographie. Au fil des \u00e9poques et au gr\u00e9 de leurs sensibilit\u00e9s artistiques, les grands photographes ont relev\u00e9 avec virtuosit\u00e9 le d\u00e9fi de sublimer les cr\u00e9ation de la Maison. Glamours, romantiques, oniriques, naturalistes ou minimalistes &#8230;, ces images sont autant [&hellip;]","og_url":"https:\/\/librairie7l.com\/en\/produit\/chaumet-regards-de-photographes-2\/","og_site_name":"Librairie 7L","article_modified_time":"2026-04-30T18:47:30+00:00","og_image":[{"width":250,"height":313,"url":"https:\/\/librairie7l.com\/wp-content\/uploads\/2024\/07\/9782850889547_1_75.jpg","type":"image\/jpeg"}],"twitter_card":"summary_large_image","twitter_misc":{"Est. reading time":"1 minute"},"schema":{"@context":"https:\/\/schema.org","@graph":[{"@type":"WebPage","@id":"https:\/\/librairie7l.com\/en\/produit\/chaumet-regards-de-photographes-2\/","url":"https:\/\/librairie7l.com\/en\/produit\/chaumet-regards-de-photographes-2\/","name":"Chaumet : Regards de photographes - Librairie 7L","isPartOf":{"@id":"https:\/\/librairie7l.com\/en\/#website"},"datePublished":"2026-04-24T07:17:04+00:00","dateModified":"2026-04-30T18:47:30+00:00","breadcrumb":{"@id":"https:\/\/librairie7l.com\/en\/produit\/chaumet-regards-de-photographes-2\/#breadcrumb"},"inLanguage":"en-US","potentialAction":[{"@type":"ReadAction","target":["https:\/\/librairie7l.com\/en\/produit\/chaumet-regards-de-photographes-2\/"]}]},{"@type":"BreadcrumbList","@id":"https:\/\/librairie7l.com\/en\/produit\/chaumet-regards-de-photographes-2\/#breadcrumb","itemListElement":[{"@type":"ListItem","position":1,"name":"Accueil","item":"https:\/\/librairie7l.com\/en\/"},{"@type":"ListItem","position":2,"name":"Shop","item":"https:\/\/librairie7l.com\/en\/shop\/"},{"@type":"ListItem","position":3,"name":"CHAUMET : REGARDS DE PHOTOGRAPHES"}]},{"@type":"WebSite","@id":"https:\/\/librairie7l.com\/en\/#website","url":"https:\/\/librairie7l.com\/en\/","name":"Librairie 7L","description":"Librairie fond\u00e9e en 1999 par Karl Lagerfeld \u00e0 Paris","publisher":{"@id":"https:\/\/librairie7l.com\/en\/#organization"},"potentialAction":[{"@type":"SearchAction","target":{"@type":"EntryPoint","urlTemplate":"https:\/\/librairie7l.com\/en\/?s={search_term_string}"},"query-input":"required name=search_term_string"}],"inLanguage":"en-US"},{"@type":"Organization","@id":"https:\/\/librairie7l.com\/en\/#organization","name":"Librairie 7L","url":"https:\/\/librairie7l.com\/en\/","logo":{"@type":"ImageObject","inLanguage":"en-US","@id":"https:\/\/librairie7l.com\/en\/#\/schema\/logo\/image\/","url":"https:\/\/librairie7l.com\/wp-content\/uploads\/2022\/08\/logo-1.png","contentUrl":"https:\/\/librairie7l.com\/wp-content\/uploads\/2022\/08\/logo-1.png","width":227,"height":301,"caption":"Librairie 7L"},"image":{"@id":"https:\/\/librairie7l.com\/en\/#\/schema\/logo\/image\/"}}]}},"_links":{"self":[{"href":"https:\/\/librairie7l.com\/en\/wp-json\/wp\/v2\/product\/56565"}],"collection":[{"href":"https:\/\/librairie7l.com\/en\/wp-json\/wp\/v2\/product"}],"about":[{"href":"https:\/\/librairie7l.com\/en\/wp-json\/wp\/v2\/types\/product"}],"wp:featuredmedia":[{"embeddable":true,"href":"https:\/\/librairie7l.com\/en\/wp-json\/wp\/v2\/media\/56563"}],"wp:attachment":[{"href":"https:\/\/librairie7l.com\/en\/wp-json\/wp\/v2\/media?parent=56565"}],"wp:term":[{"taxonomy":"product_cat","embeddable":true,"href":"https:\/\/librairie7l.com\/en\/wp-json\/wp\/v2\/product_cat?post=56565"},{"taxonomy":"product_tag","embeddable":true,"href":"https:\/\/librairie7l.com\/en\/wp-json\/wp\/v2\/product_tag?post=56565"}],"curies":[{"name":"wp","href":"https:\/\/api.w.org\/{rel}","templated":true}]}}