{"id":56581,"date":"2026-04-24T09:17:14","date_gmt":"2026-04-24T07:17:14","guid":{"rendered":"https:\/\/librairie7l.com\/?post_type=product&#038;p=56581"},"modified":"2026-04-26T17:35:27","modified_gmt":"2026-04-26T15:35:27","slug":"the-van-cleef-arpels-collection-1906-1953-2","status":"publish","type":"product","link":"https:\/\/librairie7l.com\/en\/produit\/the-van-cleef-arpels-collection-1906-1953-2\/","title":{"rendered":"THE VAN CLEEF &AMP; ARPELS COLLECTION 1906-1953"},"content":{"rendered":"<p>Depuis plus d&#8217;un si\u00e8cle, la maison de haute joaillerie Van Cleef &amp; Arpels associe savoir-faire exceptionnel et prouesses techniques, et s&#8217;illustre par l&#8217;ing\u00e9niosit\u00e9 et la beaut\u00e9 de ses cr\u00e9ations.<\/p>\n<p> Cet ouvrage, premier tome du catalogue raisonn\u00e9 de la Collection Van Cleef &amp; Arpels, retrace les d\u00e9buts de la collection, de 1906 \u00e0 1953, mettant en lumi\u00e8re pr\u00e8s de 700 bijoux cr\u00e9\u00e9s durant cette p\u00e9riode. En faisant la part belle aux images, cet ouvrage pr\u00e9sente la collection patrimoniale dans toute sa diversit\u00e9 : pi\u00e8ces de haute joaillerie, joaillerie, horlogerie, ainsi que des accessoires et des objets d&#8217;art. Des notices d\u00e9taill\u00e9es accompagnent certaines pi\u00e8ces iconiques et soulignent l&#8217;inscription de la collection dans le contexte historique, culturel et artistique de la premi\u00e8re partie du xxe si\u00e8cle. Un corpus de textes scientifiques, \u00e9crits par des historiens de l&#8217;art et les responsables du d\u00e9partement Patrimoine de la Maison Van Cleef &amp; Arpels, \u00e9voquent les processus de cr\u00e9ation, les grands th\u00e8mes chers \u00e0 la Maison &#8211; la flore, la transformabilit\u00e9&#8230; -, ainsi que les courants artistiques \u00e0 l&#8217;oeuvre durant cette p\u00e9riode. Livre d&#8217;art, d&#8217;histoire culturelle, mais aussi ouvrage de r\u00e9f\u00e9rence du monde de la joaillerie, ce catalogue raisonn\u00e9 revisite les codes du genre par ses lectures plurielles, son approche tant visuelle que didactique et son graphisme con\u00e7u comme un \u00e9crin de la Collection Van Cleef &amp; Arpels. Il inscrit la collection dans la grande histoire des arts.<\/p>\n","protected":false},"excerpt":{"rendered":"<p>Depuis plus d&#8217;un si\u00e8cle, la maison de haute joaillerie Van Cleef &amp; Arpels associe savoir-faire exceptionnel et prouesses techniques, et s&#8217;illustre par l&#8217;ing\u00e9niosit\u00e9 et la beaut\u00e9 de ses cr\u00e9ations. Cet ouvrage, premier tome du catalogue raisonn\u00e9 de la Collection Van Cleef &amp; Arpels, retrace les d\u00e9buts de la collection, de 1906 \u00e0 1953, mettant en [&hellip;]<\/p>\n","protected":false},"featured_media":56579,"template":"","meta":[],"product_cat":[2948],"product_tag":[],"acf":[],"yoast_head":"<!-- This site is optimized with the Yoast SEO plugin v20.11 - https:\/\/yoast.com\/wordpress\/plugins\/seo\/ -->\n<title>The Van Cleef &amp; Arpels Collection 1906-1953 - Librairie 7L<\/title>\n<meta name=\"robots\" content=\"index, follow, max-snippet:-1, max-image-preview:large, max-video-preview:-1\" \/>\n<link rel=\"canonical\" href=\"https:\/\/librairie7l.com\/en\/produit\/the-van-cleef-arpels-collection-1906-1953-2\/\" \/>\n<meta property=\"og:locale\" content=\"en_US\" \/>\n<meta property=\"og:type\" content=\"article\" \/>\n<meta property=\"og:title\" content=\"The Van Cleef &amp; Arpels Collection 1906-1953 - Librairie 7L\" \/>\n<meta property=\"og:description\" content=\"Depuis plus d&#8217;un si\u00e8cle, la maison de haute joaillerie Van Cleef &amp; Arpels associe savoir-faire exceptionnel et prouesses techniques, et s&#8217;illustre par l&#8217;ing\u00e9niosit\u00e9 et la beaut\u00e9 de ses cr\u00e9ations. Cet ouvrage, premier tome du catalogue raisonn\u00e9 de la Collection Van Cleef &amp; Arpels, retrace les d\u00e9buts de la collection, de 1906 \u00e0 1953, mettant en [&hellip;]\" \/>\n<meta property=\"og:url\" content=\"https:\/\/librairie7l.com\/en\/produit\/the-van-cleef-arpels-collection-1906-1953-2\/\" \/>\n<meta property=\"og:site_name\" content=\"Librairie 7L\" \/>\n<meta property=\"article:modified_time\" content=\"2026-04-26T15:35:27+00:00\" \/>\n<meta property=\"og:image\" content=\"https:\/\/librairie7l.com\/wp-content\/uploads\/2023\/09\/9782365113892_1_75.jpg\" \/>\n\t<meta property=\"og:image:width\" content=\"400\" \/>\n\t<meta property=\"og:image:height\" content=\"532\" \/>\n\t<meta property=\"og:image:type\" content=\"image\/jpeg\" \/>\n<meta name=\"twitter:card\" content=\"summary_large_image\" \/>\n<meta name=\"twitter:label1\" content=\"Est. reading time\" \/>\n\t<meta name=\"twitter:data1\" content=\"1 minute\" \/>\n<script type=\"application\/ld+json\" class=\"yoast-schema-graph\">{\"@context\":\"https:\/\/schema.org\",\"@graph\":[{\"@type\":\"WebPage\",\"@id\":\"https:\/\/librairie7l.com\/en\/produit\/the-van-cleef-arpels-collection-1906-1953-2\/\",\"url\":\"https:\/\/librairie7l.com\/en\/produit\/the-van-cleef-arpels-collection-1906-1953-2\/\",\"name\":\"The Van Cleef &amp; Arpels Collection 1906-1953 - Librairie 7L\",\"isPartOf\":{\"@id\":\"https:\/\/librairie7l.com\/en\/#website\"},\"datePublished\":\"2026-04-24T07:17:14+00:00\",\"dateModified\":\"2026-04-26T15:35:27+00:00\",\"breadcrumb\":{\"@id\":\"https:\/\/librairie7l.com\/en\/produit\/the-van-cleef-arpels-collection-1906-1953-2\/#breadcrumb\"},\"inLanguage\":\"en-US\",\"potentialAction\":[{\"@type\":\"ReadAction\",\"target\":[\"https:\/\/librairie7l.com\/en\/produit\/the-van-cleef-arpels-collection-1906-1953-2\/\"]}]},{\"@type\":\"BreadcrumbList\",\"@id\":\"https:\/\/librairie7l.com\/en\/produit\/the-van-cleef-arpels-collection-1906-1953-2\/#breadcrumb\",\"itemListElement\":[{\"@type\":\"ListItem\",\"position\":1,\"name\":\"Accueil\",\"item\":\"https:\/\/librairie7l.com\/en\/\"},{\"@type\":\"ListItem\",\"position\":2,\"name\":\"Shop\",\"item\":\"https:\/\/librairie7l.com\/en\/shop\/\"},{\"@type\":\"ListItem\",\"position\":3,\"name\":\"THE VAN CLEEF &AMP; ARPELS COLLECTION 1906-1953\"}]},{\"@type\":\"WebSite\",\"@id\":\"https:\/\/librairie7l.com\/en\/#website\",\"url\":\"https:\/\/librairie7l.com\/en\/\",\"name\":\"Librairie 7L\",\"description\":\"Librairie fond\u00e9e en 1999 par Karl Lagerfeld \u00e0 Paris\",\"publisher\":{\"@id\":\"https:\/\/librairie7l.com\/en\/#organization\"},\"potentialAction\":[{\"@type\":\"SearchAction\",\"target\":{\"@type\":\"EntryPoint\",\"urlTemplate\":\"https:\/\/librairie7l.com\/en\/?s={search_term_string}\"},\"query-input\":\"required name=search_term_string\"}],\"inLanguage\":\"en-US\"},{\"@type\":\"Organization\",\"@id\":\"https:\/\/librairie7l.com\/en\/#organization\",\"name\":\"Librairie 7L\",\"url\":\"https:\/\/librairie7l.com\/en\/\",\"logo\":{\"@type\":\"ImageObject\",\"inLanguage\":\"en-US\",\"@id\":\"https:\/\/librairie7l.com\/en\/#\/schema\/logo\/image\/\",\"url\":\"https:\/\/librairie7l.com\/wp-content\/uploads\/2022\/08\/logo-1.png\",\"contentUrl\":\"https:\/\/librairie7l.com\/wp-content\/uploads\/2022\/08\/logo-1.png\",\"width\":227,\"height\":301,\"caption\":\"Librairie 7L\"},\"image\":{\"@id\":\"https:\/\/librairie7l.com\/en\/#\/schema\/logo\/image\/\"}}]}<\/script>\n<!-- \/ Yoast SEO plugin. -->","yoast_head_json":{"title":"The Van Cleef &amp; Arpels Collection 1906-1953 - Librairie 7L","robots":{"index":"index","follow":"follow","max-snippet":"max-snippet:-1","max-image-preview":"max-image-preview:large","max-video-preview":"max-video-preview:-1"},"canonical":"https:\/\/librairie7l.com\/en\/produit\/the-van-cleef-arpels-collection-1906-1953-2\/","og_locale":"en_US","og_type":"article","og_title":"The Van Cleef &amp; Arpels Collection 1906-1953 - Librairie 7L","og_description":"Depuis plus d&#8217;un si\u00e8cle, la maison de haute joaillerie Van Cleef &amp; Arpels associe savoir-faire exceptionnel et prouesses techniques, et s&#8217;illustre par l&#8217;ing\u00e9niosit\u00e9 et la beaut\u00e9 de ses cr\u00e9ations. Cet ouvrage, premier tome du catalogue raisonn\u00e9 de la Collection Van Cleef &amp; Arpels, retrace les d\u00e9buts de la collection, de 1906 \u00e0 1953, mettant en [&hellip;]","og_url":"https:\/\/librairie7l.com\/en\/produit\/the-van-cleef-arpels-collection-1906-1953-2\/","og_site_name":"Librairie 7L","article_modified_time":"2026-04-26T15:35:27+00:00","og_image":[{"width":400,"height":532,"url":"https:\/\/librairie7l.com\/wp-content\/uploads\/2023\/09\/9782365113892_1_75.jpg","type":"image\/jpeg"}],"twitter_card":"summary_large_image","twitter_misc":{"Est. reading time":"1 minute"},"schema":{"@context":"https:\/\/schema.org","@graph":[{"@type":"WebPage","@id":"https:\/\/librairie7l.com\/en\/produit\/the-van-cleef-arpels-collection-1906-1953-2\/","url":"https:\/\/librairie7l.com\/en\/produit\/the-van-cleef-arpels-collection-1906-1953-2\/","name":"The Van Cleef &amp; Arpels Collection 1906-1953 - Librairie 7L","isPartOf":{"@id":"https:\/\/librairie7l.com\/en\/#website"},"datePublished":"2026-04-24T07:17:14+00:00","dateModified":"2026-04-26T15:35:27+00:00","breadcrumb":{"@id":"https:\/\/librairie7l.com\/en\/produit\/the-van-cleef-arpels-collection-1906-1953-2\/#breadcrumb"},"inLanguage":"en-US","potentialAction":[{"@type":"ReadAction","target":["https:\/\/librairie7l.com\/en\/produit\/the-van-cleef-arpels-collection-1906-1953-2\/"]}]},{"@type":"BreadcrumbList","@id":"https:\/\/librairie7l.com\/en\/produit\/the-van-cleef-arpels-collection-1906-1953-2\/#breadcrumb","itemListElement":[{"@type":"ListItem","position":1,"name":"Accueil","item":"https:\/\/librairie7l.com\/en\/"},{"@type":"ListItem","position":2,"name":"Shop","item":"https:\/\/librairie7l.com\/en\/shop\/"},{"@type":"ListItem","position":3,"name":"THE VAN CLEEF &AMP; ARPELS COLLECTION 1906-1953"}]},{"@type":"WebSite","@id":"https:\/\/librairie7l.com\/en\/#website","url":"https:\/\/librairie7l.com\/en\/","name":"Librairie 7L","description":"Librairie fond\u00e9e en 1999 par Karl Lagerfeld \u00e0 Paris","publisher":{"@id":"https:\/\/librairie7l.com\/en\/#organization"},"potentialAction":[{"@type":"SearchAction","target":{"@type":"EntryPoint","urlTemplate":"https:\/\/librairie7l.com\/en\/?s={search_term_string}"},"query-input":"required name=search_term_string"}],"inLanguage":"en-US"},{"@type":"Organization","@id":"https:\/\/librairie7l.com\/en\/#organization","name":"Librairie 7L","url":"https:\/\/librairie7l.com\/en\/","logo":{"@type":"ImageObject","inLanguage":"en-US","@id":"https:\/\/librairie7l.com\/en\/#\/schema\/logo\/image\/","url":"https:\/\/librairie7l.com\/wp-content\/uploads\/2022\/08\/logo-1.png","contentUrl":"https:\/\/librairie7l.com\/wp-content\/uploads\/2022\/08\/logo-1.png","width":227,"height":301,"caption":"Librairie 7L"},"image":{"@id":"https:\/\/librairie7l.com\/en\/#\/schema\/logo\/image\/"}}]}},"_links":{"self":[{"href":"https:\/\/librairie7l.com\/en\/wp-json\/wp\/v2\/product\/56581"}],"collection":[{"href":"https:\/\/librairie7l.com\/en\/wp-json\/wp\/v2\/product"}],"about":[{"href":"https:\/\/librairie7l.com\/en\/wp-json\/wp\/v2\/types\/product"}],"wp:featuredmedia":[{"embeddable":true,"href":"https:\/\/librairie7l.com\/en\/wp-json\/wp\/v2\/media\/56579"}],"wp:attachment":[{"href":"https:\/\/librairie7l.com\/en\/wp-json\/wp\/v2\/media?parent=56581"}],"wp:term":[{"taxonomy":"product_cat","embeddable":true,"href":"https:\/\/librairie7l.com\/en\/wp-json\/wp\/v2\/product_cat?post=56581"},{"taxonomy":"product_tag","embeddable":true,"href":"https:\/\/librairie7l.com\/en\/wp-json\/wp\/v2\/product_tag?post=56581"}],"curies":[{"name":"wp","href":"https:\/\/api.w.org\/{rel}","templated":true}]}}