{"id":56589,"date":"2026-04-24T09:17:20","date_gmt":"2026-04-24T07:17:20","guid":{"rendered":"https:\/\/librairie7l.com\/?post_type=product&#038;p=56589"},"modified":"2026-04-30T19:48:51","modified_gmt":"2026-04-30T17:48:51","slug":"le-diamant-2","status":"publish","type":"product","link":"https:\/\/librairie7l.com\/en\/produit\/le-diamant-2\/","title":{"rendered":"LE DIAMANT"},"content":{"rendered":"<p>Robuste et raffin\u00e9, le diamant se d\u00e9cline en une multitude de couleurs et de formes et se porte de mille et une fa\u00e7ons : parures, broches, tiares, bagues de fian\u00e7ailles&#8230; Seul ou associ\u00e9 \u00e0 d&#8217;autres pierres, les combinaisons sont infinies.<\/p>\n<p>Au fil des pages de cet ouvrage et gr\u00e2ce \u00e0 des photographies de pi\u00e8ces d&#8217;exception, entre histoire et sciences, bijoutiers et mod\u00e8les, l\u00e9gende et convoitise, vous en saurez plus sur ces joyaux de la nature, sur leurs d\u00e9clinaisons et utilisations dans le monde de la mode.<\/p>\n<p>De sa premi\u00e8re mention en l&#8217;an 6 avant notre \u00e8re jusqu&#8217;\u00e0 sa popularisation gr\u00e2ce aux diamants de synth\u00e8se, de Bulgari \u00e0 Tiffany&amp;Co, du c\u00e9l\u00e8bre Hope \u00e0 la Grande \u00e9toile d&#8217;Afrique, ces pierres parfois mill\u00e9naires n&#8217;auront plus de secrets pour vous.<br \/>\nCe livre vous propose un voyage dans le temps, \u00e0 la d\u00e9couverte des diamants et des figures qui en ont fait un symbole de puret\u00e9 mais aussi de richesse, d&#8217;opulence, et de scandale. Car quoi de mieux qu&#8217;un collier de diamants pour pi\u00e9ger la reine Marie-Antoinette ? Ou qu&#8217;une bague de fian\u00e7ailles \u00e0 5 millions de dollars pour faire sa demande \u00e0 Beyonce ?<\/p>\n<p>Un livre brillant qui vous r\u00e9v\u00e8le toutes les facettes du diamant.<\/p>\n","protected":false},"excerpt":{"rendered":"<p>Robuste et raffin\u00e9, le diamant se d\u00e9cline en une multitude de couleurs et de formes et se porte de mille et une fa\u00e7ons : parures, broches, tiares, bagues de fian\u00e7ailles&#8230; Seul ou associ\u00e9 \u00e0 d&#8217;autres pierres, les combinaisons sont infinies. Au fil des pages de cet ouvrage et gr\u00e2ce \u00e0 des photographies de pi\u00e8ces d&#8217;exception, [&hellip;]<\/p>\n","protected":false},"featured_media":56587,"template":"","meta":[],"product_cat":[2948],"product_tag":[],"acf":[],"yoast_head":"<!-- This site is optimized with the Yoast SEO plugin v20.11 - https:\/\/yoast.com\/wordpress\/plugins\/seo\/ -->\n<title>Le diamant - Librairie 7L<\/title>\n<meta name=\"robots\" content=\"index, follow, max-snippet:-1, max-image-preview:large, max-video-preview:-1\" \/>\n<link rel=\"canonical\" href=\"https:\/\/librairie7l.com\/en\/produit\/le-diamant-2\/\" \/>\n<meta property=\"og:locale\" content=\"en_US\" \/>\n<meta property=\"og:type\" content=\"article\" \/>\n<meta property=\"og:title\" content=\"Le diamant - Librairie 7L\" \/>\n<meta property=\"og:description\" content=\"Robuste et raffin\u00e9, le diamant se d\u00e9cline en une multitude de couleurs et de formes et se porte de mille et une fa\u00e7ons : parures, broches, tiares, bagues de fian\u00e7ailles&#8230; Seul ou associ\u00e9 \u00e0 d&#8217;autres pierres, les combinaisons sont infinies. Au fil des pages de cet ouvrage et gr\u00e2ce \u00e0 des photographies de pi\u00e8ces d&#8217;exception, [&hellip;]\" \/>\n<meta property=\"og:url\" content=\"https:\/\/librairie7l.com\/en\/produit\/le-diamant-2\/\" \/>\n<meta property=\"og:site_name\" content=\"Librairie 7L\" \/>\n<meta property=\"article:modified_time\" content=\"2026-04-30T17:48:51+00:00\" \/>\n<meta property=\"og:image\" content=\"https:\/\/librairie7l.com\/wp-content\/uploads\/2025\/04\/9791029511097_1_75.jpg\" \/>\n\t<meta property=\"og:image:width\" content=\"400\" \/>\n\t<meta property=\"og:image:height\" content=\"580\" \/>\n\t<meta property=\"og:image:type\" content=\"image\/jpeg\" \/>\n<meta name=\"twitter:card\" content=\"summary_large_image\" \/>\n<meta name=\"twitter:label1\" content=\"Est. reading time\" \/>\n\t<meta name=\"twitter:data1\" content=\"1 minute\" \/>\n<script type=\"application\/ld+json\" class=\"yoast-schema-graph\">{\"@context\":\"https:\/\/schema.org\",\"@graph\":[{\"@type\":\"WebPage\",\"@id\":\"https:\/\/librairie7l.com\/en\/produit\/le-diamant-2\/\",\"url\":\"https:\/\/librairie7l.com\/en\/produit\/le-diamant-2\/\",\"name\":\"Le diamant - Librairie 7L\",\"isPartOf\":{\"@id\":\"https:\/\/librairie7l.com\/en\/#website\"},\"datePublished\":\"2026-04-24T07:17:20+00:00\",\"dateModified\":\"2026-04-30T17:48:51+00:00\",\"breadcrumb\":{\"@id\":\"https:\/\/librairie7l.com\/en\/produit\/le-diamant-2\/#breadcrumb\"},\"inLanguage\":\"en-US\",\"potentialAction\":[{\"@type\":\"ReadAction\",\"target\":[\"https:\/\/librairie7l.com\/en\/produit\/le-diamant-2\/\"]}]},{\"@type\":\"BreadcrumbList\",\"@id\":\"https:\/\/librairie7l.com\/en\/produit\/le-diamant-2\/#breadcrumb\",\"itemListElement\":[{\"@type\":\"ListItem\",\"position\":1,\"name\":\"Accueil\",\"item\":\"https:\/\/librairie7l.com\/en\/\"},{\"@type\":\"ListItem\",\"position\":2,\"name\":\"Shop\",\"item\":\"https:\/\/librairie7l.com\/en\/shop\/\"},{\"@type\":\"ListItem\",\"position\":3,\"name\":\"LE DIAMANT\"}]},{\"@type\":\"WebSite\",\"@id\":\"https:\/\/librairie7l.com\/en\/#website\",\"url\":\"https:\/\/librairie7l.com\/en\/\",\"name\":\"Librairie 7L\",\"description\":\"Librairie fond\u00e9e en 1999 par Karl Lagerfeld \u00e0 Paris\",\"publisher\":{\"@id\":\"https:\/\/librairie7l.com\/en\/#organization\"},\"potentialAction\":[{\"@type\":\"SearchAction\",\"target\":{\"@type\":\"EntryPoint\",\"urlTemplate\":\"https:\/\/librairie7l.com\/en\/?s={search_term_string}\"},\"query-input\":\"required name=search_term_string\"}],\"inLanguage\":\"en-US\"},{\"@type\":\"Organization\",\"@id\":\"https:\/\/librairie7l.com\/en\/#organization\",\"name\":\"Librairie 7L\",\"url\":\"https:\/\/librairie7l.com\/en\/\",\"logo\":{\"@type\":\"ImageObject\",\"inLanguage\":\"en-US\",\"@id\":\"https:\/\/librairie7l.com\/en\/#\/schema\/logo\/image\/\",\"url\":\"https:\/\/librairie7l.com\/wp-content\/uploads\/2022\/08\/logo-1.png\",\"contentUrl\":\"https:\/\/librairie7l.com\/wp-content\/uploads\/2022\/08\/logo-1.png\",\"width\":227,\"height\":301,\"caption\":\"Librairie 7L\"},\"image\":{\"@id\":\"https:\/\/librairie7l.com\/en\/#\/schema\/logo\/image\/\"}}]}<\/script>\n<!-- \/ Yoast SEO plugin. -->","yoast_head_json":{"title":"Le diamant - Librairie 7L","robots":{"index":"index","follow":"follow","max-snippet":"max-snippet:-1","max-image-preview":"max-image-preview:large","max-video-preview":"max-video-preview:-1"},"canonical":"https:\/\/librairie7l.com\/en\/produit\/le-diamant-2\/","og_locale":"en_US","og_type":"article","og_title":"Le diamant - Librairie 7L","og_description":"Robuste et raffin\u00e9, le diamant se d\u00e9cline en une multitude de couleurs et de formes et se porte de mille et une fa\u00e7ons : parures, broches, tiares, bagues de fian\u00e7ailles&#8230; Seul ou associ\u00e9 \u00e0 d&#8217;autres pierres, les combinaisons sont infinies. Au fil des pages de cet ouvrage et gr\u00e2ce \u00e0 des photographies de pi\u00e8ces d&#8217;exception, [&hellip;]","og_url":"https:\/\/librairie7l.com\/en\/produit\/le-diamant-2\/","og_site_name":"Librairie 7L","article_modified_time":"2026-04-30T17:48:51+00:00","og_image":[{"width":400,"height":580,"url":"https:\/\/librairie7l.com\/wp-content\/uploads\/2025\/04\/9791029511097_1_75.jpg","type":"image\/jpeg"}],"twitter_card":"summary_large_image","twitter_misc":{"Est. reading time":"1 minute"},"schema":{"@context":"https:\/\/schema.org","@graph":[{"@type":"WebPage","@id":"https:\/\/librairie7l.com\/en\/produit\/le-diamant-2\/","url":"https:\/\/librairie7l.com\/en\/produit\/le-diamant-2\/","name":"Le diamant - Librairie 7L","isPartOf":{"@id":"https:\/\/librairie7l.com\/en\/#website"},"datePublished":"2026-04-24T07:17:20+00:00","dateModified":"2026-04-30T17:48:51+00:00","breadcrumb":{"@id":"https:\/\/librairie7l.com\/en\/produit\/le-diamant-2\/#breadcrumb"},"inLanguage":"en-US","potentialAction":[{"@type":"ReadAction","target":["https:\/\/librairie7l.com\/en\/produit\/le-diamant-2\/"]}]},{"@type":"BreadcrumbList","@id":"https:\/\/librairie7l.com\/en\/produit\/le-diamant-2\/#breadcrumb","itemListElement":[{"@type":"ListItem","position":1,"name":"Accueil","item":"https:\/\/librairie7l.com\/en\/"},{"@type":"ListItem","position":2,"name":"Shop","item":"https:\/\/librairie7l.com\/en\/shop\/"},{"@type":"ListItem","position":3,"name":"LE DIAMANT"}]},{"@type":"WebSite","@id":"https:\/\/librairie7l.com\/en\/#website","url":"https:\/\/librairie7l.com\/en\/","name":"Librairie 7L","description":"Librairie fond\u00e9e en 1999 par Karl Lagerfeld \u00e0 Paris","publisher":{"@id":"https:\/\/librairie7l.com\/en\/#organization"},"potentialAction":[{"@type":"SearchAction","target":{"@type":"EntryPoint","urlTemplate":"https:\/\/librairie7l.com\/en\/?s={search_term_string}"},"query-input":"required name=search_term_string"}],"inLanguage":"en-US"},{"@type":"Organization","@id":"https:\/\/librairie7l.com\/en\/#organization","name":"Librairie 7L","url":"https:\/\/librairie7l.com\/en\/","logo":{"@type":"ImageObject","inLanguage":"en-US","@id":"https:\/\/librairie7l.com\/en\/#\/schema\/logo\/image\/","url":"https:\/\/librairie7l.com\/wp-content\/uploads\/2022\/08\/logo-1.png","contentUrl":"https:\/\/librairie7l.com\/wp-content\/uploads\/2022\/08\/logo-1.png","width":227,"height":301,"caption":"Librairie 7L"},"image":{"@id":"https:\/\/librairie7l.com\/en\/#\/schema\/logo\/image\/"}}]}},"_links":{"self":[{"href":"https:\/\/librairie7l.com\/en\/wp-json\/wp\/v2\/product\/56589"}],"collection":[{"href":"https:\/\/librairie7l.com\/en\/wp-json\/wp\/v2\/product"}],"about":[{"href":"https:\/\/librairie7l.com\/en\/wp-json\/wp\/v2\/types\/product"}],"wp:featuredmedia":[{"embeddable":true,"href":"https:\/\/librairie7l.com\/en\/wp-json\/wp\/v2\/media\/56587"}],"wp:attachment":[{"href":"https:\/\/librairie7l.com\/en\/wp-json\/wp\/v2\/media?parent=56589"}],"wp:term":[{"taxonomy":"product_cat","embeddable":true,"href":"https:\/\/librairie7l.com\/en\/wp-json\/wp\/v2\/product_cat?post=56589"},{"taxonomy":"product_tag","embeddable":true,"href":"https:\/\/librairie7l.com\/en\/wp-json\/wp\/v2\/product_tag?post=56589"}],"curies":[{"name":"wp","href":"https:\/\/api.w.org\/{rel}","templated":true}]}}