{"id":56597,"date":"2026-04-24T09:17:24","date_gmt":"2026-04-24T07:17:24","guid":{"rendered":"https:\/\/librairie7l.com\/?post_type=product&#038;p=56597"},"modified":"2026-04-30T19:48:41","modified_gmt":"2026-04-30T17:48:41","slug":"femmes-aux-bijoux-2","status":"publish","type":"product","link":"https:\/\/librairie7l.com\/en\/produit\/femmes-aux-bijoux-2\/","title":{"rendered":"FEMMES AUX BIJOUX"},"content":{"rendered":"<p>Diana Vreeland, l\u00e9gendaire \u00e9ditrice de mode, clamait combien les bijoux sont absolument vitaux, Elizabeth Taylor dialoguait amoureusement avec ses chers tr\u00e9sors, tandis que Maria Callas les amassait pour mieux \u00e9loigner le spectre de sa pauvret\u00e9. R\u00e9pondant \u00e0 un \u00e9ternel d\u00e9sir d&#8217;\u00e9clat et de pouvoir, les joyaux portent en creux la trace des amours et des exils, des drames intimes et des victoires \u00e9clatantes. Entrouvrons les \u00e9crins de ces dames, admirons au plus pr\u00e8s leurs scintillantes parures car sous l&#8217;or et les pierreries dompt\u00e9s par les plus grands g\u00e9nies de la joaillerie, battent leurs coeurs impatients. Dans ce livre imagin\u00e9 comme un \u00e9crin id\u00e9al, richement illustr\u00e9, notamment de documents rares issus des archives des plus grands joailliers (Boucheron, Bulgari, Cartier, Chaumet, Tiffany &amp; Co., Van Cleef &amp; Arpels&#8230;), quinze illustres femmes prennent corps &#8211; corps sublim\u00e9 par leurs joyaux ! &#8211; et ce sont bien leurs parures qui les r\u00e9sument le mieux.<\/p>\n<p>Par ordre d&#8217;apparition: Elizabeth Taylor, Marie-Antoinette, Maria Callas, Ava Gardner, Helena Rubinstein, Soraya, Jackie Kennedy-Onassis, Elizabeth II, Barbara Hutton, Lady Di, Eug\u00e9nie de Montijo, Wallis Simpson, Grace de Monaco, Yvette Labrousse, Brooke Astor<\/p>\n","protected":false},"excerpt":{"rendered":"<p>Diana Vreeland, l\u00e9gendaire \u00e9ditrice de mode, clamait combien les bijoux sont absolument vitaux, Elizabeth Taylor dialoguait amoureusement avec ses chers tr\u00e9sors, tandis que Maria Callas les amassait pour mieux \u00e9loigner le spectre de sa pauvret\u00e9. R\u00e9pondant \u00e0 un \u00e9ternel d\u00e9sir d&#8217;\u00e9clat et de pouvoir, les joyaux portent en creux la trace des amours et des [&hellip;]<\/p>\n","protected":false},"featured_media":56595,"template":"","meta":[],"product_cat":[2948],"product_tag":[],"acf":[],"yoast_head":"<!-- This site is optimized with the Yoast SEO plugin v20.11 - https:\/\/yoast.com\/wordpress\/plugins\/seo\/ -->\n<title>Femmes aux bijoux - Librairie 7L<\/title>\n<meta name=\"robots\" content=\"index, follow, max-snippet:-1, max-image-preview:large, max-video-preview:-1\" \/>\n<link rel=\"canonical\" href=\"https:\/\/librairie7l.com\/en\/produit\/femmes-aux-bijoux-2\/\" \/>\n<meta property=\"og:locale\" content=\"en_US\" \/>\n<meta property=\"og:type\" content=\"article\" \/>\n<meta property=\"og:title\" content=\"Femmes aux bijoux - Librairie 7L\" \/>\n<meta property=\"og:description\" content=\"Diana Vreeland, l\u00e9gendaire \u00e9ditrice de mode, clamait combien les bijoux sont absolument vitaux, Elizabeth Taylor dialoguait amoureusement avec ses chers tr\u00e9sors, tandis que Maria Callas les amassait pour mieux \u00e9loigner le spectre de sa pauvret\u00e9. R\u00e9pondant \u00e0 un \u00e9ternel d\u00e9sir d&#8217;\u00e9clat et de pouvoir, les joyaux portent en creux la trace des amours et des [&hellip;]\" \/>\n<meta property=\"og:url\" content=\"https:\/\/librairie7l.com\/en\/produit\/femmes-aux-bijoux-2\/\" \/>\n<meta property=\"og:site_name\" content=\"Librairie 7L\" \/>\n<meta property=\"article:modified_time\" content=\"2026-04-30T17:48:41+00:00\" \/>\n<meta property=\"og:image\" content=\"https:\/\/librairie7l.com\/wp-content\/uploads\/2025\/06\/9791040115465_1_75.jpg\" \/>\n\t<meta property=\"og:image:width\" content=\"400\" \/>\n\t<meta property=\"og:image:height\" content=\"533\" \/>\n\t<meta property=\"og:image:type\" content=\"image\/jpeg\" \/>\n<meta name=\"twitter:card\" content=\"summary_large_image\" \/>\n<meta name=\"twitter:label1\" content=\"Est. reading time\" \/>\n\t<meta name=\"twitter:data1\" content=\"1 minute\" \/>\n<script type=\"application\/ld+json\" class=\"yoast-schema-graph\">{\"@context\":\"https:\/\/schema.org\",\"@graph\":[{\"@type\":\"WebPage\",\"@id\":\"https:\/\/librairie7l.com\/en\/produit\/femmes-aux-bijoux-2\/\",\"url\":\"https:\/\/librairie7l.com\/en\/produit\/femmes-aux-bijoux-2\/\",\"name\":\"Femmes aux bijoux - Librairie 7L\",\"isPartOf\":{\"@id\":\"https:\/\/librairie7l.com\/en\/#website\"},\"datePublished\":\"2026-04-24T07:17:24+00:00\",\"dateModified\":\"2026-04-30T17:48:41+00:00\",\"breadcrumb\":{\"@id\":\"https:\/\/librairie7l.com\/en\/produit\/femmes-aux-bijoux-2\/#breadcrumb\"},\"inLanguage\":\"en-US\",\"potentialAction\":[{\"@type\":\"ReadAction\",\"target\":[\"https:\/\/librairie7l.com\/en\/produit\/femmes-aux-bijoux-2\/\"]}]},{\"@type\":\"BreadcrumbList\",\"@id\":\"https:\/\/librairie7l.com\/en\/produit\/femmes-aux-bijoux-2\/#breadcrumb\",\"itemListElement\":[{\"@type\":\"ListItem\",\"position\":1,\"name\":\"Accueil\",\"item\":\"https:\/\/librairie7l.com\/en\/\"},{\"@type\":\"ListItem\",\"position\":2,\"name\":\"Shop\",\"item\":\"https:\/\/librairie7l.com\/en\/shop\/\"},{\"@type\":\"ListItem\",\"position\":3,\"name\":\"FEMMES AUX BIJOUX\"}]},{\"@type\":\"WebSite\",\"@id\":\"https:\/\/librairie7l.com\/en\/#website\",\"url\":\"https:\/\/librairie7l.com\/en\/\",\"name\":\"Librairie 7L\",\"description\":\"Librairie fond\u00e9e en 1999 par Karl Lagerfeld \u00e0 Paris\",\"publisher\":{\"@id\":\"https:\/\/librairie7l.com\/en\/#organization\"},\"potentialAction\":[{\"@type\":\"SearchAction\",\"target\":{\"@type\":\"EntryPoint\",\"urlTemplate\":\"https:\/\/librairie7l.com\/en\/?s={search_term_string}\"},\"query-input\":\"required name=search_term_string\"}],\"inLanguage\":\"en-US\"},{\"@type\":\"Organization\",\"@id\":\"https:\/\/librairie7l.com\/en\/#organization\",\"name\":\"Librairie 7L\",\"url\":\"https:\/\/librairie7l.com\/en\/\",\"logo\":{\"@type\":\"ImageObject\",\"inLanguage\":\"en-US\",\"@id\":\"https:\/\/librairie7l.com\/en\/#\/schema\/logo\/image\/\",\"url\":\"https:\/\/librairie7l.com\/wp-content\/uploads\/2022\/08\/logo-1.png\",\"contentUrl\":\"https:\/\/librairie7l.com\/wp-content\/uploads\/2022\/08\/logo-1.png\",\"width\":227,\"height\":301,\"caption\":\"Librairie 7L\"},\"image\":{\"@id\":\"https:\/\/librairie7l.com\/en\/#\/schema\/logo\/image\/\"}}]}<\/script>\n<!-- \/ Yoast SEO plugin. -->","yoast_head_json":{"title":"Femmes aux bijoux - Librairie 7L","robots":{"index":"index","follow":"follow","max-snippet":"max-snippet:-1","max-image-preview":"max-image-preview:large","max-video-preview":"max-video-preview:-1"},"canonical":"https:\/\/librairie7l.com\/en\/produit\/femmes-aux-bijoux-2\/","og_locale":"en_US","og_type":"article","og_title":"Femmes aux bijoux - Librairie 7L","og_description":"Diana Vreeland, l\u00e9gendaire \u00e9ditrice de mode, clamait combien les bijoux sont absolument vitaux, Elizabeth Taylor dialoguait amoureusement avec ses chers tr\u00e9sors, tandis que Maria Callas les amassait pour mieux \u00e9loigner le spectre de sa pauvret\u00e9. R\u00e9pondant \u00e0 un \u00e9ternel d\u00e9sir d&#8217;\u00e9clat et de pouvoir, les joyaux portent en creux la trace des amours et des [&hellip;]","og_url":"https:\/\/librairie7l.com\/en\/produit\/femmes-aux-bijoux-2\/","og_site_name":"Librairie 7L","article_modified_time":"2026-04-30T17:48:41+00:00","og_image":[{"width":400,"height":533,"url":"https:\/\/librairie7l.com\/wp-content\/uploads\/2025\/06\/9791040115465_1_75.jpg","type":"image\/jpeg"}],"twitter_card":"summary_large_image","twitter_misc":{"Est. reading time":"1 minute"},"schema":{"@context":"https:\/\/schema.org","@graph":[{"@type":"WebPage","@id":"https:\/\/librairie7l.com\/en\/produit\/femmes-aux-bijoux-2\/","url":"https:\/\/librairie7l.com\/en\/produit\/femmes-aux-bijoux-2\/","name":"Femmes aux bijoux - Librairie 7L","isPartOf":{"@id":"https:\/\/librairie7l.com\/en\/#website"},"datePublished":"2026-04-24T07:17:24+00:00","dateModified":"2026-04-30T17:48:41+00:00","breadcrumb":{"@id":"https:\/\/librairie7l.com\/en\/produit\/femmes-aux-bijoux-2\/#breadcrumb"},"inLanguage":"en-US","potentialAction":[{"@type":"ReadAction","target":["https:\/\/librairie7l.com\/en\/produit\/femmes-aux-bijoux-2\/"]}]},{"@type":"BreadcrumbList","@id":"https:\/\/librairie7l.com\/en\/produit\/femmes-aux-bijoux-2\/#breadcrumb","itemListElement":[{"@type":"ListItem","position":1,"name":"Accueil","item":"https:\/\/librairie7l.com\/en\/"},{"@type":"ListItem","position":2,"name":"Shop","item":"https:\/\/librairie7l.com\/en\/shop\/"},{"@type":"ListItem","position":3,"name":"FEMMES AUX BIJOUX"}]},{"@type":"WebSite","@id":"https:\/\/librairie7l.com\/en\/#website","url":"https:\/\/librairie7l.com\/en\/","name":"Librairie 7L","description":"Librairie fond\u00e9e en 1999 par Karl Lagerfeld \u00e0 Paris","publisher":{"@id":"https:\/\/librairie7l.com\/en\/#organization"},"potentialAction":[{"@type":"SearchAction","target":{"@type":"EntryPoint","urlTemplate":"https:\/\/librairie7l.com\/en\/?s={search_term_string}"},"query-input":"required name=search_term_string"}],"inLanguage":"en-US"},{"@type":"Organization","@id":"https:\/\/librairie7l.com\/en\/#organization","name":"Librairie 7L","url":"https:\/\/librairie7l.com\/en\/","logo":{"@type":"ImageObject","inLanguage":"en-US","@id":"https:\/\/librairie7l.com\/en\/#\/schema\/logo\/image\/","url":"https:\/\/librairie7l.com\/wp-content\/uploads\/2022\/08\/logo-1.png","contentUrl":"https:\/\/librairie7l.com\/wp-content\/uploads\/2022\/08\/logo-1.png","width":227,"height":301,"caption":"Librairie 7L"},"image":{"@id":"https:\/\/librairie7l.com\/en\/#\/schema\/logo\/image\/"}}]}},"_links":{"self":[{"href":"https:\/\/librairie7l.com\/en\/wp-json\/wp\/v2\/product\/56597"}],"collection":[{"href":"https:\/\/librairie7l.com\/en\/wp-json\/wp\/v2\/product"}],"about":[{"href":"https:\/\/librairie7l.com\/en\/wp-json\/wp\/v2\/types\/product"}],"wp:featuredmedia":[{"embeddable":true,"href":"https:\/\/librairie7l.com\/en\/wp-json\/wp\/v2\/media\/56595"}],"wp:attachment":[{"href":"https:\/\/librairie7l.com\/en\/wp-json\/wp\/v2\/media?parent=56597"}],"wp:term":[{"taxonomy":"product_cat","embeddable":true,"href":"https:\/\/librairie7l.com\/en\/wp-json\/wp\/v2\/product_cat?post=56597"},{"taxonomy":"product_tag","embeddable":true,"href":"https:\/\/librairie7l.com\/en\/wp-json\/wp\/v2\/product_tag?post=56597"}],"curies":[{"name":"wp","href":"https:\/\/api.w.org\/{rel}","templated":true}]}}