{"id":56613,"date":"2026-04-24T09:17:34","date_gmt":"2026-04-24T07:17:34","guid":{"rendered":"https:\/\/librairie7l.com\/?post_type=product&#038;p=56613"},"modified":"2026-04-30T19:57:09","modified_gmt":"2026-04-30T17:57:09","slug":"patine-des-metaux-bijouterie-et-creations-metalliques-2","status":"publish","type":"product","link":"https:\/\/librairie7l.com\/en\/produit\/patine-des-metaux-bijouterie-et-creations-metalliques-2\/","title":{"rendered":"PATINE DES M\u00c9TAUX : BIJOUTERIE ET CR\u00c9ATIONS M\u00c9TALLIQUES"},"content":{"rendered":"<p>Il existe une multitude d&#8217;effets de coloration et de patine diff\u00e9rents pouvant \u00eatre appliqu\u00e9s aux m\u00e9taux. \u00c9crit par un ing\u00e9nieur devenu \u00ab peintre sur m\u00e9tal \u00bb, ce livre d\u00e9taille et compare les m\u00e9thodes de travail, les choix esth\u00e9tiques et les techniques de coloration qui s&#8217;offrent aux artisans du m\u00e9tal. L&#8217;auteur y livre le fruit de ses recherches sur la patine. Apr\u00e8s la pr\u00e9paration de surface et l&#8217;application des colorants, il d\u00e9crit 300 recettes illustr\u00e9es pour sept m\u00e9taux diff\u00e9rents : l&#8217;acier, l&#8217;acier inoxydable, l&#8217;aluminium, le cuivre, le laiton 230 et 260, le bronze 220 et 255, et l&#8217;argent.<\/p>\n<p>Destin\u00e9es aux cr\u00e9ateurs, professionnels ou amateurs, ces recettes peuvent \u00eatre employ\u00e9es dans des domaines vari\u00e9s, comme la bijouterie, le design, le mobilier ou encore la cr\u00e9ation d&#8217;oeuvres d&#8217;art.<\/p>\n","protected":false},"excerpt":{"rendered":"<p>Il existe une multitude d&#8217;effets de coloration et de patine diff\u00e9rents pouvant \u00eatre appliqu\u00e9s aux m\u00e9taux. \u00c9crit par un ing\u00e9nieur devenu \u00ab peintre sur m\u00e9tal \u00bb, ce livre d\u00e9taille et compare les m\u00e9thodes de travail, les choix esth\u00e9tiques et les techniques de coloration qui s&#8217;offrent aux artisans du m\u00e9tal. L&#8217;auteur y livre le fruit de [&hellip;]<\/p>\n","protected":false},"featured_media":56611,"template":"","meta":[],"product_cat":[2948],"product_tag":[],"acf":[],"yoast_head":"<!-- This site is optimized with the Yoast SEO plugin v20.11 - https:\/\/yoast.com\/wordpress\/plugins\/seo\/ -->\n<title>Patine des m\u00e9taux : Bijouterie et cr\u00e9ations m\u00e9talliques - Librairie 7L<\/title>\n<meta name=\"robots\" content=\"index, follow, max-snippet:-1, max-image-preview:large, max-video-preview:-1\" \/>\n<link rel=\"canonical\" href=\"https:\/\/librairie7l.com\/en\/produit\/patine-des-metaux-bijouterie-et-creations-metalliques-2\/\" \/>\n<meta property=\"og:locale\" content=\"en_US\" \/>\n<meta property=\"og:type\" content=\"article\" \/>\n<meta property=\"og:title\" content=\"Patine des m\u00e9taux : Bijouterie et cr\u00e9ations m\u00e9talliques - Librairie 7L\" \/>\n<meta property=\"og:description\" content=\"Il existe une multitude d&#8217;effets de coloration et de patine diff\u00e9rents pouvant \u00eatre appliqu\u00e9s aux m\u00e9taux. \u00c9crit par un ing\u00e9nieur devenu \u00ab peintre sur m\u00e9tal \u00bb, ce livre d\u00e9taille et compare les m\u00e9thodes de travail, les choix esth\u00e9tiques et les techniques de coloration qui s&#8217;offrent aux artisans du m\u00e9tal. L&#8217;auteur y livre le fruit de [&hellip;]\" \/>\n<meta property=\"og:url\" content=\"https:\/\/librairie7l.com\/en\/produit\/patine-des-metaux-bijouterie-et-creations-metalliques-2\/\" \/>\n<meta property=\"og:site_name\" content=\"Librairie 7L\" \/>\n<meta property=\"article:modified_time\" content=\"2026-04-30T17:57:09+00:00\" \/>\n<meta property=\"og:image\" content=\"https:\/\/librairie7l.com\/wp-content\/uploads\/2024\/11\/9782851012753_1_75.jpg\" \/>\n\t<meta property=\"og:image:width\" content=\"600\" \/>\n\t<meta property=\"og:image:height\" content=\"800\" \/>\n\t<meta property=\"og:image:type\" content=\"image\/jpeg\" \/>\n<meta name=\"twitter:card\" content=\"summary_large_image\" \/>\n<meta name=\"twitter:label1\" content=\"Est. reading time\" \/>\n\t<meta name=\"twitter:data1\" content=\"1 minute\" \/>\n<script type=\"application\/ld+json\" class=\"yoast-schema-graph\">{\"@context\":\"https:\/\/schema.org\",\"@graph\":[{\"@type\":\"WebPage\",\"@id\":\"https:\/\/librairie7l.com\/en\/produit\/patine-des-metaux-bijouterie-et-creations-metalliques-2\/\",\"url\":\"https:\/\/librairie7l.com\/en\/produit\/patine-des-metaux-bijouterie-et-creations-metalliques-2\/\",\"name\":\"Patine des m\u00e9taux : Bijouterie et cr\u00e9ations m\u00e9talliques - Librairie 7L\",\"isPartOf\":{\"@id\":\"https:\/\/librairie7l.com\/en\/#website\"},\"datePublished\":\"2026-04-24T07:17:34+00:00\",\"dateModified\":\"2026-04-30T17:57:09+00:00\",\"breadcrumb\":{\"@id\":\"https:\/\/librairie7l.com\/en\/produit\/patine-des-metaux-bijouterie-et-creations-metalliques-2\/#breadcrumb\"},\"inLanguage\":\"en-US\",\"potentialAction\":[{\"@type\":\"ReadAction\",\"target\":[\"https:\/\/librairie7l.com\/en\/produit\/patine-des-metaux-bijouterie-et-creations-metalliques-2\/\"]}]},{\"@type\":\"BreadcrumbList\",\"@id\":\"https:\/\/librairie7l.com\/en\/produit\/patine-des-metaux-bijouterie-et-creations-metalliques-2\/#breadcrumb\",\"itemListElement\":[{\"@type\":\"ListItem\",\"position\":1,\"name\":\"Accueil\",\"item\":\"https:\/\/librairie7l.com\/en\/\"},{\"@type\":\"ListItem\",\"position\":2,\"name\":\"Shop\",\"item\":\"https:\/\/librairie7l.com\/en\/shop\/\"},{\"@type\":\"ListItem\",\"position\":3,\"name\":\"PATINE DES M\u00c9TAUX : BIJOUTERIE ET CR\u00c9ATIONS M\u00c9TALLIQUES\"}]},{\"@type\":\"WebSite\",\"@id\":\"https:\/\/librairie7l.com\/en\/#website\",\"url\":\"https:\/\/librairie7l.com\/en\/\",\"name\":\"Librairie 7L\",\"description\":\"Librairie fond\u00e9e en 1999 par Karl Lagerfeld \u00e0 Paris\",\"publisher\":{\"@id\":\"https:\/\/librairie7l.com\/en\/#organization\"},\"potentialAction\":[{\"@type\":\"SearchAction\",\"target\":{\"@type\":\"EntryPoint\",\"urlTemplate\":\"https:\/\/librairie7l.com\/en\/?s={search_term_string}\"},\"query-input\":\"required name=search_term_string\"}],\"inLanguage\":\"en-US\"},{\"@type\":\"Organization\",\"@id\":\"https:\/\/librairie7l.com\/en\/#organization\",\"name\":\"Librairie 7L\",\"url\":\"https:\/\/librairie7l.com\/en\/\",\"logo\":{\"@type\":\"ImageObject\",\"inLanguage\":\"en-US\",\"@id\":\"https:\/\/librairie7l.com\/en\/#\/schema\/logo\/image\/\",\"url\":\"https:\/\/librairie7l.com\/wp-content\/uploads\/2022\/08\/logo-1.png\",\"contentUrl\":\"https:\/\/librairie7l.com\/wp-content\/uploads\/2022\/08\/logo-1.png\",\"width\":227,\"height\":301,\"caption\":\"Librairie 7L\"},\"image\":{\"@id\":\"https:\/\/librairie7l.com\/en\/#\/schema\/logo\/image\/\"}}]}<\/script>\n<!-- \/ Yoast SEO plugin. -->","yoast_head_json":{"title":"Patine des m\u00e9taux : Bijouterie et cr\u00e9ations m\u00e9talliques - Librairie 7L","robots":{"index":"index","follow":"follow","max-snippet":"max-snippet:-1","max-image-preview":"max-image-preview:large","max-video-preview":"max-video-preview:-1"},"canonical":"https:\/\/librairie7l.com\/en\/produit\/patine-des-metaux-bijouterie-et-creations-metalliques-2\/","og_locale":"en_US","og_type":"article","og_title":"Patine des m\u00e9taux : Bijouterie et cr\u00e9ations m\u00e9talliques - Librairie 7L","og_description":"Il existe une multitude d&#8217;effets de coloration et de patine diff\u00e9rents pouvant \u00eatre appliqu\u00e9s aux m\u00e9taux. \u00c9crit par un ing\u00e9nieur devenu \u00ab peintre sur m\u00e9tal \u00bb, ce livre d\u00e9taille et compare les m\u00e9thodes de travail, les choix esth\u00e9tiques et les techniques de coloration qui s&#8217;offrent aux artisans du m\u00e9tal. L&#8217;auteur y livre le fruit de [&hellip;]","og_url":"https:\/\/librairie7l.com\/en\/produit\/patine-des-metaux-bijouterie-et-creations-metalliques-2\/","og_site_name":"Librairie 7L","article_modified_time":"2026-04-30T17:57:09+00:00","og_image":[{"width":600,"height":800,"url":"https:\/\/librairie7l.com\/wp-content\/uploads\/2024\/11\/9782851012753_1_75.jpg","type":"image\/jpeg"}],"twitter_card":"summary_large_image","twitter_misc":{"Est. reading time":"1 minute"},"schema":{"@context":"https:\/\/schema.org","@graph":[{"@type":"WebPage","@id":"https:\/\/librairie7l.com\/en\/produit\/patine-des-metaux-bijouterie-et-creations-metalliques-2\/","url":"https:\/\/librairie7l.com\/en\/produit\/patine-des-metaux-bijouterie-et-creations-metalliques-2\/","name":"Patine des m\u00e9taux : Bijouterie et cr\u00e9ations m\u00e9talliques - Librairie 7L","isPartOf":{"@id":"https:\/\/librairie7l.com\/en\/#website"},"datePublished":"2026-04-24T07:17:34+00:00","dateModified":"2026-04-30T17:57:09+00:00","breadcrumb":{"@id":"https:\/\/librairie7l.com\/en\/produit\/patine-des-metaux-bijouterie-et-creations-metalliques-2\/#breadcrumb"},"inLanguage":"en-US","potentialAction":[{"@type":"ReadAction","target":["https:\/\/librairie7l.com\/en\/produit\/patine-des-metaux-bijouterie-et-creations-metalliques-2\/"]}]},{"@type":"BreadcrumbList","@id":"https:\/\/librairie7l.com\/en\/produit\/patine-des-metaux-bijouterie-et-creations-metalliques-2\/#breadcrumb","itemListElement":[{"@type":"ListItem","position":1,"name":"Accueil","item":"https:\/\/librairie7l.com\/en\/"},{"@type":"ListItem","position":2,"name":"Shop","item":"https:\/\/librairie7l.com\/en\/shop\/"},{"@type":"ListItem","position":3,"name":"PATINE DES M\u00c9TAUX : BIJOUTERIE ET CR\u00c9ATIONS M\u00c9TALLIQUES"}]},{"@type":"WebSite","@id":"https:\/\/librairie7l.com\/en\/#website","url":"https:\/\/librairie7l.com\/en\/","name":"Librairie 7L","description":"Librairie fond\u00e9e en 1999 par Karl Lagerfeld \u00e0 Paris","publisher":{"@id":"https:\/\/librairie7l.com\/en\/#organization"},"potentialAction":[{"@type":"SearchAction","target":{"@type":"EntryPoint","urlTemplate":"https:\/\/librairie7l.com\/en\/?s={search_term_string}"},"query-input":"required name=search_term_string"}],"inLanguage":"en-US"},{"@type":"Organization","@id":"https:\/\/librairie7l.com\/en\/#organization","name":"Librairie 7L","url":"https:\/\/librairie7l.com\/en\/","logo":{"@type":"ImageObject","inLanguage":"en-US","@id":"https:\/\/librairie7l.com\/en\/#\/schema\/logo\/image\/","url":"https:\/\/librairie7l.com\/wp-content\/uploads\/2022\/08\/logo-1.png","contentUrl":"https:\/\/librairie7l.com\/wp-content\/uploads\/2022\/08\/logo-1.png","width":227,"height":301,"caption":"Librairie 7L"},"image":{"@id":"https:\/\/librairie7l.com\/en\/#\/schema\/logo\/image\/"}}]}},"_links":{"self":[{"href":"https:\/\/librairie7l.com\/en\/wp-json\/wp\/v2\/product\/56613"}],"collection":[{"href":"https:\/\/librairie7l.com\/en\/wp-json\/wp\/v2\/product"}],"about":[{"href":"https:\/\/librairie7l.com\/en\/wp-json\/wp\/v2\/types\/product"}],"wp:featuredmedia":[{"embeddable":true,"href":"https:\/\/librairie7l.com\/en\/wp-json\/wp\/v2\/media\/56611"}],"wp:attachment":[{"href":"https:\/\/librairie7l.com\/en\/wp-json\/wp\/v2\/media?parent=56613"}],"wp:term":[{"taxonomy":"product_cat","embeddable":true,"href":"https:\/\/librairie7l.com\/en\/wp-json\/wp\/v2\/product_cat?post=56613"},{"taxonomy":"product_tag","embeddable":true,"href":"https:\/\/librairie7l.com\/en\/wp-json\/wp\/v2\/product_tag?post=56613"}],"curies":[{"name":"wp","href":"https:\/\/api.w.org\/{rel}","templated":true}]}}