{"id":56617,"date":"2026-04-24T09:17:37","date_gmt":"2026-04-24T07:17:37","guid":{"rendered":"https:\/\/librairie7l.com\/?post_type=product&#038;p=56617"},"modified":"2026-05-02T10:28:48","modified_gmt":"2026-05-02T08:28:48","slug":"dictionnaire-des-pierres-et-mineraux-pour-chaque-pierre-indications-therapeutiques-symbolisme-influences-rayonnement-benefique-2","status":"publish","type":"product","link":"https:\/\/librairie7l.com\/en\/produit\/dictionnaire-des-pierres-et-mineraux-pour-chaque-pierre-indications-therapeutiques-symbolisme-influences-rayonnement-benefique-2\/","title":{"rendered":"DICTIONNAIRE DES PIERRES ET MIN\u00c9RAUX POUR CHAQUE PIERRE : INDICATIONS TH\u00c9RAPEUTIQUES &#8211; SYMBOLISME, INFLUENCES &#8211; RAYONNEMENT B\u00c9N\u00c9FIQUE"},"content":{"rendered":"<p>Superbement illustr\u00e9, ce dictionnaire, proche de l&#8217;encyclop\u00e9die nous entra\u00eene dans l&#8217;univers fascinant des pierres et des min\u00e9raux en ne n\u00e9gligeant aucun aspect de leurs vertus et de leurs pouvoirs. Leur symbolique, leur tradition, la correspondance zodiacale, la fonction th\u00e9rapeutique sont mises en \u00e9vidence dans des chapitres distincts qui donnent \u00e0 chaque lecteur le loisir du choix de ses pr\u00e9f\u00e9rences. Dans un chapitre sp\u00e9cial sont \u00e9voqu\u00e9es leurs qualit\u00e9s th\u00e9rapeutiques. Leur correspondance avec les sept chakras principaux. Dans ce dictionnaire pratique, l&#8217;auteure nous donne pour chaque pierre une description, sorte de carte d&#8217;identit\u00e9 compl\u00e8te. Indique quelles sont les l\u00e9gendes et croyances populaires auxquelles celle-ci est attach\u00e9e. L&#8217;aide qu&#8217;elle nous apporte sur les plans de la gu\u00e9rison physique, psychique, mentale et spirituelle. Pour finir elle nous conseille la fa\u00e7on la mieux adapt\u00e9e de l&#8217;utiliser pour en obtenir la quintessence.<\/p>\n","protected":false},"excerpt":{"rendered":"<p>Superbement illustr\u00e9, ce dictionnaire, proche de l&#8217;encyclop\u00e9die nous entra\u00eene dans l&#8217;univers fascinant des pierres et des min\u00e9raux en ne n\u00e9gligeant aucun aspect de leurs vertus et de leurs pouvoirs. Leur symbolique, leur tradition, la correspondance zodiacale, la fonction th\u00e9rapeutique sont mises en \u00e9vidence dans des chapitres distincts qui donnent \u00e0 chaque lecteur le loisir du [&hellip;]<\/p>\n","protected":false},"featured_media":56615,"template":"","meta":[],"product_cat":[2948],"product_tag":[],"acf":[],"yoast_head":"<!-- This site is optimized with the Yoast SEO plugin v20.11 - https:\/\/yoast.com\/wordpress\/plugins\/seo\/ -->\n<title>Dictionnaire des pierres et min\u00e9raux pour chaque pierre : Indications th\u00e9rapeutiques - Symbolisme, influences - Rayonnement b\u00e9n\u00e9fique - Librairie 7L<\/title>\n<meta name=\"robots\" content=\"index, follow, max-snippet:-1, max-image-preview:large, max-video-preview:-1\" \/>\n<link rel=\"canonical\" href=\"https:\/\/librairie7l.com\/en\/produit\/dictionnaire-des-pierres-et-mineraux-pour-chaque-pierre-indications-therapeutiques-symbolisme-influences-rayonnement-benefique-2\/\" \/>\n<meta property=\"og:locale\" content=\"en_US\" \/>\n<meta property=\"og:type\" content=\"article\" \/>\n<meta property=\"og:title\" content=\"Dictionnaire des pierres et min\u00e9raux pour chaque pierre : Indications th\u00e9rapeutiques - Symbolisme, influences - Rayonnement b\u00e9n\u00e9fique - Librairie 7L\" \/>\n<meta property=\"og:description\" content=\"Superbement illustr\u00e9, ce dictionnaire, proche de l&#8217;encyclop\u00e9die nous entra\u00eene dans l&#8217;univers fascinant des pierres et des min\u00e9raux en ne n\u00e9gligeant aucun aspect de leurs vertus et de leurs pouvoirs. Leur symbolique, leur tradition, la correspondance zodiacale, la fonction th\u00e9rapeutique sont mises en \u00e9vidence dans des chapitres distincts qui donnent \u00e0 chaque lecteur le loisir du [&hellip;]\" \/>\n<meta property=\"og:url\" content=\"https:\/\/librairie7l.com\/en\/produit\/dictionnaire-des-pierres-et-mineraux-pour-chaque-pierre-indications-therapeutiques-symbolisme-influences-rayonnement-benefique-2\/\" \/>\n<meta property=\"og:site_name\" content=\"Librairie 7L\" \/>\n<meta property=\"article:modified_time\" content=\"2026-05-02T08:28:48+00:00\" \/>\n<meta property=\"og:image\" content=\"https:\/\/librairie7l.com\/wp-content\/uploads\/2024\/09\/9782848911892_1_75.jpg\" \/>\n\t<meta property=\"og:image:width\" content=\"407\" \/>\n\t<meta property=\"og:image:height\" content=\"574\" \/>\n\t<meta property=\"og:image:type\" content=\"image\/jpeg\" \/>\n<meta name=\"twitter:card\" content=\"summary_large_image\" \/>\n<meta name=\"twitter:label1\" content=\"Est. reading time\" \/>\n\t<meta name=\"twitter:data1\" content=\"1 minute\" \/>\n<script type=\"application\/ld+json\" class=\"yoast-schema-graph\">{\"@context\":\"https:\/\/schema.org\",\"@graph\":[{\"@type\":\"WebPage\",\"@id\":\"https:\/\/librairie7l.com\/en\/produit\/dictionnaire-des-pierres-et-mineraux-pour-chaque-pierre-indications-therapeutiques-symbolisme-influences-rayonnement-benefique-2\/\",\"url\":\"https:\/\/librairie7l.com\/en\/produit\/dictionnaire-des-pierres-et-mineraux-pour-chaque-pierre-indications-therapeutiques-symbolisme-influences-rayonnement-benefique-2\/\",\"name\":\"Dictionnaire des pierres et min\u00e9raux pour chaque pierre : Indications th\u00e9rapeutiques - Symbolisme, influences - Rayonnement b\u00e9n\u00e9fique - Librairie 7L\",\"isPartOf\":{\"@id\":\"https:\/\/librairie7l.com\/en\/#website\"},\"datePublished\":\"2026-04-24T07:17:37+00:00\",\"dateModified\":\"2026-05-02T08:28:48+00:00\",\"breadcrumb\":{\"@id\":\"https:\/\/librairie7l.com\/en\/produit\/dictionnaire-des-pierres-et-mineraux-pour-chaque-pierre-indications-therapeutiques-symbolisme-influences-rayonnement-benefique-2\/#breadcrumb\"},\"inLanguage\":\"en-US\",\"potentialAction\":[{\"@type\":\"ReadAction\",\"target\":[\"https:\/\/librairie7l.com\/en\/produit\/dictionnaire-des-pierres-et-mineraux-pour-chaque-pierre-indications-therapeutiques-symbolisme-influences-rayonnement-benefique-2\/\"]}]},{\"@type\":\"BreadcrumbList\",\"@id\":\"https:\/\/librairie7l.com\/en\/produit\/dictionnaire-des-pierres-et-mineraux-pour-chaque-pierre-indications-therapeutiques-symbolisme-influences-rayonnement-benefique-2\/#breadcrumb\",\"itemListElement\":[{\"@type\":\"ListItem\",\"position\":1,\"name\":\"Accueil\",\"item\":\"https:\/\/librairie7l.com\/en\/\"},{\"@type\":\"ListItem\",\"position\":2,\"name\":\"Shop\",\"item\":\"https:\/\/librairie7l.com\/en\/shop\/\"},{\"@type\":\"ListItem\",\"position\":3,\"name\":\"DICTIONNAIRE DES PIERRES ET MIN\u00c9RAUX POUR CHAQUE PIERRE : INDICATIONS TH\u00c9RAPEUTIQUES &#8211; SYMBOLISME, INFLUENCES &#8211; RAYONNEMENT B\u00c9N\u00c9FIQUE\"}]},{\"@type\":\"WebSite\",\"@id\":\"https:\/\/librairie7l.com\/en\/#website\",\"url\":\"https:\/\/librairie7l.com\/en\/\",\"name\":\"Librairie 7L\",\"description\":\"Librairie fond\u00e9e en 1999 par Karl Lagerfeld \u00e0 Paris\",\"publisher\":{\"@id\":\"https:\/\/librairie7l.com\/en\/#organization\"},\"potentialAction\":[{\"@type\":\"SearchAction\",\"target\":{\"@type\":\"EntryPoint\",\"urlTemplate\":\"https:\/\/librairie7l.com\/en\/?s={search_term_string}\"},\"query-input\":\"required name=search_term_string\"}],\"inLanguage\":\"en-US\"},{\"@type\":\"Organization\",\"@id\":\"https:\/\/librairie7l.com\/en\/#organization\",\"name\":\"Librairie 7L\",\"url\":\"https:\/\/librairie7l.com\/en\/\",\"logo\":{\"@type\":\"ImageObject\",\"inLanguage\":\"en-US\",\"@id\":\"https:\/\/librairie7l.com\/en\/#\/schema\/logo\/image\/\",\"url\":\"https:\/\/librairie7l.com\/wp-content\/uploads\/2022\/08\/logo-1.png\",\"contentUrl\":\"https:\/\/librairie7l.com\/wp-content\/uploads\/2022\/08\/logo-1.png\",\"width\":227,\"height\":301,\"caption\":\"Librairie 7L\"},\"image\":{\"@id\":\"https:\/\/librairie7l.com\/en\/#\/schema\/logo\/image\/\"}}]}<\/script>\n<!-- \/ Yoast SEO plugin. -->","yoast_head_json":{"title":"Dictionnaire des pierres et min\u00e9raux pour chaque pierre : Indications th\u00e9rapeutiques - Symbolisme, influences - Rayonnement b\u00e9n\u00e9fique - Librairie 7L","robots":{"index":"index","follow":"follow","max-snippet":"max-snippet:-1","max-image-preview":"max-image-preview:large","max-video-preview":"max-video-preview:-1"},"canonical":"https:\/\/librairie7l.com\/en\/produit\/dictionnaire-des-pierres-et-mineraux-pour-chaque-pierre-indications-therapeutiques-symbolisme-influences-rayonnement-benefique-2\/","og_locale":"en_US","og_type":"article","og_title":"Dictionnaire des pierres et min\u00e9raux pour chaque pierre : Indications th\u00e9rapeutiques - Symbolisme, influences - Rayonnement b\u00e9n\u00e9fique - Librairie 7L","og_description":"Superbement illustr\u00e9, ce dictionnaire, proche de l&#8217;encyclop\u00e9die nous entra\u00eene dans l&#8217;univers fascinant des pierres et des min\u00e9raux en ne n\u00e9gligeant aucun aspect de leurs vertus et de leurs pouvoirs. Leur symbolique, leur tradition, la correspondance zodiacale, la fonction th\u00e9rapeutique sont mises en \u00e9vidence dans des chapitres distincts qui donnent \u00e0 chaque lecteur le loisir du [&hellip;]","og_url":"https:\/\/librairie7l.com\/en\/produit\/dictionnaire-des-pierres-et-mineraux-pour-chaque-pierre-indications-therapeutiques-symbolisme-influences-rayonnement-benefique-2\/","og_site_name":"Librairie 7L","article_modified_time":"2026-05-02T08:28:48+00:00","og_image":[{"width":407,"height":574,"url":"https:\/\/librairie7l.com\/wp-content\/uploads\/2024\/09\/9782848911892_1_75.jpg","type":"image\/jpeg"}],"twitter_card":"summary_large_image","twitter_misc":{"Est. reading time":"1 minute"},"schema":{"@context":"https:\/\/schema.org","@graph":[{"@type":"WebPage","@id":"https:\/\/librairie7l.com\/en\/produit\/dictionnaire-des-pierres-et-mineraux-pour-chaque-pierre-indications-therapeutiques-symbolisme-influences-rayonnement-benefique-2\/","url":"https:\/\/librairie7l.com\/en\/produit\/dictionnaire-des-pierres-et-mineraux-pour-chaque-pierre-indications-therapeutiques-symbolisme-influences-rayonnement-benefique-2\/","name":"Dictionnaire des pierres et min\u00e9raux pour chaque pierre : Indications th\u00e9rapeutiques - Symbolisme, influences - Rayonnement b\u00e9n\u00e9fique - Librairie 7L","isPartOf":{"@id":"https:\/\/librairie7l.com\/en\/#website"},"datePublished":"2026-04-24T07:17:37+00:00","dateModified":"2026-05-02T08:28:48+00:00","breadcrumb":{"@id":"https:\/\/librairie7l.com\/en\/produit\/dictionnaire-des-pierres-et-mineraux-pour-chaque-pierre-indications-therapeutiques-symbolisme-influences-rayonnement-benefique-2\/#breadcrumb"},"inLanguage":"en-US","potentialAction":[{"@type":"ReadAction","target":["https:\/\/librairie7l.com\/en\/produit\/dictionnaire-des-pierres-et-mineraux-pour-chaque-pierre-indications-therapeutiques-symbolisme-influences-rayonnement-benefique-2\/"]}]},{"@type":"BreadcrumbList","@id":"https:\/\/librairie7l.com\/en\/produit\/dictionnaire-des-pierres-et-mineraux-pour-chaque-pierre-indications-therapeutiques-symbolisme-influences-rayonnement-benefique-2\/#breadcrumb","itemListElement":[{"@type":"ListItem","position":1,"name":"Accueil","item":"https:\/\/librairie7l.com\/en\/"},{"@type":"ListItem","position":2,"name":"Shop","item":"https:\/\/librairie7l.com\/en\/shop\/"},{"@type":"ListItem","position":3,"name":"DICTIONNAIRE DES PIERRES ET MIN\u00c9RAUX POUR CHAQUE PIERRE : INDICATIONS TH\u00c9RAPEUTIQUES &#8211; SYMBOLISME, INFLUENCES &#8211; RAYONNEMENT B\u00c9N\u00c9FIQUE"}]},{"@type":"WebSite","@id":"https:\/\/librairie7l.com\/en\/#website","url":"https:\/\/librairie7l.com\/en\/","name":"Librairie 7L","description":"Librairie fond\u00e9e en 1999 par Karl Lagerfeld \u00e0 Paris","publisher":{"@id":"https:\/\/librairie7l.com\/en\/#organization"},"potentialAction":[{"@type":"SearchAction","target":{"@type":"EntryPoint","urlTemplate":"https:\/\/librairie7l.com\/en\/?s={search_term_string}"},"query-input":"required name=search_term_string"}],"inLanguage":"en-US"},{"@type":"Organization","@id":"https:\/\/librairie7l.com\/en\/#organization","name":"Librairie 7L","url":"https:\/\/librairie7l.com\/en\/","logo":{"@type":"ImageObject","inLanguage":"en-US","@id":"https:\/\/librairie7l.com\/en\/#\/schema\/logo\/image\/","url":"https:\/\/librairie7l.com\/wp-content\/uploads\/2022\/08\/logo-1.png","contentUrl":"https:\/\/librairie7l.com\/wp-content\/uploads\/2022\/08\/logo-1.png","width":227,"height":301,"caption":"Librairie 7L"},"image":{"@id":"https:\/\/librairie7l.com\/en\/#\/schema\/logo\/image\/"}}]}},"_links":{"self":[{"href":"https:\/\/librairie7l.com\/en\/wp-json\/wp\/v2\/product\/56617"}],"collection":[{"href":"https:\/\/librairie7l.com\/en\/wp-json\/wp\/v2\/product"}],"about":[{"href":"https:\/\/librairie7l.com\/en\/wp-json\/wp\/v2\/types\/product"}],"wp:featuredmedia":[{"embeddable":true,"href":"https:\/\/librairie7l.com\/en\/wp-json\/wp\/v2\/media\/56615"}],"wp:attachment":[{"href":"https:\/\/librairie7l.com\/en\/wp-json\/wp\/v2\/media?parent=56617"}],"wp:term":[{"taxonomy":"product_cat","embeddable":true,"href":"https:\/\/librairie7l.com\/en\/wp-json\/wp\/v2\/product_cat?post=56617"},{"taxonomy":"product_tag","embeddable":true,"href":"https:\/\/librairie7l.com\/en\/wp-json\/wp\/v2\/product_tag?post=56617"}],"curies":[{"name":"wp","href":"https:\/\/api.w.org\/{rel}","templated":true}]}}