{"id":56623,"date":"2026-04-25T09:18:15","date_gmt":"2026-04-25T07:18:15","guid":{"rendered":"https:\/\/librairie7l.com\/?post_type=product&#038;p=56623"},"modified":"2026-04-30T19:48:50","modified_gmt":"2026-04-30T17:48:50","slug":"eller-1894-1940-2","status":"publish","type":"product","link":"https:\/\/librairie7l.com\/en\/produit\/eller-1894-1940-2\/","title":{"rendered":"ELLER (1894-1940)"},"content":{"rendered":"<p>N\u00e9 en 1894, Eller, form\u00e9 aux Beaux-Arts et marqu\u00e9 par la Grande Guerre, a captur\u00e9 la vie des bas-quartiers marseillais dans des centaines de dessins et de toiles. Collaborateur de Fortunio et des Cahiers du Sud, ses oeuvres des ann\u00e9es 1920, \u00e0 la fois crues et \u00e9l\u00e9gantes, offrent un t\u00e9moignage unique sur le quartier du Vieux-Port, d\u00e9truit en 1943.<\/p>\n","protected":false},"excerpt":{"rendered":"<p>N\u00e9 en 1894, Eller, form\u00e9 aux Beaux-Arts et marqu\u00e9 par la Grande Guerre, a captur\u00e9 la vie des bas-quartiers marseillais dans des centaines de dessins et de toiles. Collaborateur de Fortunio et des Cahiers du Sud, ses oeuvres des ann\u00e9es 1920, \u00e0 la fois crues et \u00e9l\u00e9gantes, offrent un t\u00e9moignage unique sur le quartier du [&hellip;]<\/p>\n","protected":false},"featured_media":0,"template":"","meta":[],"product_cat":[2948],"product_tag":[],"acf":[],"yoast_head":"<!-- This site is optimized with the Yoast SEO plugin v20.11 - https:\/\/yoast.com\/wordpress\/plugins\/seo\/ -->\n<title>Eller (1894-1940) - Librairie 7L<\/title>\n<meta name=\"robots\" content=\"index, follow, max-snippet:-1, max-image-preview:large, max-video-preview:-1\" \/>\n<link rel=\"canonical\" href=\"https:\/\/librairie7l.com\/en\/produit\/eller-1894-1940-2\/\" \/>\n<meta property=\"og:locale\" content=\"en_US\" \/>\n<meta property=\"og:type\" content=\"article\" \/>\n<meta property=\"og:title\" content=\"Eller (1894-1940) - Librairie 7L\" \/>\n<meta property=\"og:description\" content=\"N\u00e9 en 1894, Eller, form\u00e9 aux Beaux-Arts et marqu\u00e9 par la Grande Guerre, a captur\u00e9 la vie des bas-quartiers marseillais dans des centaines de dessins et de toiles. Collaborateur de Fortunio et des Cahiers du Sud, ses oeuvres des ann\u00e9es 1920, \u00e0 la fois crues et \u00e9l\u00e9gantes, offrent un t\u00e9moignage unique sur le quartier du [&hellip;]\" \/>\n<meta property=\"og:url\" content=\"https:\/\/librairie7l.com\/en\/produit\/eller-1894-1940-2\/\" \/>\n<meta property=\"og:site_name\" content=\"Librairie 7L\" \/>\n<meta property=\"article:modified_time\" content=\"2026-04-30T17:48:50+00:00\" \/>\n<meta name=\"twitter:card\" content=\"summary_large_image\" \/>\n<script type=\"application\/ld+json\" class=\"yoast-schema-graph\">{\"@context\":\"https:\/\/schema.org\",\"@graph\":[{\"@type\":\"WebPage\",\"@id\":\"https:\/\/librairie7l.com\/en\/produit\/eller-1894-1940-2\/\",\"url\":\"https:\/\/librairie7l.com\/en\/produit\/eller-1894-1940-2\/\",\"name\":\"Eller (1894-1940) - Librairie 7L\",\"isPartOf\":{\"@id\":\"https:\/\/librairie7l.com\/en\/#website\"},\"datePublished\":\"2026-04-25T07:18:15+00:00\",\"dateModified\":\"2026-04-30T17:48:50+00:00\",\"breadcrumb\":{\"@id\":\"https:\/\/librairie7l.com\/en\/produit\/eller-1894-1940-2\/#breadcrumb\"},\"inLanguage\":\"en-US\",\"potentialAction\":[{\"@type\":\"ReadAction\",\"target\":[\"https:\/\/librairie7l.com\/en\/produit\/eller-1894-1940-2\/\"]}]},{\"@type\":\"BreadcrumbList\",\"@id\":\"https:\/\/librairie7l.com\/en\/produit\/eller-1894-1940-2\/#breadcrumb\",\"itemListElement\":[{\"@type\":\"ListItem\",\"position\":1,\"name\":\"Accueil\",\"item\":\"https:\/\/librairie7l.com\/en\/\"},{\"@type\":\"ListItem\",\"position\":2,\"name\":\"Shop\",\"item\":\"https:\/\/librairie7l.com\/en\/shop\/\"},{\"@type\":\"ListItem\",\"position\":3,\"name\":\"ELLER (1894-1940)\"}]},{\"@type\":\"WebSite\",\"@id\":\"https:\/\/librairie7l.com\/en\/#website\",\"url\":\"https:\/\/librairie7l.com\/en\/\",\"name\":\"Librairie 7L\",\"description\":\"Librairie fond\u00e9e en 1999 par Karl Lagerfeld \u00e0 Paris\",\"publisher\":{\"@id\":\"https:\/\/librairie7l.com\/en\/#organization\"},\"potentialAction\":[{\"@type\":\"SearchAction\",\"target\":{\"@type\":\"EntryPoint\",\"urlTemplate\":\"https:\/\/librairie7l.com\/en\/?s={search_term_string}\"},\"query-input\":\"required name=search_term_string\"}],\"inLanguage\":\"en-US\"},{\"@type\":\"Organization\",\"@id\":\"https:\/\/librairie7l.com\/en\/#organization\",\"name\":\"Librairie 7L\",\"url\":\"https:\/\/librairie7l.com\/en\/\",\"logo\":{\"@type\":\"ImageObject\",\"inLanguage\":\"en-US\",\"@id\":\"https:\/\/librairie7l.com\/en\/#\/schema\/logo\/image\/\",\"url\":\"https:\/\/librairie7l.com\/wp-content\/uploads\/2022\/08\/logo-1.png\",\"contentUrl\":\"https:\/\/librairie7l.com\/wp-content\/uploads\/2022\/08\/logo-1.png\",\"width\":227,\"height\":301,\"caption\":\"Librairie 7L\"},\"image\":{\"@id\":\"https:\/\/librairie7l.com\/en\/#\/schema\/logo\/image\/\"}}]}<\/script>\n<!-- \/ Yoast SEO plugin. -->","yoast_head_json":{"title":"Eller (1894-1940) - Librairie 7L","robots":{"index":"index","follow":"follow","max-snippet":"max-snippet:-1","max-image-preview":"max-image-preview:large","max-video-preview":"max-video-preview:-1"},"canonical":"https:\/\/librairie7l.com\/en\/produit\/eller-1894-1940-2\/","og_locale":"en_US","og_type":"article","og_title":"Eller (1894-1940) - Librairie 7L","og_description":"N\u00e9 en 1894, Eller, form\u00e9 aux Beaux-Arts et marqu\u00e9 par la Grande Guerre, a captur\u00e9 la vie des bas-quartiers marseillais dans des centaines de dessins et de toiles. Collaborateur de Fortunio et des Cahiers du Sud, ses oeuvres des ann\u00e9es 1920, \u00e0 la fois crues et \u00e9l\u00e9gantes, offrent un t\u00e9moignage unique sur le quartier du [&hellip;]","og_url":"https:\/\/librairie7l.com\/en\/produit\/eller-1894-1940-2\/","og_site_name":"Librairie 7L","article_modified_time":"2026-04-30T17:48:50+00:00","twitter_card":"summary_large_image","schema":{"@context":"https:\/\/schema.org","@graph":[{"@type":"WebPage","@id":"https:\/\/librairie7l.com\/en\/produit\/eller-1894-1940-2\/","url":"https:\/\/librairie7l.com\/en\/produit\/eller-1894-1940-2\/","name":"Eller (1894-1940) - Librairie 7L","isPartOf":{"@id":"https:\/\/librairie7l.com\/en\/#website"},"datePublished":"2026-04-25T07:18:15+00:00","dateModified":"2026-04-30T17:48:50+00:00","breadcrumb":{"@id":"https:\/\/librairie7l.com\/en\/produit\/eller-1894-1940-2\/#breadcrumb"},"inLanguage":"en-US","potentialAction":[{"@type":"ReadAction","target":["https:\/\/librairie7l.com\/en\/produit\/eller-1894-1940-2\/"]}]},{"@type":"BreadcrumbList","@id":"https:\/\/librairie7l.com\/en\/produit\/eller-1894-1940-2\/#breadcrumb","itemListElement":[{"@type":"ListItem","position":1,"name":"Accueil","item":"https:\/\/librairie7l.com\/en\/"},{"@type":"ListItem","position":2,"name":"Shop","item":"https:\/\/librairie7l.com\/en\/shop\/"},{"@type":"ListItem","position":3,"name":"ELLER (1894-1940)"}]},{"@type":"WebSite","@id":"https:\/\/librairie7l.com\/en\/#website","url":"https:\/\/librairie7l.com\/en\/","name":"Librairie 7L","description":"Librairie fond\u00e9e en 1999 par Karl Lagerfeld \u00e0 Paris","publisher":{"@id":"https:\/\/librairie7l.com\/en\/#organization"},"potentialAction":[{"@type":"SearchAction","target":{"@type":"EntryPoint","urlTemplate":"https:\/\/librairie7l.com\/en\/?s={search_term_string}"},"query-input":"required name=search_term_string"}],"inLanguage":"en-US"},{"@type":"Organization","@id":"https:\/\/librairie7l.com\/en\/#organization","name":"Librairie 7L","url":"https:\/\/librairie7l.com\/en\/","logo":{"@type":"ImageObject","inLanguage":"en-US","@id":"https:\/\/librairie7l.com\/en\/#\/schema\/logo\/image\/","url":"https:\/\/librairie7l.com\/wp-content\/uploads\/2022\/08\/logo-1.png","contentUrl":"https:\/\/librairie7l.com\/wp-content\/uploads\/2022\/08\/logo-1.png","width":227,"height":301,"caption":"Librairie 7L"},"image":{"@id":"https:\/\/librairie7l.com\/en\/#\/schema\/logo\/image\/"}}]}},"_links":{"self":[{"href":"https:\/\/librairie7l.com\/en\/wp-json\/wp\/v2\/product\/56623"}],"collection":[{"href":"https:\/\/librairie7l.com\/en\/wp-json\/wp\/v2\/product"}],"about":[{"href":"https:\/\/librairie7l.com\/en\/wp-json\/wp\/v2\/types\/product"}],"wp:attachment":[{"href":"https:\/\/librairie7l.com\/en\/wp-json\/wp\/v2\/media?parent=56623"}],"wp:term":[{"taxonomy":"product_cat","embeddable":true,"href":"https:\/\/librairie7l.com\/en\/wp-json\/wp\/v2\/product_cat?post=56623"},{"taxonomy":"product_tag","embeddable":true,"href":"https:\/\/librairie7l.com\/en\/wp-json\/wp\/v2\/product_tag?post=56623"}],"curies":[{"name":"wp","href":"https:\/\/api.w.org\/{rel}","templated":true}]}}