{"id":56631,"date":"2026-04-25T19:31:09","date_gmt":"2026-04-25T17:31:09","guid":{"rendered":"https:\/\/librairie7l.com\/?post_type=product&#038;p=56631"},"modified":"2026-04-26T21:34:48","modified_gmt":"2026-04-26T19:34:48","slug":"gabrielle-chanel-un-ete-a-biarritz-2","status":"publish","type":"product","link":"https:\/\/librairie7l.com\/en\/produit\/gabrielle-chanel-un-ete-a-biarritz-2\/","title":{"rendered":"GABRIELLE CHANEL : UN \u00c9T\u00c9 \u00c0 BIARRITZ"},"content":{"rendered":"<p>Biarritz&#8230; Biarritz la somptueuse&#8230; Biarritz<br \/>\nl&#8217;\u00e9ternelle&#8230; \u00ab Reine des plages, plage des rois \u00bb.<br \/>\nVill\u00e9giature de toutes les t\u00eates couronn\u00e9es de la Belle<br \/>\n\u00e9poque, Biarritz s&#8217;\u00e9panouit dans un d\u00e9ploiement de<br \/>\nfaste et de f\u00eates jusqu&#8217;\u00e0 la secousse de 1914.<br \/>\nEt c&#8217;est pourtant de l\u00e0, en plein conflit, que va<br \/>\ns&#8217;envoler la chrysalide Chanel devenue papillon.<br \/>\nC&#8217;est \u00e0 Biarritz en 1915 que la Grande Mademoiselle<br \/>\ncr\u00e9e sa premi\u00e8re maison de couture, fr\u00e9quent\u00e9e par<br \/>\nl&#8217;aristocratie, la haute bourgeoisie et les actrices en<br \/>\nvogue.<br \/>\nC&#8217;est \u00e0 Biarritz aussi qu&#8217;elle rencontre Edmond<br \/>\nRostand ; mais c&#8217;est \u00e0 Pau qu&#8217;elle d\u00e9couvre les<br \/>\ncam\u00e9lias en se rendant sur la lande du Pont-Long<br \/>\npour voir courir les pur-sang ou assister aux premiers<br \/>\nessais des fr\u00e8res Wright.<br \/>\nSportive et ind\u00e9pendante, suivant sa seule inspiration,<br \/>\nelle lib\u00e8re les femmes du carcan de leurs v\u00eatements,<br \/>\ncontribuant \u00e0 leur \u00e9mancipation.<\/p>\n","protected":false},"excerpt":{"rendered":"<p>Biarritz&#8230; Biarritz la somptueuse&#8230; Biarritz l&#8217;\u00e9ternelle&#8230; \u00ab Reine des plages, plage des rois \u00bb. Vill\u00e9giature de toutes les t\u00eates couronn\u00e9es de la Belle \u00e9poque, Biarritz s&#8217;\u00e9panouit dans un d\u00e9ploiement de faste et de f\u00eates jusqu&#8217;\u00e0 la secousse de 1914. Et c&#8217;est pourtant de l\u00e0, en plein conflit, que va s&#8217;envoler la chrysalide Chanel devenue papillon. [&hellip;]<\/p>\n","protected":false},"featured_media":56629,"template":"","meta":[],"product_cat":[7364,2948],"product_tag":[],"acf":[],"yoast_head":"<!-- This site is optimized with the Yoast SEO plugin v20.11 - https:\/\/yoast.com\/wordpress\/plugins\/seo\/ -->\n<title>Gabrielle Chanel : Un \u00e9t\u00e9 \u00e0 Biarritz - Librairie 7L<\/title>\n<meta name=\"robots\" content=\"index, follow, max-snippet:-1, max-image-preview:large, max-video-preview:-1\" \/>\n<link rel=\"canonical\" href=\"https:\/\/librairie7l.com\/en\/produit\/gabrielle-chanel-un-ete-a-biarritz-2\/\" \/>\n<meta property=\"og:locale\" content=\"en_US\" \/>\n<meta property=\"og:type\" content=\"article\" \/>\n<meta property=\"og:title\" content=\"Gabrielle Chanel : Un \u00e9t\u00e9 \u00e0 Biarritz - Librairie 7L\" \/>\n<meta property=\"og:description\" content=\"Biarritz&#8230; Biarritz la somptueuse&#8230; Biarritz l&#8217;\u00e9ternelle&#8230; \u00ab Reine des plages, plage des rois \u00bb. Vill\u00e9giature de toutes les t\u00eates couronn\u00e9es de la Belle \u00e9poque, Biarritz s&#8217;\u00e9panouit dans un d\u00e9ploiement de faste et de f\u00eates jusqu&#8217;\u00e0 la secousse de 1914. Et c&#8217;est pourtant de l\u00e0, en plein conflit, que va s&#8217;envoler la chrysalide Chanel devenue papillon. [&hellip;]\" \/>\n<meta property=\"og:url\" content=\"https:\/\/librairie7l.com\/en\/produit\/gabrielle-chanel-un-ete-a-biarritz-2\/\" \/>\n<meta property=\"og:site_name\" content=\"Librairie 7L\" \/>\n<meta property=\"article:modified_time\" content=\"2026-04-26T19:34:48+00:00\" \/>\n<meta property=\"og:image\" content=\"https:\/\/librairie7l.com\/wp-content\/uploads\/2026\/03\/9791070065044_1_75.jpg\" \/>\n\t<meta property=\"og:image:width\" content=\"600\" \/>\n\t<meta property=\"og:image:height\" content=\"983\" \/>\n\t<meta property=\"og:image:type\" content=\"image\/jpeg\" \/>\n<meta name=\"twitter:card\" content=\"summary_large_image\" \/>\n<meta name=\"twitter:label1\" content=\"Est. reading time\" \/>\n\t<meta name=\"twitter:data1\" content=\"1 minute\" \/>\n<script type=\"application\/ld+json\" class=\"yoast-schema-graph\">{\"@context\":\"https:\/\/schema.org\",\"@graph\":[{\"@type\":\"WebPage\",\"@id\":\"https:\/\/librairie7l.com\/en\/produit\/gabrielle-chanel-un-ete-a-biarritz-2\/\",\"url\":\"https:\/\/librairie7l.com\/en\/produit\/gabrielle-chanel-un-ete-a-biarritz-2\/\",\"name\":\"Gabrielle Chanel : Un \u00e9t\u00e9 \u00e0 Biarritz - Librairie 7L\",\"isPartOf\":{\"@id\":\"https:\/\/librairie7l.com\/en\/#website\"},\"datePublished\":\"2026-04-25T17:31:09+00:00\",\"dateModified\":\"2026-04-26T19:34:48+00:00\",\"breadcrumb\":{\"@id\":\"https:\/\/librairie7l.com\/en\/produit\/gabrielle-chanel-un-ete-a-biarritz-2\/#breadcrumb\"},\"inLanguage\":\"en-US\",\"potentialAction\":[{\"@type\":\"ReadAction\",\"target\":[\"https:\/\/librairie7l.com\/en\/produit\/gabrielle-chanel-un-ete-a-biarritz-2\/\"]}]},{\"@type\":\"BreadcrumbList\",\"@id\":\"https:\/\/librairie7l.com\/en\/produit\/gabrielle-chanel-un-ete-a-biarritz-2\/#breadcrumb\",\"itemListElement\":[{\"@type\":\"ListItem\",\"position\":1,\"name\":\"Accueil\",\"item\":\"https:\/\/librairie7l.com\/en\/\"},{\"@type\":\"ListItem\",\"position\":2,\"name\":\"Shop\",\"item\":\"https:\/\/librairie7l.com\/en\/shop\/\"},{\"@type\":\"ListItem\",\"position\":3,\"name\":\"GABRIELLE CHANEL : UN \u00c9T\u00c9 \u00c0 BIARRITZ\"}]},{\"@type\":\"WebSite\",\"@id\":\"https:\/\/librairie7l.com\/en\/#website\",\"url\":\"https:\/\/librairie7l.com\/en\/\",\"name\":\"Librairie 7L\",\"description\":\"Librairie fond\u00e9e en 1999 par Karl Lagerfeld \u00e0 Paris\",\"publisher\":{\"@id\":\"https:\/\/librairie7l.com\/en\/#organization\"},\"potentialAction\":[{\"@type\":\"SearchAction\",\"target\":{\"@type\":\"EntryPoint\",\"urlTemplate\":\"https:\/\/librairie7l.com\/en\/?s={search_term_string}\"},\"query-input\":\"required name=search_term_string\"}],\"inLanguage\":\"en-US\"},{\"@type\":\"Organization\",\"@id\":\"https:\/\/librairie7l.com\/en\/#organization\",\"name\":\"Librairie 7L\",\"url\":\"https:\/\/librairie7l.com\/en\/\",\"logo\":{\"@type\":\"ImageObject\",\"inLanguage\":\"en-US\",\"@id\":\"https:\/\/librairie7l.com\/en\/#\/schema\/logo\/image\/\",\"url\":\"https:\/\/librairie7l.com\/wp-content\/uploads\/2022\/08\/logo-1.png\",\"contentUrl\":\"https:\/\/librairie7l.com\/wp-content\/uploads\/2022\/08\/logo-1.png\",\"width\":227,\"height\":301,\"caption\":\"Librairie 7L\"},\"image\":{\"@id\":\"https:\/\/librairie7l.com\/en\/#\/schema\/logo\/image\/\"}}]}<\/script>\n<!-- \/ Yoast SEO plugin. -->","yoast_head_json":{"title":"Gabrielle Chanel : Un \u00e9t\u00e9 \u00e0 Biarritz - Librairie 7L","robots":{"index":"index","follow":"follow","max-snippet":"max-snippet:-1","max-image-preview":"max-image-preview:large","max-video-preview":"max-video-preview:-1"},"canonical":"https:\/\/librairie7l.com\/en\/produit\/gabrielle-chanel-un-ete-a-biarritz-2\/","og_locale":"en_US","og_type":"article","og_title":"Gabrielle Chanel : Un \u00e9t\u00e9 \u00e0 Biarritz - Librairie 7L","og_description":"Biarritz&#8230; Biarritz la somptueuse&#8230; Biarritz l&#8217;\u00e9ternelle&#8230; \u00ab Reine des plages, plage des rois \u00bb. Vill\u00e9giature de toutes les t\u00eates couronn\u00e9es de la Belle \u00e9poque, Biarritz s&#8217;\u00e9panouit dans un d\u00e9ploiement de faste et de f\u00eates jusqu&#8217;\u00e0 la secousse de 1914. Et c&#8217;est pourtant de l\u00e0, en plein conflit, que va s&#8217;envoler la chrysalide Chanel devenue papillon. [&hellip;]","og_url":"https:\/\/librairie7l.com\/en\/produit\/gabrielle-chanel-un-ete-a-biarritz-2\/","og_site_name":"Librairie 7L","article_modified_time":"2026-04-26T19:34:48+00:00","og_image":[{"width":600,"height":983,"url":"https:\/\/librairie7l.com\/wp-content\/uploads\/2026\/03\/9791070065044_1_75.jpg","type":"image\/jpeg"}],"twitter_card":"summary_large_image","twitter_misc":{"Est. reading time":"1 minute"},"schema":{"@context":"https:\/\/schema.org","@graph":[{"@type":"WebPage","@id":"https:\/\/librairie7l.com\/en\/produit\/gabrielle-chanel-un-ete-a-biarritz-2\/","url":"https:\/\/librairie7l.com\/en\/produit\/gabrielle-chanel-un-ete-a-biarritz-2\/","name":"Gabrielle Chanel : Un \u00e9t\u00e9 \u00e0 Biarritz - Librairie 7L","isPartOf":{"@id":"https:\/\/librairie7l.com\/en\/#website"},"datePublished":"2026-04-25T17:31:09+00:00","dateModified":"2026-04-26T19:34:48+00:00","breadcrumb":{"@id":"https:\/\/librairie7l.com\/en\/produit\/gabrielle-chanel-un-ete-a-biarritz-2\/#breadcrumb"},"inLanguage":"en-US","potentialAction":[{"@type":"ReadAction","target":["https:\/\/librairie7l.com\/en\/produit\/gabrielle-chanel-un-ete-a-biarritz-2\/"]}]},{"@type":"BreadcrumbList","@id":"https:\/\/librairie7l.com\/en\/produit\/gabrielle-chanel-un-ete-a-biarritz-2\/#breadcrumb","itemListElement":[{"@type":"ListItem","position":1,"name":"Accueil","item":"https:\/\/librairie7l.com\/en\/"},{"@type":"ListItem","position":2,"name":"Shop","item":"https:\/\/librairie7l.com\/en\/shop\/"},{"@type":"ListItem","position":3,"name":"GABRIELLE CHANEL : UN \u00c9T\u00c9 \u00c0 BIARRITZ"}]},{"@type":"WebSite","@id":"https:\/\/librairie7l.com\/en\/#website","url":"https:\/\/librairie7l.com\/en\/","name":"Librairie 7L","description":"Librairie fond\u00e9e en 1999 par Karl Lagerfeld \u00e0 Paris","publisher":{"@id":"https:\/\/librairie7l.com\/en\/#organization"},"potentialAction":[{"@type":"SearchAction","target":{"@type":"EntryPoint","urlTemplate":"https:\/\/librairie7l.com\/en\/?s={search_term_string}"},"query-input":"required name=search_term_string"}],"inLanguage":"en-US"},{"@type":"Organization","@id":"https:\/\/librairie7l.com\/en\/#organization","name":"Librairie 7L","url":"https:\/\/librairie7l.com\/en\/","logo":{"@type":"ImageObject","inLanguage":"en-US","@id":"https:\/\/librairie7l.com\/en\/#\/schema\/logo\/image\/","url":"https:\/\/librairie7l.com\/wp-content\/uploads\/2022\/08\/logo-1.png","contentUrl":"https:\/\/librairie7l.com\/wp-content\/uploads\/2022\/08\/logo-1.png","width":227,"height":301,"caption":"Librairie 7L"},"image":{"@id":"https:\/\/librairie7l.com\/en\/#\/schema\/logo\/image\/"}}]}},"_links":{"self":[{"href":"https:\/\/librairie7l.com\/en\/wp-json\/wp\/v2\/product\/56631"}],"collection":[{"href":"https:\/\/librairie7l.com\/en\/wp-json\/wp\/v2\/product"}],"about":[{"href":"https:\/\/librairie7l.com\/en\/wp-json\/wp\/v2\/types\/product"}],"wp:featuredmedia":[{"embeddable":true,"href":"https:\/\/librairie7l.com\/en\/wp-json\/wp\/v2\/media\/56629"}],"wp:attachment":[{"href":"https:\/\/librairie7l.com\/en\/wp-json\/wp\/v2\/media?parent=56631"}],"wp:term":[{"taxonomy":"product_cat","embeddable":true,"href":"https:\/\/librairie7l.com\/en\/wp-json\/wp\/v2\/product_cat?post=56631"},{"taxonomy":"product_tag","embeddable":true,"href":"https:\/\/librairie7l.com\/en\/wp-json\/wp\/v2\/product_tag?post=56631"}],"curies":[{"name":"wp","href":"https:\/\/api.w.org\/{rel}","templated":true}]}}