{"id":56635,"date":"2026-04-26T09:18:12","date_gmt":"2026-04-26T07:18:12","guid":{"rendered":"https:\/\/librairie7l.com\/?post_type=product&#038;p=56635"},"modified":"2026-04-26T20:47:51","modified_gmt":"2026-04-26T18:47:51","slug":"uber-life-2","status":"publish","type":"product","link":"https:\/\/librairie7l.com\/en\/produit\/uber-life-2\/","title":{"rendered":"UBER LIFE"},"content":{"rendered":"<p>\u00ab Je m&#8217;appelle Tassiana A\u00eft-Tahar, je suis en vie. Je suis aussi artiste. Mais c&#8217;est r\u00e9cent, parce que pendant longtemps je ne savais pas ce que je faisais dans la vie. Je suis en vie parce que je vis vraiment depuis que j&#8217;ai compris c&#8217;\u00e9tait quoi mon r\u00f4le dans la vie. Avant d&#8217;\u00eatre artiste, j&#8217;\u00e9tais livreuse Uber Eats. J&#8217;ai commenc\u00e9 Uber fin 2018, je ne voulais plus aller \u00e0 la fac parce que j&#8217;avais d\u00e9couvert la photo. Je voulais faire que \u00e7a dans ma vie. C&#8217;est un peu la photo qui m&#8217;a sauv\u00e9e. \u00bb Uber Life est le t\u00e9moignage de Tassiana A\u00eft-Tahar, ancienne livreuse Uber Eats durant la p\u00e9riode du Covid-19. \u00c0 travers ses photographies, ses captures d&#8217;\u00e9cran et ses textes, elle nous plonge dans le quotidien des livreurs \u00e0 l&#8217;\u00e8re des plateformes num\u00e9riques. L&#8217;artiste d\u00e9voile sans d\u00e9tour les rouages de ce m\u00e9tier : la pr\u00e9carit\u00e9, l&#8217;\u00e9puisement physique et mental, mais aussi l&#8217;entraide et la r\u00e9silience, toujours abord\u00e9es avec une touche d&#8217;humour. L&#8217;ouvrage est enrichi par les interventions de Sarah Abdelnour et Fabien Lemozy, tous deux sociologues, sous forme de pr\u00e9face et de commentaires de texte, qui viennent ponctuer et \u00e9clairer le t\u00e9moignage de Tassiana. \u00c0 la gen\u00e8se d&#8217;Uber Life, l&#8217;artiste contemporain JR a encourag\u00e9 Tassiana \u00e0 partager son histoire lors de ses \u00e9tudes \u00e0 Kourtrajm\u00e9. Aujourd&#8217;hui, il intervient \u00e0 travers une interview crois\u00e9e avec sa prot\u00e9g\u00e9e, offrant un regard r\u00e9trospectif sur son parcours. Ce livre fait l&#8217;objet d&#8217;une campagne de pr\u00e9commandes via Ulule.<\/p>\n","protected":false},"excerpt":{"rendered":"<p>\u00ab Je m&#8217;appelle Tassiana A\u00eft-Tahar, je suis en vie. Je suis aussi artiste. Mais c&#8217;est r\u00e9cent, parce que pendant longtemps je ne savais pas ce que je faisais dans la vie. Je suis en vie parce que je vis vraiment depuis que j&#8217;ai compris c&#8217;\u00e9tait quoi mon r\u00f4le dans la vie. Avant d&#8217;\u00eatre artiste, j&#8217;\u00e9tais [&hellip;]<\/p>\n","protected":false},"featured_media":56633,"template":"","meta":[],"product_cat":[2948],"product_tag":[],"acf":[],"yoast_head":"<!-- This site is optimized with the Yoast SEO plugin v20.11 - https:\/\/yoast.com\/wordpress\/plugins\/seo\/ -->\n<title>Uber life - Librairie 7L<\/title>\n<meta name=\"robots\" content=\"index, follow, max-snippet:-1, max-image-preview:large, max-video-preview:-1\" \/>\n<link rel=\"canonical\" href=\"https:\/\/librairie7l.com\/en\/produit\/uber-life-2\/\" \/>\n<meta property=\"og:locale\" content=\"en_US\" \/>\n<meta property=\"og:type\" content=\"article\" \/>\n<meta property=\"og:title\" content=\"Uber life - Librairie 7L\" \/>\n<meta property=\"og:description\" content=\"\u00ab Je m&#8217;appelle Tassiana A\u00eft-Tahar, je suis en vie. Je suis aussi artiste. Mais c&#8217;est r\u00e9cent, parce que pendant longtemps je ne savais pas ce que je faisais dans la vie. Je suis en vie parce que je vis vraiment depuis que j&#8217;ai compris c&#8217;\u00e9tait quoi mon r\u00f4le dans la vie. Avant d&#8217;\u00eatre artiste, j&#8217;\u00e9tais [&hellip;]\" \/>\n<meta property=\"og:url\" content=\"https:\/\/librairie7l.com\/en\/produit\/uber-life-2\/\" \/>\n<meta property=\"og:site_name\" content=\"Librairie 7L\" \/>\n<meta property=\"article:modified_time\" content=\"2026-04-26T18:47:51+00:00\" \/>\n<meta property=\"og:image\" content=\"https:\/\/librairie7l.com\/wp-content\/uploads\/2026\/02\/9791097326333_1_75.jpg\" \/>\n\t<meta property=\"og:image:width\" content=\"600\" \/>\n\t<meta property=\"og:image:height\" content=\"838\" \/>\n\t<meta property=\"og:image:type\" content=\"image\/jpeg\" \/>\n<meta name=\"twitter:card\" content=\"summary_large_image\" \/>\n<meta name=\"twitter:label1\" content=\"Est. reading time\" \/>\n\t<meta name=\"twitter:data1\" content=\"1 minute\" \/>\n<script type=\"application\/ld+json\" class=\"yoast-schema-graph\">{\"@context\":\"https:\/\/schema.org\",\"@graph\":[{\"@type\":\"WebPage\",\"@id\":\"https:\/\/librairie7l.com\/en\/produit\/uber-life-2\/\",\"url\":\"https:\/\/librairie7l.com\/en\/produit\/uber-life-2\/\",\"name\":\"Uber life - Librairie 7L\",\"isPartOf\":{\"@id\":\"https:\/\/librairie7l.com\/en\/#website\"},\"datePublished\":\"2026-04-26T07:18:12+00:00\",\"dateModified\":\"2026-04-26T18:47:51+00:00\",\"breadcrumb\":{\"@id\":\"https:\/\/librairie7l.com\/en\/produit\/uber-life-2\/#breadcrumb\"},\"inLanguage\":\"en-US\",\"potentialAction\":[{\"@type\":\"ReadAction\",\"target\":[\"https:\/\/librairie7l.com\/en\/produit\/uber-life-2\/\"]}]},{\"@type\":\"BreadcrumbList\",\"@id\":\"https:\/\/librairie7l.com\/en\/produit\/uber-life-2\/#breadcrumb\",\"itemListElement\":[{\"@type\":\"ListItem\",\"position\":1,\"name\":\"Accueil\",\"item\":\"https:\/\/librairie7l.com\/en\/\"},{\"@type\":\"ListItem\",\"position\":2,\"name\":\"Shop\",\"item\":\"https:\/\/librairie7l.com\/en\/shop\/\"},{\"@type\":\"ListItem\",\"position\":3,\"name\":\"UBER LIFE\"}]},{\"@type\":\"WebSite\",\"@id\":\"https:\/\/librairie7l.com\/en\/#website\",\"url\":\"https:\/\/librairie7l.com\/en\/\",\"name\":\"Librairie 7L\",\"description\":\"Librairie fond\u00e9e en 1999 par Karl Lagerfeld \u00e0 Paris\",\"publisher\":{\"@id\":\"https:\/\/librairie7l.com\/en\/#organization\"},\"potentialAction\":[{\"@type\":\"SearchAction\",\"target\":{\"@type\":\"EntryPoint\",\"urlTemplate\":\"https:\/\/librairie7l.com\/en\/?s={search_term_string}\"},\"query-input\":\"required name=search_term_string\"}],\"inLanguage\":\"en-US\"},{\"@type\":\"Organization\",\"@id\":\"https:\/\/librairie7l.com\/en\/#organization\",\"name\":\"Librairie 7L\",\"url\":\"https:\/\/librairie7l.com\/en\/\",\"logo\":{\"@type\":\"ImageObject\",\"inLanguage\":\"en-US\",\"@id\":\"https:\/\/librairie7l.com\/en\/#\/schema\/logo\/image\/\",\"url\":\"https:\/\/librairie7l.com\/wp-content\/uploads\/2022\/08\/logo-1.png\",\"contentUrl\":\"https:\/\/librairie7l.com\/wp-content\/uploads\/2022\/08\/logo-1.png\",\"width\":227,\"height\":301,\"caption\":\"Librairie 7L\"},\"image\":{\"@id\":\"https:\/\/librairie7l.com\/en\/#\/schema\/logo\/image\/\"}}]}<\/script>\n<!-- \/ Yoast SEO plugin. -->","yoast_head_json":{"title":"Uber life - Librairie 7L","robots":{"index":"index","follow":"follow","max-snippet":"max-snippet:-1","max-image-preview":"max-image-preview:large","max-video-preview":"max-video-preview:-1"},"canonical":"https:\/\/librairie7l.com\/en\/produit\/uber-life-2\/","og_locale":"en_US","og_type":"article","og_title":"Uber life - Librairie 7L","og_description":"\u00ab Je m&#8217;appelle Tassiana A\u00eft-Tahar, je suis en vie. Je suis aussi artiste. Mais c&#8217;est r\u00e9cent, parce que pendant longtemps je ne savais pas ce que je faisais dans la vie. Je suis en vie parce que je vis vraiment depuis que j&#8217;ai compris c&#8217;\u00e9tait quoi mon r\u00f4le dans la vie. Avant d&#8217;\u00eatre artiste, j&#8217;\u00e9tais [&hellip;]","og_url":"https:\/\/librairie7l.com\/en\/produit\/uber-life-2\/","og_site_name":"Librairie 7L","article_modified_time":"2026-04-26T18:47:51+00:00","og_image":[{"width":600,"height":838,"url":"https:\/\/librairie7l.com\/wp-content\/uploads\/2026\/02\/9791097326333_1_75.jpg","type":"image\/jpeg"}],"twitter_card":"summary_large_image","twitter_misc":{"Est. reading time":"1 minute"},"schema":{"@context":"https:\/\/schema.org","@graph":[{"@type":"WebPage","@id":"https:\/\/librairie7l.com\/en\/produit\/uber-life-2\/","url":"https:\/\/librairie7l.com\/en\/produit\/uber-life-2\/","name":"Uber life - Librairie 7L","isPartOf":{"@id":"https:\/\/librairie7l.com\/en\/#website"},"datePublished":"2026-04-26T07:18:12+00:00","dateModified":"2026-04-26T18:47:51+00:00","breadcrumb":{"@id":"https:\/\/librairie7l.com\/en\/produit\/uber-life-2\/#breadcrumb"},"inLanguage":"en-US","potentialAction":[{"@type":"ReadAction","target":["https:\/\/librairie7l.com\/en\/produit\/uber-life-2\/"]}]},{"@type":"BreadcrumbList","@id":"https:\/\/librairie7l.com\/en\/produit\/uber-life-2\/#breadcrumb","itemListElement":[{"@type":"ListItem","position":1,"name":"Accueil","item":"https:\/\/librairie7l.com\/en\/"},{"@type":"ListItem","position":2,"name":"Shop","item":"https:\/\/librairie7l.com\/en\/shop\/"},{"@type":"ListItem","position":3,"name":"UBER LIFE"}]},{"@type":"WebSite","@id":"https:\/\/librairie7l.com\/en\/#website","url":"https:\/\/librairie7l.com\/en\/","name":"Librairie 7L","description":"Librairie fond\u00e9e en 1999 par Karl Lagerfeld \u00e0 Paris","publisher":{"@id":"https:\/\/librairie7l.com\/en\/#organization"},"potentialAction":[{"@type":"SearchAction","target":{"@type":"EntryPoint","urlTemplate":"https:\/\/librairie7l.com\/en\/?s={search_term_string}"},"query-input":"required name=search_term_string"}],"inLanguage":"en-US"},{"@type":"Organization","@id":"https:\/\/librairie7l.com\/en\/#organization","name":"Librairie 7L","url":"https:\/\/librairie7l.com\/en\/","logo":{"@type":"ImageObject","inLanguage":"en-US","@id":"https:\/\/librairie7l.com\/en\/#\/schema\/logo\/image\/","url":"https:\/\/librairie7l.com\/wp-content\/uploads\/2022\/08\/logo-1.png","contentUrl":"https:\/\/librairie7l.com\/wp-content\/uploads\/2022\/08\/logo-1.png","width":227,"height":301,"caption":"Librairie 7L"},"image":{"@id":"https:\/\/librairie7l.com\/en\/#\/schema\/logo\/image\/"}}]}},"_links":{"self":[{"href":"https:\/\/librairie7l.com\/en\/wp-json\/wp\/v2\/product\/56635"}],"collection":[{"href":"https:\/\/librairie7l.com\/en\/wp-json\/wp\/v2\/product"}],"about":[{"href":"https:\/\/librairie7l.com\/en\/wp-json\/wp\/v2\/types\/product"}],"wp:featuredmedia":[{"embeddable":true,"href":"https:\/\/librairie7l.com\/en\/wp-json\/wp\/v2\/media\/56633"}],"wp:attachment":[{"href":"https:\/\/librairie7l.com\/en\/wp-json\/wp\/v2\/media?parent=56635"}],"wp:term":[{"taxonomy":"product_cat","embeddable":true,"href":"https:\/\/librairie7l.com\/en\/wp-json\/wp\/v2\/product_cat?post=56635"},{"taxonomy":"product_tag","embeddable":true,"href":"https:\/\/librairie7l.com\/en\/wp-json\/wp\/v2\/product_tag?post=56635"}],"curies":[{"name":"wp","href":"https:\/\/api.w.org\/{rel}","templated":true}]}}