{"id":56639,"date":"2026-04-26T09:18:14","date_gmt":"2026-04-26T07:18:14","guid":{"rendered":"https:\/\/librairie7l.com\/?post_type=product&#038;p=56639"},"modified":"2026-04-26T20:49:01","modified_gmt":"2026-04-26T18:49:01","slug":"licornes-sur-les-traces-dun-mythe-2","status":"publish","type":"product","link":"https:\/\/librairie7l.com\/en\/produit\/licornes-sur-les-traces-dun-mythe-2\/","title":{"rendered":"LICORNES ! SUR LES TRACES D&#8217;UN MYTHE"},"content":{"rendered":"<p>Cr\u00e9ature fabuleuse, la licorne traverse les temps et les cultures comme peu de figures mythiques. Derri\u00e8re elle se dessine un cort\u00e8ge de croyances, d&#8217;images et de r\u00e9cits. Cette anthologie con\u00e7ue \u00e0 l&#8217;occasion de l&#8217;exposition Licornes ! au mus\u00e9e de Cluny rassemble pour la premi\u00e8re fois plus d&#8217;une centaine de textes qui retracent le destin turbulent de cet animal insaisissable, comme une plong\u00e9e dans vingt-cinq si\u00e8cles d&#8217;imaginaire.<br \/>\nDes auteurs antiques &#8211; Aristote, Pline l&#8217;Ancien &#8211; d\u00e9crivent l&#8217;animal avec la rigueur du naturaliste ou l&#8217;enthousiasme du voyageur. Les P\u00e8res de l&#8217;\u00c9glise s&#8217;en emparent pour la transformer en all\u00e9gorie du Christ m\u00ealant puissance et puret\u00e9. Chez les po\u00e8tes et les savants du Moyen \u00c2ge, la b\u00eate oscille entre d\u00e9sir spirituel et \u00e9rotisme.<br \/>\n\u00c0 la Renaissance, Rabelais ou le m\u00e9decin Ambroise Par\u00e9 confrontent la fable au scepticisme moderne, mais la croyance ne s&#8217;\u00e9teint pas, et Luther lui-m\u00eame aurait demand\u00e9 une corne de licorne sur son lit de mort. L&#8217;\u00e9poque moderne revisite le mythe avec tendresse et ironie, de Borges jusqu&#8217;\u00e0 la fantasy contemporaine.<br \/>\nRiche d&#8217;une cinquantaine d&#8217;illustrations, ce livre nous conte les m\u00e9tamorphoses de la licorne. Il r\u00e9v\u00e8le la puissance d&#8217;un mythe \u00e9nigmatique que la raison n&#8217;a jamais tout \u00e0 fait dissip\u00e9.<\/p>\n<p>Publi\u00e9 \u00e0 l&#8217;occasion de l&#8217;exposition Licornes ! du 10 mars au 12 juillet 2026 au mus\u00e9e national du Moyen \u00c2ge &#8211; Cluny.<\/p>\n","protected":false},"excerpt":{"rendered":"<p>Cr\u00e9ature fabuleuse, la licorne traverse les temps et les cultures comme peu de figures mythiques. Derri\u00e8re elle se dessine un cort\u00e8ge de croyances, d&#8217;images et de r\u00e9cits. Cette anthologie con\u00e7ue \u00e0 l&#8217;occasion de l&#8217;exposition Licornes ! au mus\u00e9e de Cluny rassemble pour la premi\u00e8re fois plus d&#8217;une centaine de textes qui retracent le destin turbulent [&hellip;]<\/p>\n","protected":false},"featured_media":56637,"template":"","meta":[],"product_cat":[2948],"product_tag":[],"acf":[],"yoast_head":"<!-- This site is optimized with the Yoast SEO plugin v20.11 - https:\/\/yoast.com\/wordpress\/plugins\/seo\/ -->\n<title>Licornes ! Sur les traces d&#039;un mythe - Librairie 7L<\/title>\n<meta name=\"robots\" content=\"index, follow, max-snippet:-1, max-image-preview:large, max-video-preview:-1\" \/>\n<link rel=\"canonical\" href=\"https:\/\/librairie7l.com\/en\/produit\/licornes-sur-les-traces-dun-mythe-2\/\" \/>\n<meta property=\"og:locale\" content=\"en_US\" \/>\n<meta property=\"og:type\" content=\"article\" \/>\n<meta property=\"og:title\" content=\"Licornes ! Sur les traces d&#039;un mythe - Librairie 7L\" \/>\n<meta property=\"og:description\" content=\"Cr\u00e9ature fabuleuse, la licorne traverse les temps et les cultures comme peu de figures mythiques. Derri\u00e8re elle se dessine un cort\u00e8ge de croyances, d&#8217;images et de r\u00e9cits. Cette anthologie con\u00e7ue \u00e0 l&#8217;occasion de l&#8217;exposition Licornes ! au mus\u00e9e de Cluny rassemble pour la premi\u00e8re fois plus d&#8217;une centaine de textes qui retracent le destin turbulent [&hellip;]\" \/>\n<meta property=\"og:url\" content=\"https:\/\/librairie7l.com\/en\/produit\/licornes-sur-les-traces-dun-mythe-2\/\" \/>\n<meta property=\"og:site_name\" content=\"Librairie 7L\" \/>\n<meta property=\"article:modified_time\" content=\"2026-04-26T18:49:01+00:00\" \/>\n<meta property=\"og:image\" content=\"https:\/\/librairie7l.com\/wp-content\/uploads\/2025\/10\/9782711882199_1_75.jpg\" \/>\n\t<meta property=\"og:image:width\" content=\"600\" \/>\n\t<meta property=\"og:image:height\" content=\"890\" \/>\n\t<meta property=\"og:image:type\" content=\"image\/jpeg\" \/>\n<meta name=\"twitter:card\" content=\"summary_large_image\" \/>\n<meta name=\"twitter:label1\" content=\"Est. reading time\" \/>\n\t<meta name=\"twitter:data1\" content=\"1 minute\" \/>\n<script type=\"application\/ld+json\" class=\"yoast-schema-graph\">{\"@context\":\"https:\/\/schema.org\",\"@graph\":[{\"@type\":\"WebPage\",\"@id\":\"https:\/\/librairie7l.com\/en\/produit\/licornes-sur-les-traces-dun-mythe-2\/\",\"url\":\"https:\/\/librairie7l.com\/en\/produit\/licornes-sur-les-traces-dun-mythe-2\/\",\"name\":\"Licornes ! Sur les traces d'un mythe - Librairie 7L\",\"isPartOf\":{\"@id\":\"https:\/\/librairie7l.com\/en\/#website\"},\"datePublished\":\"2026-04-26T07:18:14+00:00\",\"dateModified\":\"2026-04-26T18:49:01+00:00\",\"breadcrumb\":{\"@id\":\"https:\/\/librairie7l.com\/en\/produit\/licornes-sur-les-traces-dun-mythe-2\/#breadcrumb\"},\"inLanguage\":\"en-US\",\"potentialAction\":[{\"@type\":\"ReadAction\",\"target\":[\"https:\/\/librairie7l.com\/en\/produit\/licornes-sur-les-traces-dun-mythe-2\/\"]}]},{\"@type\":\"BreadcrumbList\",\"@id\":\"https:\/\/librairie7l.com\/en\/produit\/licornes-sur-les-traces-dun-mythe-2\/#breadcrumb\",\"itemListElement\":[{\"@type\":\"ListItem\",\"position\":1,\"name\":\"Accueil\",\"item\":\"https:\/\/librairie7l.com\/en\/\"},{\"@type\":\"ListItem\",\"position\":2,\"name\":\"Shop\",\"item\":\"https:\/\/librairie7l.com\/en\/shop\/\"},{\"@type\":\"ListItem\",\"position\":3,\"name\":\"LICORNES ! SUR LES TRACES D&#8217;UN MYTHE\"}]},{\"@type\":\"WebSite\",\"@id\":\"https:\/\/librairie7l.com\/en\/#website\",\"url\":\"https:\/\/librairie7l.com\/en\/\",\"name\":\"Librairie 7L\",\"description\":\"Librairie fond\u00e9e en 1999 par Karl Lagerfeld \u00e0 Paris\",\"publisher\":{\"@id\":\"https:\/\/librairie7l.com\/en\/#organization\"},\"potentialAction\":[{\"@type\":\"SearchAction\",\"target\":{\"@type\":\"EntryPoint\",\"urlTemplate\":\"https:\/\/librairie7l.com\/en\/?s={search_term_string}\"},\"query-input\":\"required name=search_term_string\"}],\"inLanguage\":\"en-US\"},{\"@type\":\"Organization\",\"@id\":\"https:\/\/librairie7l.com\/en\/#organization\",\"name\":\"Librairie 7L\",\"url\":\"https:\/\/librairie7l.com\/en\/\",\"logo\":{\"@type\":\"ImageObject\",\"inLanguage\":\"en-US\",\"@id\":\"https:\/\/librairie7l.com\/en\/#\/schema\/logo\/image\/\",\"url\":\"https:\/\/librairie7l.com\/wp-content\/uploads\/2022\/08\/logo-1.png\",\"contentUrl\":\"https:\/\/librairie7l.com\/wp-content\/uploads\/2022\/08\/logo-1.png\",\"width\":227,\"height\":301,\"caption\":\"Librairie 7L\"},\"image\":{\"@id\":\"https:\/\/librairie7l.com\/en\/#\/schema\/logo\/image\/\"}}]}<\/script>\n<!-- \/ Yoast SEO plugin. -->","yoast_head_json":{"title":"Licornes ! Sur les traces d'un mythe - Librairie 7L","robots":{"index":"index","follow":"follow","max-snippet":"max-snippet:-1","max-image-preview":"max-image-preview:large","max-video-preview":"max-video-preview:-1"},"canonical":"https:\/\/librairie7l.com\/en\/produit\/licornes-sur-les-traces-dun-mythe-2\/","og_locale":"en_US","og_type":"article","og_title":"Licornes ! Sur les traces d'un mythe - Librairie 7L","og_description":"Cr\u00e9ature fabuleuse, la licorne traverse les temps et les cultures comme peu de figures mythiques. Derri\u00e8re elle se dessine un cort\u00e8ge de croyances, d&#8217;images et de r\u00e9cits. Cette anthologie con\u00e7ue \u00e0 l&#8217;occasion de l&#8217;exposition Licornes ! au mus\u00e9e de Cluny rassemble pour la premi\u00e8re fois plus d&#8217;une centaine de textes qui retracent le destin turbulent [&hellip;]","og_url":"https:\/\/librairie7l.com\/en\/produit\/licornes-sur-les-traces-dun-mythe-2\/","og_site_name":"Librairie 7L","article_modified_time":"2026-04-26T18:49:01+00:00","og_image":[{"width":600,"height":890,"url":"https:\/\/librairie7l.com\/wp-content\/uploads\/2025\/10\/9782711882199_1_75.jpg","type":"image\/jpeg"}],"twitter_card":"summary_large_image","twitter_misc":{"Est. reading time":"1 minute"},"schema":{"@context":"https:\/\/schema.org","@graph":[{"@type":"WebPage","@id":"https:\/\/librairie7l.com\/en\/produit\/licornes-sur-les-traces-dun-mythe-2\/","url":"https:\/\/librairie7l.com\/en\/produit\/licornes-sur-les-traces-dun-mythe-2\/","name":"Licornes ! Sur les traces d'un mythe - Librairie 7L","isPartOf":{"@id":"https:\/\/librairie7l.com\/en\/#website"},"datePublished":"2026-04-26T07:18:14+00:00","dateModified":"2026-04-26T18:49:01+00:00","breadcrumb":{"@id":"https:\/\/librairie7l.com\/en\/produit\/licornes-sur-les-traces-dun-mythe-2\/#breadcrumb"},"inLanguage":"en-US","potentialAction":[{"@type":"ReadAction","target":["https:\/\/librairie7l.com\/en\/produit\/licornes-sur-les-traces-dun-mythe-2\/"]}]},{"@type":"BreadcrumbList","@id":"https:\/\/librairie7l.com\/en\/produit\/licornes-sur-les-traces-dun-mythe-2\/#breadcrumb","itemListElement":[{"@type":"ListItem","position":1,"name":"Accueil","item":"https:\/\/librairie7l.com\/en\/"},{"@type":"ListItem","position":2,"name":"Shop","item":"https:\/\/librairie7l.com\/en\/shop\/"},{"@type":"ListItem","position":3,"name":"LICORNES ! SUR LES TRACES D&#8217;UN MYTHE"}]},{"@type":"WebSite","@id":"https:\/\/librairie7l.com\/en\/#website","url":"https:\/\/librairie7l.com\/en\/","name":"Librairie 7L","description":"Librairie fond\u00e9e en 1999 par Karl Lagerfeld \u00e0 Paris","publisher":{"@id":"https:\/\/librairie7l.com\/en\/#organization"},"potentialAction":[{"@type":"SearchAction","target":{"@type":"EntryPoint","urlTemplate":"https:\/\/librairie7l.com\/en\/?s={search_term_string}"},"query-input":"required name=search_term_string"}],"inLanguage":"en-US"},{"@type":"Organization","@id":"https:\/\/librairie7l.com\/en\/#organization","name":"Librairie 7L","url":"https:\/\/librairie7l.com\/en\/","logo":{"@type":"ImageObject","inLanguage":"en-US","@id":"https:\/\/librairie7l.com\/en\/#\/schema\/logo\/image\/","url":"https:\/\/librairie7l.com\/wp-content\/uploads\/2022\/08\/logo-1.png","contentUrl":"https:\/\/librairie7l.com\/wp-content\/uploads\/2022\/08\/logo-1.png","width":227,"height":301,"caption":"Librairie 7L"},"image":{"@id":"https:\/\/librairie7l.com\/en\/#\/schema\/logo\/image\/"}}]}},"_links":{"self":[{"href":"https:\/\/librairie7l.com\/en\/wp-json\/wp\/v2\/product\/56639"}],"collection":[{"href":"https:\/\/librairie7l.com\/en\/wp-json\/wp\/v2\/product"}],"about":[{"href":"https:\/\/librairie7l.com\/en\/wp-json\/wp\/v2\/types\/product"}],"wp:featuredmedia":[{"embeddable":true,"href":"https:\/\/librairie7l.com\/en\/wp-json\/wp\/v2\/media\/56637"}],"wp:attachment":[{"href":"https:\/\/librairie7l.com\/en\/wp-json\/wp\/v2\/media?parent=56639"}],"wp:term":[{"taxonomy":"product_cat","embeddable":true,"href":"https:\/\/librairie7l.com\/en\/wp-json\/wp\/v2\/product_cat?post=56639"},{"taxonomy":"product_tag","embeddable":true,"href":"https:\/\/librairie7l.com\/en\/wp-json\/wp\/v2\/product_tag?post=56639"}],"curies":[{"name":"wp","href":"https:\/\/api.w.org\/{rel}","templated":true}]}}