{"id":56643,"date":"2026-04-26T09:18:17","date_gmt":"2026-04-26T07:18:17","guid":{"rendered":"https:\/\/librairie7l.com\/?post_type=product&#038;p=56643"},"modified":"2026-04-26T20:47:54","modified_gmt":"2026-04-26T18:47:54","slug":"la-maison-atelier-lurcat-2","status":"publish","type":"product","link":"https:\/\/librairie7l.com\/en\/produit\/la-maison-atelier-lurcat-2\/","title":{"rendered":"LA MAISON-ATELIER LURCAT"},"content":{"rendered":"<p>S&#8217;il est peintre, po\u00e8te et illustrateur, Jean Lur\u00e7at<br \/>\n(1892-1966) est surtout connu pour \u00eatre le plus<br \/>\ngrand artiste de la tapisserie, qu&#8217;il a largement<br \/>\ncontribu\u00e9 \u00e0 faire rena\u00eetre en France au milieu du<br \/>\nxxe si\u00e8cle.<br \/>\nAvant de s&#8217;installer \u00e0 Aubusson, en 1939 pour se<br \/>\nconsacrer enti\u00e8rement \u00e0 la tapisserie, d\u00e9laissant<br \/>\nainsi la peinture, Jean Lur\u00e7at a v\u00e9cu \u00e0 Paris, o\u00f9 il<br \/>\ncomptait parmi les plus importants artistes de<br \/>\nl&#8217;\u00e9poque, bien qu&#8217;il soit toujours rest\u00e9 en marge<br \/>\ndes avant-gardes. Il y fera construire sa maisonatelier<br \/>\npar son fr\u00e8re Andr\u00e9, membre important du<br \/>\nmouvement moderne d&#8217;apr\u00e8s-guerre, emmen\u00e9 par<br \/>\nLe Corbusier, Perret et Mallet-Stevens. Situ\u00e9 Villa<br \/>\nSeurat dans le 14e arrondissement, la maisonatelier,<br \/>\ninscrite \u00e0 l&#8217;Inventaire des Monuments<br \/>\nHistoriques depuis 1975, reste le t\u00e9moignage de la<br \/>\ncollaboration intense entre les deux fr\u00e8res. La<br \/>\nmaison-atelier de Jean Lur\u00e7at a \u00e9t\u00e9 conserv\u00e9e dans<br \/>\nson \u00e9tat d&#8217;origine, avec le d\u00e9cor et le mobilier de<br \/>\nson propri\u00e9taire et a fait l&#8217;objet d&#8217;une restauration<br \/>\ncompl\u00e8te r\u00e9cemment.<br \/>\nPour les 100 ans de ce chef-d&#8217;oeuvre de modernit\u00e9,<br \/>\net sa r\u00e9ouverture, Beaux Arts \u00c9ditions restitue le<br \/>\nlieu de vie et de travail de Jean Lur\u00e7at et propose<br \/>\nune visite guid\u00e9e de cette architecture novatrice.<\/p>\n","protected":false},"excerpt":{"rendered":"<p>S&#8217;il est peintre, po\u00e8te et illustrateur, Jean Lur\u00e7at (1892-1966) est surtout connu pour \u00eatre le plus grand artiste de la tapisserie, qu&#8217;il a largement contribu\u00e9 \u00e0 faire rena\u00eetre en France au milieu du xxe si\u00e8cle. Avant de s&#8217;installer \u00e0 Aubusson, en 1939 pour se consacrer enti\u00e8rement \u00e0 la tapisserie, d\u00e9laissant ainsi la peinture, Jean Lur\u00e7at [&hellip;]<\/p>\n","protected":false},"featured_media":56641,"template":"","meta":[],"product_cat":[2948],"product_tag":[],"acf":[],"yoast_head":"<!-- This site is optimized with the Yoast SEO plugin v20.11 - https:\/\/yoast.com\/wordpress\/plugins\/seo\/ -->\n<title>La maison-atelier Lurcat - Librairie 7L<\/title>\n<meta name=\"robots\" content=\"index, follow, max-snippet:-1, max-image-preview:large, max-video-preview:-1\" \/>\n<link rel=\"canonical\" href=\"https:\/\/librairie7l.com\/en\/produit\/la-maison-atelier-lurcat-2\/\" \/>\n<meta property=\"og:locale\" content=\"en_US\" \/>\n<meta property=\"og:type\" content=\"article\" \/>\n<meta property=\"og:title\" content=\"La maison-atelier Lurcat - Librairie 7L\" \/>\n<meta property=\"og:description\" content=\"S&#8217;il est peintre, po\u00e8te et illustrateur, Jean Lur\u00e7at (1892-1966) est surtout connu pour \u00eatre le plus grand artiste de la tapisserie, qu&#8217;il a largement contribu\u00e9 \u00e0 faire rena\u00eetre en France au milieu du xxe si\u00e8cle. Avant de s&#8217;installer \u00e0 Aubusson, en 1939 pour se consacrer enti\u00e8rement \u00e0 la tapisserie, d\u00e9laissant ainsi la peinture, Jean Lur\u00e7at [&hellip;]\" \/>\n<meta property=\"og:url\" content=\"https:\/\/librairie7l.com\/en\/produit\/la-maison-atelier-lurcat-2\/\" \/>\n<meta property=\"og:site_name\" content=\"Librairie 7L\" \/>\n<meta property=\"article:modified_time\" content=\"2026-04-26T18:47:54+00:00\" \/>\n<meta property=\"og:image\" content=\"https:\/\/librairie7l.com\/wp-content\/uploads\/2024\/09\/9791020409584_1_75.jpg\" \/>\n\t<meta property=\"og:image:width\" content=\"600\" \/>\n\t<meta property=\"og:image:height\" content=\"780\" \/>\n\t<meta property=\"og:image:type\" content=\"image\/jpeg\" \/>\n<meta name=\"twitter:card\" content=\"summary_large_image\" \/>\n<meta name=\"twitter:label1\" content=\"Est. reading time\" \/>\n\t<meta name=\"twitter:data1\" content=\"1 minute\" \/>\n<script type=\"application\/ld+json\" class=\"yoast-schema-graph\">{\"@context\":\"https:\/\/schema.org\",\"@graph\":[{\"@type\":\"WebPage\",\"@id\":\"https:\/\/librairie7l.com\/en\/produit\/la-maison-atelier-lurcat-2\/\",\"url\":\"https:\/\/librairie7l.com\/en\/produit\/la-maison-atelier-lurcat-2\/\",\"name\":\"La maison-atelier Lurcat - Librairie 7L\",\"isPartOf\":{\"@id\":\"https:\/\/librairie7l.com\/en\/#website\"},\"datePublished\":\"2026-04-26T07:18:17+00:00\",\"dateModified\":\"2026-04-26T18:47:54+00:00\",\"breadcrumb\":{\"@id\":\"https:\/\/librairie7l.com\/en\/produit\/la-maison-atelier-lurcat-2\/#breadcrumb\"},\"inLanguage\":\"en-US\",\"potentialAction\":[{\"@type\":\"ReadAction\",\"target\":[\"https:\/\/librairie7l.com\/en\/produit\/la-maison-atelier-lurcat-2\/\"]}]},{\"@type\":\"BreadcrumbList\",\"@id\":\"https:\/\/librairie7l.com\/en\/produit\/la-maison-atelier-lurcat-2\/#breadcrumb\",\"itemListElement\":[{\"@type\":\"ListItem\",\"position\":1,\"name\":\"Accueil\",\"item\":\"https:\/\/librairie7l.com\/en\/\"},{\"@type\":\"ListItem\",\"position\":2,\"name\":\"Shop\",\"item\":\"https:\/\/librairie7l.com\/en\/shop\/\"},{\"@type\":\"ListItem\",\"position\":3,\"name\":\"LA MAISON-ATELIER LURCAT\"}]},{\"@type\":\"WebSite\",\"@id\":\"https:\/\/librairie7l.com\/en\/#website\",\"url\":\"https:\/\/librairie7l.com\/en\/\",\"name\":\"Librairie 7L\",\"description\":\"Librairie fond\u00e9e en 1999 par Karl Lagerfeld \u00e0 Paris\",\"publisher\":{\"@id\":\"https:\/\/librairie7l.com\/en\/#organization\"},\"potentialAction\":[{\"@type\":\"SearchAction\",\"target\":{\"@type\":\"EntryPoint\",\"urlTemplate\":\"https:\/\/librairie7l.com\/en\/?s={search_term_string}\"},\"query-input\":\"required name=search_term_string\"}],\"inLanguage\":\"en-US\"},{\"@type\":\"Organization\",\"@id\":\"https:\/\/librairie7l.com\/en\/#organization\",\"name\":\"Librairie 7L\",\"url\":\"https:\/\/librairie7l.com\/en\/\",\"logo\":{\"@type\":\"ImageObject\",\"inLanguage\":\"en-US\",\"@id\":\"https:\/\/librairie7l.com\/en\/#\/schema\/logo\/image\/\",\"url\":\"https:\/\/librairie7l.com\/wp-content\/uploads\/2022\/08\/logo-1.png\",\"contentUrl\":\"https:\/\/librairie7l.com\/wp-content\/uploads\/2022\/08\/logo-1.png\",\"width\":227,\"height\":301,\"caption\":\"Librairie 7L\"},\"image\":{\"@id\":\"https:\/\/librairie7l.com\/en\/#\/schema\/logo\/image\/\"}}]}<\/script>\n<!-- \/ Yoast SEO plugin. -->","yoast_head_json":{"title":"La maison-atelier Lurcat - Librairie 7L","robots":{"index":"index","follow":"follow","max-snippet":"max-snippet:-1","max-image-preview":"max-image-preview:large","max-video-preview":"max-video-preview:-1"},"canonical":"https:\/\/librairie7l.com\/en\/produit\/la-maison-atelier-lurcat-2\/","og_locale":"en_US","og_type":"article","og_title":"La maison-atelier Lurcat - Librairie 7L","og_description":"S&#8217;il est peintre, po\u00e8te et illustrateur, Jean Lur\u00e7at (1892-1966) est surtout connu pour \u00eatre le plus grand artiste de la tapisserie, qu&#8217;il a largement contribu\u00e9 \u00e0 faire rena\u00eetre en France au milieu du xxe si\u00e8cle. Avant de s&#8217;installer \u00e0 Aubusson, en 1939 pour se consacrer enti\u00e8rement \u00e0 la tapisserie, d\u00e9laissant ainsi la peinture, Jean Lur\u00e7at [&hellip;]","og_url":"https:\/\/librairie7l.com\/en\/produit\/la-maison-atelier-lurcat-2\/","og_site_name":"Librairie 7L","article_modified_time":"2026-04-26T18:47:54+00:00","og_image":[{"width":600,"height":780,"url":"https:\/\/librairie7l.com\/wp-content\/uploads\/2024\/09\/9791020409584_1_75.jpg","type":"image\/jpeg"}],"twitter_card":"summary_large_image","twitter_misc":{"Est. reading time":"1 minute"},"schema":{"@context":"https:\/\/schema.org","@graph":[{"@type":"WebPage","@id":"https:\/\/librairie7l.com\/en\/produit\/la-maison-atelier-lurcat-2\/","url":"https:\/\/librairie7l.com\/en\/produit\/la-maison-atelier-lurcat-2\/","name":"La maison-atelier Lurcat - Librairie 7L","isPartOf":{"@id":"https:\/\/librairie7l.com\/en\/#website"},"datePublished":"2026-04-26T07:18:17+00:00","dateModified":"2026-04-26T18:47:54+00:00","breadcrumb":{"@id":"https:\/\/librairie7l.com\/en\/produit\/la-maison-atelier-lurcat-2\/#breadcrumb"},"inLanguage":"en-US","potentialAction":[{"@type":"ReadAction","target":["https:\/\/librairie7l.com\/en\/produit\/la-maison-atelier-lurcat-2\/"]}]},{"@type":"BreadcrumbList","@id":"https:\/\/librairie7l.com\/en\/produit\/la-maison-atelier-lurcat-2\/#breadcrumb","itemListElement":[{"@type":"ListItem","position":1,"name":"Accueil","item":"https:\/\/librairie7l.com\/en\/"},{"@type":"ListItem","position":2,"name":"Shop","item":"https:\/\/librairie7l.com\/en\/shop\/"},{"@type":"ListItem","position":3,"name":"LA MAISON-ATELIER LURCAT"}]},{"@type":"WebSite","@id":"https:\/\/librairie7l.com\/en\/#website","url":"https:\/\/librairie7l.com\/en\/","name":"Librairie 7L","description":"Librairie fond\u00e9e en 1999 par Karl Lagerfeld \u00e0 Paris","publisher":{"@id":"https:\/\/librairie7l.com\/en\/#organization"},"potentialAction":[{"@type":"SearchAction","target":{"@type":"EntryPoint","urlTemplate":"https:\/\/librairie7l.com\/en\/?s={search_term_string}"},"query-input":"required name=search_term_string"}],"inLanguage":"en-US"},{"@type":"Organization","@id":"https:\/\/librairie7l.com\/en\/#organization","name":"Librairie 7L","url":"https:\/\/librairie7l.com\/en\/","logo":{"@type":"ImageObject","inLanguage":"en-US","@id":"https:\/\/librairie7l.com\/en\/#\/schema\/logo\/image\/","url":"https:\/\/librairie7l.com\/wp-content\/uploads\/2022\/08\/logo-1.png","contentUrl":"https:\/\/librairie7l.com\/wp-content\/uploads\/2022\/08\/logo-1.png","width":227,"height":301,"caption":"Librairie 7L"},"image":{"@id":"https:\/\/librairie7l.com\/en\/#\/schema\/logo\/image\/"}}]}},"_links":{"self":[{"href":"https:\/\/librairie7l.com\/en\/wp-json\/wp\/v2\/product\/56643"}],"collection":[{"href":"https:\/\/librairie7l.com\/en\/wp-json\/wp\/v2\/product"}],"about":[{"href":"https:\/\/librairie7l.com\/en\/wp-json\/wp\/v2\/types\/product"}],"wp:featuredmedia":[{"embeddable":true,"href":"https:\/\/librairie7l.com\/en\/wp-json\/wp\/v2\/media\/56641"}],"wp:attachment":[{"href":"https:\/\/librairie7l.com\/en\/wp-json\/wp\/v2\/media?parent=56643"}],"wp:term":[{"taxonomy":"product_cat","embeddable":true,"href":"https:\/\/librairie7l.com\/en\/wp-json\/wp\/v2\/product_cat?post=56643"},{"taxonomy":"product_tag","embeddable":true,"href":"https:\/\/librairie7l.com\/en\/wp-json\/wp\/v2\/product_tag?post=56643"}],"curies":[{"name":"wp","href":"https:\/\/api.w.org\/{rel}","templated":true}]}}