{"id":56651,"date":"2026-04-26T09:18:21","date_gmt":"2026-04-26T07:18:21","guid":{"rendered":"https:\/\/librairie7l.com\/?post_type=product&#038;p=56651"},"modified":"2026-04-26T20:48:58","modified_gmt":"2026-04-26T18:48:58","slug":"creer-un-vase-2","status":"publish","type":"product","link":"https:\/\/librairie7l.com\/en\/produit\/creer-un-vase-2\/","title":{"rendered":"CR\u00c9ER UN VASE"},"content":{"rendered":"<p>Dix cr\u00e9ateurs, dix vases, dix visions de la cr\u00e9ation contemporaine et du design aujourd&#8217;hui. Cr\u00e9er un vase restitue la commande exceptionnelle initi\u00e9e par le Cnap en 2023. L&#8217;id\u00e9e qui en d\u00e9coule est d&#8217;aborder la cr\u00e9ation d&#8217;un vase sous tous ses aspects : la commande, la mise en sc\u00e8ne, l&#8217;usage etc. Le livre est agenc\u00e9 en 5 temps : Commander un vase, Cr\u00e9er un vase (qui pr\u00e9sente les 10 cr\u00e9ateurs laur\u00e9ats et est une ode au travail de la main), Fleurir un vase (avec un corpus photo de Rebekka Deubner), Habiter un vase (avec un texte de Ryoko Sekiguchi), et enfin Collectionner un vase. <\/p>\n","protected":false},"excerpt":{"rendered":"<p>Dix cr\u00e9ateurs, dix vases, dix visions de la cr\u00e9ation contemporaine et du design aujourd&#8217;hui. Cr\u00e9er un vase restitue la commande exceptionnelle initi\u00e9e par le Cnap en 2023. L&#8217;id\u00e9e qui en d\u00e9coule est d&#8217;aborder la cr\u00e9ation d&#8217;un vase sous tous ses aspects : la commande, la mise en sc\u00e8ne, l&#8217;usage etc. Le livre est agenc\u00e9 en [&hellip;]<\/p>\n","protected":false},"featured_media":56649,"template":"","meta":[],"product_cat":[2948],"product_tag":[],"acf":[],"yoast_head":"<!-- This site is optimized with the Yoast SEO plugin v20.11 - https:\/\/yoast.com\/wordpress\/plugins\/seo\/ -->\n<title>Cr\u00e9er un vase - Librairie 7L<\/title>\n<meta name=\"robots\" content=\"index, follow, max-snippet:-1, max-image-preview:large, max-video-preview:-1\" \/>\n<link rel=\"canonical\" href=\"https:\/\/librairie7l.com\/en\/produit\/creer-un-vase-2\/\" \/>\n<meta property=\"og:locale\" content=\"en_US\" \/>\n<meta property=\"og:type\" content=\"article\" \/>\n<meta property=\"og:title\" content=\"Cr\u00e9er un vase - Librairie 7L\" \/>\n<meta property=\"og:description\" content=\"Dix cr\u00e9ateurs, dix vases, dix visions de la cr\u00e9ation contemporaine et du design aujourd&#8217;hui. Cr\u00e9er un vase restitue la commande exceptionnelle initi\u00e9e par le Cnap en 2023. L&#8217;id\u00e9e qui en d\u00e9coule est d&#8217;aborder la cr\u00e9ation d&#8217;un vase sous tous ses aspects : la commande, la mise en sc\u00e8ne, l&#8217;usage etc. Le livre est agenc\u00e9 en [&hellip;]\" \/>\n<meta property=\"og:url\" content=\"https:\/\/librairie7l.com\/en\/produit\/creer-un-vase-2\/\" \/>\n<meta property=\"og:site_name\" content=\"Librairie 7L\" \/>\n<meta property=\"article:modified_time\" content=\"2026-04-26T18:48:58+00:00\" \/>\n<meta property=\"og:image\" content=\"https:\/\/librairie7l.com\/wp-content\/uploads\/2026\/02\/9782365681339_1_75.jpg\" \/>\n\t<meta property=\"og:image:width\" content=\"352\" \/>\n\t<meta property=\"og:image:height\" content=\"500\" \/>\n\t<meta property=\"og:image:type\" content=\"image\/jpeg\" \/>\n<meta name=\"twitter:card\" content=\"summary_large_image\" \/>\n<meta name=\"twitter:label1\" content=\"Est. reading time\" \/>\n\t<meta name=\"twitter:data1\" content=\"1 minute\" \/>\n<script type=\"application\/ld+json\" class=\"yoast-schema-graph\">{\"@context\":\"https:\/\/schema.org\",\"@graph\":[{\"@type\":\"WebPage\",\"@id\":\"https:\/\/librairie7l.com\/en\/produit\/creer-un-vase-2\/\",\"url\":\"https:\/\/librairie7l.com\/en\/produit\/creer-un-vase-2\/\",\"name\":\"Cr\u00e9er un vase - Librairie 7L\",\"isPartOf\":{\"@id\":\"https:\/\/librairie7l.com\/en\/#website\"},\"datePublished\":\"2026-04-26T07:18:21+00:00\",\"dateModified\":\"2026-04-26T18:48:58+00:00\",\"breadcrumb\":{\"@id\":\"https:\/\/librairie7l.com\/en\/produit\/creer-un-vase-2\/#breadcrumb\"},\"inLanguage\":\"en-US\",\"potentialAction\":[{\"@type\":\"ReadAction\",\"target\":[\"https:\/\/librairie7l.com\/en\/produit\/creer-un-vase-2\/\"]}]},{\"@type\":\"BreadcrumbList\",\"@id\":\"https:\/\/librairie7l.com\/en\/produit\/creer-un-vase-2\/#breadcrumb\",\"itemListElement\":[{\"@type\":\"ListItem\",\"position\":1,\"name\":\"Accueil\",\"item\":\"https:\/\/librairie7l.com\/en\/\"},{\"@type\":\"ListItem\",\"position\":2,\"name\":\"Shop\",\"item\":\"https:\/\/librairie7l.com\/en\/shop\/\"},{\"@type\":\"ListItem\",\"position\":3,\"name\":\"CR\u00c9ER UN VASE\"}]},{\"@type\":\"WebSite\",\"@id\":\"https:\/\/librairie7l.com\/en\/#website\",\"url\":\"https:\/\/librairie7l.com\/en\/\",\"name\":\"Librairie 7L\",\"description\":\"Librairie fond\u00e9e en 1999 par Karl Lagerfeld \u00e0 Paris\",\"publisher\":{\"@id\":\"https:\/\/librairie7l.com\/en\/#organization\"},\"potentialAction\":[{\"@type\":\"SearchAction\",\"target\":{\"@type\":\"EntryPoint\",\"urlTemplate\":\"https:\/\/librairie7l.com\/en\/?s={search_term_string}\"},\"query-input\":\"required name=search_term_string\"}],\"inLanguage\":\"en-US\"},{\"@type\":\"Organization\",\"@id\":\"https:\/\/librairie7l.com\/en\/#organization\",\"name\":\"Librairie 7L\",\"url\":\"https:\/\/librairie7l.com\/en\/\",\"logo\":{\"@type\":\"ImageObject\",\"inLanguage\":\"en-US\",\"@id\":\"https:\/\/librairie7l.com\/en\/#\/schema\/logo\/image\/\",\"url\":\"https:\/\/librairie7l.com\/wp-content\/uploads\/2022\/08\/logo-1.png\",\"contentUrl\":\"https:\/\/librairie7l.com\/wp-content\/uploads\/2022\/08\/logo-1.png\",\"width\":227,\"height\":301,\"caption\":\"Librairie 7L\"},\"image\":{\"@id\":\"https:\/\/librairie7l.com\/en\/#\/schema\/logo\/image\/\"}}]}<\/script>\n<!-- \/ Yoast SEO plugin. -->","yoast_head_json":{"title":"Cr\u00e9er un vase - Librairie 7L","robots":{"index":"index","follow":"follow","max-snippet":"max-snippet:-1","max-image-preview":"max-image-preview:large","max-video-preview":"max-video-preview:-1"},"canonical":"https:\/\/librairie7l.com\/en\/produit\/creer-un-vase-2\/","og_locale":"en_US","og_type":"article","og_title":"Cr\u00e9er un vase - Librairie 7L","og_description":"Dix cr\u00e9ateurs, dix vases, dix visions de la cr\u00e9ation contemporaine et du design aujourd&#8217;hui. Cr\u00e9er un vase restitue la commande exceptionnelle initi\u00e9e par le Cnap en 2023. L&#8217;id\u00e9e qui en d\u00e9coule est d&#8217;aborder la cr\u00e9ation d&#8217;un vase sous tous ses aspects : la commande, la mise en sc\u00e8ne, l&#8217;usage etc. Le livre est agenc\u00e9 en [&hellip;]","og_url":"https:\/\/librairie7l.com\/en\/produit\/creer-un-vase-2\/","og_site_name":"Librairie 7L","article_modified_time":"2026-04-26T18:48:58+00:00","og_image":[{"width":352,"height":500,"url":"https:\/\/librairie7l.com\/wp-content\/uploads\/2026\/02\/9782365681339_1_75.jpg","type":"image\/jpeg"}],"twitter_card":"summary_large_image","twitter_misc":{"Est. reading time":"1 minute"},"schema":{"@context":"https:\/\/schema.org","@graph":[{"@type":"WebPage","@id":"https:\/\/librairie7l.com\/en\/produit\/creer-un-vase-2\/","url":"https:\/\/librairie7l.com\/en\/produit\/creer-un-vase-2\/","name":"Cr\u00e9er un vase - Librairie 7L","isPartOf":{"@id":"https:\/\/librairie7l.com\/en\/#website"},"datePublished":"2026-04-26T07:18:21+00:00","dateModified":"2026-04-26T18:48:58+00:00","breadcrumb":{"@id":"https:\/\/librairie7l.com\/en\/produit\/creer-un-vase-2\/#breadcrumb"},"inLanguage":"en-US","potentialAction":[{"@type":"ReadAction","target":["https:\/\/librairie7l.com\/en\/produit\/creer-un-vase-2\/"]}]},{"@type":"BreadcrumbList","@id":"https:\/\/librairie7l.com\/en\/produit\/creer-un-vase-2\/#breadcrumb","itemListElement":[{"@type":"ListItem","position":1,"name":"Accueil","item":"https:\/\/librairie7l.com\/en\/"},{"@type":"ListItem","position":2,"name":"Shop","item":"https:\/\/librairie7l.com\/en\/shop\/"},{"@type":"ListItem","position":3,"name":"CR\u00c9ER UN VASE"}]},{"@type":"WebSite","@id":"https:\/\/librairie7l.com\/en\/#website","url":"https:\/\/librairie7l.com\/en\/","name":"Librairie 7L","description":"Librairie fond\u00e9e en 1999 par Karl Lagerfeld \u00e0 Paris","publisher":{"@id":"https:\/\/librairie7l.com\/en\/#organization"},"potentialAction":[{"@type":"SearchAction","target":{"@type":"EntryPoint","urlTemplate":"https:\/\/librairie7l.com\/en\/?s={search_term_string}"},"query-input":"required name=search_term_string"}],"inLanguage":"en-US"},{"@type":"Organization","@id":"https:\/\/librairie7l.com\/en\/#organization","name":"Librairie 7L","url":"https:\/\/librairie7l.com\/en\/","logo":{"@type":"ImageObject","inLanguage":"en-US","@id":"https:\/\/librairie7l.com\/en\/#\/schema\/logo\/image\/","url":"https:\/\/librairie7l.com\/wp-content\/uploads\/2022\/08\/logo-1.png","contentUrl":"https:\/\/librairie7l.com\/wp-content\/uploads\/2022\/08\/logo-1.png","width":227,"height":301,"caption":"Librairie 7L"},"image":{"@id":"https:\/\/librairie7l.com\/en\/#\/schema\/logo\/image\/"}}]}},"_links":{"self":[{"href":"https:\/\/librairie7l.com\/en\/wp-json\/wp\/v2\/product\/56651"}],"collection":[{"href":"https:\/\/librairie7l.com\/en\/wp-json\/wp\/v2\/product"}],"about":[{"href":"https:\/\/librairie7l.com\/en\/wp-json\/wp\/v2\/types\/product"}],"wp:featuredmedia":[{"embeddable":true,"href":"https:\/\/librairie7l.com\/en\/wp-json\/wp\/v2\/media\/56649"}],"wp:attachment":[{"href":"https:\/\/librairie7l.com\/en\/wp-json\/wp\/v2\/media?parent=56651"}],"wp:term":[{"taxonomy":"product_cat","embeddable":true,"href":"https:\/\/librairie7l.com\/en\/wp-json\/wp\/v2\/product_cat?post=56651"},{"taxonomy":"product_tag","embeddable":true,"href":"https:\/\/librairie7l.com\/en\/wp-json\/wp\/v2\/product_tag?post=56651"}],"curies":[{"name":"wp","href":"https:\/\/api.w.org\/{rel}","templated":true}]}}