{"id":56689,"date":"2026-04-29T10:16:35","date_gmt":"2026-04-29T08:16:35","guid":{"rendered":"https:\/\/librairie7l.com\/?post_type=product&#038;p=56689"},"modified":"2026-04-29T15:58:25","modified_gmt":"2026-04-29T13:58:25","slug":"joaquin-sorolla-peintre-de-la-lumiere-2","status":"publish","type":"product","link":"https:\/\/librairie7l.com\/en\/produit\/joaquin-sorolla-peintre-de-la-lumiere-2\/","title":{"rendered":"JOAQUIN SOROLLA, PEINTRE DE LA LUMI\u00c8RE"},"content":{"rendered":"<p>C\u00e9l\u00e9br\u00e9 \u00e0 l&#8217;international de son vivant, Joaquin Sorolla s&#8217;impose comme l&#8217;une des grandes figures de la peinture espagnole au tournant du XXe si\u00e8cle. Alliant palette lumineuse, approche naturaliste et attrait pour les sc\u00e8nes de genre, il forge un style unique qui le place aujourd&#8217;hui parmi les noms majeurs de l&#8217;histoire de l&#8217;art en Espagne. Cet ouvrage, qui accompagne l&#8217;exposition de la Fondation Bemberg, s&#8217;articule autour des trois th\u00e8mes de pr\u00e9dilection de l&#8217;artiste &#8211; les bords de mer, les portraits et les jardins &#8211; pour mettre en avant la richesse de l&#8217;univers pictural de Sorolla.<br \/>\n\u00c0 travers 80 illustrations m\u00ealant chefs-d&#8217;oeuvre reconnus et esquisses in\u00e9dites, le lecteur est invit\u00e9 \u00e0 d\u00e9couvrir l&#8217;univers sensible et optimiste d&#8217;un peintre dont la ma\u00eetrise de la lumi\u00e8re fait toute la virtuosit\u00e9.<\/p>\n","protected":false},"excerpt":{"rendered":"<p>C\u00e9l\u00e9br\u00e9 \u00e0 l&#8217;international de son vivant, Joaquin Sorolla s&#8217;impose comme l&#8217;une des grandes figures de la peinture espagnole au tournant du XXe si\u00e8cle. Alliant palette lumineuse, approche naturaliste et attrait pour les sc\u00e8nes de genre, il forge un style unique qui le place aujourd&#8217;hui parmi les noms majeurs de l&#8217;histoire de l&#8217;art en Espagne. Cet [&hellip;]<\/p>\n","protected":false},"featured_media":56687,"template":"","meta":[],"product_cat":[2948],"product_tag":[],"acf":[],"yoast_head":"<!-- This site is optimized with the Yoast SEO plugin v20.11 - https:\/\/yoast.com\/wordpress\/plugins\/seo\/ -->\n<title>Joaquin Sorolla, peintre de la lumi\u00e8re - Librairie 7L<\/title>\n<meta name=\"robots\" content=\"index, follow, max-snippet:-1, max-image-preview:large, max-video-preview:-1\" \/>\n<link rel=\"canonical\" href=\"https:\/\/librairie7l.com\/en\/produit\/joaquin-sorolla-peintre-de-la-lumiere-2\/\" \/>\n<meta property=\"og:locale\" content=\"en_US\" \/>\n<meta property=\"og:type\" content=\"article\" \/>\n<meta property=\"og:title\" content=\"Joaquin Sorolla, peintre de la lumi\u00e8re - Librairie 7L\" \/>\n<meta property=\"og:description\" content=\"C\u00e9l\u00e9br\u00e9 \u00e0 l&#8217;international de son vivant, Joaquin Sorolla s&#8217;impose comme l&#8217;une des grandes figures de la peinture espagnole au tournant du XXe si\u00e8cle. Alliant palette lumineuse, approche naturaliste et attrait pour les sc\u00e8nes de genre, il forge un style unique qui le place aujourd&#8217;hui parmi les noms majeurs de l&#8217;histoire de l&#8217;art en Espagne. Cet [&hellip;]\" \/>\n<meta property=\"og:url\" content=\"https:\/\/librairie7l.com\/en\/produit\/joaquin-sorolla-peintre-de-la-lumiere-2\/\" \/>\n<meta property=\"og:site_name\" content=\"Librairie 7L\" \/>\n<meta property=\"article:modified_time\" content=\"2026-04-29T13:58:25+00:00\" \/>\n<meta property=\"og:image\" content=\"https:\/\/librairie7l.com\/wp-content\/uploads\/2025\/11\/9782382032466_1_75.jpg\" \/>\n\t<meta property=\"og:image:width\" content=\"600\" \/>\n\t<meta property=\"og:image:height\" content=\"763\" \/>\n\t<meta property=\"og:image:type\" content=\"image\/jpeg\" \/>\n<meta name=\"twitter:card\" content=\"summary_large_image\" \/>\n<meta name=\"twitter:label1\" content=\"Est. reading time\" \/>\n\t<meta name=\"twitter:data1\" content=\"1 minute\" \/>\n<script type=\"application\/ld+json\" class=\"yoast-schema-graph\">{\"@context\":\"https:\/\/schema.org\",\"@graph\":[{\"@type\":\"WebPage\",\"@id\":\"https:\/\/librairie7l.com\/en\/produit\/joaquin-sorolla-peintre-de-la-lumiere-2\/\",\"url\":\"https:\/\/librairie7l.com\/en\/produit\/joaquin-sorolla-peintre-de-la-lumiere-2\/\",\"name\":\"Joaquin Sorolla, peintre de la lumi\u00e8re - Librairie 7L\",\"isPartOf\":{\"@id\":\"https:\/\/librairie7l.com\/en\/#website\"},\"datePublished\":\"2026-04-29T08:16:35+00:00\",\"dateModified\":\"2026-04-29T13:58:25+00:00\",\"breadcrumb\":{\"@id\":\"https:\/\/librairie7l.com\/en\/produit\/joaquin-sorolla-peintre-de-la-lumiere-2\/#breadcrumb\"},\"inLanguage\":\"en-US\",\"potentialAction\":[{\"@type\":\"ReadAction\",\"target\":[\"https:\/\/librairie7l.com\/en\/produit\/joaquin-sorolla-peintre-de-la-lumiere-2\/\"]}]},{\"@type\":\"BreadcrumbList\",\"@id\":\"https:\/\/librairie7l.com\/en\/produit\/joaquin-sorolla-peintre-de-la-lumiere-2\/#breadcrumb\",\"itemListElement\":[{\"@type\":\"ListItem\",\"position\":1,\"name\":\"Accueil\",\"item\":\"https:\/\/librairie7l.com\/en\/\"},{\"@type\":\"ListItem\",\"position\":2,\"name\":\"Shop\",\"item\":\"https:\/\/librairie7l.com\/en\/shop\/\"},{\"@type\":\"ListItem\",\"position\":3,\"name\":\"JOAQUIN SOROLLA, PEINTRE DE LA LUMI\u00c8RE\"}]},{\"@type\":\"WebSite\",\"@id\":\"https:\/\/librairie7l.com\/en\/#website\",\"url\":\"https:\/\/librairie7l.com\/en\/\",\"name\":\"Librairie 7L\",\"description\":\"Librairie fond\u00e9e en 1999 par Karl Lagerfeld \u00e0 Paris\",\"publisher\":{\"@id\":\"https:\/\/librairie7l.com\/en\/#organization\"},\"potentialAction\":[{\"@type\":\"SearchAction\",\"target\":{\"@type\":\"EntryPoint\",\"urlTemplate\":\"https:\/\/librairie7l.com\/en\/?s={search_term_string}\"},\"query-input\":\"required name=search_term_string\"}],\"inLanguage\":\"en-US\"},{\"@type\":\"Organization\",\"@id\":\"https:\/\/librairie7l.com\/en\/#organization\",\"name\":\"Librairie 7L\",\"url\":\"https:\/\/librairie7l.com\/en\/\",\"logo\":{\"@type\":\"ImageObject\",\"inLanguage\":\"en-US\",\"@id\":\"https:\/\/librairie7l.com\/en\/#\/schema\/logo\/image\/\",\"url\":\"https:\/\/librairie7l.com\/wp-content\/uploads\/2022\/08\/logo-1.png\",\"contentUrl\":\"https:\/\/librairie7l.com\/wp-content\/uploads\/2022\/08\/logo-1.png\",\"width\":227,\"height\":301,\"caption\":\"Librairie 7L\"},\"image\":{\"@id\":\"https:\/\/librairie7l.com\/en\/#\/schema\/logo\/image\/\"}}]}<\/script>\n<!-- \/ Yoast SEO plugin. -->","yoast_head_json":{"title":"Joaquin Sorolla, peintre de la lumi\u00e8re - Librairie 7L","robots":{"index":"index","follow":"follow","max-snippet":"max-snippet:-1","max-image-preview":"max-image-preview:large","max-video-preview":"max-video-preview:-1"},"canonical":"https:\/\/librairie7l.com\/en\/produit\/joaquin-sorolla-peintre-de-la-lumiere-2\/","og_locale":"en_US","og_type":"article","og_title":"Joaquin Sorolla, peintre de la lumi\u00e8re - Librairie 7L","og_description":"C\u00e9l\u00e9br\u00e9 \u00e0 l&#8217;international de son vivant, Joaquin Sorolla s&#8217;impose comme l&#8217;une des grandes figures de la peinture espagnole au tournant du XXe si\u00e8cle. Alliant palette lumineuse, approche naturaliste et attrait pour les sc\u00e8nes de genre, il forge un style unique qui le place aujourd&#8217;hui parmi les noms majeurs de l&#8217;histoire de l&#8217;art en Espagne. Cet [&hellip;]","og_url":"https:\/\/librairie7l.com\/en\/produit\/joaquin-sorolla-peintre-de-la-lumiere-2\/","og_site_name":"Librairie 7L","article_modified_time":"2026-04-29T13:58:25+00:00","og_image":[{"width":600,"height":763,"url":"https:\/\/librairie7l.com\/wp-content\/uploads\/2025\/11\/9782382032466_1_75.jpg","type":"image\/jpeg"}],"twitter_card":"summary_large_image","twitter_misc":{"Est. reading time":"1 minute"},"schema":{"@context":"https:\/\/schema.org","@graph":[{"@type":"WebPage","@id":"https:\/\/librairie7l.com\/en\/produit\/joaquin-sorolla-peintre-de-la-lumiere-2\/","url":"https:\/\/librairie7l.com\/en\/produit\/joaquin-sorolla-peintre-de-la-lumiere-2\/","name":"Joaquin Sorolla, peintre de la lumi\u00e8re - Librairie 7L","isPartOf":{"@id":"https:\/\/librairie7l.com\/en\/#website"},"datePublished":"2026-04-29T08:16:35+00:00","dateModified":"2026-04-29T13:58:25+00:00","breadcrumb":{"@id":"https:\/\/librairie7l.com\/en\/produit\/joaquin-sorolla-peintre-de-la-lumiere-2\/#breadcrumb"},"inLanguage":"en-US","potentialAction":[{"@type":"ReadAction","target":["https:\/\/librairie7l.com\/en\/produit\/joaquin-sorolla-peintre-de-la-lumiere-2\/"]}]},{"@type":"BreadcrumbList","@id":"https:\/\/librairie7l.com\/en\/produit\/joaquin-sorolla-peintre-de-la-lumiere-2\/#breadcrumb","itemListElement":[{"@type":"ListItem","position":1,"name":"Accueil","item":"https:\/\/librairie7l.com\/en\/"},{"@type":"ListItem","position":2,"name":"Shop","item":"https:\/\/librairie7l.com\/en\/shop\/"},{"@type":"ListItem","position":3,"name":"JOAQUIN SOROLLA, PEINTRE DE LA LUMI\u00c8RE"}]},{"@type":"WebSite","@id":"https:\/\/librairie7l.com\/en\/#website","url":"https:\/\/librairie7l.com\/en\/","name":"Librairie 7L","description":"Librairie fond\u00e9e en 1999 par Karl Lagerfeld \u00e0 Paris","publisher":{"@id":"https:\/\/librairie7l.com\/en\/#organization"},"potentialAction":[{"@type":"SearchAction","target":{"@type":"EntryPoint","urlTemplate":"https:\/\/librairie7l.com\/en\/?s={search_term_string}"},"query-input":"required name=search_term_string"}],"inLanguage":"en-US"},{"@type":"Organization","@id":"https:\/\/librairie7l.com\/en\/#organization","name":"Librairie 7L","url":"https:\/\/librairie7l.com\/en\/","logo":{"@type":"ImageObject","inLanguage":"en-US","@id":"https:\/\/librairie7l.com\/en\/#\/schema\/logo\/image\/","url":"https:\/\/librairie7l.com\/wp-content\/uploads\/2022\/08\/logo-1.png","contentUrl":"https:\/\/librairie7l.com\/wp-content\/uploads\/2022\/08\/logo-1.png","width":227,"height":301,"caption":"Librairie 7L"},"image":{"@id":"https:\/\/librairie7l.com\/en\/#\/schema\/logo\/image\/"}}]}},"_links":{"self":[{"href":"https:\/\/librairie7l.com\/en\/wp-json\/wp\/v2\/product\/56689"}],"collection":[{"href":"https:\/\/librairie7l.com\/en\/wp-json\/wp\/v2\/product"}],"about":[{"href":"https:\/\/librairie7l.com\/en\/wp-json\/wp\/v2\/types\/product"}],"wp:featuredmedia":[{"embeddable":true,"href":"https:\/\/librairie7l.com\/en\/wp-json\/wp\/v2\/media\/56687"}],"wp:attachment":[{"href":"https:\/\/librairie7l.com\/en\/wp-json\/wp\/v2\/media?parent=56689"}],"wp:term":[{"taxonomy":"product_cat","embeddable":true,"href":"https:\/\/librairie7l.com\/en\/wp-json\/wp\/v2\/product_cat?post=56689"},{"taxonomy":"product_tag","embeddable":true,"href":"https:\/\/librairie7l.com\/en\/wp-json\/wp\/v2\/product_tag?post=56689"}],"curies":[{"name":"wp","href":"https:\/\/api.w.org\/{rel}","templated":true}]}}