{"id":56693,"date":"2026-04-29T10:16:38","date_gmt":"2026-04-29T08:16:38","guid":{"rendered":"https:\/\/librairie7l.com\/?post_type=product&#038;p=56693"},"modified":"2026-04-29T15:49:26","modified_gmt":"2026-04-29T13:49:26","slug":"ebenistes-hache-et-creation-contemporaine-de-tous-bois-2","status":"publish","type":"product","link":"https:\/\/librairie7l.com\/en\/produit\/ebenistes-hache-et-creation-contemporaine-de-tous-bois-2\/","title":{"rendered":"\u00c9B\u00c9NISTES HACHE ET CR\u00c9ATION CONTEMPORAINE : DE TOUS BOIS"},"content":{"rendered":"<p>Sublimer le bois ! \u00c0 la rencontre des talents d&#8217;hier et d&#8217;aujourd&#8217;hui.\u00a0<br \/>\nThomas, Pierre, Jean-Fran\u00e7ois, Christophe-Andr\u00e9 : c&#8217;est une v\u00e9ritable dynastie d&#8217;\u00e9b\u00e9nistes que forment les Hache au XVIIIe si\u00e8cle. P\u00e8res et fils rivalisent de talent avec les meilleurs artisans du royaume. \u00c0 la recherche continuelle de la perfection, ils r\u00e9alisent dans leurs ateliers une production d&#8217;une remarquable qualit\u00e9, m\u00ealant traditions et innovations, associant marqueterie, essences locales de bois naturels ou teint\u00e9s, galbes \u00e9l\u00e9gants. Commodes, armoires, coffres, tables, planchers viennent magnifier les demeures de l&#8217;aristocratie et de la grande bourgeoisie dauphinoises.<br \/>\nCes meubles parvenus jusqu&#8217;\u00e0 nous demeurent recherch\u00e9s par les collectionneurs en France et au-del\u00e0 des fronti\u00e8res. Parmi eux, Ma\u00eetre St\u00e9phan Jean Jouanneau (1916-2001), avocat au barreau de Grenoble, passionn\u00e9 par les arts d\u00e9coratifs, dont une partie de la collection, \u00e0 la faveur d&#8217;une donation en 2021, est venu enrichir le fonds du Mus\u00e9e dauphinois.<\/p>\n<p> Si l&#8217;int\u00e9r\u00eat patrimonial de ce mobilier n&#8217;est plus \u00e0 d\u00e9montrer, l&#8217;esprit Hache continue d&#8217;inspirer designers, cr\u00e9ateurs et cr\u00e9atrices contemporains, comme le met en avant cet ouvrage qui les fait dialoguer.<br \/>\n En partenariat avec le Mus\u00e9e dauphinois (D\u00e9partement de l&#8217;Is\u00e8re) et le Mus\u00e9e des arts d\u00e9coratifs de Paris.<\/p>\n","protected":false},"excerpt":{"rendered":"<p>Sublimer le bois ! \u00c0 la rencontre des talents d&#8217;hier et d&#8217;aujourd&#8217;hui.\u00a0 Thomas, Pierre, Jean-Fran\u00e7ois, Christophe-Andr\u00e9 : c&#8217;est une v\u00e9ritable dynastie d&#8217;\u00e9b\u00e9nistes que forment les Hache au XVIIIe si\u00e8cle. P\u00e8res et fils rivalisent de talent avec les meilleurs artisans du royaume. \u00c0 la recherche continuelle de la perfection, ils r\u00e9alisent dans leurs ateliers une production [&hellip;]<\/p>\n","protected":false},"featured_media":56691,"template":"","meta":[],"product_cat":[2948],"product_tag":[],"acf":[],"yoast_head":"<!-- This site is optimized with the Yoast SEO plugin v20.11 - https:\/\/yoast.com\/wordpress\/plugins\/seo\/ -->\n<title>\u00c9b\u00e9nistes Hache et cr\u00e9ation contemporaine : De tous bois - Librairie 7L<\/title>\n<meta name=\"robots\" content=\"index, follow, max-snippet:-1, max-image-preview:large, max-video-preview:-1\" \/>\n<link rel=\"canonical\" href=\"https:\/\/librairie7l.com\/en\/produit\/ebenistes-hache-et-creation-contemporaine-de-tous-bois-2\/\" \/>\n<meta property=\"og:locale\" content=\"en_US\" \/>\n<meta property=\"og:type\" content=\"article\" \/>\n<meta property=\"og:title\" content=\"\u00c9b\u00e9nistes Hache et cr\u00e9ation contemporaine : De tous bois - Librairie 7L\" \/>\n<meta property=\"og:description\" content=\"Sublimer le bois ! \u00c0 la rencontre des talents d&#8217;hier et d&#8217;aujourd&#8217;hui.\u00a0 Thomas, Pierre, Jean-Fran\u00e7ois, Christophe-Andr\u00e9 : c&#8217;est une v\u00e9ritable dynastie d&#8217;\u00e9b\u00e9nistes que forment les Hache au XVIIIe si\u00e8cle. P\u00e8res et fils rivalisent de talent avec les meilleurs artisans du royaume. \u00c0 la recherche continuelle de la perfection, ils r\u00e9alisent dans leurs ateliers une production [&hellip;]\" \/>\n<meta property=\"og:url\" content=\"https:\/\/librairie7l.com\/en\/produit\/ebenistes-hache-et-creation-contemporaine-de-tous-bois-2\/\" \/>\n<meta property=\"og:site_name\" content=\"Librairie 7L\" \/>\n<meta property=\"article:modified_time\" content=\"2026-04-29T13:49:26+00:00\" \/>\n<meta property=\"og:image\" content=\"https:\/\/librairie7l.com\/wp-content\/uploads\/2025\/12\/9782344075814_1_75.jpg\" \/>\n\t<meta property=\"og:image:width\" content=\"600\" \/>\n\t<meta property=\"og:image:height\" content=\"846\" \/>\n\t<meta property=\"og:image:type\" content=\"image\/jpeg\" \/>\n<meta name=\"twitter:card\" content=\"summary_large_image\" \/>\n<meta name=\"twitter:label1\" content=\"Est. reading time\" \/>\n\t<meta name=\"twitter:data1\" content=\"1 minute\" \/>\n<script type=\"application\/ld+json\" class=\"yoast-schema-graph\">{\"@context\":\"https:\/\/schema.org\",\"@graph\":[{\"@type\":\"WebPage\",\"@id\":\"https:\/\/librairie7l.com\/en\/produit\/ebenistes-hache-et-creation-contemporaine-de-tous-bois-2\/\",\"url\":\"https:\/\/librairie7l.com\/en\/produit\/ebenistes-hache-et-creation-contemporaine-de-tous-bois-2\/\",\"name\":\"\u00c9b\u00e9nistes Hache et cr\u00e9ation contemporaine : De tous bois - Librairie 7L\",\"isPartOf\":{\"@id\":\"https:\/\/librairie7l.com\/en\/#website\"},\"datePublished\":\"2026-04-29T08:16:38+00:00\",\"dateModified\":\"2026-04-29T13:49:26+00:00\",\"breadcrumb\":{\"@id\":\"https:\/\/librairie7l.com\/en\/produit\/ebenistes-hache-et-creation-contemporaine-de-tous-bois-2\/#breadcrumb\"},\"inLanguage\":\"en-US\",\"potentialAction\":[{\"@type\":\"ReadAction\",\"target\":[\"https:\/\/librairie7l.com\/en\/produit\/ebenistes-hache-et-creation-contemporaine-de-tous-bois-2\/\"]}]},{\"@type\":\"BreadcrumbList\",\"@id\":\"https:\/\/librairie7l.com\/en\/produit\/ebenistes-hache-et-creation-contemporaine-de-tous-bois-2\/#breadcrumb\",\"itemListElement\":[{\"@type\":\"ListItem\",\"position\":1,\"name\":\"Accueil\",\"item\":\"https:\/\/librairie7l.com\/en\/\"},{\"@type\":\"ListItem\",\"position\":2,\"name\":\"Shop\",\"item\":\"https:\/\/librairie7l.com\/en\/shop\/\"},{\"@type\":\"ListItem\",\"position\":3,\"name\":\"\u00c9B\u00c9NISTES HACHE ET CR\u00c9ATION CONTEMPORAINE : DE TOUS BOIS\"}]},{\"@type\":\"WebSite\",\"@id\":\"https:\/\/librairie7l.com\/en\/#website\",\"url\":\"https:\/\/librairie7l.com\/en\/\",\"name\":\"Librairie 7L\",\"description\":\"Librairie fond\u00e9e en 1999 par Karl Lagerfeld \u00e0 Paris\",\"publisher\":{\"@id\":\"https:\/\/librairie7l.com\/en\/#organization\"},\"potentialAction\":[{\"@type\":\"SearchAction\",\"target\":{\"@type\":\"EntryPoint\",\"urlTemplate\":\"https:\/\/librairie7l.com\/en\/?s={search_term_string}\"},\"query-input\":\"required name=search_term_string\"}],\"inLanguage\":\"en-US\"},{\"@type\":\"Organization\",\"@id\":\"https:\/\/librairie7l.com\/en\/#organization\",\"name\":\"Librairie 7L\",\"url\":\"https:\/\/librairie7l.com\/en\/\",\"logo\":{\"@type\":\"ImageObject\",\"inLanguage\":\"en-US\",\"@id\":\"https:\/\/librairie7l.com\/en\/#\/schema\/logo\/image\/\",\"url\":\"https:\/\/librairie7l.com\/wp-content\/uploads\/2022\/08\/logo-1.png\",\"contentUrl\":\"https:\/\/librairie7l.com\/wp-content\/uploads\/2022\/08\/logo-1.png\",\"width\":227,\"height\":301,\"caption\":\"Librairie 7L\"},\"image\":{\"@id\":\"https:\/\/librairie7l.com\/en\/#\/schema\/logo\/image\/\"}}]}<\/script>\n<!-- \/ Yoast SEO plugin. -->","yoast_head_json":{"title":"\u00c9b\u00e9nistes Hache et cr\u00e9ation contemporaine : De tous bois - Librairie 7L","robots":{"index":"index","follow":"follow","max-snippet":"max-snippet:-1","max-image-preview":"max-image-preview:large","max-video-preview":"max-video-preview:-1"},"canonical":"https:\/\/librairie7l.com\/en\/produit\/ebenistes-hache-et-creation-contemporaine-de-tous-bois-2\/","og_locale":"en_US","og_type":"article","og_title":"\u00c9b\u00e9nistes Hache et cr\u00e9ation contemporaine : De tous bois - Librairie 7L","og_description":"Sublimer le bois ! \u00c0 la rencontre des talents d&#8217;hier et d&#8217;aujourd&#8217;hui.\u00a0 Thomas, Pierre, Jean-Fran\u00e7ois, Christophe-Andr\u00e9 : c&#8217;est une v\u00e9ritable dynastie d&#8217;\u00e9b\u00e9nistes que forment les Hache au XVIIIe si\u00e8cle. P\u00e8res et fils rivalisent de talent avec les meilleurs artisans du royaume. \u00c0 la recherche continuelle de la perfection, ils r\u00e9alisent dans leurs ateliers une production [&hellip;]","og_url":"https:\/\/librairie7l.com\/en\/produit\/ebenistes-hache-et-creation-contemporaine-de-tous-bois-2\/","og_site_name":"Librairie 7L","article_modified_time":"2026-04-29T13:49:26+00:00","og_image":[{"width":600,"height":846,"url":"https:\/\/librairie7l.com\/wp-content\/uploads\/2025\/12\/9782344075814_1_75.jpg","type":"image\/jpeg"}],"twitter_card":"summary_large_image","twitter_misc":{"Est. reading time":"1 minute"},"schema":{"@context":"https:\/\/schema.org","@graph":[{"@type":"WebPage","@id":"https:\/\/librairie7l.com\/en\/produit\/ebenistes-hache-et-creation-contemporaine-de-tous-bois-2\/","url":"https:\/\/librairie7l.com\/en\/produit\/ebenistes-hache-et-creation-contemporaine-de-tous-bois-2\/","name":"\u00c9b\u00e9nistes Hache et cr\u00e9ation contemporaine : De tous bois - Librairie 7L","isPartOf":{"@id":"https:\/\/librairie7l.com\/en\/#website"},"datePublished":"2026-04-29T08:16:38+00:00","dateModified":"2026-04-29T13:49:26+00:00","breadcrumb":{"@id":"https:\/\/librairie7l.com\/en\/produit\/ebenistes-hache-et-creation-contemporaine-de-tous-bois-2\/#breadcrumb"},"inLanguage":"en-US","potentialAction":[{"@type":"ReadAction","target":["https:\/\/librairie7l.com\/en\/produit\/ebenistes-hache-et-creation-contemporaine-de-tous-bois-2\/"]}]},{"@type":"BreadcrumbList","@id":"https:\/\/librairie7l.com\/en\/produit\/ebenistes-hache-et-creation-contemporaine-de-tous-bois-2\/#breadcrumb","itemListElement":[{"@type":"ListItem","position":1,"name":"Accueil","item":"https:\/\/librairie7l.com\/en\/"},{"@type":"ListItem","position":2,"name":"Shop","item":"https:\/\/librairie7l.com\/en\/shop\/"},{"@type":"ListItem","position":3,"name":"\u00c9B\u00c9NISTES HACHE ET CR\u00c9ATION CONTEMPORAINE : DE TOUS BOIS"}]},{"@type":"WebSite","@id":"https:\/\/librairie7l.com\/en\/#website","url":"https:\/\/librairie7l.com\/en\/","name":"Librairie 7L","description":"Librairie fond\u00e9e en 1999 par Karl Lagerfeld \u00e0 Paris","publisher":{"@id":"https:\/\/librairie7l.com\/en\/#organization"},"potentialAction":[{"@type":"SearchAction","target":{"@type":"EntryPoint","urlTemplate":"https:\/\/librairie7l.com\/en\/?s={search_term_string}"},"query-input":"required name=search_term_string"}],"inLanguage":"en-US"},{"@type":"Organization","@id":"https:\/\/librairie7l.com\/en\/#organization","name":"Librairie 7L","url":"https:\/\/librairie7l.com\/en\/","logo":{"@type":"ImageObject","inLanguage":"en-US","@id":"https:\/\/librairie7l.com\/en\/#\/schema\/logo\/image\/","url":"https:\/\/librairie7l.com\/wp-content\/uploads\/2022\/08\/logo-1.png","contentUrl":"https:\/\/librairie7l.com\/wp-content\/uploads\/2022\/08\/logo-1.png","width":227,"height":301,"caption":"Librairie 7L"},"image":{"@id":"https:\/\/librairie7l.com\/en\/#\/schema\/logo\/image\/"}}]}},"_links":{"self":[{"href":"https:\/\/librairie7l.com\/en\/wp-json\/wp\/v2\/product\/56693"}],"collection":[{"href":"https:\/\/librairie7l.com\/en\/wp-json\/wp\/v2\/product"}],"about":[{"href":"https:\/\/librairie7l.com\/en\/wp-json\/wp\/v2\/types\/product"}],"wp:featuredmedia":[{"embeddable":true,"href":"https:\/\/librairie7l.com\/en\/wp-json\/wp\/v2\/media\/56691"}],"wp:attachment":[{"href":"https:\/\/librairie7l.com\/en\/wp-json\/wp\/v2\/media?parent=56693"}],"wp:term":[{"taxonomy":"product_cat","embeddable":true,"href":"https:\/\/librairie7l.com\/en\/wp-json\/wp\/v2\/product_cat?post=56693"},{"taxonomy":"product_tag","embeddable":true,"href":"https:\/\/librairie7l.com\/en\/wp-json\/wp\/v2\/product_tag?post=56693"}],"curies":[{"name":"wp","href":"https:\/\/api.w.org\/{rel}","templated":true}]}}