{"id":56707,"date":"2026-04-30T09:17:57","date_gmt":"2026-04-30T07:17:57","guid":{"rendered":"https:\/\/librairie7l.com\/?post_type=product&#038;p=56707"},"modified":"2026-04-30T12:02:37","modified_gmt":"2026-04-30T10:02:37","slug":"un-chateau-sur-la-riviera-lart-de-vivre-par-oitoemponto-2","status":"publish","type":"product","link":"https:\/\/librairie7l.com\/en\/produit\/un-chateau-sur-la-riviera-lart-de-vivre-par-oitoemponto-2\/","title":{"rendered":"UN CH\u00c2TEAU SUR LA RIVIERA ; L&#8217;ART DE VIVRE PAR OITOEMPONTO"},"content":{"rendered":"<p>C&#8217;est l&#8217;histoire d&#8217;une renaissance. Celle d&#8217;une belle bastide proven\u00e7ale, ressuscit\u00e9e par les id\u00e9es singuli\u00e8res et flamboyantes de Jacques Bec et d&#8217;Artur Miranda, cr\u00e9ateurs d&#8217;Oitoemponto. Depuis plusieurs ann\u00e9es, d\u00e9j\u00e0, le duo franco-portugais se taille une place de choix dans le monde de la d\u00e9coration o\u00f9 il impose sa patte incomparable en cr\u00e9ant des lieux uniques, \u00e0 la fois raffin\u00e9s et faciles \u00e0 vivre, modernes et intemporels. Quatre ans auront \u00e9t\u00e9 n\u00e9cessaires pour redonner chic et faste \u00e0 cette vaste demeure, devenue, apr\u00e8s des travaux colossaux, un lieu de vie et de vill\u00e9giature au charme et au confort incomparables. Le luxe y est omnipr\u00e9sent, mais il se sait se faire discret dans les quelque 3500 m2 d&#8217;habitations que compte le domaine. On y s\u00e9journe en toute qui\u00e9tude, on s&#8217;y repose &#8211; \u00e0 l&#8217;int\u00e9rieur ou au bord de l&#8217;immense piscine -, on s&#8217;y amuse, dans la salle de roulette priv\u00e9e ou la bo\u00eete de nuit attenante \u00e0 la maison&#8230; Et on s&#8217;\u00e9merveille devant les innombrables oeuvres d&#8217;art et meubles sign\u00e9s par les plus grands ma\u00eetres de la peinture et du design. Visite priv\u00e9e.<\/p>\n","protected":false},"excerpt":{"rendered":"<p>C&#8217;est l&#8217;histoire d&#8217;une renaissance. Celle d&#8217;une belle bastide proven\u00e7ale, ressuscit\u00e9e par les id\u00e9es singuli\u00e8res et flamboyantes de Jacques Bec et d&#8217;Artur Miranda, cr\u00e9ateurs d&#8217;Oitoemponto. Depuis plusieurs ann\u00e9es, d\u00e9j\u00e0, le duo franco-portugais se taille une place de choix dans le monde de la d\u00e9coration o\u00f9 il impose sa patte incomparable en cr\u00e9ant des lieux uniques, \u00e0 [&hellip;]<\/p>\n","protected":false},"featured_media":56705,"template":"","meta":[],"product_cat":[2948],"product_tag":[],"acf":[],"yoast_head":"<!-- This site is optimized with the Yoast SEO plugin v20.11 - https:\/\/yoast.com\/wordpress\/plugins\/seo\/ -->\n<title>Un ch\u00e2teau sur la Riviera ; l&#039;art de vivre par Oitoemponto - Librairie 7L<\/title>\n<meta name=\"robots\" content=\"index, follow, max-snippet:-1, max-image-preview:large, max-video-preview:-1\" \/>\n<link rel=\"canonical\" href=\"https:\/\/librairie7l.com\/en\/produit\/un-chateau-sur-la-riviera-lart-de-vivre-par-oitoemponto-2\/\" \/>\n<meta property=\"og:locale\" content=\"en_US\" \/>\n<meta property=\"og:type\" content=\"article\" \/>\n<meta property=\"og:title\" content=\"Un ch\u00e2teau sur la Riviera ; l&#039;art de vivre par Oitoemponto - Librairie 7L\" \/>\n<meta property=\"og:description\" content=\"C&#8217;est l&#8217;histoire d&#8217;une renaissance. Celle d&#8217;une belle bastide proven\u00e7ale, ressuscit\u00e9e par les id\u00e9es singuli\u00e8res et flamboyantes de Jacques Bec et d&#8217;Artur Miranda, cr\u00e9ateurs d&#8217;Oitoemponto. Depuis plusieurs ann\u00e9es, d\u00e9j\u00e0, le duo franco-portugais se taille une place de choix dans le monde de la d\u00e9coration o\u00f9 il impose sa patte incomparable en cr\u00e9ant des lieux uniques, \u00e0 [&hellip;]\" \/>\n<meta property=\"og:url\" content=\"https:\/\/librairie7l.com\/en\/produit\/un-chateau-sur-la-riviera-lart-de-vivre-par-oitoemponto-2\/\" \/>\n<meta property=\"og:site_name\" content=\"Librairie 7L\" \/>\n<meta property=\"article:modified_time\" content=\"2026-04-30T10:02:37+00:00\" \/>\n<meta property=\"og:image\" content=\"https:\/\/librairie7l.com\/wp-content\/uploads\/2020\/07\/9782081514201_1_75.jpg\" \/>\n\t<meta property=\"og:image:width\" content=\"600\" \/>\n\t<meta property=\"og:image:height\" content=\"871\" \/>\n\t<meta property=\"og:image:type\" content=\"image\/jpeg\" \/>\n<meta name=\"twitter:card\" content=\"summary_large_image\" \/>\n<meta name=\"twitter:label1\" content=\"Est. reading time\" \/>\n\t<meta name=\"twitter:data1\" content=\"1 minute\" \/>\n<script type=\"application\/ld+json\" class=\"yoast-schema-graph\">{\"@context\":\"https:\/\/schema.org\",\"@graph\":[{\"@type\":\"WebPage\",\"@id\":\"https:\/\/librairie7l.com\/en\/produit\/un-chateau-sur-la-riviera-lart-de-vivre-par-oitoemponto-2\/\",\"url\":\"https:\/\/librairie7l.com\/en\/produit\/un-chateau-sur-la-riviera-lart-de-vivre-par-oitoemponto-2\/\",\"name\":\"Un ch\u00e2teau sur la Riviera ; l'art de vivre par Oitoemponto - Librairie 7L\",\"isPartOf\":{\"@id\":\"https:\/\/librairie7l.com\/en\/#website\"},\"datePublished\":\"2026-04-30T07:17:57+00:00\",\"dateModified\":\"2026-04-30T10:02:37+00:00\",\"breadcrumb\":{\"@id\":\"https:\/\/librairie7l.com\/en\/produit\/un-chateau-sur-la-riviera-lart-de-vivre-par-oitoemponto-2\/#breadcrumb\"},\"inLanguage\":\"en-US\",\"potentialAction\":[{\"@type\":\"ReadAction\",\"target\":[\"https:\/\/librairie7l.com\/en\/produit\/un-chateau-sur-la-riviera-lart-de-vivre-par-oitoemponto-2\/\"]}]},{\"@type\":\"BreadcrumbList\",\"@id\":\"https:\/\/librairie7l.com\/en\/produit\/un-chateau-sur-la-riviera-lart-de-vivre-par-oitoemponto-2\/#breadcrumb\",\"itemListElement\":[{\"@type\":\"ListItem\",\"position\":1,\"name\":\"Accueil\",\"item\":\"https:\/\/librairie7l.com\/en\/\"},{\"@type\":\"ListItem\",\"position\":2,\"name\":\"Shop\",\"item\":\"https:\/\/librairie7l.com\/en\/shop\/\"},{\"@type\":\"ListItem\",\"position\":3,\"name\":\"UN CH\u00c2TEAU SUR LA RIVIERA ; L&#8217;ART DE VIVRE PAR OITOEMPONTO\"}]},{\"@type\":\"WebSite\",\"@id\":\"https:\/\/librairie7l.com\/en\/#website\",\"url\":\"https:\/\/librairie7l.com\/en\/\",\"name\":\"Librairie 7L\",\"description\":\"Librairie fond\u00e9e en 1999 par Karl Lagerfeld \u00e0 Paris\",\"publisher\":{\"@id\":\"https:\/\/librairie7l.com\/en\/#organization\"},\"potentialAction\":[{\"@type\":\"SearchAction\",\"target\":{\"@type\":\"EntryPoint\",\"urlTemplate\":\"https:\/\/librairie7l.com\/en\/?s={search_term_string}\"},\"query-input\":\"required name=search_term_string\"}],\"inLanguage\":\"en-US\"},{\"@type\":\"Organization\",\"@id\":\"https:\/\/librairie7l.com\/en\/#organization\",\"name\":\"Librairie 7L\",\"url\":\"https:\/\/librairie7l.com\/en\/\",\"logo\":{\"@type\":\"ImageObject\",\"inLanguage\":\"en-US\",\"@id\":\"https:\/\/librairie7l.com\/en\/#\/schema\/logo\/image\/\",\"url\":\"https:\/\/librairie7l.com\/wp-content\/uploads\/2022\/08\/logo-1.png\",\"contentUrl\":\"https:\/\/librairie7l.com\/wp-content\/uploads\/2022\/08\/logo-1.png\",\"width\":227,\"height\":301,\"caption\":\"Librairie 7L\"},\"image\":{\"@id\":\"https:\/\/librairie7l.com\/en\/#\/schema\/logo\/image\/\"}}]}<\/script>\n<!-- \/ Yoast SEO plugin. -->","yoast_head_json":{"title":"Un ch\u00e2teau sur la Riviera ; l'art de vivre par Oitoemponto - Librairie 7L","robots":{"index":"index","follow":"follow","max-snippet":"max-snippet:-1","max-image-preview":"max-image-preview:large","max-video-preview":"max-video-preview:-1"},"canonical":"https:\/\/librairie7l.com\/en\/produit\/un-chateau-sur-la-riviera-lart-de-vivre-par-oitoemponto-2\/","og_locale":"en_US","og_type":"article","og_title":"Un ch\u00e2teau sur la Riviera ; l'art de vivre par Oitoemponto - Librairie 7L","og_description":"C&#8217;est l&#8217;histoire d&#8217;une renaissance. Celle d&#8217;une belle bastide proven\u00e7ale, ressuscit\u00e9e par les id\u00e9es singuli\u00e8res et flamboyantes de Jacques Bec et d&#8217;Artur Miranda, cr\u00e9ateurs d&#8217;Oitoemponto. Depuis plusieurs ann\u00e9es, d\u00e9j\u00e0, le duo franco-portugais se taille une place de choix dans le monde de la d\u00e9coration o\u00f9 il impose sa patte incomparable en cr\u00e9ant des lieux uniques, \u00e0 [&hellip;]","og_url":"https:\/\/librairie7l.com\/en\/produit\/un-chateau-sur-la-riviera-lart-de-vivre-par-oitoemponto-2\/","og_site_name":"Librairie 7L","article_modified_time":"2026-04-30T10:02:37+00:00","og_image":[{"width":600,"height":871,"url":"https:\/\/librairie7l.com\/wp-content\/uploads\/2020\/07\/9782081514201_1_75.jpg","type":"image\/jpeg"}],"twitter_card":"summary_large_image","twitter_misc":{"Est. reading time":"1 minute"},"schema":{"@context":"https:\/\/schema.org","@graph":[{"@type":"WebPage","@id":"https:\/\/librairie7l.com\/en\/produit\/un-chateau-sur-la-riviera-lart-de-vivre-par-oitoemponto-2\/","url":"https:\/\/librairie7l.com\/en\/produit\/un-chateau-sur-la-riviera-lart-de-vivre-par-oitoemponto-2\/","name":"Un ch\u00e2teau sur la Riviera ; l'art de vivre par Oitoemponto - Librairie 7L","isPartOf":{"@id":"https:\/\/librairie7l.com\/en\/#website"},"datePublished":"2026-04-30T07:17:57+00:00","dateModified":"2026-04-30T10:02:37+00:00","breadcrumb":{"@id":"https:\/\/librairie7l.com\/en\/produit\/un-chateau-sur-la-riviera-lart-de-vivre-par-oitoemponto-2\/#breadcrumb"},"inLanguage":"en-US","potentialAction":[{"@type":"ReadAction","target":["https:\/\/librairie7l.com\/en\/produit\/un-chateau-sur-la-riviera-lart-de-vivre-par-oitoemponto-2\/"]}]},{"@type":"BreadcrumbList","@id":"https:\/\/librairie7l.com\/en\/produit\/un-chateau-sur-la-riviera-lart-de-vivre-par-oitoemponto-2\/#breadcrumb","itemListElement":[{"@type":"ListItem","position":1,"name":"Accueil","item":"https:\/\/librairie7l.com\/en\/"},{"@type":"ListItem","position":2,"name":"Shop","item":"https:\/\/librairie7l.com\/en\/shop\/"},{"@type":"ListItem","position":3,"name":"UN CH\u00c2TEAU SUR LA RIVIERA ; L&#8217;ART DE VIVRE PAR OITOEMPONTO"}]},{"@type":"WebSite","@id":"https:\/\/librairie7l.com\/en\/#website","url":"https:\/\/librairie7l.com\/en\/","name":"Librairie 7L","description":"Librairie fond\u00e9e en 1999 par Karl Lagerfeld \u00e0 Paris","publisher":{"@id":"https:\/\/librairie7l.com\/en\/#organization"},"potentialAction":[{"@type":"SearchAction","target":{"@type":"EntryPoint","urlTemplate":"https:\/\/librairie7l.com\/en\/?s={search_term_string}"},"query-input":"required name=search_term_string"}],"inLanguage":"en-US"},{"@type":"Organization","@id":"https:\/\/librairie7l.com\/en\/#organization","name":"Librairie 7L","url":"https:\/\/librairie7l.com\/en\/","logo":{"@type":"ImageObject","inLanguage":"en-US","@id":"https:\/\/librairie7l.com\/en\/#\/schema\/logo\/image\/","url":"https:\/\/librairie7l.com\/wp-content\/uploads\/2022\/08\/logo-1.png","contentUrl":"https:\/\/librairie7l.com\/wp-content\/uploads\/2022\/08\/logo-1.png","width":227,"height":301,"caption":"Librairie 7L"},"image":{"@id":"https:\/\/librairie7l.com\/en\/#\/schema\/logo\/image\/"}}]}},"_links":{"self":[{"href":"https:\/\/librairie7l.com\/en\/wp-json\/wp\/v2\/product\/56707"}],"collection":[{"href":"https:\/\/librairie7l.com\/en\/wp-json\/wp\/v2\/product"}],"about":[{"href":"https:\/\/librairie7l.com\/en\/wp-json\/wp\/v2\/types\/product"}],"wp:featuredmedia":[{"embeddable":true,"href":"https:\/\/librairie7l.com\/en\/wp-json\/wp\/v2\/media\/56705"}],"wp:attachment":[{"href":"https:\/\/librairie7l.com\/en\/wp-json\/wp\/v2\/media?parent=56707"}],"wp:term":[{"taxonomy":"product_cat","embeddable":true,"href":"https:\/\/librairie7l.com\/en\/wp-json\/wp\/v2\/product_cat?post=56707"},{"taxonomy":"product_tag","embeddable":true,"href":"https:\/\/librairie7l.com\/en\/wp-json\/wp\/v2\/product_tag?post=56707"}],"curies":[{"name":"wp","href":"https:\/\/api.w.org\/{rel}","templated":true}]}}