{"id":56715,"date":"2026-04-30T09:18:02","date_gmt":"2026-04-30T07:18:02","guid":{"rendered":"https:\/\/librairie7l.com\/?post_type=product&#038;p=56715"},"modified":"2026-04-30T12:04:02","modified_gmt":"2026-04-30T10:04:02","slug":"lifes-a-beach-2","status":"publish","type":"product","link":"https:\/\/librairie7l.com\/en\/produit\/lifes-a-beach-2\/","title":{"rendered":"LIFE&#8217;S A BEACH"},"content":{"rendered":"<p>Dans un format facile \u00e0 glisser dans un sac de plage, voici Martin Parr au meilleur de sa forme, capable de nous interpeller par des instants d&#8217;absurdit\u00e9 et de nous plonger dans les traditions et les rituels associ\u00e9s \u00e0 la plage. Parr photographie la plage depuis des d\u00e9cennies, des s\u00e9ances de bronzage en gros plans \u00e0 la fougue du nageur en plein plongeon, sans oublier le sempiternel pique-nique au go\u00fbt de sable.<br \/>\nCe recueil nous pr\u00e9sente les meilleurs clich\u00e9s de son exploration de la beach culture, avec des photos d&#8217;estivants prises en Argentine, au Br\u00e9sil, en Chine, en Espagne, en Italie, en Lettonie, au Japon, aux Etats-Unis, au Mexique, en Tha\u00eflande et bien s\u00fbr au Royaume-Uni.<\/p>\n","protected":false},"excerpt":{"rendered":"<p>Dans un format facile \u00e0 glisser dans un sac de plage, voici Martin Parr au meilleur de sa forme, capable de nous interpeller par des instants d&#8217;absurdit\u00e9 et de nous plonger dans les traditions et les rituels associ\u00e9s \u00e0 la plage. Parr photographie la plage depuis des d\u00e9cennies, des s\u00e9ances de bronzage en gros plans [&hellip;]<\/p>\n","protected":false},"featured_media":56713,"template":"","meta":[],"product_cat":[2948],"product_tag":[],"acf":[],"yoast_head":"<!-- This site is optimized with the Yoast SEO plugin v20.11 - https:\/\/yoast.com\/wordpress\/plugins\/seo\/ -->\n<title>Life&#039;s a beach - Librairie 7L<\/title>\n<meta name=\"robots\" content=\"index, follow, max-snippet:-1, max-image-preview:large, max-video-preview:-1\" \/>\n<link rel=\"canonical\" href=\"https:\/\/librairie7l.com\/en\/produit\/lifes-a-beach-2\/\" \/>\n<meta property=\"og:locale\" content=\"en_US\" \/>\n<meta property=\"og:type\" content=\"article\" \/>\n<meta property=\"og:title\" content=\"Life&#039;s a beach - Librairie 7L\" \/>\n<meta property=\"og:description\" content=\"Dans un format facile \u00e0 glisser dans un sac de plage, voici Martin Parr au meilleur de sa forme, capable de nous interpeller par des instants d&#8217;absurdit\u00e9 et de nous plonger dans les traditions et les rituels associ\u00e9s \u00e0 la plage. Parr photographie la plage depuis des d\u00e9cennies, des s\u00e9ances de bronzage en gros plans [&hellip;]\" \/>\n<meta property=\"og:url\" content=\"https:\/\/librairie7l.com\/en\/produit\/lifes-a-beach-2\/\" \/>\n<meta property=\"og:site_name\" content=\"Librairie 7L\" \/>\n<meta property=\"article:modified_time\" content=\"2026-04-30T10:04:02+00:00\" \/>\n<meta property=\"og:image\" content=\"https:\/\/librairie7l.com\/wp-content\/uploads\/2013\/04\/9782365110273_1_75.jpg\" \/>\n\t<meta property=\"og:image:width\" content=\"812\" \/>\n\t<meta property=\"og:image:height\" content=\"600\" \/>\n\t<meta property=\"og:image:type\" content=\"image\/jpeg\" \/>\n<meta name=\"twitter:card\" content=\"summary_large_image\" \/>\n<meta name=\"twitter:label1\" content=\"Est. reading time\" \/>\n\t<meta name=\"twitter:data1\" content=\"1 minute\" \/>\n<script type=\"application\/ld+json\" class=\"yoast-schema-graph\">{\"@context\":\"https:\/\/schema.org\",\"@graph\":[{\"@type\":\"WebPage\",\"@id\":\"https:\/\/librairie7l.com\/en\/produit\/lifes-a-beach-2\/\",\"url\":\"https:\/\/librairie7l.com\/en\/produit\/lifes-a-beach-2\/\",\"name\":\"Life's a beach - Librairie 7L\",\"isPartOf\":{\"@id\":\"https:\/\/librairie7l.com\/en\/#website\"},\"datePublished\":\"2026-04-30T07:18:02+00:00\",\"dateModified\":\"2026-04-30T10:04:02+00:00\",\"breadcrumb\":{\"@id\":\"https:\/\/librairie7l.com\/en\/produit\/lifes-a-beach-2\/#breadcrumb\"},\"inLanguage\":\"en-US\",\"potentialAction\":[{\"@type\":\"ReadAction\",\"target\":[\"https:\/\/librairie7l.com\/en\/produit\/lifes-a-beach-2\/\"]}]},{\"@type\":\"BreadcrumbList\",\"@id\":\"https:\/\/librairie7l.com\/en\/produit\/lifes-a-beach-2\/#breadcrumb\",\"itemListElement\":[{\"@type\":\"ListItem\",\"position\":1,\"name\":\"Accueil\",\"item\":\"https:\/\/librairie7l.com\/en\/\"},{\"@type\":\"ListItem\",\"position\":2,\"name\":\"Shop\",\"item\":\"https:\/\/librairie7l.com\/en\/shop\/\"},{\"@type\":\"ListItem\",\"position\":3,\"name\":\"LIFE&#8217;S A BEACH\"}]},{\"@type\":\"WebSite\",\"@id\":\"https:\/\/librairie7l.com\/en\/#website\",\"url\":\"https:\/\/librairie7l.com\/en\/\",\"name\":\"Librairie 7L\",\"description\":\"Librairie fond\u00e9e en 1999 par Karl Lagerfeld \u00e0 Paris\",\"publisher\":{\"@id\":\"https:\/\/librairie7l.com\/en\/#organization\"},\"potentialAction\":[{\"@type\":\"SearchAction\",\"target\":{\"@type\":\"EntryPoint\",\"urlTemplate\":\"https:\/\/librairie7l.com\/en\/?s={search_term_string}\"},\"query-input\":\"required name=search_term_string\"}],\"inLanguage\":\"en-US\"},{\"@type\":\"Organization\",\"@id\":\"https:\/\/librairie7l.com\/en\/#organization\",\"name\":\"Librairie 7L\",\"url\":\"https:\/\/librairie7l.com\/en\/\",\"logo\":{\"@type\":\"ImageObject\",\"inLanguage\":\"en-US\",\"@id\":\"https:\/\/librairie7l.com\/en\/#\/schema\/logo\/image\/\",\"url\":\"https:\/\/librairie7l.com\/wp-content\/uploads\/2022\/08\/logo-1.png\",\"contentUrl\":\"https:\/\/librairie7l.com\/wp-content\/uploads\/2022\/08\/logo-1.png\",\"width\":227,\"height\":301,\"caption\":\"Librairie 7L\"},\"image\":{\"@id\":\"https:\/\/librairie7l.com\/en\/#\/schema\/logo\/image\/\"}}]}<\/script>\n<!-- \/ Yoast SEO plugin. -->","yoast_head_json":{"title":"Life's a beach - Librairie 7L","robots":{"index":"index","follow":"follow","max-snippet":"max-snippet:-1","max-image-preview":"max-image-preview:large","max-video-preview":"max-video-preview:-1"},"canonical":"https:\/\/librairie7l.com\/en\/produit\/lifes-a-beach-2\/","og_locale":"en_US","og_type":"article","og_title":"Life's a beach - Librairie 7L","og_description":"Dans un format facile \u00e0 glisser dans un sac de plage, voici Martin Parr au meilleur de sa forme, capable de nous interpeller par des instants d&#8217;absurdit\u00e9 et de nous plonger dans les traditions et les rituels associ\u00e9s \u00e0 la plage. Parr photographie la plage depuis des d\u00e9cennies, des s\u00e9ances de bronzage en gros plans [&hellip;]","og_url":"https:\/\/librairie7l.com\/en\/produit\/lifes-a-beach-2\/","og_site_name":"Librairie 7L","article_modified_time":"2026-04-30T10:04:02+00:00","og_image":[{"width":812,"height":600,"url":"https:\/\/librairie7l.com\/wp-content\/uploads\/2013\/04\/9782365110273_1_75.jpg","type":"image\/jpeg"}],"twitter_card":"summary_large_image","twitter_misc":{"Est. reading time":"1 minute"},"schema":{"@context":"https:\/\/schema.org","@graph":[{"@type":"WebPage","@id":"https:\/\/librairie7l.com\/en\/produit\/lifes-a-beach-2\/","url":"https:\/\/librairie7l.com\/en\/produit\/lifes-a-beach-2\/","name":"Life's a beach - Librairie 7L","isPartOf":{"@id":"https:\/\/librairie7l.com\/en\/#website"},"datePublished":"2026-04-30T07:18:02+00:00","dateModified":"2026-04-30T10:04:02+00:00","breadcrumb":{"@id":"https:\/\/librairie7l.com\/en\/produit\/lifes-a-beach-2\/#breadcrumb"},"inLanguage":"en-US","potentialAction":[{"@type":"ReadAction","target":["https:\/\/librairie7l.com\/en\/produit\/lifes-a-beach-2\/"]}]},{"@type":"BreadcrumbList","@id":"https:\/\/librairie7l.com\/en\/produit\/lifes-a-beach-2\/#breadcrumb","itemListElement":[{"@type":"ListItem","position":1,"name":"Accueil","item":"https:\/\/librairie7l.com\/en\/"},{"@type":"ListItem","position":2,"name":"Shop","item":"https:\/\/librairie7l.com\/en\/shop\/"},{"@type":"ListItem","position":3,"name":"LIFE&#8217;S A BEACH"}]},{"@type":"WebSite","@id":"https:\/\/librairie7l.com\/en\/#website","url":"https:\/\/librairie7l.com\/en\/","name":"Librairie 7L","description":"Librairie fond\u00e9e en 1999 par Karl Lagerfeld \u00e0 Paris","publisher":{"@id":"https:\/\/librairie7l.com\/en\/#organization"},"potentialAction":[{"@type":"SearchAction","target":{"@type":"EntryPoint","urlTemplate":"https:\/\/librairie7l.com\/en\/?s={search_term_string}"},"query-input":"required name=search_term_string"}],"inLanguage":"en-US"},{"@type":"Organization","@id":"https:\/\/librairie7l.com\/en\/#organization","name":"Librairie 7L","url":"https:\/\/librairie7l.com\/en\/","logo":{"@type":"ImageObject","inLanguage":"en-US","@id":"https:\/\/librairie7l.com\/en\/#\/schema\/logo\/image\/","url":"https:\/\/librairie7l.com\/wp-content\/uploads\/2022\/08\/logo-1.png","contentUrl":"https:\/\/librairie7l.com\/wp-content\/uploads\/2022\/08\/logo-1.png","width":227,"height":301,"caption":"Librairie 7L"},"image":{"@id":"https:\/\/librairie7l.com\/en\/#\/schema\/logo\/image\/"}}]}},"_links":{"self":[{"href":"https:\/\/librairie7l.com\/en\/wp-json\/wp\/v2\/product\/56715"}],"collection":[{"href":"https:\/\/librairie7l.com\/en\/wp-json\/wp\/v2\/product"}],"about":[{"href":"https:\/\/librairie7l.com\/en\/wp-json\/wp\/v2\/types\/product"}],"wp:featuredmedia":[{"embeddable":true,"href":"https:\/\/librairie7l.com\/en\/wp-json\/wp\/v2\/media\/56713"}],"wp:attachment":[{"href":"https:\/\/librairie7l.com\/en\/wp-json\/wp\/v2\/media?parent=56715"}],"wp:term":[{"taxonomy":"product_cat","embeddable":true,"href":"https:\/\/librairie7l.com\/en\/wp-json\/wp\/v2\/product_cat?post=56715"},{"taxonomy":"product_tag","embeddable":true,"href":"https:\/\/librairie7l.com\/en\/wp-json\/wp\/v2\/product_tag?post=56715"}],"curies":[{"name":"wp","href":"https:\/\/api.w.org\/{rel}","templated":true}]}}