{"id":56747,"date":"2026-05-01T09:18:07","date_gmt":"2026-05-01T07:18:07","guid":{"rendered":"https:\/\/librairie7l.com\/?post_type=product&#038;p=56747"},"modified":"2026-05-01T12:16:12","modified_gmt":"2026-05-01T10:16:12","slug":"legende-rolex-lhistoire-de-rolex-a-travers-120-montres-emblematiques-2","status":"publish","type":"product","link":"https:\/\/librairie7l.com\/en\/produit\/legende-rolex-lhistoire-de-rolex-a-travers-120-montres-emblematiques-2\/","title":{"rendered":"L\u00c9GENDE ROLEX : L&#8217;HISTOIRE DE ROLEX \u00c0 TRAVERS 120 MONTRES EMBL\u00c9MATIQUES"},"content":{"rendered":"<p>120 montres Rolex retracent la richesse d&#8217;une histoire horlog\u00e8re unique, entre diversit\u00e9 des bo\u00eetiers, des mouvements, des cadrans et des bracelets.<br \/>\nDes iconiques Oyster, Datejust, Submariner ou Daytona aux lignes plus pr\u00e9cieuses des Cellini, chaque mod\u00e8le incarne une vision de l&#8217;excellence technique et du style. L&#8217;histoire de cette maison embl\u00e9matique est racont\u00e9e par James Dowling, alias Mister Rolex, r\u00e9f\u00e9rence dans l&#8217;univers horloger. Photographies originales, archives et documents rares composent une plong\u00e9e compl\u00e8te dans l&#8217;univers de la plus c\u00e9l\u00e8bre des marques de montres.<\/p>\n","protected":false},"excerpt":{"rendered":"<p>120 montres Rolex retracent la richesse d&#8217;une histoire horlog\u00e8re unique, entre diversit\u00e9 des bo\u00eetiers, des mouvements, des cadrans et des bracelets. Des iconiques Oyster, Datejust, Submariner ou Daytona aux lignes plus pr\u00e9cieuses des Cellini, chaque mod\u00e8le incarne une vision de l&#8217;excellence technique et du style. L&#8217;histoire de cette maison embl\u00e9matique est racont\u00e9e par James Dowling, [&hellip;]<\/p>\n","protected":false},"featured_media":56745,"template":"","meta":[],"product_cat":[2948],"product_tag":[],"acf":[],"yoast_head":"<!-- This site is optimized with the Yoast SEO plugin v20.11 - https:\/\/yoast.com\/wordpress\/plugins\/seo\/ -->\n<title>L\u00e9gende Rolex : L&#039;histoire de Rolex \u00e0 travers 120 montres embl\u00e9matiques - Librairie 7L<\/title>\n<meta name=\"robots\" content=\"index, follow, max-snippet:-1, max-image-preview:large, max-video-preview:-1\" \/>\n<link rel=\"canonical\" href=\"https:\/\/librairie7l.com\/en\/produit\/legende-rolex-lhistoire-de-rolex-a-travers-120-montres-emblematiques-2\/\" \/>\n<meta property=\"og:locale\" content=\"en_US\" \/>\n<meta property=\"og:type\" content=\"article\" \/>\n<meta property=\"og:title\" content=\"L\u00e9gende Rolex : L&#039;histoire de Rolex \u00e0 travers 120 montres embl\u00e9matiques - Librairie 7L\" \/>\n<meta property=\"og:description\" content=\"120 montres Rolex retracent la richesse d&#8217;une histoire horlog\u00e8re unique, entre diversit\u00e9 des bo\u00eetiers, des mouvements, des cadrans et des bracelets. Des iconiques Oyster, Datejust, Submariner ou Daytona aux lignes plus pr\u00e9cieuses des Cellini, chaque mod\u00e8le incarne une vision de l&#8217;excellence technique et du style. L&#8217;histoire de cette maison embl\u00e9matique est racont\u00e9e par James Dowling, [&hellip;]\" \/>\n<meta property=\"og:url\" content=\"https:\/\/librairie7l.com\/en\/produit\/legende-rolex-lhistoire-de-rolex-a-travers-120-montres-emblematiques-2\/\" \/>\n<meta property=\"og:site_name\" content=\"Librairie 7L\" \/>\n<meta property=\"article:modified_time\" content=\"2026-05-01T10:16:12+00:00\" \/>\n<meta property=\"og:image\" content=\"https:\/\/librairie7l.com\/wp-content\/uploads\/2025\/06\/9782812322280_1_75.jpg\" \/>\n\t<meta property=\"og:image:width\" content=\"600\" \/>\n\t<meta property=\"og:image:height\" content=\"732\" \/>\n\t<meta property=\"og:image:type\" content=\"image\/jpeg\" \/>\n<meta name=\"twitter:card\" content=\"summary_large_image\" \/>\n<script type=\"application\/ld+json\" class=\"yoast-schema-graph\">{\"@context\":\"https:\/\/schema.org\",\"@graph\":[{\"@type\":\"WebPage\",\"@id\":\"https:\/\/librairie7l.com\/en\/produit\/legende-rolex-lhistoire-de-rolex-a-travers-120-montres-emblematiques-2\/\",\"url\":\"https:\/\/librairie7l.com\/en\/produit\/legende-rolex-lhistoire-de-rolex-a-travers-120-montres-emblematiques-2\/\",\"name\":\"L\u00e9gende Rolex : L'histoire de Rolex \u00e0 travers 120 montres embl\u00e9matiques - Librairie 7L\",\"isPartOf\":{\"@id\":\"https:\/\/librairie7l.com\/en\/#website\"},\"datePublished\":\"2026-05-01T07:18:07+00:00\",\"dateModified\":\"2026-05-01T10:16:12+00:00\",\"breadcrumb\":{\"@id\":\"https:\/\/librairie7l.com\/en\/produit\/legende-rolex-lhistoire-de-rolex-a-travers-120-montres-emblematiques-2\/#breadcrumb\"},\"inLanguage\":\"en-US\",\"potentialAction\":[{\"@type\":\"ReadAction\",\"target\":[\"https:\/\/librairie7l.com\/en\/produit\/legende-rolex-lhistoire-de-rolex-a-travers-120-montres-emblematiques-2\/\"]}]},{\"@type\":\"BreadcrumbList\",\"@id\":\"https:\/\/librairie7l.com\/en\/produit\/legende-rolex-lhistoire-de-rolex-a-travers-120-montres-emblematiques-2\/#breadcrumb\",\"itemListElement\":[{\"@type\":\"ListItem\",\"position\":1,\"name\":\"Accueil\",\"item\":\"https:\/\/librairie7l.com\/en\/\"},{\"@type\":\"ListItem\",\"position\":2,\"name\":\"Shop\",\"item\":\"https:\/\/librairie7l.com\/en\/shop\/\"},{\"@type\":\"ListItem\",\"position\":3,\"name\":\"L\u00c9GENDE ROLEX : L&#8217;HISTOIRE DE ROLEX \u00c0 TRAVERS 120 MONTRES EMBL\u00c9MATIQUES\"}]},{\"@type\":\"WebSite\",\"@id\":\"https:\/\/librairie7l.com\/en\/#website\",\"url\":\"https:\/\/librairie7l.com\/en\/\",\"name\":\"Librairie 7L\",\"description\":\"Librairie fond\u00e9e en 1999 par Karl Lagerfeld \u00e0 Paris\",\"publisher\":{\"@id\":\"https:\/\/librairie7l.com\/en\/#organization\"},\"potentialAction\":[{\"@type\":\"SearchAction\",\"target\":{\"@type\":\"EntryPoint\",\"urlTemplate\":\"https:\/\/librairie7l.com\/en\/?s={search_term_string}\"},\"query-input\":\"required name=search_term_string\"}],\"inLanguage\":\"en-US\"},{\"@type\":\"Organization\",\"@id\":\"https:\/\/librairie7l.com\/en\/#organization\",\"name\":\"Librairie 7L\",\"url\":\"https:\/\/librairie7l.com\/en\/\",\"logo\":{\"@type\":\"ImageObject\",\"inLanguage\":\"en-US\",\"@id\":\"https:\/\/librairie7l.com\/en\/#\/schema\/logo\/image\/\",\"url\":\"https:\/\/librairie7l.com\/wp-content\/uploads\/2022\/08\/logo-1.png\",\"contentUrl\":\"https:\/\/librairie7l.com\/wp-content\/uploads\/2022\/08\/logo-1.png\",\"width\":227,\"height\":301,\"caption\":\"Librairie 7L\"},\"image\":{\"@id\":\"https:\/\/librairie7l.com\/en\/#\/schema\/logo\/image\/\"}}]}<\/script>\n<!-- \/ Yoast SEO plugin. -->","yoast_head_json":{"title":"L\u00e9gende Rolex : L'histoire de Rolex \u00e0 travers 120 montres embl\u00e9matiques - Librairie 7L","robots":{"index":"index","follow":"follow","max-snippet":"max-snippet:-1","max-image-preview":"max-image-preview:large","max-video-preview":"max-video-preview:-1"},"canonical":"https:\/\/librairie7l.com\/en\/produit\/legende-rolex-lhistoire-de-rolex-a-travers-120-montres-emblematiques-2\/","og_locale":"en_US","og_type":"article","og_title":"L\u00e9gende Rolex : L'histoire de Rolex \u00e0 travers 120 montres embl\u00e9matiques - Librairie 7L","og_description":"120 montres Rolex retracent la richesse d&#8217;une histoire horlog\u00e8re unique, entre diversit\u00e9 des bo\u00eetiers, des mouvements, des cadrans et des bracelets. Des iconiques Oyster, Datejust, Submariner ou Daytona aux lignes plus pr\u00e9cieuses des Cellini, chaque mod\u00e8le incarne une vision de l&#8217;excellence technique et du style. L&#8217;histoire de cette maison embl\u00e9matique est racont\u00e9e par James Dowling, [&hellip;]","og_url":"https:\/\/librairie7l.com\/en\/produit\/legende-rolex-lhistoire-de-rolex-a-travers-120-montres-emblematiques-2\/","og_site_name":"Librairie 7L","article_modified_time":"2026-05-01T10:16:12+00:00","og_image":[{"width":600,"height":732,"url":"https:\/\/librairie7l.com\/wp-content\/uploads\/2025\/06\/9782812322280_1_75.jpg","type":"image\/jpeg"}],"twitter_card":"summary_large_image","schema":{"@context":"https:\/\/schema.org","@graph":[{"@type":"WebPage","@id":"https:\/\/librairie7l.com\/en\/produit\/legende-rolex-lhistoire-de-rolex-a-travers-120-montres-emblematiques-2\/","url":"https:\/\/librairie7l.com\/en\/produit\/legende-rolex-lhistoire-de-rolex-a-travers-120-montres-emblematiques-2\/","name":"L\u00e9gende Rolex : L'histoire de Rolex \u00e0 travers 120 montres embl\u00e9matiques - Librairie 7L","isPartOf":{"@id":"https:\/\/librairie7l.com\/en\/#website"},"datePublished":"2026-05-01T07:18:07+00:00","dateModified":"2026-05-01T10:16:12+00:00","breadcrumb":{"@id":"https:\/\/librairie7l.com\/en\/produit\/legende-rolex-lhistoire-de-rolex-a-travers-120-montres-emblematiques-2\/#breadcrumb"},"inLanguage":"en-US","potentialAction":[{"@type":"ReadAction","target":["https:\/\/librairie7l.com\/en\/produit\/legende-rolex-lhistoire-de-rolex-a-travers-120-montres-emblematiques-2\/"]}]},{"@type":"BreadcrumbList","@id":"https:\/\/librairie7l.com\/en\/produit\/legende-rolex-lhistoire-de-rolex-a-travers-120-montres-emblematiques-2\/#breadcrumb","itemListElement":[{"@type":"ListItem","position":1,"name":"Accueil","item":"https:\/\/librairie7l.com\/en\/"},{"@type":"ListItem","position":2,"name":"Shop","item":"https:\/\/librairie7l.com\/en\/shop\/"},{"@type":"ListItem","position":3,"name":"L\u00c9GENDE ROLEX : L&#8217;HISTOIRE DE ROLEX \u00c0 TRAVERS 120 MONTRES EMBL\u00c9MATIQUES"}]},{"@type":"WebSite","@id":"https:\/\/librairie7l.com\/en\/#website","url":"https:\/\/librairie7l.com\/en\/","name":"Librairie 7L","description":"Librairie fond\u00e9e en 1999 par Karl Lagerfeld \u00e0 Paris","publisher":{"@id":"https:\/\/librairie7l.com\/en\/#organization"},"potentialAction":[{"@type":"SearchAction","target":{"@type":"EntryPoint","urlTemplate":"https:\/\/librairie7l.com\/en\/?s={search_term_string}"},"query-input":"required name=search_term_string"}],"inLanguage":"en-US"},{"@type":"Organization","@id":"https:\/\/librairie7l.com\/en\/#organization","name":"Librairie 7L","url":"https:\/\/librairie7l.com\/en\/","logo":{"@type":"ImageObject","inLanguage":"en-US","@id":"https:\/\/librairie7l.com\/en\/#\/schema\/logo\/image\/","url":"https:\/\/librairie7l.com\/wp-content\/uploads\/2022\/08\/logo-1.png","contentUrl":"https:\/\/librairie7l.com\/wp-content\/uploads\/2022\/08\/logo-1.png","width":227,"height":301,"caption":"Librairie 7L"},"image":{"@id":"https:\/\/librairie7l.com\/en\/#\/schema\/logo\/image\/"}}]}},"_links":{"self":[{"href":"https:\/\/librairie7l.com\/en\/wp-json\/wp\/v2\/product\/56747"}],"collection":[{"href":"https:\/\/librairie7l.com\/en\/wp-json\/wp\/v2\/product"}],"about":[{"href":"https:\/\/librairie7l.com\/en\/wp-json\/wp\/v2\/types\/product"}],"wp:featuredmedia":[{"embeddable":true,"href":"https:\/\/librairie7l.com\/en\/wp-json\/wp\/v2\/media\/56745"}],"wp:attachment":[{"href":"https:\/\/librairie7l.com\/en\/wp-json\/wp\/v2\/media?parent=56747"}],"wp:term":[{"taxonomy":"product_cat","embeddable":true,"href":"https:\/\/librairie7l.com\/en\/wp-json\/wp\/v2\/product_cat?post=56747"},{"taxonomy":"product_tag","embeddable":true,"href":"https:\/\/librairie7l.com\/en\/wp-json\/wp\/v2\/product_tag?post=56747"}],"curies":[{"name":"wp","href":"https:\/\/api.w.org\/{rel}","templated":true}]}}