{"id":56751,"date":"2026-05-01T09:18:09","date_gmt":"2026-05-01T07:18:09","guid":{"rendered":"https:\/\/librairie7l.com\/?post_type=product&#038;p=56751"},"modified":"2026-05-01T12:16:23","modified_gmt":"2026-05-01T10:16:23","slug":"collection-personnelle-de-la-rolex-daytona-a-la-casio-g-shock-90-montres-racontees-pour-sortir-bien-accompagne-2","status":"publish","type":"product","link":"https:\/\/librairie7l.com\/en\/produit\/collection-personnelle-de-la-rolex-daytona-a-la-casio-g-shock-90-montres-racontees-pour-sortir-bien-accompagne-2\/","title":{"rendered":"COLLECTION PERSONNELLE : DE LA ROLEX DAYTONA \u00c0 LA CASIO G-SHOCK, 90 MONTRES RACONT\u00c9ES POUR SORTIR BIEN ACCOMPAGN\u00c9"},"content":{"rendered":"<p>Montres m\u00e9caniques, chronographes, plongeuses ou \u00e0 quartz, 90 mod\u00e8les iconiques racont\u00e9s et expliqu\u00e9s pour voyager \u00e0 travers l&#8217;histoire de l&#8217;horlogerie.<br \/>\nMontres m\u00e9caniques, chronographes, plongeuses  ou \u00e0 quartz : Cl\u00e9ment Mazarian dresse le portrait de 90 mod\u00e8les iconiques. De la premi\u00e8re Santos Dumont \u00e0 la Speedmaster, en passant par la Rolex Submariner, sans oublier les mythiques Swatch, chaque montre est racont\u00e9e, expliqu\u00e9e et photographi\u00e9e, cr\u00e9ant ainsi un ouvrage de r\u00e9f\u00e9rence de la montre vintage de collection. Chaque type de montre est trait\u00e9 dans un chapitre d\u00e9di\u00e9 (m\u00e9canique, chronographe, \u00e0 petite et grande complication ou encore \u00e9lectrique) et accompagn\u00e9 de pages techniques illustr\u00e9es.<br \/>\nUn v\u00e9ritable voyage \u00e0 travers l&#8217;histoire de l&#8217;horlogerie !<\/p>\n","protected":false},"excerpt":{"rendered":"<p>Montres m\u00e9caniques, chronographes, plongeuses ou \u00e0 quartz, 90 mod\u00e8les iconiques racont\u00e9s et expliqu\u00e9s pour voyager \u00e0 travers l&#8217;histoire de l&#8217;horlogerie. Montres m\u00e9caniques, chronographes, plongeuses ou \u00e0 quartz : Cl\u00e9ment Mazarian dresse le portrait de 90 mod\u00e8les iconiques. De la premi\u00e8re Santos Dumont \u00e0 la Speedmaster, en passant par la Rolex Submariner, sans oublier les mythiques [&hellip;]<\/p>\n","protected":false},"featured_media":56749,"template":"","meta":[],"product_cat":[2948],"product_tag":[],"acf":[],"yoast_head":"<!-- This site is optimized with the Yoast SEO plugin v20.11 - https:\/\/yoast.com\/wordpress\/plugins\/seo\/ -->\n<title>Collection personnelle : De la Rolex Daytona \u00e0 la Casio G-shock, 90 montres racont\u00e9es pour sortir bien accompagn\u00e9 - Librairie 7L<\/title>\n<meta name=\"robots\" content=\"index, follow, max-snippet:-1, max-image-preview:large, max-video-preview:-1\" \/>\n<link rel=\"canonical\" href=\"https:\/\/librairie7l.com\/en\/produit\/collection-personnelle-de-la-rolex-daytona-a-la-casio-g-shock-90-montres-racontees-pour-sortir-bien-accompagne-2\/\" \/>\n<meta property=\"og:locale\" content=\"en_US\" \/>\n<meta property=\"og:type\" content=\"article\" \/>\n<meta property=\"og:title\" content=\"Collection personnelle : De la Rolex Daytona \u00e0 la Casio G-shock, 90 montres racont\u00e9es pour sortir bien accompagn\u00e9 - Librairie 7L\" \/>\n<meta property=\"og:description\" content=\"Montres m\u00e9caniques, chronographes, plongeuses ou \u00e0 quartz, 90 mod\u00e8les iconiques racont\u00e9s et expliqu\u00e9s pour voyager \u00e0 travers l&#8217;histoire de l&#8217;horlogerie. Montres m\u00e9caniques, chronographes, plongeuses ou \u00e0 quartz : Cl\u00e9ment Mazarian dresse le portrait de 90 mod\u00e8les iconiques. De la premi\u00e8re Santos Dumont \u00e0 la Speedmaster, en passant par la Rolex Submariner, sans oublier les mythiques [&hellip;]\" \/>\n<meta property=\"og:url\" content=\"https:\/\/librairie7l.com\/en\/produit\/collection-personnelle-de-la-rolex-daytona-a-la-casio-g-shock-90-montres-racontees-pour-sortir-bien-accompagne-2\/\" \/>\n<meta property=\"og:site_name\" content=\"Librairie 7L\" \/>\n<meta property=\"article:modified_time\" content=\"2026-05-01T10:16:23+00:00\" \/>\n<meta property=\"og:image\" content=\"https:\/\/librairie7l.com\/wp-content\/uploads\/2024\/06\/9782812321771_1_75.jpg\" \/>\n\t<meta property=\"og:image:width\" content=\"600\" \/>\n\t<meta property=\"og:image:height\" content=\"709\" \/>\n\t<meta property=\"og:image:type\" content=\"image\/jpeg\" \/>\n<meta name=\"twitter:card\" content=\"summary_large_image\" \/>\n<meta name=\"twitter:label1\" content=\"Est. reading time\" \/>\n\t<meta name=\"twitter:data1\" content=\"1 minute\" \/>\n<script type=\"application\/ld+json\" class=\"yoast-schema-graph\">{\"@context\":\"https:\/\/schema.org\",\"@graph\":[{\"@type\":\"WebPage\",\"@id\":\"https:\/\/librairie7l.com\/en\/produit\/collection-personnelle-de-la-rolex-daytona-a-la-casio-g-shock-90-montres-racontees-pour-sortir-bien-accompagne-2\/\",\"url\":\"https:\/\/librairie7l.com\/en\/produit\/collection-personnelle-de-la-rolex-daytona-a-la-casio-g-shock-90-montres-racontees-pour-sortir-bien-accompagne-2\/\",\"name\":\"Collection personnelle : De la Rolex Daytona \u00e0 la Casio G-shock, 90 montres racont\u00e9es pour sortir bien accompagn\u00e9 - Librairie 7L\",\"isPartOf\":{\"@id\":\"https:\/\/librairie7l.com\/en\/#website\"},\"datePublished\":\"2026-05-01T07:18:09+00:00\",\"dateModified\":\"2026-05-01T10:16:23+00:00\",\"breadcrumb\":{\"@id\":\"https:\/\/librairie7l.com\/en\/produit\/collection-personnelle-de-la-rolex-daytona-a-la-casio-g-shock-90-montres-racontees-pour-sortir-bien-accompagne-2\/#breadcrumb\"},\"inLanguage\":\"en-US\",\"potentialAction\":[{\"@type\":\"ReadAction\",\"target\":[\"https:\/\/librairie7l.com\/en\/produit\/collection-personnelle-de-la-rolex-daytona-a-la-casio-g-shock-90-montres-racontees-pour-sortir-bien-accompagne-2\/\"]}]},{\"@type\":\"BreadcrumbList\",\"@id\":\"https:\/\/librairie7l.com\/en\/produit\/collection-personnelle-de-la-rolex-daytona-a-la-casio-g-shock-90-montres-racontees-pour-sortir-bien-accompagne-2\/#breadcrumb\",\"itemListElement\":[{\"@type\":\"ListItem\",\"position\":1,\"name\":\"Accueil\",\"item\":\"https:\/\/librairie7l.com\/en\/\"},{\"@type\":\"ListItem\",\"position\":2,\"name\":\"Shop\",\"item\":\"https:\/\/librairie7l.com\/en\/shop\/\"},{\"@type\":\"ListItem\",\"position\":3,\"name\":\"COLLECTION PERSONNELLE : DE LA ROLEX DAYTONA \u00c0 LA CASIO G-SHOCK, 90 MONTRES RACONT\u00c9ES POUR SORTIR BIEN ACCOMPAGN\u00c9\"}]},{\"@type\":\"WebSite\",\"@id\":\"https:\/\/librairie7l.com\/en\/#website\",\"url\":\"https:\/\/librairie7l.com\/en\/\",\"name\":\"Librairie 7L\",\"description\":\"Librairie fond\u00e9e en 1999 par Karl Lagerfeld \u00e0 Paris\",\"publisher\":{\"@id\":\"https:\/\/librairie7l.com\/en\/#organization\"},\"potentialAction\":[{\"@type\":\"SearchAction\",\"target\":{\"@type\":\"EntryPoint\",\"urlTemplate\":\"https:\/\/librairie7l.com\/en\/?s={search_term_string}\"},\"query-input\":\"required name=search_term_string\"}],\"inLanguage\":\"en-US\"},{\"@type\":\"Organization\",\"@id\":\"https:\/\/librairie7l.com\/en\/#organization\",\"name\":\"Librairie 7L\",\"url\":\"https:\/\/librairie7l.com\/en\/\",\"logo\":{\"@type\":\"ImageObject\",\"inLanguage\":\"en-US\",\"@id\":\"https:\/\/librairie7l.com\/en\/#\/schema\/logo\/image\/\",\"url\":\"https:\/\/librairie7l.com\/wp-content\/uploads\/2022\/08\/logo-1.png\",\"contentUrl\":\"https:\/\/librairie7l.com\/wp-content\/uploads\/2022\/08\/logo-1.png\",\"width\":227,\"height\":301,\"caption\":\"Librairie 7L\"},\"image\":{\"@id\":\"https:\/\/librairie7l.com\/en\/#\/schema\/logo\/image\/\"}}]}<\/script>\n<!-- \/ Yoast SEO plugin. -->","yoast_head_json":{"title":"Collection personnelle : De la Rolex Daytona \u00e0 la Casio G-shock, 90 montres racont\u00e9es pour sortir bien accompagn\u00e9 - Librairie 7L","robots":{"index":"index","follow":"follow","max-snippet":"max-snippet:-1","max-image-preview":"max-image-preview:large","max-video-preview":"max-video-preview:-1"},"canonical":"https:\/\/librairie7l.com\/en\/produit\/collection-personnelle-de-la-rolex-daytona-a-la-casio-g-shock-90-montres-racontees-pour-sortir-bien-accompagne-2\/","og_locale":"en_US","og_type":"article","og_title":"Collection personnelle : De la Rolex Daytona \u00e0 la Casio G-shock, 90 montres racont\u00e9es pour sortir bien accompagn\u00e9 - Librairie 7L","og_description":"Montres m\u00e9caniques, chronographes, plongeuses ou \u00e0 quartz, 90 mod\u00e8les iconiques racont\u00e9s et expliqu\u00e9s pour voyager \u00e0 travers l&#8217;histoire de l&#8217;horlogerie. Montres m\u00e9caniques, chronographes, plongeuses ou \u00e0 quartz : Cl\u00e9ment Mazarian dresse le portrait de 90 mod\u00e8les iconiques. De la premi\u00e8re Santos Dumont \u00e0 la Speedmaster, en passant par la Rolex Submariner, sans oublier les mythiques [&hellip;]","og_url":"https:\/\/librairie7l.com\/en\/produit\/collection-personnelle-de-la-rolex-daytona-a-la-casio-g-shock-90-montres-racontees-pour-sortir-bien-accompagne-2\/","og_site_name":"Librairie 7L","article_modified_time":"2026-05-01T10:16:23+00:00","og_image":[{"width":600,"height":709,"url":"https:\/\/librairie7l.com\/wp-content\/uploads\/2024\/06\/9782812321771_1_75.jpg","type":"image\/jpeg"}],"twitter_card":"summary_large_image","twitter_misc":{"Est. reading time":"1 minute"},"schema":{"@context":"https:\/\/schema.org","@graph":[{"@type":"WebPage","@id":"https:\/\/librairie7l.com\/en\/produit\/collection-personnelle-de-la-rolex-daytona-a-la-casio-g-shock-90-montres-racontees-pour-sortir-bien-accompagne-2\/","url":"https:\/\/librairie7l.com\/en\/produit\/collection-personnelle-de-la-rolex-daytona-a-la-casio-g-shock-90-montres-racontees-pour-sortir-bien-accompagne-2\/","name":"Collection personnelle : De la Rolex Daytona \u00e0 la Casio G-shock, 90 montres racont\u00e9es pour sortir bien accompagn\u00e9 - Librairie 7L","isPartOf":{"@id":"https:\/\/librairie7l.com\/en\/#website"},"datePublished":"2026-05-01T07:18:09+00:00","dateModified":"2026-05-01T10:16:23+00:00","breadcrumb":{"@id":"https:\/\/librairie7l.com\/en\/produit\/collection-personnelle-de-la-rolex-daytona-a-la-casio-g-shock-90-montres-racontees-pour-sortir-bien-accompagne-2\/#breadcrumb"},"inLanguage":"en-US","potentialAction":[{"@type":"ReadAction","target":["https:\/\/librairie7l.com\/en\/produit\/collection-personnelle-de-la-rolex-daytona-a-la-casio-g-shock-90-montres-racontees-pour-sortir-bien-accompagne-2\/"]}]},{"@type":"BreadcrumbList","@id":"https:\/\/librairie7l.com\/en\/produit\/collection-personnelle-de-la-rolex-daytona-a-la-casio-g-shock-90-montres-racontees-pour-sortir-bien-accompagne-2\/#breadcrumb","itemListElement":[{"@type":"ListItem","position":1,"name":"Accueil","item":"https:\/\/librairie7l.com\/en\/"},{"@type":"ListItem","position":2,"name":"Shop","item":"https:\/\/librairie7l.com\/en\/shop\/"},{"@type":"ListItem","position":3,"name":"COLLECTION PERSONNELLE : DE LA ROLEX DAYTONA \u00c0 LA CASIO G-SHOCK, 90 MONTRES RACONT\u00c9ES POUR SORTIR BIEN ACCOMPAGN\u00c9"}]},{"@type":"WebSite","@id":"https:\/\/librairie7l.com\/en\/#website","url":"https:\/\/librairie7l.com\/en\/","name":"Librairie 7L","description":"Librairie fond\u00e9e en 1999 par Karl Lagerfeld \u00e0 Paris","publisher":{"@id":"https:\/\/librairie7l.com\/en\/#organization"},"potentialAction":[{"@type":"SearchAction","target":{"@type":"EntryPoint","urlTemplate":"https:\/\/librairie7l.com\/en\/?s={search_term_string}"},"query-input":"required name=search_term_string"}],"inLanguage":"en-US"},{"@type":"Organization","@id":"https:\/\/librairie7l.com\/en\/#organization","name":"Librairie 7L","url":"https:\/\/librairie7l.com\/en\/","logo":{"@type":"ImageObject","inLanguage":"en-US","@id":"https:\/\/librairie7l.com\/en\/#\/schema\/logo\/image\/","url":"https:\/\/librairie7l.com\/wp-content\/uploads\/2022\/08\/logo-1.png","contentUrl":"https:\/\/librairie7l.com\/wp-content\/uploads\/2022\/08\/logo-1.png","width":227,"height":301,"caption":"Librairie 7L"},"image":{"@id":"https:\/\/librairie7l.com\/en\/#\/schema\/logo\/image\/"}}]}},"_links":{"self":[{"href":"https:\/\/librairie7l.com\/en\/wp-json\/wp\/v2\/product\/56751"}],"collection":[{"href":"https:\/\/librairie7l.com\/en\/wp-json\/wp\/v2\/product"}],"about":[{"href":"https:\/\/librairie7l.com\/en\/wp-json\/wp\/v2\/types\/product"}],"wp:featuredmedia":[{"embeddable":true,"href":"https:\/\/librairie7l.com\/en\/wp-json\/wp\/v2\/media\/56749"}],"wp:attachment":[{"href":"https:\/\/librairie7l.com\/en\/wp-json\/wp\/v2\/media?parent=56751"}],"wp:term":[{"taxonomy":"product_cat","embeddable":true,"href":"https:\/\/librairie7l.com\/en\/wp-json\/wp\/v2\/product_cat?post=56751"},{"taxonomy":"product_tag","embeddable":true,"href":"https:\/\/librairie7l.com\/en\/wp-json\/wp\/v2\/product_tag?post=56751"}],"curies":[{"name":"wp","href":"https:\/\/api.w.org\/{rel}","templated":true}]}}