{"id":56795,"date":"2026-05-01T10:16:19","date_gmt":"2026-05-01T08:16:19","guid":{"rendered":"https:\/\/librairie7l.com\/?post_type=product&#038;p=56795"},"modified":"2026-05-01T13:25:42","modified_gmt":"2026-05-01T11:25:42","slug":"lor-des-ming-fastes-et-beautes-de-la-chine-imperiale-xive-xviie-siecles-2","status":"publish","type":"product","link":"https:\/\/librairie7l.com\/en\/produit\/lor-des-ming-fastes-et-beautes-de-la-chine-imperiale-xive-xviie-siecles-2\/","title":{"rendered":"L&#8217;OR DES MING : FASTES ET BEAUT\u00c9S DE LA CHINE IMP\u00c9RIALE (XIVE-XVIIE SI\u00c8CLES)"},"content":{"rendered":"<p>\u00ab Portez des bijoux en or et en jade orn\u00e9s de perles pour disperser la lumi\u00e8re \u00bb.<br \/>\nCe fameux adage remonte \u00e0 la c\u00e9l\u00e8bre dynastie chinoise des Ming (1368-1644). Contemporaine de la Renaissance en Italie, cette nouvelle puissance, d&#8217;ethnie Han, parvient \u00e0 renverser le pouvoir mongol. Elle d\u00e9place sa capitale de Nankin \u00e0 P\u00e9kin et la Cit\u00e9 interdite y devient le coeur symbolique d&#8217;une nation s&#8217;ouvrant au monde. Elle se prot\u00e8ge des invasions de la steppe avec la Grande Muraille et inaugure une \u00e8re de grandes richesses artistiques (porcelaines, laques, textiles, peintures, objets cloisonn\u00e9s). L&#8217;\u00e9l\u00e9gance subtile est la cl\u00e9.<\/p>\n<p>D\u00e8s les p\u00e9riodes anciennes en Chine, on associait le prestige au jade et au bronze, symboles d&#8217;incorruptibilit\u00e9 et de puissance, et dans une moindre mesure \u00e0 l&#8217;or (jin) et \u00e0 l&#8217;argent (yin). Le terme jin d\u00e9signait alors le m\u00e9tal en g\u00e9n\u00e9ral et ce n&#8217;est que plus tard qu&#8217;il a pris le sens qu&#8217;il a aujourd&#8217;hui, \u00e0 savoir l&#8217;or. Ce n&#8217;est que sous l&#8217;influence des populations de la steppe que l&#8217;or commence \u00e0 symboliser la richesse ostentatoire. En outre, alors que sous la dynastie des Yuan, d&#8217;ethnie mongole, les monnaies d&#8217;or et d&#8217;argent se multiplient, il en va de m\u00eame dans son usage pour des fins esth\u00e9tiques. Sous la dynastie Ming, l&#8217;or est consid\u00e9r\u00e9, avec le jade et la soie, comme le mat\u00e9riau le plus pr\u00e9cieux et comme un symbole important de richesse et de statut social.<br \/>\nLa vaisselle en or reste le privil\u00e8ge de l&#8217;empereur et de la famille imp\u00e9riale, comme l&#8217;exigent les lois somptuaires et en t\u00e9moignent les tombes imp\u00e9riales.<br \/>\nCe m\u00e9tal joue un r\u00f4le pr\u00e9pond\u00e9rant dans l&#8217;esth\u00e9tique f\u00e9minine de haut rang comme l&#8217;attestent les nombreuses d\u00e9couvertes fun\u00e9raires, de m\u00eame que les peintures et portraits, romans et descriptions des fastes de la cour. Au teint semblable \u00e0 celui de la porcelaine, sans imperfection, les femmes \u00e0 la cour s&#8217;attachent \u00e0 mettre en valeur leurs traits naturels plut\u00f4t que d&#8217;y apporter des modifications radicales. La peau brillante est alors rehauss\u00e9e par l&#8217;ajout de broderies d\u00e9licates, de coiffures, et de parures en or tr\u00e8s \u00e9labor\u00e9es. Les bijoux deviennent de plus en plus sophistiqu\u00e9s et attestent une ma\u00eetrise technique et un souci esth\u00e9tique au sommet du raffinement.<\/p>\n<p>\u00c0 l&#8217;occasion de la c\u00e9l\u00e9bration des soixante ans de relations diplomatiques entre la Chine et la France, le mus\u00e9e national des arts asiatiques &#8211; Guimet accueillera une exposition exceptionnelle : le Qujian Museum of Fine Arts de Xi&#8217;an, qui d\u00e9tient l&#8217;une des plus magnifiques collections d&#8217;or des deux derni\u00e8res dynasties imp\u00e9riales chinoises, pr\u00e9sente en dialogue avec les collections du mus\u00e9e Guimet une exposition sur le th\u00e8me de l&#8217;art des parures en or du temps des Ming.<\/p>\n","protected":false},"excerpt":{"rendered":"<p>\u00ab Portez des bijoux en or et en jade orn\u00e9s de perles pour disperser la lumi\u00e8re \u00bb. Ce fameux adage remonte \u00e0 la c\u00e9l\u00e8bre dynastie chinoise des Ming (1368-1644). Contemporaine de la Renaissance en Italie, cette nouvelle puissance, d&#8217;ethnie Han, parvient \u00e0 renverser le pouvoir mongol. Elle d\u00e9place sa capitale de Nankin \u00e0 P\u00e9kin et [&hellip;]<\/p>\n","protected":false},"featured_media":56793,"template":"","meta":[],"product_cat":[2948],"product_tag":[],"acf":[],"yoast_head":"<!-- This site is optimized with the Yoast SEO plugin v20.11 - https:\/\/yoast.com\/wordpress\/plugins\/seo\/ -->\n<title>L&#039;or des Ming : Fastes et beaut\u00e9s de la Chine imp\u00e9riale (XIVe-XVIIe si\u00e8cles) - Librairie 7L<\/title>\n<meta name=\"robots\" content=\"index, follow, max-snippet:-1, max-image-preview:large, max-video-preview:-1\" \/>\n<link rel=\"canonical\" href=\"https:\/\/librairie7l.com\/en\/produit\/lor-des-ming-fastes-et-beautes-de-la-chine-imperiale-xive-xviie-siecles-2\/\" \/>\n<meta property=\"og:locale\" content=\"en_US\" \/>\n<meta property=\"og:type\" content=\"article\" \/>\n<meta property=\"og:title\" content=\"L&#039;or des Ming : Fastes et beaut\u00e9s de la Chine imp\u00e9riale (XIVe-XVIIe si\u00e8cles) - Librairie 7L\" \/>\n<meta property=\"og:description\" content=\"\u00ab Portez des bijoux en or et en jade orn\u00e9s de perles pour disperser la lumi\u00e8re \u00bb. Ce fameux adage remonte \u00e0 la c\u00e9l\u00e8bre dynastie chinoise des Ming (1368-1644). Contemporaine de la Renaissance en Italie, cette nouvelle puissance, d&#8217;ethnie Han, parvient \u00e0 renverser le pouvoir mongol. Elle d\u00e9place sa capitale de Nankin \u00e0 P\u00e9kin et [&hellip;]\" \/>\n<meta property=\"og:url\" content=\"https:\/\/librairie7l.com\/en\/produit\/lor-des-ming-fastes-et-beautes-de-la-chine-imperiale-xive-xviie-siecles-2\/\" \/>\n<meta property=\"og:site_name\" content=\"Librairie 7L\" \/>\n<meta property=\"article:modified_time\" content=\"2026-05-01T11:25:42+00:00\" \/>\n<meta property=\"og:image\" content=\"https:\/\/librairie7l.com\/wp-content\/uploads\/2024\/05\/9782382032015_1_75.jpg\" \/>\n\t<meta property=\"og:image:width\" content=\"600\" \/>\n\t<meta property=\"og:image:height\" content=\"807\" \/>\n\t<meta property=\"og:image:type\" content=\"image\/jpeg\" \/>\n<meta name=\"twitter:card\" content=\"summary_large_image\" \/>\n<meta name=\"twitter:label1\" content=\"Est. reading time\" \/>\n\t<meta name=\"twitter:data1\" content=\"2 minutes\" \/>\n<script type=\"application\/ld+json\" class=\"yoast-schema-graph\">{\"@context\":\"https:\/\/schema.org\",\"@graph\":[{\"@type\":\"WebPage\",\"@id\":\"https:\/\/librairie7l.com\/en\/produit\/lor-des-ming-fastes-et-beautes-de-la-chine-imperiale-xive-xviie-siecles-2\/\",\"url\":\"https:\/\/librairie7l.com\/en\/produit\/lor-des-ming-fastes-et-beautes-de-la-chine-imperiale-xive-xviie-siecles-2\/\",\"name\":\"L'or des Ming : Fastes et beaut\u00e9s de la Chine imp\u00e9riale (XIVe-XVIIe si\u00e8cles) - Librairie 7L\",\"isPartOf\":{\"@id\":\"https:\/\/librairie7l.com\/en\/#website\"},\"datePublished\":\"2026-05-01T08:16:19+00:00\",\"dateModified\":\"2026-05-01T11:25:42+00:00\",\"breadcrumb\":{\"@id\":\"https:\/\/librairie7l.com\/en\/produit\/lor-des-ming-fastes-et-beautes-de-la-chine-imperiale-xive-xviie-siecles-2\/#breadcrumb\"},\"inLanguage\":\"en-US\",\"potentialAction\":[{\"@type\":\"ReadAction\",\"target\":[\"https:\/\/librairie7l.com\/en\/produit\/lor-des-ming-fastes-et-beautes-de-la-chine-imperiale-xive-xviie-siecles-2\/\"]}]},{\"@type\":\"BreadcrumbList\",\"@id\":\"https:\/\/librairie7l.com\/en\/produit\/lor-des-ming-fastes-et-beautes-de-la-chine-imperiale-xive-xviie-siecles-2\/#breadcrumb\",\"itemListElement\":[{\"@type\":\"ListItem\",\"position\":1,\"name\":\"Accueil\",\"item\":\"https:\/\/librairie7l.com\/en\/\"},{\"@type\":\"ListItem\",\"position\":2,\"name\":\"Shop\",\"item\":\"https:\/\/librairie7l.com\/en\/shop\/\"},{\"@type\":\"ListItem\",\"position\":3,\"name\":\"L&#8217;OR DES MING : FASTES ET BEAUT\u00c9S DE LA CHINE IMP\u00c9RIALE (XIVE-XVIIE SI\u00c8CLES)\"}]},{\"@type\":\"WebSite\",\"@id\":\"https:\/\/librairie7l.com\/en\/#website\",\"url\":\"https:\/\/librairie7l.com\/en\/\",\"name\":\"Librairie 7L\",\"description\":\"Librairie fond\u00e9e en 1999 par Karl Lagerfeld \u00e0 Paris\",\"publisher\":{\"@id\":\"https:\/\/librairie7l.com\/en\/#organization\"},\"potentialAction\":[{\"@type\":\"SearchAction\",\"target\":{\"@type\":\"EntryPoint\",\"urlTemplate\":\"https:\/\/librairie7l.com\/en\/?s={search_term_string}\"},\"query-input\":\"required name=search_term_string\"}],\"inLanguage\":\"en-US\"},{\"@type\":\"Organization\",\"@id\":\"https:\/\/librairie7l.com\/en\/#organization\",\"name\":\"Librairie 7L\",\"url\":\"https:\/\/librairie7l.com\/en\/\",\"logo\":{\"@type\":\"ImageObject\",\"inLanguage\":\"en-US\",\"@id\":\"https:\/\/librairie7l.com\/en\/#\/schema\/logo\/image\/\",\"url\":\"https:\/\/librairie7l.com\/wp-content\/uploads\/2022\/08\/logo-1.png\",\"contentUrl\":\"https:\/\/librairie7l.com\/wp-content\/uploads\/2022\/08\/logo-1.png\",\"width\":227,\"height\":301,\"caption\":\"Librairie 7L\"},\"image\":{\"@id\":\"https:\/\/librairie7l.com\/en\/#\/schema\/logo\/image\/\"}}]}<\/script>\n<!-- \/ Yoast SEO plugin. -->","yoast_head_json":{"title":"L'or des Ming : Fastes et beaut\u00e9s de la Chine imp\u00e9riale (XIVe-XVIIe si\u00e8cles) - Librairie 7L","robots":{"index":"index","follow":"follow","max-snippet":"max-snippet:-1","max-image-preview":"max-image-preview:large","max-video-preview":"max-video-preview:-1"},"canonical":"https:\/\/librairie7l.com\/en\/produit\/lor-des-ming-fastes-et-beautes-de-la-chine-imperiale-xive-xviie-siecles-2\/","og_locale":"en_US","og_type":"article","og_title":"L'or des Ming : Fastes et beaut\u00e9s de la Chine imp\u00e9riale (XIVe-XVIIe si\u00e8cles) - Librairie 7L","og_description":"\u00ab Portez des bijoux en or et en jade orn\u00e9s de perles pour disperser la lumi\u00e8re \u00bb. Ce fameux adage remonte \u00e0 la c\u00e9l\u00e8bre dynastie chinoise des Ming (1368-1644). Contemporaine de la Renaissance en Italie, cette nouvelle puissance, d&#8217;ethnie Han, parvient \u00e0 renverser le pouvoir mongol. Elle d\u00e9place sa capitale de Nankin \u00e0 P\u00e9kin et [&hellip;]","og_url":"https:\/\/librairie7l.com\/en\/produit\/lor-des-ming-fastes-et-beautes-de-la-chine-imperiale-xive-xviie-siecles-2\/","og_site_name":"Librairie 7L","article_modified_time":"2026-05-01T11:25:42+00:00","og_image":[{"width":600,"height":807,"url":"https:\/\/librairie7l.com\/wp-content\/uploads\/2024\/05\/9782382032015_1_75.jpg","type":"image\/jpeg"}],"twitter_card":"summary_large_image","twitter_misc":{"Est. reading time":"2 minutes"},"schema":{"@context":"https:\/\/schema.org","@graph":[{"@type":"WebPage","@id":"https:\/\/librairie7l.com\/en\/produit\/lor-des-ming-fastes-et-beautes-de-la-chine-imperiale-xive-xviie-siecles-2\/","url":"https:\/\/librairie7l.com\/en\/produit\/lor-des-ming-fastes-et-beautes-de-la-chine-imperiale-xive-xviie-siecles-2\/","name":"L'or des Ming : Fastes et beaut\u00e9s de la Chine imp\u00e9riale (XIVe-XVIIe si\u00e8cles) - Librairie 7L","isPartOf":{"@id":"https:\/\/librairie7l.com\/en\/#website"},"datePublished":"2026-05-01T08:16:19+00:00","dateModified":"2026-05-01T11:25:42+00:00","breadcrumb":{"@id":"https:\/\/librairie7l.com\/en\/produit\/lor-des-ming-fastes-et-beautes-de-la-chine-imperiale-xive-xviie-siecles-2\/#breadcrumb"},"inLanguage":"en-US","potentialAction":[{"@type":"ReadAction","target":["https:\/\/librairie7l.com\/en\/produit\/lor-des-ming-fastes-et-beautes-de-la-chine-imperiale-xive-xviie-siecles-2\/"]}]},{"@type":"BreadcrumbList","@id":"https:\/\/librairie7l.com\/en\/produit\/lor-des-ming-fastes-et-beautes-de-la-chine-imperiale-xive-xviie-siecles-2\/#breadcrumb","itemListElement":[{"@type":"ListItem","position":1,"name":"Accueil","item":"https:\/\/librairie7l.com\/en\/"},{"@type":"ListItem","position":2,"name":"Shop","item":"https:\/\/librairie7l.com\/en\/shop\/"},{"@type":"ListItem","position":3,"name":"L&#8217;OR DES MING : FASTES ET BEAUT\u00c9S DE LA CHINE IMP\u00c9RIALE (XIVE-XVIIE SI\u00c8CLES)"}]},{"@type":"WebSite","@id":"https:\/\/librairie7l.com\/en\/#website","url":"https:\/\/librairie7l.com\/en\/","name":"Librairie 7L","description":"Librairie fond\u00e9e en 1999 par Karl Lagerfeld \u00e0 Paris","publisher":{"@id":"https:\/\/librairie7l.com\/en\/#organization"},"potentialAction":[{"@type":"SearchAction","target":{"@type":"EntryPoint","urlTemplate":"https:\/\/librairie7l.com\/en\/?s={search_term_string}"},"query-input":"required name=search_term_string"}],"inLanguage":"en-US"},{"@type":"Organization","@id":"https:\/\/librairie7l.com\/en\/#organization","name":"Librairie 7L","url":"https:\/\/librairie7l.com\/en\/","logo":{"@type":"ImageObject","inLanguage":"en-US","@id":"https:\/\/librairie7l.com\/en\/#\/schema\/logo\/image\/","url":"https:\/\/librairie7l.com\/wp-content\/uploads\/2022\/08\/logo-1.png","contentUrl":"https:\/\/librairie7l.com\/wp-content\/uploads\/2022\/08\/logo-1.png","width":227,"height":301,"caption":"Librairie 7L"},"image":{"@id":"https:\/\/librairie7l.com\/en\/#\/schema\/logo\/image\/"}}]}},"_links":{"self":[{"href":"https:\/\/librairie7l.com\/en\/wp-json\/wp\/v2\/product\/56795"}],"collection":[{"href":"https:\/\/librairie7l.com\/en\/wp-json\/wp\/v2\/product"}],"about":[{"href":"https:\/\/librairie7l.com\/en\/wp-json\/wp\/v2\/types\/product"}],"wp:featuredmedia":[{"embeddable":true,"href":"https:\/\/librairie7l.com\/en\/wp-json\/wp\/v2\/media\/56793"}],"wp:attachment":[{"href":"https:\/\/librairie7l.com\/en\/wp-json\/wp\/v2\/media?parent=56795"}],"wp:term":[{"taxonomy":"product_cat","embeddable":true,"href":"https:\/\/librairie7l.com\/en\/wp-json\/wp\/v2\/product_cat?post=56795"},{"taxonomy":"product_tag","embeddable":true,"href":"https:\/\/librairie7l.com\/en\/wp-json\/wp\/v2\/product_tag?post=56795"}],"curies":[{"name":"wp","href":"https:\/\/api.w.org\/{rel}","templated":true}]}}