{"id":56815,"date":"2026-05-01T18:32:48","date_gmt":"2026-05-01T16:32:48","guid":{"rendered":"https:\/\/librairie7l.com\/?post_type=product&#038;p=56815"},"modified":"2026-05-01T20:54:12","modified_gmt":"2026-05-01T18:54:12","slug":"marc-by-sofia-2","status":"publish","type":"product","link":"https:\/\/librairie7l.com\/en\/produit\/marc-by-sofia-2\/","title":{"rendered":"MARC BY SOFIA"},"content":{"rendered":"<p>Lorsque Sofia Coppola rencontre Marc Jacobs pour la premi\u00e8re fois il y a plus de vingt ans, ils deviennent rapidement des amis proches et de fr\u00e9quents collaborateurs cr\u00e9atifs. Aujourd&#8217;hui, en accompagnement de son long m\u00e9trage documentaire du m\u00eame nom, Coppola rend hommage \u00e0 la vie et \u00e0 l&#8217;oeuvre de Jacobs dans la mode, depuis une perspective intime et personnelle. \u00c0 travers des conversations, des photographies personnelles et des documents de coulisses issus du studio de Jacobs, le livre raconte aussi une histoire d&#8217;ambition artistique et de pers\u00e9v\u00e9rance au sein d&#8217;un milieu cr\u00e9atif hautement comp\u00e9titif.<\/p>\n","protected":false},"excerpt":{"rendered":"<p>Lorsque Sofia Coppola rencontre Marc Jacobs pour la premi\u00e8re fois il y a plus de vingt ans, ils deviennent rapidement des amis proches et de fr\u00e9quents collaborateurs cr\u00e9atifs. Aujourd&#8217;hui, en accompagnement de son long m\u00e9trage documentaire du m\u00eame nom, Coppola rend hommage \u00e0 la vie et \u00e0 l&#8217;oeuvre de Jacobs dans la mode, depuis une [&hellip;]<\/p>\n","protected":false},"featured_media":56813,"template":"","meta":[],"product_cat":[7364,2948],"product_tag":[],"acf":[],"yoast_head":"<!-- This site is optimized with the Yoast SEO plugin v20.11 - https:\/\/yoast.com\/wordpress\/plugins\/seo\/ -->\n<title>Marc By Sofia - Librairie 7L<\/title>\n<meta name=\"robots\" content=\"index, follow, max-snippet:-1, max-image-preview:large, max-video-preview:-1\" \/>\n<link rel=\"canonical\" href=\"https:\/\/librairie7l.com\/en\/produit\/marc-by-sofia-2\/\" \/>\n<meta property=\"og:locale\" content=\"en_US\" \/>\n<meta property=\"og:type\" content=\"article\" \/>\n<meta property=\"og:title\" content=\"Marc By Sofia - Librairie 7L\" \/>\n<meta property=\"og:description\" content=\"Lorsque Sofia Coppola rencontre Marc Jacobs pour la premi\u00e8re fois il y a plus de vingt ans, ils deviennent rapidement des amis proches et de fr\u00e9quents collaborateurs cr\u00e9atifs. Aujourd&#8217;hui, en accompagnement de son long m\u00e9trage documentaire du m\u00eame nom, Coppola rend hommage \u00e0 la vie et \u00e0 l&#8217;oeuvre de Jacobs dans la mode, depuis une [&hellip;]\" \/>\n<meta property=\"og:url\" content=\"https:\/\/librairie7l.com\/en\/produit\/marc-by-sofia-2\/\" \/>\n<meta property=\"og:site_name\" content=\"Librairie 7L\" \/>\n<meta property=\"article:modified_time\" content=\"2026-05-01T18:54:12+00:00\" \/>\n<meta property=\"og:image\" content=\"https:\/\/librairie7l.com\/wp-content\/uploads\/2026\/02\/9781960078315_1_75.jpg\" \/>\n\t<meta property=\"og:image:width\" content=\"600\" \/>\n\t<meta property=\"og:image:height\" content=\"904\" \/>\n\t<meta property=\"og:image:type\" content=\"image\/jpeg\" \/>\n<meta name=\"twitter:card\" content=\"summary_large_image\" \/>\n<meta name=\"twitter:label1\" content=\"Est. reading time\" \/>\n\t<meta name=\"twitter:data1\" content=\"1 minute\" \/>\n<script type=\"application\/ld+json\" class=\"yoast-schema-graph\">{\"@context\":\"https:\/\/schema.org\",\"@graph\":[{\"@type\":\"WebPage\",\"@id\":\"https:\/\/librairie7l.com\/en\/produit\/marc-by-sofia-2\/\",\"url\":\"https:\/\/librairie7l.com\/en\/produit\/marc-by-sofia-2\/\",\"name\":\"Marc By Sofia - Librairie 7L\",\"isPartOf\":{\"@id\":\"https:\/\/librairie7l.com\/en\/#website\"},\"datePublished\":\"2026-05-01T16:32:48+00:00\",\"dateModified\":\"2026-05-01T18:54:12+00:00\",\"breadcrumb\":{\"@id\":\"https:\/\/librairie7l.com\/en\/produit\/marc-by-sofia-2\/#breadcrumb\"},\"inLanguage\":\"en-US\",\"potentialAction\":[{\"@type\":\"ReadAction\",\"target\":[\"https:\/\/librairie7l.com\/en\/produit\/marc-by-sofia-2\/\"]}]},{\"@type\":\"BreadcrumbList\",\"@id\":\"https:\/\/librairie7l.com\/en\/produit\/marc-by-sofia-2\/#breadcrumb\",\"itemListElement\":[{\"@type\":\"ListItem\",\"position\":1,\"name\":\"Accueil\",\"item\":\"https:\/\/librairie7l.com\/en\/\"},{\"@type\":\"ListItem\",\"position\":2,\"name\":\"Shop\",\"item\":\"https:\/\/librairie7l.com\/en\/shop\/\"},{\"@type\":\"ListItem\",\"position\":3,\"name\":\"MARC BY SOFIA\"}]},{\"@type\":\"WebSite\",\"@id\":\"https:\/\/librairie7l.com\/en\/#website\",\"url\":\"https:\/\/librairie7l.com\/en\/\",\"name\":\"Librairie 7L\",\"description\":\"Librairie fond\u00e9e en 1999 par Karl Lagerfeld \u00e0 Paris\",\"publisher\":{\"@id\":\"https:\/\/librairie7l.com\/en\/#organization\"},\"potentialAction\":[{\"@type\":\"SearchAction\",\"target\":{\"@type\":\"EntryPoint\",\"urlTemplate\":\"https:\/\/librairie7l.com\/en\/?s={search_term_string}\"},\"query-input\":\"required name=search_term_string\"}],\"inLanguage\":\"en-US\"},{\"@type\":\"Organization\",\"@id\":\"https:\/\/librairie7l.com\/en\/#organization\",\"name\":\"Librairie 7L\",\"url\":\"https:\/\/librairie7l.com\/en\/\",\"logo\":{\"@type\":\"ImageObject\",\"inLanguage\":\"en-US\",\"@id\":\"https:\/\/librairie7l.com\/en\/#\/schema\/logo\/image\/\",\"url\":\"https:\/\/librairie7l.com\/wp-content\/uploads\/2022\/08\/logo-1.png\",\"contentUrl\":\"https:\/\/librairie7l.com\/wp-content\/uploads\/2022\/08\/logo-1.png\",\"width\":227,\"height\":301,\"caption\":\"Librairie 7L\"},\"image\":{\"@id\":\"https:\/\/librairie7l.com\/en\/#\/schema\/logo\/image\/\"}}]}<\/script>\n<!-- \/ Yoast SEO plugin. -->","yoast_head_json":{"title":"Marc By Sofia - Librairie 7L","robots":{"index":"index","follow":"follow","max-snippet":"max-snippet:-1","max-image-preview":"max-image-preview:large","max-video-preview":"max-video-preview:-1"},"canonical":"https:\/\/librairie7l.com\/en\/produit\/marc-by-sofia-2\/","og_locale":"en_US","og_type":"article","og_title":"Marc By Sofia - Librairie 7L","og_description":"Lorsque Sofia Coppola rencontre Marc Jacobs pour la premi\u00e8re fois il y a plus de vingt ans, ils deviennent rapidement des amis proches et de fr\u00e9quents collaborateurs cr\u00e9atifs. Aujourd&#8217;hui, en accompagnement de son long m\u00e9trage documentaire du m\u00eame nom, Coppola rend hommage \u00e0 la vie et \u00e0 l&#8217;oeuvre de Jacobs dans la mode, depuis une [&hellip;]","og_url":"https:\/\/librairie7l.com\/en\/produit\/marc-by-sofia-2\/","og_site_name":"Librairie 7L","article_modified_time":"2026-05-01T18:54:12+00:00","og_image":[{"width":600,"height":904,"url":"https:\/\/librairie7l.com\/wp-content\/uploads\/2026\/02\/9781960078315_1_75.jpg","type":"image\/jpeg"}],"twitter_card":"summary_large_image","twitter_misc":{"Est. reading time":"1 minute"},"schema":{"@context":"https:\/\/schema.org","@graph":[{"@type":"WebPage","@id":"https:\/\/librairie7l.com\/en\/produit\/marc-by-sofia-2\/","url":"https:\/\/librairie7l.com\/en\/produit\/marc-by-sofia-2\/","name":"Marc By Sofia - Librairie 7L","isPartOf":{"@id":"https:\/\/librairie7l.com\/en\/#website"},"datePublished":"2026-05-01T16:32:48+00:00","dateModified":"2026-05-01T18:54:12+00:00","breadcrumb":{"@id":"https:\/\/librairie7l.com\/en\/produit\/marc-by-sofia-2\/#breadcrumb"},"inLanguage":"en-US","potentialAction":[{"@type":"ReadAction","target":["https:\/\/librairie7l.com\/en\/produit\/marc-by-sofia-2\/"]}]},{"@type":"BreadcrumbList","@id":"https:\/\/librairie7l.com\/en\/produit\/marc-by-sofia-2\/#breadcrumb","itemListElement":[{"@type":"ListItem","position":1,"name":"Accueil","item":"https:\/\/librairie7l.com\/en\/"},{"@type":"ListItem","position":2,"name":"Shop","item":"https:\/\/librairie7l.com\/en\/shop\/"},{"@type":"ListItem","position":3,"name":"MARC BY SOFIA"}]},{"@type":"WebSite","@id":"https:\/\/librairie7l.com\/en\/#website","url":"https:\/\/librairie7l.com\/en\/","name":"Librairie 7L","description":"Librairie fond\u00e9e en 1999 par Karl Lagerfeld \u00e0 Paris","publisher":{"@id":"https:\/\/librairie7l.com\/en\/#organization"},"potentialAction":[{"@type":"SearchAction","target":{"@type":"EntryPoint","urlTemplate":"https:\/\/librairie7l.com\/en\/?s={search_term_string}"},"query-input":"required name=search_term_string"}],"inLanguage":"en-US"},{"@type":"Organization","@id":"https:\/\/librairie7l.com\/en\/#organization","name":"Librairie 7L","url":"https:\/\/librairie7l.com\/en\/","logo":{"@type":"ImageObject","inLanguage":"en-US","@id":"https:\/\/librairie7l.com\/en\/#\/schema\/logo\/image\/","url":"https:\/\/librairie7l.com\/wp-content\/uploads\/2022\/08\/logo-1.png","contentUrl":"https:\/\/librairie7l.com\/wp-content\/uploads\/2022\/08\/logo-1.png","width":227,"height":301,"caption":"Librairie 7L"},"image":{"@id":"https:\/\/librairie7l.com\/en\/#\/schema\/logo\/image\/"}}]}},"_links":{"self":[{"href":"https:\/\/librairie7l.com\/en\/wp-json\/wp\/v2\/product\/56815"}],"collection":[{"href":"https:\/\/librairie7l.com\/en\/wp-json\/wp\/v2\/product"}],"about":[{"href":"https:\/\/librairie7l.com\/en\/wp-json\/wp\/v2\/types\/product"}],"wp:featuredmedia":[{"embeddable":true,"href":"https:\/\/librairie7l.com\/en\/wp-json\/wp\/v2\/media\/56813"}],"wp:attachment":[{"href":"https:\/\/librairie7l.com\/en\/wp-json\/wp\/v2\/media?parent=56815"}],"wp:term":[{"taxonomy":"product_cat","embeddable":true,"href":"https:\/\/librairie7l.com\/en\/wp-json\/wp\/v2\/product_cat?post=56815"},{"taxonomy":"product_tag","embeddable":true,"href":"https:\/\/librairie7l.com\/en\/wp-json\/wp\/v2\/product_tag?post=56815"}],"curies":[{"name":"wp","href":"https:\/\/api.w.org\/{rel}","templated":true}]}}