{"id":56823,"date":"2026-05-02T09:17:22","date_gmt":"2026-05-02T07:17:22","guid":{"rendered":"https:\/\/librairie7l.com\/?post_type=product&#038;p=56823"},"modified":"2026-05-02T12:24:36","modified_gmt":"2026-05-02T10:24:36","slug":"wonderlands-dans-les-jardins-secrets-des-grands-paysagistes-anglais-2","status":"publish","type":"product","link":"https:\/\/librairie7l.com\/en\/produit\/wonderlands-dans-les-jardins-secrets-des-grands-paysagistes-anglais-2\/","title":{"rendered":"WONDERLANDS : DANS LES JARDINS SECRETS DES GRANDS PAYSAGISTES ANGLAIS"},"content":{"rendered":"<p>Cottages bucoliques ou plus vastes domaines, ce livre somptueux vous emm\u00e8ne au coeur des jardins priv\u00e9s de dix-huit architectes paysagistes anglais de renomm\u00e9e mondiale. Riche d&#8217;entretiens et de d\u00e9ambulations illustr\u00e9es par les \u00e9l\u00e9gantes photographies d&#8217;\u00c9va N\u00e9meth, cet ouvrage offre un aper\u00e7u des m\u00e9thodes inventives utilis\u00e9es par les plus grands designers du paysage, dont Arabella Lennox-Boyd, Miranda Brooks, Sarah Price, Dan Pearson, Tom Stuart-Smith, Isabel et Julian Bannerman, Arne Maynard et Mary Keen. Dirig\u00e9 et \u00e9crit par Clare Coulson, c\u00e9l\u00e8bre autrice et journaliste britannique, Wonderlands est un beau livre \u00e0 offrir \u00e0 tous les amoureux des jardins\u00a0!<\/p>\n","protected":false},"excerpt":{"rendered":"<p>Cottages bucoliques ou plus vastes domaines, ce livre somptueux vous emm\u00e8ne au coeur des jardins priv\u00e9s de dix-huit architectes paysagistes anglais de renomm\u00e9e mondiale. Riche d&#8217;entretiens et de d\u00e9ambulations illustr\u00e9es par les \u00e9l\u00e9gantes photographies d&#8217;\u00c9va N\u00e9meth, cet ouvrage offre un aper\u00e7u des m\u00e9thodes inventives utilis\u00e9es par les plus grands designers du paysage, dont Arabella Lennox-Boyd, [&hellip;]<\/p>\n","protected":false},"featured_media":56821,"template":"","meta":[],"product_cat":[2948],"product_tag":[],"acf":[],"yoast_head":"<!-- This site is optimized with the Yoast SEO plugin v20.11 - https:\/\/yoast.com\/wordpress\/plugins\/seo\/ -->\n<title>Wonderlands : Dans les jardins secrets des grands paysagistes anglais - Librairie 7L<\/title>\n<meta name=\"robots\" content=\"index, follow, max-snippet:-1, max-image-preview:large, max-video-preview:-1\" \/>\n<link rel=\"canonical\" href=\"https:\/\/librairie7l.com\/en\/produit\/wonderlands-dans-les-jardins-secrets-des-grands-paysagistes-anglais-2\/\" \/>\n<meta property=\"og:locale\" content=\"en_US\" \/>\n<meta property=\"og:type\" content=\"article\" \/>\n<meta property=\"og:title\" content=\"Wonderlands : Dans les jardins secrets des grands paysagistes anglais - Librairie 7L\" \/>\n<meta property=\"og:description\" content=\"Cottages bucoliques ou plus vastes domaines, ce livre somptueux vous emm\u00e8ne au coeur des jardins priv\u00e9s de dix-huit architectes paysagistes anglais de renomm\u00e9e mondiale. Riche d&#8217;entretiens et de d\u00e9ambulations illustr\u00e9es par les \u00e9l\u00e9gantes photographies d&#8217;\u00c9va N\u00e9meth, cet ouvrage offre un aper\u00e7u des m\u00e9thodes inventives utilis\u00e9es par les plus grands designers du paysage, dont Arabella Lennox-Boyd, [&hellip;]\" \/>\n<meta property=\"og:url\" content=\"https:\/\/librairie7l.com\/en\/produit\/wonderlands-dans-les-jardins-secrets-des-grands-paysagistes-anglais-2\/\" \/>\n<meta property=\"og:site_name\" content=\"Librairie 7L\" \/>\n<meta property=\"article:modified_time\" content=\"2026-05-02T10:24:36+00:00\" \/>\n<meta property=\"og:image\" content=\"https:\/\/librairie7l.com\/wp-content\/uploads\/2025\/03\/9782416021749_1_75.jpg\" \/>\n\t<meta property=\"og:image:width\" content=\"600\" \/>\n\t<meta property=\"og:image:height\" content=\"743\" \/>\n\t<meta property=\"og:image:type\" content=\"image\/jpeg\" \/>\n<meta name=\"twitter:card\" content=\"summary_large_image\" \/>\n<meta name=\"twitter:label1\" content=\"Est. reading time\" \/>\n\t<meta name=\"twitter:data1\" content=\"1 minute\" \/>\n<script type=\"application\/ld+json\" class=\"yoast-schema-graph\">{\"@context\":\"https:\/\/schema.org\",\"@graph\":[{\"@type\":\"WebPage\",\"@id\":\"https:\/\/librairie7l.com\/en\/produit\/wonderlands-dans-les-jardins-secrets-des-grands-paysagistes-anglais-2\/\",\"url\":\"https:\/\/librairie7l.com\/en\/produit\/wonderlands-dans-les-jardins-secrets-des-grands-paysagistes-anglais-2\/\",\"name\":\"Wonderlands : Dans les jardins secrets des grands paysagistes anglais - Librairie 7L\",\"isPartOf\":{\"@id\":\"https:\/\/librairie7l.com\/en\/#website\"},\"datePublished\":\"2026-05-02T07:17:22+00:00\",\"dateModified\":\"2026-05-02T10:24:36+00:00\",\"breadcrumb\":{\"@id\":\"https:\/\/librairie7l.com\/en\/produit\/wonderlands-dans-les-jardins-secrets-des-grands-paysagistes-anglais-2\/#breadcrumb\"},\"inLanguage\":\"en-US\",\"potentialAction\":[{\"@type\":\"ReadAction\",\"target\":[\"https:\/\/librairie7l.com\/en\/produit\/wonderlands-dans-les-jardins-secrets-des-grands-paysagistes-anglais-2\/\"]}]},{\"@type\":\"BreadcrumbList\",\"@id\":\"https:\/\/librairie7l.com\/en\/produit\/wonderlands-dans-les-jardins-secrets-des-grands-paysagistes-anglais-2\/#breadcrumb\",\"itemListElement\":[{\"@type\":\"ListItem\",\"position\":1,\"name\":\"Accueil\",\"item\":\"https:\/\/librairie7l.com\/en\/\"},{\"@type\":\"ListItem\",\"position\":2,\"name\":\"Shop\",\"item\":\"https:\/\/librairie7l.com\/en\/shop\/\"},{\"@type\":\"ListItem\",\"position\":3,\"name\":\"WONDERLANDS : DANS LES JARDINS SECRETS DES GRANDS PAYSAGISTES ANGLAIS\"}]},{\"@type\":\"WebSite\",\"@id\":\"https:\/\/librairie7l.com\/en\/#website\",\"url\":\"https:\/\/librairie7l.com\/en\/\",\"name\":\"Librairie 7L\",\"description\":\"Librairie fond\u00e9e en 1999 par Karl Lagerfeld \u00e0 Paris\",\"publisher\":{\"@id\":\"https:\/\/librairie7l.com\/en\/#organization\"},\"potentialAction\":[{\"@type\":\"SearchAction\",\"target\":{\"@type\":\"EntryPoint\",\"urlTemplate\":\"https:\/\/librairie7l.com\/en\/?s={search_term_string}\"},\"query-input\":\"required name=search_term_string\"}],\"inLanguage\":\"en-US\"},{\"@type\":\"Organization\",\"@id\":\"https:\/\/librairie7l.com\/en\/#organization\",\"name\":\"Librairie 7L\",\"url\":\"https:\/\/librairie7l.com\/en\/\",\"logo\":{\"@type\":\"ImageObject\",\"inLanguage\":\"en-US\",\"@id\":\"https:\/\/librairie7l.com\/en\/#\/schema\/logo\/image\/\",\"url\":\"https:\/\/librairie7l.com\/wp-content\/uploads\/2022\/08\/logo-1.png\",\"contentUrl\":\"https:\/\/librairie7l.com\/wp-content\/uploads\/2022\/08\/logo-1.png\",\"width\":227,\"height\":301,\"caption\":\"Librairie 7L\"},\"image\":{\"@id\":\"https:\/\/librairie7l.com\/en\/#\/schema\/logo\/image\/\"}}]}<\/script>\n<!-- \/ Yoast SEO plugin. -->","yoast_head_json":{"title":"Wonderlands : Dans les jardins secrets des grands paysagistes anglais - Librairie 7L","robots":{"index":"index","follow":"follow","max-snippet":"max-snippet:-1","max-image-preview":"max-image-preview:large","max-video-preview":"max-video-preview:-1"},"canonical":"https:\/\/librairie7l.com\/en\/produit\/wonderlands-dans-les-jardins-secrets-des-grands-paysagistes-anglais-2\/","og_locale":"en_US","og_type":"article","og_title":"Wonderlands : Dans les jardins secrets des grands paysagistes anglais - Librairie 7L","og_description":"Cottages bucoliques ou plus vastes domaines, ce livre somptueux vous emm\u00e8ne au coeur des jardins priv\u00e9s de dix-huit architectes paysagistes anglais de renomm\u00e9e mondiale. Riche d&#8217;entretiens et de d\u00e9ambulations illustr\u00e9es par les \u00e9l\u00e9gantes photographies d&#8217;\u00c9va N\u00e9meth, cet ouvrage offre un aper\u00e7u des m\u00e9thodes inventives utilis\u00e9es par les plus grands designers du paysage, dont Arabella Lennox-Boyd, [&hellip;]","og_url":"https:\/\/librairie7l.com\/en\/produit\/wonderlands-dans-les-jardins-secrets-des-grands-paysagistes-anglais-2\/","og_site_name":"Librairie 7L","article_modified_time":"2026-05-02T10:24:36+00:00","og_image":[{"width":600,"height":743,"url":"https:\/\/librairie7l.com\/wp-content\/uploads\/2025\/03\/9782416021749_1_75.jpg","type":"image\/jpeg"}],"twitter_card":"summary_large_image","twitter_misc":{"Est. reading time":"1 minute"},"schema":{"@context":"https:\/\/schema.org","@graph":[{"@type":"WebPage","@id":"https:\/\/librairie7l.com\/en\/produit\/wonderlands-dans-les-jardins-secrets-des-grands-paysagistes-anglais-2\/","url":"https:\/\/librairie7l.com\/en\/produit\/wonderlands-dans-les-jardins-secrets-des-grands-paysagistes-anglais-2\/","name":"Wonderlands : Dans les jardins secrets des grands paysagistes anglais - Librairie 7L","isPartOf":{"@id":"https:\/\/librairie7l.com\/en\/#website"},"datePublished":"2026-05-02T07:17:22+00:00","dateModified":"2026-05-02T10:24:36+00:00","breadcrumb":{"@id":"https:\/\/librairie7l.com\/en\/produit\/wonderlands-dans-les-jardins-secrets-des-grands-paysagistes-anglais-2\/#breadcrumb"},"inLanguage":"en-US","potentialAction":[{"@type":"ReadAction","target":["https:\/\/librairie7l.com\/en\/produit\/wonderlands-dans-les-jardins-secrets-des-grands-paysagistes-anglais-2\/"]}]},{"@type":"BreadcrumbList","@id":"https:\/\/librairie7l.com\/en\/produit\/wonderlands-dans-les-jardins-secrets-des-grands-paysagistes-anglais-2\/#breadcrumb","itemListElement":[{"@type":"ListItem","position":1,"name":"Accueil","item":"https:\/\/librairie7l.com\/en\/"},{"@type":"ListItem","position":2,"name":"Shop","item":"https:\/\/librairie7l.com\/en\/shop\/"},{"@type":"ListItem","position":3,"name":"WONDERLANDS : DANS LES JARDINS SECRETS DES GRANDS PAYSAGISTES ANGLAIS"}]},{"@type":"WebSite","@id":"https:\/\/librairie7l.com\/en\/#website","url":"https:\/\/librairie7l.com\/en\/","name":"Librairie 7L","description":"Librairie fond\u00e9e en 1999 par Karl Lagerfeld \u00e0 Paris","publisher":{"@id":"https:\/\/librairie7l.com\/en\/#organization"},"potentialAction":[{"@type":"SearchAction","target":{"@type":"EntryPoint","urlTemplate":"https:\/\/librairie7l.com\/en\/?s={search_term_string}"},"query-input":"required name=search_term_string"}],"inLanguage":"en-US"},{"@type":"Organization","@id":"https:\/\/librairie7l.com\/en\/#organization","name":"Librairie 7L","url":"https:\/\/librairie7l.com\/en\/","logo":{"@type":"ImageObject","inLanguage":"en-US","@id":"https:\/\/librairie7l.com\/en\/#\/schema\/logo\/image\/","url":"https:\/\/librairie7l.com\/wp-content\/uploads\/2022\/08\/logo-1.png","contentUrl":"https:\/\/librairie7l.com\/wp-content\/uploads\/2022\/08\/logo-1.png","width":227,"height":301,"caption":"Librairie 7L"},"image":{"@id":"https:\/\/librairie7l.com\/en\/#\/schema\/logo\/image\/"}}]}},"_links":{"self":[{"href":"https:\/\/librairie7l.com\/en\/wp-json\/wp\/v2\/product\/56823"}],"collection":[{"href":"https:\/\/librairie7l.com\/en\/wp-json\/wp\/v2\/product"}],"about":[{"href":"https:\/\/librairie7l.com\/en\/wp-json\/wp\/v2\/types\/product"}],"wp:featuredmedia":[{"embeddable":true,"href":"https:\/\/librairie7l.com\/en\/wp-json\/wp\/v2\/media\/56821"}],"wp:attachment":[{"href":"https:\/\/librairie7l.com\/en\/wp-json\/wp\/v2\/media?parent=56823"}],"wp:term":[{"taxonomy":"product_cat","embeddable":true,"href":"https:\/\/librairie7l.com\/en\/wp-json\/wp\/v2\/product_cat?post=56823"},{"taxonomy":"product_tag","embeddable":true,"href":"https:\/\/librairie7l.com\/en\/wp-json\/wp\/v2\/product_tag?post=56823"}],"curies":[{"name":"wp","href":"https:\/\/api.w.org\/{rel}","templated":true}]}}