{"id":56850,"date":"2026-05-06T09:17:42","date_gmt":"2026-05-06T07:17:42","guid":{"rendered":"https:\/\/librairie7l.com\/?post_type=product&#038;p=56850"},"modified":"2026-05-13T06:03:57","modified_gmt":"2026-05-13T04:03:57","slug":"la-tabatiere-choiseul-2","status":"publish","type":"product","link":"https:\/\/librairie7l.com\/en\/produit\/la-tabatiere-choiseul-2\/","title":{"rendered":"LA TABATI\u00c8RE CHOISEUL"},"content":{"rendered":"<p>Le 1er mars 2023, la tabati\u00e8re entre dans les collections du Louvre gr\u00e2ce \u00e0 la mobilisation populaire et au soutien de grands donateurs. Cette acquisition exceptionnelle a \u00e9t\u00e9 rendue possible gr\u00e2ce \u00e0 la mobilisation des 5 000 donateurs de la campagne  \u00ab Tous M\u00e9c\u00e8nes ! \u00bb et au g\u00e9n\u00e9reux soutien de grands donateurs ainsi que des entreprises qui ont permis de rassembler la somme totale de 3,9 millions d&#8217;euros n\u00e9cessaire \u00e0 cette acquisition.<\/p>\n<p>La tabati\u00e8re, dont la monture d&#8217;or date de 1770-1771, est le fruit d&#8217;une collaboration entre deux artistes, Louis-Nicolas Van Blarenberghe, c\u00e9l\u00e8bre miniaturiste, et Louis Roucel, \u00ab orf\u00e8vre privil\u00e9gi\u00e9 du roi \u00bb. Elle est l&#8217;un des objets du XVIIIe si\u00e8cle fran\u00e7ais les plus c\u00e9l\u00e8bres au monde. Elle doit sa r\u00e9putation \u00e0 ses miniatures qui repr\u00e9sentent le duc de Choiseul mis en sc\u00e8ne avec une extr\u00eame pr\u00e9cision dans ses activit\u00e9s quotidiennes de ministre.<br \/>\nD&#8217;abord ambassadeur de France aupr\u00e8s du Saint-Si\u00e8ge puis \u00e0 Vienne, le duc de Choiseul (1719-1785) assume \u00e0 partir de 1758 les plus hautes responsabilit\u00e9s gouvernementales. Il est ministre et secr\u00e9taire d&#8217;\u00c9tat des Affaires \u00e9trang\u00e8res, de la Guerre et de la Marine, jusqu&#8217;\u00e0 sa disgr\u00e2ce brutale en d\u00e9cembre 1770. Exil\u00e9 dans son ch\u00e2teau de Chanteloup, en Touraine, il ne fut autoris\u00e9 \u00e0 le quitter qu&#8217;apr\u00e8s la mort de Louis XV, en 1774. La tabati\u00e8re date donc d&#8217;une p\u00e9riode cruciale de la vie de Choiseul.<br \/>\nCette tabati\u00e8re, en ors de couleur, doubl\u00e9e de plaques de cristal, mesure 8 cm de longueur, sur 6 cm de largeur et 2,4 cm de hauteur. Sur ses six faces sont ins\u00e9r\u00e9es des miniatures \u00e0 la gouache d&#8217;une finesse inou\u00efe. Quatre des vues principales repr\u00e9sentent diff\u00e9rentes pi\u00e8ces de l&#8217;h\u00f4tel Choiseul, rue de Richelieu : la chambre bleue, la galerie des peintures, la chambre blanche et le cabinet octogone. Les deux autres vues \u00e9voquent, l&#8217;une, le cabinet de travail du ministre \u00e0 Versailles, l&#8217;autre la Grande Galerie du Louvre dans laquelle \u00e9tait rassembl\u00e9e la collection des plans-reliefs des places fortes fran\u00e7aises.<\/p>\n","protected":false},"excerpt":{"rendered":"<p>Le 1er mars 2023, la tabati\u00e8re entre dans les collections du Louvre gr\u00e2ce \u00e0 la mobilisation populaire et au soutien de grands donateurs. Cette acquisition exceptionnelle a \u00e9t\u00e9 rendue possible gr\u00e2ce \u00e0 la mobilisation des 5 000 donateurs de la campagne \u00ab Tous M\u00e9c\u00e8nes ! \u00bb et au g\u00e9n\u00e9reux soutien de grands donateurs ainsi que [&hellip;]<\/p>\n","protected":false},"featured_media":56848,"template":"","meta":[],"product_cat":[2948],"product_tag":[],"acf":[],"yoast_head":"<!-- This site is optimized with the Yoast SEO plugin v20.11 - https:\/\/yoast.com\/wordpress\/plugins\/seo\/ -->\n<title>La Tabati\u00e8re Choiseul - Librairie 7L<\/title>\n<meta name=\"robots\" content=\"index, follow, max-snippet:-1, max-image-preview:large, max-video-preview:-1\" \/>\n<link rel=\"canonical\" href=\"https:\/\/librairie7l.com\/en\/produit\/la-tabatiere-choiseul-2\/\" \/>\n<meta property=\"og:locale\" content=\"en_US\" \/>\n<meta property=\"og:type\" content=\"article\" \/>\n<meta property=\"og:title\" content=\"La Tabati\u00e8re Choiseul - Librairie 7L\" \/>\n<meta property=\"og:description\" content=\"Le 1er mars 2023, la tabati\u00e8re entre dans les collections du Louvre gr\u00e2ce \u00e0 la mobilisation populaire et au soutien de grands donateurs. Cette acquisition exceptionnelle a \u00e9t\u00e9 rendue possible gr\u00e2ce \u00e0 la mobilisation des 5 000 donateurs de la campagne \u00ab Tous M\u00e9c\u00e8nes ! \u00bb et au g\u00e9n\u00e9reux soutien de grands donateurs ainsi que [&hellip;]\" \/>\n<meta property=\"og:url\" content=\"https:\/\/librairie7l.com\/en\/produit\/la-tabatiere-choiseul-2\/\" \/>\n<meta property=\"og:site_name\" content=\"Librairie 7L\" \/>\n<meta property=\"article:modified_time\" content=\"2026-05-13T04:03:57+00:00\" \/>\n<meta property=\"og:image\" content=\"https:\/\/librairie7l.com\/wp-content\/uploads\/2024\/03\/9782878443721_1_75.jpg\" \/>\n\t<meta property=\"og:image:width\" content=\"400\" \/>\n\t<meta property=\"og:image:height\" content=\"292\" \/>\n\t<meta property=\"og:image:type\" content=\"image\/jpeg\" \/>\n<meta name=\"twitter:card\" content=\"summary_large_image\" \/>\n<meta name=\"twitter:label1\" content=\"Est. reading time\" \/>\n\t<meta name=\"twitter:data1\" content=\"2 minutes\" \/>\n<script type=\"application\/ld+json\" class=\"yoast-schema-graph\">{\"@context\":\"https:\/\/schema.org\",\"@graph\":[{\"@type\":\"WebPage\",\"@id\":\"https:\/\/librairie7l.com\/en\/produit\/la-tabatiere-choiseul-2\/\",\"url\":\"https:\/\/librairie7l.com\/en\/produit\/la-tabatiere-choiseul-2\/\",\"name\":\"La Tabati\u00e8re Choiseul - Librairie 7L\",\"isPartOf\":{\"@id\":\"https:\/\/librairie7l.com\/en\/#website\"},\"datePublished\":\"2026-05-06T07:17:42+00:00\",\"dateModified\":\"2026-05-13T04:03:57+00:00\",\"breadcrumb\":{\"@id\":\"https:\/\/librairie7l.com\/en\/produit\/la-tabatiere-choiseul-2\/#breadcrumb\"},\"inLanguage\":\"en-US\",\"potentialAction\":[{\"@type\":\"ReadAction\",\"target\":[\"https:\/\/librairie7l.com\/en\/produit\/la-tabatiere-choiseul-2\/\"]}]},{\"@type\":\"BreadcrumbList\",\"@id\":\"https:\/\/librairie7l.com\/en\/produit\/la-tabatiere-choiseul-2\/#breadcrumb\",\"itemListElement\":[{\"@type\":\"ListItem\",\"position\":1,\"name\":\"Accueil\",\"item\":\"https:\/\/librairie7l.com\/en\/\"},{\"@type\":\"ListItem\",\"position\":2,\"name\":\"Shop\",\"item\":\"https:\/\/librairie7l.com\/en\/shop\/\"},{\"@type\":\"ListItem\",\"position\":3,\"name\":\"LA TABATI\u00c8RE CHOISEUL\"}]},{\"@type\":\"WebSite\",\"@id\":\"https:\/\/librairie7l.com\/en\/#website\",\"url\":\"https:\/\/librairie7l.com\/en\/\",\"name\":\"Librairie 7L\",\"description\":\"Librairie fond\u00e9e en 1999 par Karl Lagerfeld \u00e0 Paris\",\"publisher\":{\"@id\":\"https:\/\/librairie7l.com\/en\/#organization\"},\"potentialAction\":[{\"@type\":\"SearchAction\",\"target\":{\"@type\":\"EntryPoint\",\"urlTemplate\":\"https:\/\/librairie7l.com\/en\/?s={search_term_string}\"},\"query-input\":\"required name=search_term_string\"}],\"inLanguage\":\"en-US\"},{\"@type\":\"Organization\",\"@id\":\"https:\/\/librairie7l.com\/en\/#organization\",\"name\":\"Librairie 7L\",\"url\":\"https:\/\/librairie7l.com\/en\/\",\"logo\":{\"@type\":\"ImageObject\",\"inLanguage\":\"en-US\",\"@id\":\"https:\/\/librairie7l.com\/en\/#\/schema\/logo\/image\/\",\"url\":\"https:\/\/librairie7l.com\/wp-content\/uploads\/2022\/08\/logo-1.png\",\"contentUrl\":\"https:\/\/librairie7l.com\/wp-content\/uploads\/2022\/08\/logo-1.png\",\"width\":227,\"height\":301,\"caption\":\"Librairie 7L\"},\"image\":{\"@id\":\"https:\/\/librairie7l.com\/en\/#\/schema\/logo\/image\/\"}}]}<\/script>\n<!-- \/ Yoast SEO plugin. -->","yoast_head_json":{"title":"La Tabati\u00e8re Choiseul - Librairie 7L","robots":{"index":"index","follow":"follow","max-snippet":"max-snippet:-1","max-image-preview":"max-image-preview:large","max-video-preview":"max-video-preview:-1"},"canonical":"https:\/\/librairie7l.com\/en\/produit\/la-tabatiere-choiseul-2\/","og_locale":"en_US","og_type":"article","og_title":"La Tabati\u00e8re Choiseul - Librairie 7L","og_description":"Le 1er mars 2023, la tabati\u00e8re entre dans les collections du Louvre gr\u00e2ce \u00e0 la mobilisation populaire et au soutien de grands donateurs. Cette acquisition exceptionnelle a \u00e9t\u00e9 rendue possible gr\u00e2ce \u00e0 la mobilisation des 5 000 donateurs de la campagne \u00ab Tous M\u00e9c\u00e8nes ! \u00bb et au g\u00e9n\u00e9reux soutien de grands donateurs ainsi que [&hellip;]","og_url":"https:\/\/librairie7l.com\/en\/produit\/la-tabatiere-choiseul-2\/","og_site_name":"Librairie 7L","article_modified_time":"2026-05-13T04:03:57+00:00","og_image":[{"width":400,"height":292,"url":"https:\/\/librairie7l.com\/wp-content\/uploads\/2024\/03\/9782878443721_1_75.jpg","type":"image\/jpeg"}],"twitter_card":"summary_large_image","twitter_misc":{"Est. reading time":"2 minutes"},"schema":{"@context":"https:\/\/schema.org","@graph":[{"@type":"WebPage","@id":"https:\/\/librairie7l.com\/en\/produit\/la-tabatiere-choiseul-2\/","url":"https:\/\/librairie7l.com\/en\/produit\/la-tabatiere-choiseul-2\/","name":"La Tabati\u00e8re Choiseul - Librairie 7L","isPartOf":{"@id":"https:\/\/librairie7l.com\/en\/#website"},"datePublished":"2026-05-06T07:17:42+00:00","dateModified":"2026-05-13T04:03:57+00:00","breadcrumb":{"@id":"https:\/\/librairie7l.com\/en\/produit\/la-tabatiere-choiseul-2\/#breadcrumb"},"inLanguage":"en-US","potentialAction":[{"@type":"ReadAction","target":["https:\/\/librairie7l.com\/en\/produit\/la-tabatiere-choiseul-2\/"]}]},{"@type":"BreadcrumbList","@id":"https:\/\/librairie7l.com\/en\/produit\/la-tabatiere-choiseul-2\/#breadcrumb","itemListElement":[{"@type":"ListItem","position":1,"name":"Accueil","item":"https:\/\/librairie7l.com\/en\/"},{"@type":"ListItem","position":2,"name":"Shop","item":"https:\/\/librairie7l.com\/en\/shop\/"},{"@type":"ListItem","position":3,"name":"LA TABATI\u00c8RE CHOISEUL"}]},{"@type":"WebSite","@id":"https:\/\/librairie7l.com\/en\/#website","url":"https:\/\/librairie7l.com\/en\/","name":"Librairie 7L","description":"Librairie fond\u00e9e en 1999 par Karl Lagerfeld \u00e0 Paris","publisher":{"@id":"https:\/\/librairie7l.com\/en\/#organization"},"potentialAction":[{"@type":"SearchAction","target":{"@type":"EntryPoint","urlTemplate":"https:\/\/librairie7l.com\/en\/?s={search_term_string}"},"query-input":"required name=search_term_string"}],"inLanguage":"en-US"},{"@type":"Organization","@id":"https:\/\/librairie7l.com\/en\/#organization","name":"Librairie 7L","url":"https:\/\/librairie7l.com\/en\/","logo":{"@type":"ImageObject","inLanguage":"en-US","@id":"https:\/\/librairie7l.com\/en\/#\/schema\/logo\/image\/","url":"https:\/\/librairie7l.com\/wp-content\/uploads\/2022\/08\/logo-1.png","contentUrl":"https:\/\/librairie7l.com\/wp-content\/uploads\/2022\/08\/logo-1.png","width":227,"height":301,"caption":"Librairie 7L"},"image":{"@id":"https:\/\/librairie7l.com\/en\/#\/schema\/logo\/image\/"}}]}},"_links":{"self":[{"href":"https:\/\/librairie7l.com\/en\/wp-json\/wp\/v2\/product\/56850"}],"collection":[{"href":"https:\/\/librairie7l.com\/en\/wp-json\/wp\/v2\/product"}],"about":[{"href":"https:\/\/librairie7l.com\/en\/wp-json\/wp\/v2\/types\/product"}],"wp:featuredmedia":[{"embeddable":true,"href":"https:\/\/librairie7l.com\/en\/wp-json\/wp\/v2\/media\/56848"}],"wp:attachment":[{"href":"https:\/\/librairie7l.com\/en\/wp-json\/wp\/v2\/media?parent=56850"}],"wp:term":[{"taxonomy":"product_cat","embeddable":true,"href":"https:\/\/librairie7l.com\/en\/wp-json\/wp\/v2\/product_cat?post=56850"},{"taxonomy":"product_tag","embeddable":true,"href":"https:\/\/librairie7l.com\/en\/wp-json\/wp\/v2\/product_tag?post=56850"}],"curies":[{"name":"wp","href":"https:\/\/api.w.org\/{rel}","templated":true}]}}