{"id":56922,"date":"2026-05-06T09:18:27","date_gmt":"2026-05-06T07:18:27","guid":{"rendered":"https:\/\/librairie7l.com\/?post_type=product&#038;p=56922"},"modified":"2026-05-06T09:18:28","modified_gmt":"2026-05-06T07:18:28","slug":"daniel-brush-lart-de-la-ligne-et-de-la-lumiere-2","status":"publish","type":"product","link":"https:\/\/librairie7l.com\/en\/produit\/daniel-brush-lart-de-la-ligne-et-de-la-lumiere-2\/","title":{"rendered":"DANIEL BRUSH : L&#8217;ART DE LA LIGNE ET DE LA LUMI\u00c8RE"},"content":{"rendered":"<p>Une promenade visuelle \u00e0 travers l&#8217;oeuvre de Daniel Brush, document\u00e9e par des images exclusives de son lieu de cr\u00e9ation \u00e0 New York.<br \/>\nV\u00e9ritable promenade visuelle, cet ouvrage offre une exploration structur\u00e9e de l&#8217;univers et l&#8217;oeuvre de l&#8217;artiste am\u00e9ricain Daniel Brush, qui fut \u00e0 la fois peintre, sculpteur, po\u00e8te-orf\u00e8vre et joaillier. Son approche personnelle de la lumi\u00e8re et du trait est document\u00e9e \u00e0 travers des photographies<br \/>\nexclusives de son atelier new-yorkais, o\u00f9 la vie et la cr\u00e9ation s&#8217;entrelacent dans une intime r\u00e9sonance.<br \/>\nAu plus pr\u00e8s de la mati\u00e8re, les oeuvres de Daniel Brush sont sublim\u00e9es par les images du photographe Benjamin Chelly, alternant entre des perspectives macroscopiques et microscopiques, invitant \u00e0 varier notre regard. Manifestant une fascination pour l&#8217;oeuvre de Monet et le<br \/>\nconcept de la s\u00e9rie, Daniel Brush \u00e9tablit un dialogue avec l&#8217;artiste dans plusieurs de ses cr\u00e9ations ici pr\u00e9sent\u00e9es.<br \/>\nUn livre in\u00e9dit qui rend hommage \u00e0 un artiste multidisciplinaire, \u00e0 red\u00e9couvrir \u00e0 l&#8217;occasion de l&#8217;exposition qui lui est consacr\u00e9e par L&#8217;\u00c9cole des Arts Joailliers au sein de l&#8217;h\u00f4tel de Mercy-Argenteau \u00e0 Paris, \u00e0 partir de juin 2026.<br \/>\nExposition : L&#8217;\u00c9cole des Arts Joailliers, Paris, juin 2026<br \/>\n&#8211; Le livre explore l&#8217;oeuvre d&#8217;un artiste am\u00e9ricain aux multiples facettes : peintre, sculpteur, po\u00e8te-orf\u00e8vre et joaillier.<br \/>\n&#8211; Il comprend des photographies exclusives de son atelier new-yorkais qui cr\u00e9ent une r\u00e9sonance intime entre sa vie et sa cr\u00e9ation.<br \/>\n&#8211; L&#8217;oeuvre est sublim\u00e9e par des images du photographe Benjamin Chelly qui alternent entre des perspectives macroscopiques et microscopiques, invitant \u00e0 un regard vari\u00e9 sur la mati\u00e8re.<br \/>\n&#8211; Lancement du livre \u00e0 l&#8217;occasion de l&#8217;exposition qui lui est consacr\u00e9e par l&#8217;\u00c9cole des Arts Joailliers \u00e0 Paris, \u00e0 partir de juin 2026.<\/p>\n","protected":false},"excerpt":{"rendered":"<p>Une promenade visuelle \u00e0 travers l&#8217;oeuvre de Daniel Brush, document\u00e9e par des images exclusives de son lieu de cr\u00e9ation \u00e0 New York. V\u00e9ritable promenade visuelle, cet ouvrage offre une exploration structur\u00e9e de l&#8217;univers et l&#8217;oeuvre de l&#8217;artiste am\u00e9ricain Daniel Brush, qui fut \u00e0 la fois peintre, sculpteur, po\u00e8te-orf\u00e8vre et joaillier. Son approche personnelle de la [&hellip;]<\/p>\n","protected":false},"featured_media":56920,"template":"","meta":[],"product_cat":[2948],"product_tag":[],"acf":[],"yoast_head":"<!-- This site is optimized with the Yoast SEO plugin v20.11 - https:\/\/yoast.com\/wordpress\/plugins\/seo\/ -->\n<title>Daniel Brush : L&#039;Art de la ligne et de la lumi\u00e8re - Librairie 7L<\/title>\n<meta name=\"robots\" content=\"index, follow, max-snippet:-1, max-image-preview:large, max-video-preview:-1\" \/>\n<link rel=\"canonical\" href=\"https:\/\/librairie7l.com\/en\/produit\/daniel-brush-lart-de-la-ligne-et-de-la-lumiere-2\/\" \/>\n<meta property=\"og:locale\" content=\"en_US\" \/>\n<meta property=\"og:type\" content=\"article\" \/>\n<meta property=\"og:title\" content=\"Daniel Brush : L&#039;Art de la ligne et de la lumi\u00e8re - Librairie 7L\" \/>\n<meta property=\"og:description\" content=\"Une promenade visuelle \u00e0 travers l&#8217;oeuvre de Daniel Brush, document\u00e9e par des images exclusives de son lieu de cr\u00e9ation \u00e0 New York. V\u00e9ritable promenade visuelle, cet ouvrage offre une exploration structur\u00e9e de l&#8217;univers et l&#8217;oeuvre de l&#8217;artiste am\u00e9ricain Daniel Brush, qui fut \u00e0 la fois peintre, sculpteur, po\u00e8te-orf\u00e8vre et joaillier. Son approche personnelle de la [&hellip;]\" \/>\n<meta property=\"og:url\" content=\"https:\/\/librairie7l.com\/en\/produit\/daniel-brush-lart-de-la-ligne-et-de-la-lumiere-2\/\" \/>\n<meta property=\"og:site_name\" content=\"Librairie 7L\" \/>\n<meta property=\"article:modified_time\" content=\"2026-05-06T07:18:28+00:00\" \/>\n<meta property=\"og:image\" content=\"https:\/\/librairie7l.com\/wp-content\/uploads\/2025\/12\/9788874399482_1_75.jpg\" \/>\n\t<meta property=\"og:image:width\" content=\"600\" \/>\n\t<meta property=\"og:image:height\" content=\"699\" \/>\n\t<meta property=\"og:image:type\" content=\"image\/jpeg\" \/>\n<meta name=\"twitter:card\" content=\"summary_large_image\" \/>\n<meta name=\"twitter:label1\" content=\"Est. reading time\" \/>\n\t<meta name=\"twitter:data1\" content=\"1 minute\" \/>\n<script type=\"application\/ld+json\" class=\"yoast-schema-graph\">{\"@context\":\"https:\/\/schema.org\",\"@graph\":[{\"@type\":\"WebPage\",\"@id\":\"https:\/\/librairie7l.com\/en\/produit\/daniel-brush-lart-de-la-ligne-et-de-la-lumiere-2\/\",\"url\":\"https:\/\/librairie7l.com\/en\/produit\/daniel-brush-lart-de-la-ligne-et-de-la-lumiere-2\/\",\"name\":\"Daniel Brush : L'Art de la ligne et de la lumi\u00e8re - Librairie 7L\",\"isPartOf\":{\"@id\":\"https:\/\/librairie7l.com\/en\/#website\"},\"datePublished\":\"2026-05-06T07:18:27+00:00\",\"dateModified\":\"2026-05-06T07:18:28+00:00\",\"breadcrumb\":{\"@id\":\"https:\/\/librairie7l.com\/en\/produit\/daniel-brush-lart-de-la-ligne-et-de-la-lumiere-2\/#breadcrumb\"},\"inLanguage\":\"en-US\",\"potentialAction\":[{\"@type\":\"ReadAction\",\"target\":[\"https:\/\/librairie7l.com\/en\/produit\/daniel-brush-lart-de-la-ligne-et-de-la-lumiere-2\/\"]}]},{\"@type\":\"BreadcrumbList\",\"@id\":\"https:\/\/librairie7l.com\/en\/produit\/daniel-brush-lart-de-la-ligne-et-de-la-lumiere-2\/#breadcrumb\",\"itemListElement\":[{\"@type\":\"ListItem\",\"position\":1,\"name\":\"Accueil\",\"item\":\"https:\/\/librairie7l.com\/en\/\"},{\"@type\":\"ListItem\",\"position\":2,\"name\":\"Shop\",\"item\":\"https:\/\/librairie7l.com\/en\/shop\/\"},{\"@type\":\"ListItem\",\"position\":3,\"name\":\"DANIEL BRUSH : L&#8217;ART DE LA LIGNE ET DE LA LUMI\u00c8RE\"}]},{\"@type\":\"WebSite\",\"@id\":\"https:\/\/librairie7l.com\/en\/#website\",\"url\":\"https:\/\/librairie7l.com\/en\/\",\"name\":\"Librairie 7L\",\"description\":\"Librairie fond\u00e9e en 1999 par Karl Lagerfeld \u00e0 Paris\",\"publisher\":{\"@id\":\"https:\/\/librairie7l.com\/en\/#organization\"},\"potentialAction\":[{\"@type\":\"SearchAction\",\"target\":{\"@type\":\"EntryPoint\",\"urlTemplate\":\"https:\/\/librairie7l.com\/en\/?s={search_term_string}\"},\"query-input\":\"required name=search_term_string\"}],\"inLanguage\":\"en-US\"},{\"@type\":\"Organization\",\"@id\":\"https:\/\/librairie7l.com\/en\/#organization\",\"name\":\"Librairie 7L\",\"url\":\"https:\/\/librairie7l.com\/en\/\",\"logo\":{\"@type\":\"ImageObject\",\"inLanguage\":\"en-US\",\"@id\":\"https:\/\/librairie7l.com\/en\/#\/schema\/logo\/image\/\",\"url\":\"https:\/\/librairie7l.com\/wp-content\/uploads\/2022\/08\/logo-1.png\",\"contentUrl\":\"https:\/\/librairie7l.com\/wp-content\/uploads\/2022\/08\/logo-1.png\",\"width\":227,\"height\":301,\"caption\":\"Librairie 7L\"},\"image\":{\"@id\":\"https:\/\/librairie7l.com\/en\/#\/schema\/logo\/image\/\"}}]}<\/script>\n<!-- \/ Yoast SEO plugin. -->","yoast_head_json":{"title":"Daniel Brush : L'Art de la ligne et de la lumi\u00e8re - Librairie 7L","robots":{"index":"index","follow":"follow","max-snippet":"max-snippet:-1","max-image-preview":"max-image-preview:large","max-video-preview":"max-video-preview:-1"},"canonical":"https:\/\/librairie7l.com\/en\/produit\/daniel-brush-lart-de-la-ligne-et-de-la-lumiere-2\/","og_locale":"en_US","og_type":"article","og_title":"Daniel Brush : L'Art de la ligne et de la lumi\u00e8re - Librairie 7L","og_description":"Une promenade visuelle \u00e0 travers l&#8217;oeuvre de Daniel Brush, document\u00e9e par des images exclusives de son lieu de cr\u00e9ation \u00e0 New York. V\u00e9ritable promenade visuelle, cet ouvrage offre une exploration structur\u00e9e de l&#8217;univers et l&#8217;oeuvre de l&#8217;artiste am\u00e9ricain Daniel Brush, qui fut \u00e0 la fois peintre, sculpteur, po\u00e8te-orf\u00e8vre et joaillier. Son approche personnelle de la [&hellip;]","og_url":"https:\/\/librairie7l.com\/en\/produit\/daniel-brush-lart-de-la-ligne-et-de-la-lumiere-2\/","og_site_name":"Librairie 7L","article_modified_time":"2026-05-06T07:18:28+00:00","og_image":[{"width":600,"height":699,"url":"https:\/\/librairie7l.com\/wp-content\/uploads\/2025\/12\/9788874399482_1_75.jpg","type":"image\/jpeg"}],"twitter_card":"summary_large_image","twitter_misc":{"Est. reading time":"1 minute"},"schema":{"@context":"https:\/\/schema.org","@graph":[{"@type":"WebPage","@id":"https:\/\/librairie7l.com\/en\/produit\/daniel-brush-lart-de-la-ligne-et-de-la-lumiere-2\/","url":"https:\/\/librairie7l.com\/en\/produit\/daniel-brush-lart-de-la-ligne-et-de-la-lumiere-2\/","name":"Daniel Brush : L'Art de la ligne et de la lumi\u00e8re - Librairie 7L","isPartOf":{"@id":"https:\/\/librairie7l.com\/en\/#website"},"datePublished":"2026-05-06T07:18:27+00:00","dateModified":"2026-05-06T07:18:28+00:00","breadcrumb":{"@id":"https:\/\/librairie7l.com\/en\/produit\/daniel-brush-lart-de-la-ligne-et-de-la-lumiere-2\/#breadcrumb"},"inLanguage":"en-US","potentialAction":[{"@type":"ReadAction","target":["https:\/\/librairie7l.com\/en\/produit\/daniel-brush-lart-de-la-ligne-et-de-la-lumiere-2\/"]}]},{"@type":"BreadcrumbList","@id":"https:\/\/librairie7l.com\/en\/produit\/daniel-brush-lart-de-la-ligne-et-de-la-lumiere-2\/#breadcrumb","itemListElement":[{"@type":"ListItem","position":1,"name":"Accueil","item":"https:\/\/librairie7l.com\/en\/"},{"@type":"ListItem","position":2,"name":"Shop","item":"https:\/\/librairie7l.com\/en\/shop\/"},{"@type":"ListItem","position":3,"name":"DANIEL BRUSH : L&#8217;ART DE LA LIGNE ET DE LA LUMI\u00c8RE"}]},{"@type":"WebSite","@id":"https:\/\/librairie7l.com\/en\/#website","url":"https:\/\/librairie7l.com\/en\/","name":"Librairie 7L","description":"Librairie fond\u00e9e en 1999 par Karl Lagerfeld \u00e0 Paris","publisher":{"@id":"https:\/\/librairie7l.com\/en\/#organization"},"potentialAction":[{"@type":"SearchAction","target":{"@type":"EntryPoint","urlTemplate":"https:\/\/librairie7l.com\/en\/?s={search_term_string}"},"query-input":"required name=search_term_string"}],"inLanguage":"en-US"},{"@type":"Organization","@id":"https:\/\/librairie7l.com\/en\/#organization","name":"Librairie 7L","url":"https:\/\/librairie7l.com\/en\/","logo":{"@type":"ImageObject","inLanguage":"en-US","@id":"https:\/\/librairie7l.com\/en\/#\/schema\/logo\/image\/","url":"https:\/\/librairie7l.com\/wp-content\/uploads\/2022\/08\/logo-1.png","contentUrl":"https:\/\/librairie7l.com\/wp-content\/uploads\/2022\/08\/logo-1.png","width":227,"height":301,"caption":"Librairie 7L"},"image":{"@id":"https:\/\/librairie7l.com\/en\/#\/schema\/logo\/image\/"}}]}},"_links":{"self":[{"href":"https:\/\/librairie7l.com\/en\/wp-json\/wp\/v2\/product\/56922"}],"collection":[{"href":"https:\/\/librairie7l.com\/en\/wp-json\/wp\/v2\/product"}],"about":[{"href":"https:\/\/librairie7l.com\/en\/wp-json\/wp\/v2\/types\/product"}],"wp:featuredmedia":[{"embeddable":true,"href":"https:\/\/librairie7l.com\/en\/wp-json\/wp\/v2\/media\/56920"}],"wp:attachment":[{"href":"https:\/\/librairie7l.com\/en\/wp-json\/wp\/v2\/media?parent=56922"}],"wp:term":[{"taxonomy":"product_cat","embeddable":true,"href":"https:\/\/librairie7l.com\/en\/wp-json\/wp\/v2\/product_cat?post=56922"},{"taxonomy":"product_tag","embeddable":true,"href":"https:\/\/librairie7l.com\/en\/wp-json\/wp\/v2\/product_tag?post=56922"}],"curies":[{"name":"wp","href":"https:\/\/api.w.org\/{rel}","templated":true}]}}