{"id":56926,"date":"2026-05-06T09:18:30","date_gmt":"2026-05-06T07:18:30","guid":{"rendered":"https:\/\/librairie7l.com\/?post_type=product&#038;p=56926"},"modified":"2026-05-06T12:35:22","modified_gmt":"2026-05-06T10:35:22","slug":"cultures-un-tour-du-monde-en-99-tresors-antiques-en-miniatures-de-la-collection-donnadieu-2","status":"publish","type":"product","link":"https:\/\/librairie7l.com\/en\/produit\/cultures-un-tour-du-monde-en-99-tresors-antiques-en-miniatures-de-la-collection-donnadieu-2\/","title":{"rendered":"CULTURE(S) : UN TOUR DU MONDE EN 99 TR\u00c9SORS ANTIQUES EN MINIATURES DE LA COLLECTION DONNADIEU"},"content":{"rendered":"<p>Les tr\u00e9sors antiques de la collection constitu\u00e9e depuis une vingtaine d&#8217;ann\u00e9es par Ludovic Donnadieu proviennent d&#8217;une multitude de cultures anciennes, c\u00e9l\u00e8bres ou m\u00e9connues, des<br \/>\ncinq continents. La s\u00e9lection respecte un juste \u00e9quilibre entre les diff\u00e9rentes aires g\u00e9ographiques, afin que soient repr\u00e9sent\u00e9es toutes les r\u00e9gions du monde et toutes les p\u00e9riodes historiques ou pr\u00e9historiques. Le spectateur est ainsi invit\u00e9, \u00e0 travers ce panorama complet, \u00e0 un voyage culturel<br \/>\net anthropologique \u00e0 travers le temps et l&#8217;espace.<\/p>\n<p>Les oeuvres d&#8217;art pr\u00e9sent\u00e9es sont des \u00ab miniatures \u00bb : rares sont celles dont la taille d\u00e9passe 20 centim\u00e8tres : une oeuvre, pour produire tout son impact \u00e9motionnel et d\u00e9ployer tout son pouvoir de fascination, n&#8217;a pas besoin d&#8217;\u00eatre monumentale ! En effet, le fragile peut \u00eatre durable, le minuscule \u00eatre porteur de grandeur, et le d\u00e9tail singulier v\u00e9hiculer un message universel.<\/p>\n<p>Cette s\u00e9lection de 99 oeuvres, qui constitue un ensemble unique au monde, a ob\u00e9i \u00e0 un triple crit\u00e8re : d&#8217;authenticit\u00e9, de qualit\u00e9 esth\u00e9tique, d&#8217;\u00e9quilibre, entre les sujets repr\u00e9sent\u00e9s comme entre les diff\u00e9rentes formes, mati\u00e8res ou fonctions. La p\u00e9riode couverte va de 6 000 avant J.- C. au d\u00e9but du XXe si\u00e8cle. La pr\u00e9sentation au public de cette collection rev\u00eat une port\u00e9e double : il s&#8217;agit, dans un monde menac\u00e9 par l&#8217;uniformit\u00e9, de c\u00e9l\u00e9brer la richesse et la diversit\u00e9 des<br \/>\ncultures de l&#8217;Humanit\u00e9, mais aussi, de mettre en valeur la beaut\u00e9 et la grandeur du petit format et la n\u00e9cessit\u00e9 de prot\u00e9ger ce qui est fragile.<\/p>\n","protected":false},"excerpt":{"rendered":"<p>Les tr\u00e9sors antiques de la collection constitu\u00e9e depuis une vingtaine d&#8217;ann\u00e9es par Ludovic Donnadieu proviennent d&#8217;une multitude de cultures anciennes, c\u00e9l\u00e8bres ou m\u00e9connues, des cinq continents. La s\u00e9lection respecte un juste \u00e9quilibre entre les diff\u00e9rentes aires g\u00e9ographiques, afin que soient repr\u00e9sent\u00e9es toutes les r\u00e9gions du monde et toutes les p\u00e9riodes historiques ou pr\u00e9historiques. Le spectateur [&hellip;]<\/p>\n","protected":false},"featured_media":56924,"template":"","meta":[],"product_cat":[2948],"product_tag":[],"acf":[],"yoast_head":"<!-- This site is optimized with the Yoast SEO plugin v20.11 - https:\/\/yoast.com\/wordpress\/plugins\/seo\/ -->\n<title>Culture(s) : Un tour du monde en 99 tr\u00e9sors antiques en miniatures de la collection Donnadieu - Librairie 7L<\/title>\n<meta name=\"robots\" content=\"index, follow, max-snippet:-1, max-image-preview:large, max-video-preview:-1\" \/>\n<link rel=\"canonical\" href=\"https:\/\/librairie7l.com\/en\/produit\/cultures-un-tour-du-monde-en-99-tresors-antiques-en-miniatures-de-la-collection-donnadieu-2\/\" \/>\n<meta property=\"og:locale\" content=\"en_US\" \/>\n<meta property=\"og:type\" content=\"article\" \/>\n<meta property=\"og:title\" content=\"Culture(s) : Un tour du monde en 99 tr\u00e9sors antiques en miniatures de la collection Donnadieu - Librairie 7L\" \/>\n<meta property=\"og:description\" content=\"Les tr\u00e9sors antiques de la collection constitu\u00e9e depuis une vingtaine d&#8217;ann\u00e9es par Ludovic Donnadieu proviennent d&#8217;une multitude de cultures anciennes, c\u00e9l\u00e8bres ou m\u00e9connues, des cinq continents. La s\u00e9lection respecte un juste \u00e9quilibre entre les diff\u00e9rentes aires g\u00e9ographiques, afin que soient repr\u00e9sent\u00e9es toutes les r\u00e9gions du monde et toutes les p\u00e9riodes historiques ou pr\u00e9historiques. Le spectateur [&hellip;]\" \/>\n<meta property=\"og:url\" content=\"https:\/\/librairie7l.com\/en\/produit\/cultures-un-tour-du-monde-en-99-tresors-antiques-en-miniatures-de-la-collection-donnadieu-2\/\" \/>\n<meta property=\"og:site_name\" content=\"Librairie 7L\" \/>\n<meta property=\"article:modified_time\" content=\"2026-05-06T10:35:22+00:00\" \/>\n<meta property=\"og:image\" content=\"https:\/\/librairie7l.com\/wp-content\/uploads\/2024\/03\/9791254600658_1_75.jpg\" \/>\n\t<meta property=\"og:image:width\" content=\"600\" \/>\n\t<meta property=\"og:image:height\" content=\"803\" \/>\n\t<meta property=\"og:image:type\" content=\"image\/jpeg\" \/>\n<meta name=\"twitter:card\" content=\"summary_large_image\" \/>\n<meta name=\"twitter:label1\" content=\"Est. reading time\" \/>\n\t<meta name=\"twitter:data1\" content=\"1 minute\" \/>\n<script type=\"application\/ld+json\" class=\"yoast-schema-graph\">{\"@context\":\"https:\/\/schema.org\",\"@graph\":[{\"@type\":\"WebPage\",\"@id\":\"https:\/\/librairie7l.com\/en\/produit\/cultures-un-tour-du-monde-en-99-tresors-antiques-en-miniatures-de-la-collection-donnadieu-2\/\",\"url\":\"https:\/\/librairie7l.com\/en\/produit\/cultures-un-tour-du-monde-en-99-tresors-antiques-en-miniatures-de-la-collection-donnadieu-2\/\",\"name\":\"Culture(s) : Un tour du monde en 99 tr\u00e9sors antiques en miniatures de la collection Donnadieu - Librairie 7L\",\"isPartOf\":{\"@id\":\"https:\/\/librairie7l.com\/en\/#website\"},\"datePublished\":\"2026-05-06T07:18:30+00:00\",\"dateModified\":\"2026-05-06T10:35:22+00:00\",\"breadcrumb\":{\"@id\":\"https:\/\/librairie7l.com\/en\/produit\/cultures-un-tour-du-monde-en-99-tresors-antiques-en-miniatures-de-la-collection-donnadieu-2\/#breadcrumb\"},\"inLanguage\":\"en-US\",\"potentialAction\":[{\"@type\":\"ReadAction\",\"target\":[\"https:\/\/librairie7l.com\/en\/produit\/cultures-un-tour-du-monde-en-99-tresors-antiques-en-miniatures-de-la-collection-donnadieu-2\/\"]}]},{\"@type\":\"BreadcrumbList\",\"@id\":\"https:\/\/librairie7l.com\/en\/produit\/cultures-un-tour-du-monde-en-99-tresors-antiques-en-miniatures-de-la-collection-donnadieu-2\/#breadcrumb\",\"itemListElement\":[{\"@type\":\"ListItem\",\"position\":1,\"name\":\"Accueil\",\"item\":\"https:\/\/librairie7l.com\/en\/\"},{\"@type\":\"ListItem\",\"position\":2,\"name\":\"Shop\",\"item\":\"https:\/\/librairie7l.com\/en\/shop\/\"},{\"@type\":\"ListItem\",\"position\":3,\"name\":\"CULTURE(S) : UN TOUR DU MONDE EN 99 TR\u00c9SORS ANTIQUES EN MINIATURES DE LA COLLECTION DONNADIEU\"}]},{\"@type\":\"WebSite\",\"@id\":\"https:\/\/librairie7l.com\/en\/#website\",\"url\":\"https:\/\/librairie7l.com\/en\/\",\"name\":\"Librairie 7L\",\"description\":\"Librairie fond\u00e9e en 1999 par Karl Lagerfeld \u00e0 Paris\",\"publisher\":{\"@id\":\"https:\/\/librairie7l.com\/en\/#organization\"},\"potentialAction\":[{\"@type\":\"SearchAction\",\"target\":{\"@type\":\"EntryPoint\",\"urlTemplate\":\"https:\/\/librairie7l.com\/en\/?s={search_term_string}\"},\"query-input\":\"required name=search_term_string\"}],\"inLanguage\":\"en-US\"},{\"@type\":\"Organization\",\"@id\":\"https:\/\/librairie7l.com\/en\/#organization\",\"name\":\"Librairie 7L\",\"url\":\"https:\/\/librairie7l.com\/en\/\",\"logo\":{\"@type\":\"ImageObject\",\"inLanguage\":\"en-US\",\"@id\":\"https:\/\/librairie7l.com\/en\/#\/schema\/logo\/image\/\",\"url\":\"https:\/\/librairie7l.com\/wp-content\/uploads\/2022\/08\/logo-1.png\",\"contentUrl\":\"https:\/\/librairie7l.com\/wp-content\/uploads\/2022\/08\/logo-1.png\",\"width\":227,\"height\":301,\"caption\":\"Librairie 7L\"},\"image\":{\"@id\":\"https:\/\/librairie7l.com\/en\/#\/schema\/logo\/image\/\"}}]}<\/script>\n<!-- \/ Yoast SEO plugin. -->","yoast_head_json":{"title":"Culture(s) : Un tour du monde en 99 tr\u00e9sors antiques en miniatures de la collection Donnadieu - Librairie 7L","robots":{"index":"index","follow":"follow","max-snippet":"max-snippet:-1","max-image-preview":"max-image-preview:large","max-video-preview":"max-video-preview:-1"},"canonical":"https:\/\/librairie7l.com\/en\/produit\/cultures-un-tour-du-monde-en-99-tresors-antiques-en-miniatures-de-la-collection-donnadieu-2\/","og_locale":"en_US","og_type":"article","og_title":"Culture(s) : Un tour du monde en 99 tr\u00e9sors antiques en miniatures de la collection Donnadieu - Librairie 7L","og_description":"Les tr\u00e9sors antiques de la collection constitu\u00e9e depuis une vingtaine d&#8217;ann\u00e9es par Ludovic Donnadieu proviennent d&#8217;une multitude de cultures anciennes, c\u00e9l\u00e8bres ou m\u00e9connues, des cinq continents. La s\u00e9lection respecte un juste \u00e9quilibre entre les diff\u00e9rentes aires g\u00e9ographiques, afin que soient repr\u00e9sent\u00e9es toutes les r\u00e9gions du monde et toutes les p\u00e9riodes historiques ou pr\u00e9historiques. Le spectateur [&hellip;]","og_url":"https:\/\/librairie7l.com\/en\/produit\/cultures-un-tour-du-monde-en-99-tresors-antiques-en-miniatures-de-la-collection-donnadieu-2\/","og_site_name":"Librairie 7L","article_modified_time":"2026-05-06T10:35:22+00:00","og_image":[{"width":600,"height":803,"url":"https:\/\/librairie7l.com\/wp-content\/uploads\/2024\/03\/9791254600658_1_75.jpg","type":"image\/jpeg"}],"twitter_card":"summary_large_image","twitter_misc":{"Est. reading time":"1 minute"},"schema":{"@context":"https:\/\/schema.org","@graph":[{"@type":"WebPage","@id":"https:\/\/librairie7l.com\/en\/produit\/cultures-un-tour-du-monde-en-99-tresors-antiques-en-miniatures-de-la-collection-donnadieu-2\/","url":"https:\/\/librairie7l.com\/en\/produit\/cultures-un-tour-du-monde-en-99-tresors-antiques-en-miniatures-de-la-collection-donnadieu-2\/","name":"Culture(s) : Un tour du monde en 99 tr\u00e9sors antiques en miniatures de la collection Donnadieu - Librairie 7L","isPartOf":{"@id":"https:\/\/librairie7l.com\/en\/#website"},"datePublished":"2026-05-06T07:18:30+00:00","dateModified":"2026-05-06T10:35:22+00:00","breadcrumb":{"@id":"https:\/\/librairie7l.com\/en\/produit\/cultures-un-tour-du-monde-en-99-tresors-antiques-en-miniatures-de-la-collection-donnadieu-2\/#breadcrumb"},"inLanguage":"en-US","potentialAction":[{"@type":"ReadAction","target":["https:\/\/librairie7l.com\/en\/produit\/cultures-un-tour-du-monde-en-99-tresors-antiques-en-miniatures-de-la-collection-donnadieu-2\/"]}]},{"@type":"BreadcrumbList","@id":"https:\/\/librairie7l.com\/en\/produit\/cultures-un-tour-du-monde-en-99-tresors-antiques-en-miniatures-de-la-collection-donnadieu-2\/#breadcrumb","itemListElement":[{"@type":"ListItem","position":1,"name":"Accueil","item":"https:\/\/librairie7l.com\/en\/"},{"@type":"ListItem","position":2,"name":"Shop","item":"https:\/\/librairie7l.com\/en\/shop\/"},{"@type":"ListItem","position":3,"name":"CULTURE(S) : UN TOUR DU MONDE EN 99 TR\u00c9SORS ANTIQUES EN MINIATURES DE LA COLLECTION DONNADIEU"}]},{"@type":"WebSite","@id":"https:\/\/librairie7l.com\/en\/#website","url":"https:\/\/librairie7l.com\/en\/","name":"Librairie 7L","description":"Librairie fond\u00e9e en 1999 par Karl Lagerfeld \u00e0 Paris","publisher":{"@id":"https:\/\/librairie7l.com\/en\/#organization"},"potentialAction":[{"@type":"SearchAction","target":{"@type":"EntryPoint","urlTemplate":"https:\/\/librairie7l.com\/en\/?s={search_term_string}"},"query-input":"required name=search_term_string"}],"inLanguage":"en-US"},{"@type":"Organization","@id":"https:\/\/librairie7l.com\/en\/#organization","name":"Librairie 7L","url":"https:\/\/librairie7l.com\/en\/","logo":{"@type":"ImageObject","inLanguage":"en-US","@id":"https:\/\/librairie7l.com\/en\/#\/schema\/logo\/image\/","url":"https:\/\/librairie7l.com\/wp-content\/uploads\/2022\/08\/logo-1.png","contentUrl":"https:\/\/librairie7l.com\/wp-content\/uploads\/2022\/08\/logo-1.png","width":227,"height":301,"caption":"Librairie 7L"},"image":{"@id":"https:\/\/librairie7l.com\/en\/#\/schema\/logo\/image\/"}}]}},"_links":{"self":[{"href":"https:\/\/librairie7l.com\/en\/wp-json\/wp\/v2\/product\/56926"}],"collection":[{"href":"https:\/\/librairie7l.com\/en\/wp-json\/wp\/v2\/product"}],"about":[{"href":"https:\/\/librairie7l.com\/en\/wp-json\/wp\/v2\/types\/product"}],"wp:featuredmedia":[{"embeddable":true,"href":"https:\/\/librairie7l.com\/en\/wp-json\/wp\/v2\/media\/56924"}],"wp:attachment":[{"href":"https:\/\/librairie7l.com\/en\/wp-json\/wp\/v2\/media?parent=56926"}],"wp:term":[{"taxonomy":"product_cat","embeddable":true,"href":"https:\/\/librairie7l.com\/en\/wp-json\/wp\/v2\/product_cat?post=56926"},{"taxonomy":"product_tag","embeddable":true,"href":"https:\/\/librairie7l.com\/en\/wp-json\/wp\/v2\/product_tag?post=56926"}],"curies":[{"name":"wp","href":"https:\/\/api.w.org\/{rel}","templated":true}]}}