{"id":56930,"date":"2026-05-06T10:16:14","date_gmt":"2026-05-06T08:16:14","guid":{"rendered":"https:\/\/librairie7l.com\/?post_type=product&#038;p=56930"},"modified":"2026-05-06T12:29:26","modified_gmt":"2026-05-06T10:29:26","slug":"le-conservatoire-de-la-tomate-savoir-faire-de-la-bourdaisiere-50-varietes-a-cultiver-2","status":"publish","type":"product","link":"https:\/\/librairie7l.com\/en\/produit\/le-conservatoire-de-la-tomate-savoir-faire-de-la-bourdaisiere-50-varietes-a-cultiver-2\/","title":{"rendered":"LE CONSERVATOIRE DE LA TOMATE : SAVOIR-FAIRE DE LA BOURDAISI\u00c8RE ; 50 VARI\u00c9T\u00c9S \u00c0 CULTIVER"},"content":{"rendered":"<p>Un fabuleux voyage au coeur du conservatoire de la tomate de la Bourdaisi\u00e8re qui abrite une collection de 800 vari\u00e9t\u00e9s. Louis Albert de Broglie, propri\u00e9taire passionn\u00e9, et Nicolas Toutain, chef jardinier, nous racontent l&#8217;histoire de ce fruit, embl\u00e8me de nos potagers, et pr\u00e9sentent les techniques de culture de 50 vari\u00e9t\u00e9s, du semis \u00e0 la r\u00e9colte. Collection &#8221; R\u00e9siliences HS &#8220;.<br \/>\nTomate ananas noire, Blue Beauty, Coeur de boeuf, P\u00eache blanche, Marmande, T\u00e9ton de V\u00e9nus&#8230; Au ch\u00e2teau de La Bourdaisi\u00e8re, en Touraine, Louis Albert de Broglie a cr\u00e9\u00e9 d\u00e8s 1993, une collection unique d\u00e9di\u00e9e \u00e0 la plus c\u00e9l\u00e8bre des Solanac\u00e9es. Avec Nicolas Toutain, chef jardinier, il nous invite \u00e0 d\u00e9couvrir la fabuleuse histoire de la tomate. Tous deux nous ouvrent les portes du potager et partagent leur savoir-faire : toutes les \u00e9tapes de culture, du semis \u00e0 la r\u00e9colte, sans oublier quelques recettes simples pour bien la d\u00e9guster. Un carnet de culture complet pr\u00e9sente les techniques de culture d&#8217;une s\u00e9lection de tomates les plus productives, r\u00e9sistantes et savoureuses. Un voyage fascinant au coeur du Conservatoire national de la Tomate.<\/p>\n","protected":false},"excerpt":{"rendered":"<p>Un fabuleux voyage au coeur du conservatoire de la tomate de la Bourdaisi\u00e8re qui abrite une collection de 800 vari\u00e9t\u00e9s. Louis Albert de Broglie, propri\u00e9taire passionn\u00e9, et Nicolas Toutain, chef jardinier, nous racontent l&#8217;histoire de ce fruit, embl\u00e8me de nos potagers, et pr\u00e9sentent les techniques de culture de 50 vari\u00e9t\u00e9s, du semis \u00e0 la r\u00e9colte. [&hellip;]<\/p>\n","protected":false},"featured_media":56928,"template":"","meta":[],"product_cat":[2948],"product_tag":[],"acf":[],"yoast_head":"<!-- This site is optimized with the Yoast SEO plugin v20.11 - https:\/\/yoast.com\/wordpress\/plugins\/seo\/ -->\n<title>Le Conservatoire de la Tomate : Savoir-faire de La Bourdaisi\u00e8re ; 50 vari\u00e9t\u00e9s \u00e0 cultiver - Librairie 7L<\/title>\n<meta name=\"robots\" content=\"index, follow, max-snippet:-1, max-image-preview:large, max-video-preview:-1\" \/>\n<link rel=\"canonical\" href=\"https:\/\/librairie7l.com\/en\/produit\/le-conservatoire-de-la-tomate-savoir-faire-de-la-bourdaisiere-50-varietes-a-cultiver-2\/\" \/>\n<meta property=\"og:locale\" content=\"en_US\" \/>\n<meta property=\"og:type\" content=\"article\" \/>\n<meta property=\"og:title\" content=\"Le Conservatoire de la Tomate : Savoir-faire de La Bourdaisi\u00e8re ; 50 vari\u00e9t\u00e9s \u00e0 cultiver - Librairie 7L\" \/>\n<meta property=\"og:description\" content=\"Un fabuleux voyage au coeur du conservatoire de la tomate de la Bourdaisi\u00e8re qui abrite une collection de 800 vari\u00e9t\u00e9s. Louis Albert de Broglie, propri\u00e9taire passionn\u00e9, et Nicolas Toutain, chef jardinier, nous racontent l&#8217;histoire de ce fruit, embl\u00e8me de nos potagers, et pr\u00e9sentent les techniques de culture de 50 vari\u00e9t\u00e9s, du semis \u00e0 la r\u00e9colte. [&hellip;]\" \/>\n<meta property=\"og:url\" content=\"https:\/\/librairie7l.com\/en\/produit\/le-conservatoire-de-la-tomate-savoir-faire-de-la-bourdaisiere-50-varietes-a-cultiver-2\/\" \/>\n<meta property=\"og:site_name\" content=\"Librairie 7L\" \/>\n<meta property=\"article:modified_time\" content=\"2026-05-06T10:29:26+00:00\" \/>\n<meta property=\"og:image\" content=\"https:\/\/librairie7l.com\/wp-content\/uploads\/2025\/12\/9782379224607_1_75.jpg\" \/>\n\t<meta property=\"og:image:width\" content=\"400\" \/>\n\t<meta property=\"og:image:height\" content=\"519\" \/>\n\t<meta property=\"og:image:type\" content=\"image\/jpeg\" \/>\n<meta name=\"twitter:card\" content=\"summary_large_image\" \/>\n<meta name=\"twitter:label1\" content=\"Est. reading time\" \/>\n\t<meta name=\"twitter:data1\" content=\"1 minute\" \/>\n<script type=\"application\/ld+json\" class=\"yoast-schema-graph\">{\"@context\":\"https:\/\/schema.org\",\"@graph\":[{\"@type\":\"WebPage\",\"@id\":\"https:\/\/librairie7l.com\/en\/produit\/le-conservatoire-de-la-tomate-savoir-faire-de-la-bourdaisiere-50-varietes-a-cultiver-2\/\",\"url\":\"https:\/\/librairie7l.com\/en\/produit\/le-conservatoire-de-la-tomate-savoir-faire-de-la-bourdaisiere-50-varietes-a-cultiver-2\/\",\"name\":\"Le Conservatoire de la Tomate : Savoir-faire de La Bourdaisi\u00e8re ; 50 vari\u00e9t\u00e9s \u00e0 cultiver - Librairie 7L\",\"isPartOf\":{\"@id\":\"https:\/\/librairie7l.com\/en\/#website\"},\"datePublished\":\"2026-05-06T08:16:14+00:00\",\"dateModified\":\"2026-05-06T10:29:26+00:00\",\"breadcrumb\":{\"@id\":\"https:\/\/librairie7l.com\/en\/produit\/le-conservatoire-de-la-tomate-savoir-faire-de-la-bourdaisiere-50-varietes-a-cultiver-2\/#breadcrumb\"},\"inLanguage\":\"en-US\",\"potentialAction\":[{\"@type\":\"ReadAction\",\"target\":[\"https:\/\/librairie7l.com\/en\/produit\/le-conservatoire-de-la-tomate-savoir-faire-de-la-bourdaisiere-50-varietes-a-cultiver-2\/\"]}]},{\"@type\":\"BreadcrumbList\",\"@id\":\"https:\/\/librairie7l.com\/en\/produit\/le-conservatoire-de-la-tomate-savoir-faire-de-la-bourdaisiere-50-varietes-a-cultiver-2\/#breadcrumb\",\"itemListElement\":[{\"@type\":\"ListItem\",\"position\":1,\"name\":\"Accueil\",\"item\":\"https:\/\/librairie7l.com\/en\/\"},{\"@type\":\"ListItem\",\"position\":2,\"name\":\"Shop\",\"item\":\"https:\/\/librairie7l.com\/en\/shop\/\"},{\"@type\":\"ListItem\",\"position\":3,\"name\":\"LE CONSERVATOIRE DE LA TOMATE : SAVOIR-FAIRE DE LA BOURDAISI\u00c8RE ; 50 VARI\u00c9T\u00c9S \u00c0 CULTIVER\"}]},{\"@type\":\"WebSite\",\"@id\":\"https:\/\/librairie7l.com\/en\/#website\",\"url\":\"https:\/\/librairie7l.com\/en\/\",\"name\":\"Librairie 7L\",\"description\":\"Librairie fond\u00e9e en 1999 par Karl Lagerfeld \u00e0 Paris\",\"publisher\":{\"@id\":\"https:\/\/librairie7l.com\/en\/#organization\"},\"potentialAction\":[{\"@type\":\"SearchAction\",\"target\":{\"@type\":\"EntryPoint\",\"urlTemplate\":\"https:\/\/librairie7l.com\/en\/?s={search_term_string}\"},\"query-input\":\"required name=search_term_string\"}],\"inLanguage\":\"en-US\"},{\"@type\":\"Organization\",\"@id\":\"https:\/\/librairie7l.com\/en\/#organization\",\"name\":\"Librairie 7L\",\"url\":\"https:\/\/librairie7l.com\/en\/\",\"logo\":{\"@type\":\"ImageObject\",\"inLanguage\":\"en-US\",\"@id\":\"https:\/\/librairie7l.com\/en\/#\/schema\/logo\/image\/\",\"url\":\"https:\/\/librairie7l.com\/wp-content\/uploads\/2022\/08\/logo-1.png\",\"contentUrl\":\"https:\/\/librairie7l.com\/wp-content\/uploads\/2022\/08\/logo-1.png\",\"width\":227,\"height\":301,\"caption\":\"Librairie 7L\"},\"image\":{\"@id\":\"https:\/\/librairie7l.com\/en\/#\/schema\/logo\/image\/\"}}]}<\/script>\n<!-- \/ Yoast SEO plugin. -->","yoast_head_json":{"title":"Le Conservatoire de la Tomate : Savoir-faire de La Bourdaisi\u00e8re ; 50 vari\u00e9t\u00e9s \u00e0 cultiver - Librairie 7L","robots":{"index":"index","follow":"follow","max-snippet":"max-snippet:-1","max-image-preview":"max-image-preview:large","max-video-preview":"max-video-preview:-1"},"canonical":"https:\/\/librairie7l.com\/en\/produit\/le-conservatoire-de-la-tomate-savoir-faire-de-la-bourdaisiere-50-varietes-a-cultiver-2\/","og_locale":"en_US","og_type":"article","og_title":"Le Conservatoire de la Tomate : Savoir-faire de La Bourdaisi\u00e8re ; 50 vari\u00e9t\u00e9s \u00e0 cultiver - Librairie 7L","og_description":"Un fabuleux voyage au coeur du conservatoire de la tomate de la Bourdaisi\u00e8re qui abrite une collection de 800 vari\u00e9t\u00e9s. Louis Albert de Broglie, propri\u00e9taire passionn\u00e9, et Nicolas Toutain, chef jardinier, nous racontent l&#8217;histoire de ce fruit, embl\u00e8me de nos potagers, et pr\u00e9sentent les techniques de culture de 50 vari\u00e9t\u00e9s, du semis \u00e0 la r\u00e9colte. [&hellip;]","og_url":"https:\/\/librairie7l.com\/en\/produit\/le-conservatoire-de-la-tomate-savoir-faire-de-la-bourdaisiere-50-varietes-a-cultiver-2\/","og_site_name":"Librairie 7L","article_modified_time":"2026-05-06T10:29:26+00:00","og_image":[{"width":400,"height":519,"url":"https:\/\/librairie7l.com\/wp-content\/uploads\/2025\/12\/9782379224607_1_75.jpg","type":"image\/jpeg"}],"twitter_card":"summary_large_image","twitter_misc":{"Est. reading time":"1 minute"},"schema":{"@context":"https:\/\/schema.org","@graph":[{"@type":"WebPage","@id":"https:\/\/librairie7l.com\/en\/produit\/le-conservatoire-de-la-tomate-savoir-faire-de-la-bourdaisiere-50-varietes-a-cultiver-2\/","url":"https:\/\/librairie7l.com\/en\/produit\/le-conservatoire-de-la-tomate-savoir-faire-de-la-bourdaisiere-50-varietes-a-cultiver-2\/","name":"Le Conservatoire de la Tomate : Savoir-faire de La Bourdaisi\u00e8re ; 50 vari\u00e9t\u00e9s \u00e0 cultiver - Librairie 7L","isPartOf":{"@id":"https:\/\/librairie7l.com\/en\/#website"},"datePublished":"2026-05-06T08:16:14+00:00","dateModified":"2026-05-06T10:29:26+00:00","breadcrumb":{"@id":"https:\/\/librairie7l.com\/en\/produit\/le-conservatoire-de-la-tomate-savoir-faire-de-la-bourdaisiere-50-varietes-a-cultiver-2\/#breadcrumb"},"inLanguage":"en-US","potentialAction":[{"@type":"ReadAction","target":["https:\/\/librairie7l.com\/en\/produit\/le-conservatoire-de-la-tomate-savoir-faire-de-la-bourdaisiere-50-varietes-a-cultiver-2\/"]}]},{"@type":"BreadcrumbList","@id":"https:\/\/librairie7l.com\/en\/produit\/le-conservatoire-de-la-tomate-savoir-faire-de-la-bourdaisiere-50-varietes-a-cultiver-2\/#breadcrumb","itemListElement":[{"@type":"ListItem","position":1,"name":"Accueil","item":"https:\/\/librairie7l.com\/en\/"},{"@type":"ListItem","position":2,"name":"Shop","item":"https:\/\/librairie7l.com\/en\/shop\/"},{"@type":"ListItem","position":3,"name":"LE CONSERVATOIRE DE LA TOMATE : SAVOIR-FAIRE DE LA BOURDAISI\u00c8RE ; 50 VARI\u00c9T\u00c9S \u00c0 CULTIVER"}]},{"@type":"WebSite","@id":"https:\/\/librairie7l.com\/en\/#website","url":"https:\/\/librairie7l.com\/en\/","name":"Librairie 7L","description":"Librairie fond\u00e9e en 1999 par Karl Lagerfeld \u00e0 Paris","publisher":{"@id":"https:\/\/librairie7l.com\/en\/#organization"},"potentialAction":[{"@type":"SearchAction","target":{"@type":"EntryPoint","urlTemplate":"https:\/\/librairie7l.com\/en\/?s={search_term_string}"},"query-input":"required name=search_term_string"}],"inLanguage":"en-US"},{"@type":"Organization","@id":"https:\/\/librairie7l.com\/en\/#organization","name":"Librairie 7L","url":"https:\/\/librairie7l.com\/en\/","logo":{"@type":"ImageObject","inLanguage":"en-US","@id":"https:\/\/librairie7l.com\/en\/#\/schema\/logo\/image\/","url":"https:\/\/librairie7l.com\/wp-content\/uploads\/2022\/08\/logo-1.png","contentUrl":"https:\/\/librairie7l.com\/wp-content\/uploads\/2022\/08\/logo-1.png","width":227,"height":301,"caption":"Librairie 7L"},"image":{"@id":"https:\/\/librairie7l.com\/en\/#\/schema\/logo\/image\/"}}]}},"_links":{"self":[{"href":"https:\/\/librairie7l.com\/en\/wp-json\/wp\/v2\/product\/56930"}],"collection":[{"href":"https:\/\/librairie7l.com\/en\/wp-json\/wp\/v2\/product"}],"about":[{"href":"https:\/\/librairie7l.com\/en\/wp-json\/wp\/v2\/types\/product"}],"wp:featuredmedia":[{"embeddable":true,"href":"https:\/\/librairie7l.com\/en\/wp-json\/wp\/v2\/media\/56928"}],"wp:attachment":[{"href":"https:\/\/librairie7l.com\/en\/wp-json\/wp\/v2\/media?parent=56930"}],"wp:term":[{"taxonomy":"product_cat","embeddable":true,"href":"https:\/\/librairie7l.com\/en\/wp-json\/wp\/v2\/product_cat?post=56930"},{"taxonomy":"product_tag","embeddable":true,"href":"https:\/\/librairie7l.com\/en\/wp-json\/wp\/v2\/product_tag?post=56930"}],"curies":[{"name":"wp","href":"https:\/\/api.w.org\/{rel}","templated":true}]}}