{"id":56940,"date":"2026-05-06T10:16:22","date_gmt":"2026-05-06T08:16:22","guid":{"rendered":"https:\/\/librairie7l.com\/?post_type=product&#038;p=56940"},"modified":"2026-05-06T10:16:22","modified_gmt":"2026-05-06T08:16:22","slug":"reprendre-la-melodie-2","status":"publish","type":"product","link":"https:\/\/librairie7l.com\/en\/produit\/reprendre-la-melodie-2\/","title":{"rendered":"REPRENDRE LA M\u00c9LODIE"},"content":{"rendered":"<p>Figure majeure de la photographie contemporaine, Hiroshi Sugimoto ne cesse de questionner dans sa pratique photographique notre rapport au temps et \u00e0 la perception. <\/p>\n<p> L&#8217;exposition monographique qui lui est consacr\u00e9e au mus\u00e9e Soulages \u00e0 Rodez, \u00e0 partir d&#8217;avril 2026, engage ses photographies dans un dialogue avec l&#8217;architecture singuli\u00e8re du b\u00e2timent mais \u00e9galement avec l&#8217;oeuvre de Pierre Soulages, autour de r\u00e9flexions communes : la lumi\u00e8re, l&#8217;ant\u00e9riorit\u00e9 du noir et l&#8217;horizon comme structure spatiale et m\u00e9taphysique.<br \/>\nReprendre la m\u00e9lodie, ouvrage qui accompagne l&#8217;exposition \u00e9ponyme, explore le travail de Sugimoto \u00e0 partir de la notion de honka-dori, emprunt\u00e9e \u00e0 la po\u00e9sie japonaise classique, qui d\u00e9signe l&#8217;acte de reprendre une oeuvre ant\u00e9rieure afin d&#8217;en d\u00e9placer le sens et d&#8217;en r\u00e9activer la port\u00e9e. Ce principe de la reprise permet d&#8217;envisager l&#8217;ensemble des s\u00e9ries de Sugimoto comme un syst\u00e8me de variations, o\u00f9 chaque image se construit dans un rapport conscient \u00e0 des formes et des savoirs pr\u00e9existants : accumulation du temps jusqu&#8217;\u00e0 l&#8217;effacement de l&#8217;image (avec la s\u00e9rie &#8221; Theaters &#8220;), r\u00e9duction du paysage \u00e0 une structure abstraite et anhistorique (avec les paysages marins des Seascapes), exploration des ph\u00e9nom\u00e8nes optiques et des limites de la vision (&#8221; Opticks &#8220;).<br \/>\nL&#8217;ouvrage met en relation des s\u00e9ries embl\u00e9matiques &#8211; &#8221; Theaters &#8220;, &#8221; Opera Houses &#8220;, &#8221; Seascapes &#8221; &#8211; et des plus r\u00e9centes, telles que &#8221; Opticks &#8221; ou encore &#8221; Brush Impression &#8220;, dans laquelle l&#8217;artiste s&#8217;\u00e9carte de la photographie pour interroger le geste calligraphique en proposant un polyptyque de quarante-huit dessins. Ces ensembles sont analys\u00e9s \u00e0 travers deux essais &#8211; \u00e9crits par la directrice du mus\u00e9e Soulages, Maud Marron- Wojewodzki, et l&#8217;historienne de l&#8217;art C\u00e9line Fl\u00e9cheux &#8211; qui interrogent la mani\u00e8re dont Sugimoto utilise la photographie comme un m\u00e9dium r\u00e9flexif. L&#8217;image y appara\u00eet moins comme la trace d&#8217;un r\u00e9el pr\u00e9existant que comme une construction mentale, dans laquelle le temps, con\u00e7u comme accumulation, dur\u00e9e ou \u00e9puisement, devient un mat\u00e9riau \u00e0 part enti\u00e8re.<\/p>\n","protected":false},"excerpt":{"rendered":"<p>Figure majeure de la photographie contemporaine, Hiroshi Sugimoto ne cesse de questionner dans sa pratique photographique notre rapport au temps et \u00e0 la perception. L&#8217;exposition monographique qui lui est consacr\u00e9e au mus\u00e9e Soulages \u00e0 Rodez, \u00e0 partir d&#8217;avril 2026, engage ses photographies dans un dialogue avec l&#8217;architecture singuli\u00e8re du b\u00e2timent mais \u00e9galement avec l&#8217;oeuvre de [&hellip;]<\/p>\n","protected":false},"featured_media":56938,"template":"","meta":[],"product_cat":[2948],"product_tag":[],"acf":[],"yoast_head":"<!-- This site is optimized with the Yoast SEO plugin v20.11 - https:\/\/yoast.com\/wordpress\/plugins\/seo\/ -->\n<title>Reprendre la m\u00e9lodie - Librairie 7L<\/title>\n<meta name=\"robots\" content=\"index, follow, max-snippet:-1, max-image-preview:large, max-video-preview:-1\" \/>\n<link rel=\"canonical\" href=\"https:\/\/librairie7l.com\/en\/produit\/reprendre-la-melodie-2\/\" \/>\n<meta property=\"og:locale\" content=\"en_US\" \/>\n<meta property=\"og:type\" content=\"article\" \/>\n<meta property=\"og:title\" content=\"Reprendre la m\u00e9lodie - Librairie 7L\" \/>\n<meta property=\"og:description\" content=\"Figure majeure de la photographie contemporaine, Hiroshi Sugimoto ne cesse de questionner dans sa pratique photographique notre rapport au temps et \u00e0 la perception. L&#8217;exposition monographique qui lui est consacr\u00e9e au mus\u00e9e Soulages \u00e0 Rodez, \u00e0 partir d&#8217;avril 2026, engage ses photographies dans un dialogue avec l&#8217;architecture singuli\u00e8re du b\u00e2timent mais \u00e9galement avec l&#8217;oeuvre de [&hellip;]\" \/>\n<meta property=\"og:url\" content=\"https:\/\/librairie7l.com\/en\/produit\/reprendre-la-melodie-2\/\" \/>\n<meta property=\"og:site_name\" content=\"Librairie 7L\" \/>\n<meta property=\"og:image\" content=\"https:\/\/librairie7l.com\/wp-content\/uploads\/2026\/02\/9782365114745_1_75.jpg\" \/>\n\t<meta property=\"og:image:width\" content=\"600\" \/>\n\t<meta property=\"og:image:height\" content=\"846\" \/>\n\t<meta property=\"og:image:type\" content=\"image\/jpeg\" \/>\n<meta name=\"twitter:card\" content=\"summary_large_image\" \/>\n<meta name=\"twitter:label1\" content=\"Est. reading time\" \/>\n\t<meta name=\"twitter:data1\" content=\"2 minutes\" \/>\n<script type=\"application\/ld+json\" class=\"yoast-schema-graph\">{\"@context\":\"https:\/\/schema.org\",\"@graph\":[{\"@type\":\"WebPage\",\"@id\":\"https:\/\/librairie7l.com\/en\/produit\/reprendre-la-melodie-2\/\",\"url\":\"https:\/\/librairie7l.com\/en\/produit\/reprendre-la-melodie-2\/\",\"name\":\"Reprendre la m\u00e9lodie - Librairie 7L\",\"isPartOf\":{\"@id\":\"https:\/\/librairie7l.com\/en\/#website\"},\"datePublished\":\"2026-05-06T08:16:22+00:00\",\"dateModified\":\"2026-05-06T08:16:22+00:00\",\"breadcrumb\":{\"@id\":\"https:\/\/librairie7l.com\/en\/produit\/reprendre-la-melodie-2\/#breadcrumb\"},\"inLanguage\":\"en-US\",\"potentialAction\":[{\"@type\":\"ReadAction\",\"target\":[\"https:\/\/librairie7l.com\/en\/produit\/reprendre-la-melodie-2\/\"]}]},{\"@type\":\"BreadcrumbList\",\"@id\":\"https:\/\/librairie7l.com\/en\/produit\/reprendre-la-melodie-2\/#breadcrumb\",\"itemListElement\":[{\"@type\":\"ListItem\",\"position\":1,\"name\":\"Accueil\",\"item\":\"https:\/\/librairie7l.com\/en\/\"},{\"@type\":\"ListItem\",\"position\":2,\"name\":\"Shop\",\"item\":\"https:\/\/librairie7l.com\/en\/shop\/\"},{\"@type\":\"ListItem\",\"position\":3,\"name\":\"REPRENDRE LA M\u00c9LODIE\"}]},{\"@type\":\"WebSite\",\"@id\":\"https:\/\/librairie7l.com\/en\/#website\",\"url\":\"https:\/\/librairie7l.com\/en\/\",\"name\":\"Librairie 7L\",\"description\":\"Librairie fond\u00e9e en 1999 par Karl Lagerfeld \u00e0 Paris\",\"publisher\":{\"@id\":\"https:\/\/librairie7l.com\/en\/#organization\"},\"potentialAction\":[{\"@type\":\"SearchAction\",\"target\":{\"@type\":\"EntryPoint\",\"urlTemplate\":\"https:\/\/librairie7l.com\/en\/?s={search_term_string}\"},\"query-input\":\"required name=search_term_string\"}],\"inLanguage\":\"en-US\"},{\"@type\":\"Organization\",\"@id\":\"https:\/\/librairie7l.com\/en\/#organization\",\"name\":\"Librairie 7L\",\"url\":\"https:\/\/librairie7l.com\/en\/\",\"logo\":{\"@type\":\"ImageObject\",\"inLanguage\":\"en-US\",\"@id\":\"https:\/\/librairie7l.com\/en\/#\/schema\/logo\/image\/\",\"url\":\"https:\/\/librairie7l.com\/wp-content\/uploads\/2022\/08\/logo-1.png\",\"contentUrl\":\"https:\/\/librairie7l.com\/wp-content\/uploads\/2022\/08\/logo-1.png\",\"width\":227,\"height\":301,\"caption\":\"Librairie 7L\"},\"image\":{\"@id\":\"https:\/\/librairie7l.com\/en\/#\/schema\/logo\/image\/\"}}]}<\/script>\n<!-- \/ Yoast SEO plugin. -->","yoast_head_json":{"title":"Reprendre la m\u00e9lodie - Librairie 7L","robots":{"index":"index","follow":"follow","max-snippet":"max-snippet:-1","max-image-preview":"max-image-preview:large","max-video-preview":"max-video-preview:-1"},"canonical":"https:\/\/librairie7l.com\/en\/produit\/reprendre-la-melodie-2\/","og_locale":"en_US","og_type":"article","og_title":"Reprendre la m\u00e9lodie - Librairie 7L","og_description":"Figure majeure de la photographie contemporaine, Hiroshi Sugimoto ne cesse de questionner dans sa pratique photographique notre rapport au temps et \u00e0 la perception. L&#8217;exposition monographique qui lui est consacr\u00e9e au mus\u00e9e Soulages \u00e0 Rodez, \u00e0 partir d&#8217;avril 2026, engage ses photographies dans un dialogue avec l&#8217;architecture singuli\u00e8re du b\u00e2timent mais \u00e9galement avec l&#8217;oeuvre de [&hellip;]","og_url":"https:\/\/librairie7l.com\/en\/produit\/reprendre-la-melodie-2\/","og_site_name":"Librairie 7L","og_image":[{"width":600,"height":846,"url":"https:\/\/librairie7l.com\/wp-content\/uploads\/2026\/02\/9782365114745_1_75.jpg","type":"image\/jpeg"}],"twitter_card":"summary_large_image","twitter_misc":{"Est. reading time":"2 minutes"},"schema":{"@context":"https:\/\/schema.org","@graph":[{"@type":"WebPage","@id":"https:\/\/librairie7l.com\/en\/produit\/reprendre-la-melodie-2\/","url":"https:\/\/librairie7l.com\/en\/produit\/reprendre-la-melodie-2\/","name":"Reprendre la m\u00e9lodie - Librairie 7L","isPartOf":{"@id":"https:\/\/librairie7l.com\/en\/#website"},"datePublished":"2026-05-06T08:16:22+00:00","dateModified":"2026-05-06T08:16:22+00:00","breadcrumb":{"@id":"https:\/\/librairie7l.com\/en\/produit\/reprendre-la-melodie-2\/#breadcrumb"},"inLanguage":"en-US","potentialAction":[{"@type":"ReadAction","target":["https:\/\/librairie7l.com\/en\/produit\/reprendre-la-melodie-2\/"]}]},{"@type":"BreadcrumbList","@id":"https:\/\/librairie7l.com\/en\/produit\/reprendre-la-melodie-2\/#breadcrumb","itemListElement":[{"@type":"ListItem","position":1,"name":"Accueil","item":"https:\/\/librairie7l.com\/en\/"},{"@type":"ListItem","position":2,"name":"Shop","item":"https:\/\/librairie7l.com\/en\/shop\/"},{"@type":"ListItem","position":3,"name":"REPRENDRE LA M\u00c9LODIE"}]},{"@type":"WebSite","@id":"https:\/\/librairie7l.com\/en\/#website","url":"https:\/\/librairie7l.com\/en\/","name":"Librairie 7L","description":"Librairie fond\u00e9e en 1999 par Karl Lagerfeld \u00e0 Paris","publisher":{"@id":"https:\/\/librairie7l.com\/en\/#organization"},"potentialAction":[{"@type":"SearchAction","target":{"@type":"EntryPoint","urlTemplate":"https:\/\/librairie7l.com\/en\/?s={search_term_string}"},"query-input":"required name=search_term_string"}],"inLanguage":"en-US"},{"@type":"Organization","@id":"https:\/\/librairie7l.com\/en\/#organization","name":"Librairie 7L","url":"https:\/\/librairie7l.com\/en\/","logo":{"@type":"ImageObject","inLanguage":"en-US","@id":"https:\/\/librairie7l.com\/en\/#\/schema\/logo\/image\/","url":"https:\/\/librairie7l.com\/wp-content\/uploads\/2022\/08\/logo-1.png","contentUrl":"https:\/\/librairie7l.com\/wp-content\/uploads\/2022\/08\/logo-1.png","width":227,"height":301,"caption":"Librairie 7L"},"image":{"@id":"https:\/\/librairie7l.com\/en\/#\/schema\/logo\/image\/"}}]}},"_links":{"self":[{"href":"https:\/\/librairie7l.com\/en\/wp-json\/wp\/v2\/product\/56940"}],"collection":[{"href":"https:\/\/librairie7l.com\/en\/wp-json\/wp\/v2\/product"}],"about":[{"href":"https:\/\/librairie7l.com\/en\/wp-json\/wp\/v2\/types\/product"}],"wp:featuredmedia":[{"embeddable":true,"href":"https:\/\/librairie7l.com\/en\/wp-json\/wp\/v2\/media\/56938"}],"wp:attachment":[{"href":"https:\/\/librairie7l.com\/en\/wp-json\/wp\/v2\/media?parent=56940"}],"wp:term":[{"taxonomy":"product_cat","embeddable":true,"href":"https:\/\/librairie7l.com\/en\/wp-json\/wp\/v2\/product_cat?post=56940"},{"taxonomy":"product_tag","embeddable":true,"href":"https:\/\/librairie7l.com\/en\/wp-json\/wp\/v2\/product_tag?post=56940"}],"curies":[{"name":"wp","href":"https:\/\/api.w.org\/{rel}","templated":true}]}}