{"id":56968,"date":"2026-05-07T09:17:22","date_gmt":"2026-05-07T07:17:22","guid":{"rendered":"https:\/\/librairie7l.com\/?post_type=product&#038;p=56968"},"modified":"2026-05-07T11:34:02","modified_gmt":"2026-05-07T09:34:02","slug":"jacqueline-lamba-the-forgotten-surrealist-2","status":"publish","type":"product","link":"https:\/\/librairie7l.com\/en\/produit\/jacqueline-lamba-the-forgotten-surrealist-2\/","title":{"rendered":"JACQUELINE LAMBA : THE FORGOTTEN SURREALIST"},"content":{"rendered":"<p>Cette nouvelle biographie reconsid\u00e8re Jacqueline Lamba comme l&#8217;une des pionni\u00e8res et des plus grandes figures de la peinture surr\u00e9aliste. Jacqueline Lamba (1910-1993) d\u00e9fia toute cat\u00e9gorisation. Longtemps r\u00e9duite au r\u00f4le d&#8217;\u00e9pouse d&#8217;Andr\u00e9 Breton, po\u00e8te fran\u00e7ais et fondateur du surr\u00e9alisme, elle fut avant tout une peintre \u00e0 part enti\u00e8re. Une r\u00e9\u00e9valuation attendue de longue date de sa vie et de sa contribution au surr\u00e9alisme la fait aujourd&#8217;hui sortir de l&#8217;ombre pour lui rendre la place qui lui revient. Apr\u00e8s son divorce avec Breton, elle fut mari\u00e9e pendant quatorze ans au sculpteur am\u00e9ricain David Hare. La vie extraordinaire de Lamba l&#8217;amena \u00e0 c\u00f4toyer de nombreux artistes majeurs de son \u00e9poque : Leonora Carrington, Alberto Giacometti, Roberto Matta, Dora Maar, Yves Tanguy, Pablo Picasso et Diego Rivera. Et comme le r\u00e9v\u00e8le ici Salomon Grimberg pour la premi\u00e8re fois \u00e0 travers des lettres in\u00e9dites, elle eut \u00e9galement une liaison avec Frida Kahlo. Gr\u00e2ce \u00e0 des entretiens exclusifs avec des personnes qui l&#8217;ont connue tout au long de sa vie, Grimberg met en lumi\u00e8re la personnalit\u00e9 complexe de Lamba : souvent difficile, elle avait l&#8217;habitude de d\u00e9truire les oeuvres dont elle n&#8217;\u00e9tait pas enti\u00e8rement satisfaite. Mais suffisamment de tableaux subsistent pour constituer un corpus impressionnant, que Grimberg analyse avec une autorit\u00e9 qui fait de cette biographie une lecture essentielle pour tous ceux qui s&#8217;int\u00e9ressent non seulement au f\u00e9minisme et au surr\u00e9alisme, mais plus largement \u00e0 l&#8217;histoire de l&#8217;art du XX? si\u00e8cle. \u00c9crit par un expert en art, d\u00e9j\u00e0 auteur d&#8217;ouvrages reconnus sur Frida Kahlo. Repositionne Jacqueline Lamba comme une figure majeure du surr\u00e9alisme, et non comme une simple note de bas de page. La section iconographique pr\u00e9sente de nombreuses reproductions de grande qualit\u00e9 de ses oeuvres les plus remarquables, ainsi que des photographies de Lamba et d&#8217;autres surr\u00e9alistes.<\/p>\n","protected":false},"excerpt":{"rendered":"<p>Cette nouvelle biographie reconsid\u00e8re Jacqueline Lamba comme l&#8217;une des pionni\u00e8res et des plus grandes figures de la peinture surr\u00e9aliste. Jacqueline Lamba (1910-1993) d\u00e9fia toute cat\u00e9gorisation. Longtemps r\u00e9duite au r\u00f4le d&#8217;\u00e9pouse d&#8217;Andr\u00e9 Breton, po\u00e8te fran\u00e7ais et fondateur du surr\u00e9alisme, elle fut avant tout une peintre \u00e0 part enti\u00e8re. Une r\u00e9\u00e9valuation attendue de longue date de sa [&hellip;]<\/p>\n","protected":false},"featured_media":56966,"template":"","meta":[],"product_cat":[2948],"product_tag":[],"acf":[],"yoast_head":"<!-- This site is optimized with the Yoast SEO plugin v20.11 - https:\/\/yoast.com\/wordpress\/plugins\/seo\/ -->\n<title>Jacqueline Lamba : The forgotten surrealist - Librairie 7L<\/title>\n<meta name=\"robots\" content=\"index, follow, max-snippet:-1, max-image-preview:large, max-video-preview:-1\" \/>\n<link rel=\"canonical\" href=\"https:\/\/librairie7l.com\/en\/produit\/jacqueline-lamba-the-forgotten-surrealist-2\/\" \/>\n<meta property=\"og:locale\" content=\"en_US\" \/>\n<meta property=\"og:type\" content=\"article\" \/>\n<meta property=\"og:title\" content=\"Jacqueline Lamba : The forgotten surrealist - Librairie 7L\" \/>\n<meta property=\"og:description\" content=\"Cette nouvelle biographie reconsid\u00e8re Jacqueline Lamba comme l&#8217;une des pionni\u00e8res et des plus grandes figures de la peinture surr\u00e9aliste. Jacqueline Lamba (1910-1993) d\u00e9fia toute cat\u00e9gorisation. Longtemps r\u00e9duite au r\u00f4le d&#8217;\u00e9pouse d&#8217;Andr\u00e9 Breton, po\u00e8te fran\u00e7ais et fondateur du surr\u00e9alisme, elle fut avant tout une peintre \u00e0 part enti\u00e8re. Une r\u00e9\u00e9valuation attendue de longue date de sa [&hellip;]\" \/>\n<meta property=\"og:url\" content=\"https:\/\/librairie7l.com\/en\/produit\/jacqueline-lamba-the-forgotten-surrealist-2\/\" \/>\n<meta property=\"og:site_name\" content=\"Librairie 7L\" \/>\n<meta property=\"article:modified_time\" content=\"2026-05-07T09:34:02+00:00\" \/>\n<meta property=\"og:image\" content=\"https:\/\/librairie7l.com\/wp-content\/uploads\/2026\/02\/9781858947266_1_75.jpg\" \/>\n\t<meta property=\"og:image:width\" content=\"600\" \/>\n\t<meta property=\"og:image:height\" content=\"857\" \/>\n\t<meta property=\"og:image:type\" content=\"image\/jpeg\" \/>\n<meta name=\"twitter:card\" content=\"summary_large_image\" \/>\n<meta name=\"twitter:label1\" content=\"Est. reading time\" \/>\n\t<meta name=\"twitter:data1\" content=\"2 minutes\" \/>\n<script type=\"application\/ld+json\" class=\"yoast-schema-graph\">{\"@context\":\"https:\/\/schema.org\",\"@graph\":[{\"@type\":\"WebPage\",\"@id\":\"https:\/\/librairie7l.com\/en\/produit\/jacqueline-lamba-the-forgotten-surrealist-2\/\",\"url\":\"https:\/\/librairie7l.com\/en\/produit\/jacqueline-lamba-the-forgotten-surrealist-2\/\",\"name\":\"Jacqueline Lamba : The forgotten surrealist - Librairie 7L\",\"isPartOf\":{\"@id\":\"https:\/\/librairie7l.com\/en\/#website\"},\"datePublished\":\"2026-05-07T07:17:22+00:00\",\"dateModified\":\"2026-05-07T09:34:02+00:00\",\"breadcrumb\":{\"@id\":\"https:\/\/librairie7l.com\/en\/produit\/jacqueline-lamba-the-forgotten-surrealist-2\/#breadcrumb\"},\"inLanguage\":\"en-US\",\"potentialAction\":[{\"@type\":\"ReadAction\",\"target\":[\"https:\/\/librairie7l.com\/en\/produit\/jacqueline-lamba-the-forgotten-surrealist-2\/\"]}]},{\"@type\":\"BreadcrumbList\",\"@id\":\"https:\/\/librairie7l.com\/en\/produit\/jacqueline-lamba-the-forgotten-surrealist-2\/#breadcrumb\",\"itemListElement\":[{\"@type\":\"ListItem\",\"position\":1,\"name\":\"Accueil\",\"item\":\"https:\/\/librairie7l.com\/en\/\"},{\"@type\":\"ListItem\",\"position\":2,\"name\":\"Shop\",\"item\":\"https:\/\/librairie7l.com\/en\/shop\/\"},{\"@type\":\"ListItem\",\"position\":3,\"name\":\"JACQUELINE LAMBA : THE FORGOTTEN SURREALIST\"}]},{\"@type\":\"WebSite\",\"@id\":\"https:\/\/librairie7l.com\/en\/#website\",\"url\":\"https:\/\/librairie7l.com\/en\/\",\"name\":\"Librairie 7L\",\"description\":\"Librairie fond\u00e9e en 1999 par Karl Lagerfeld \u00e0 Paris\",\"publisher\":{\"@id\":\"https:\/\/librairie7l.com\/en\/#organization\"},\"potentialAction\":[{\"@type\":\"SearchAction\",\"target\":{\"@type\":\"EntryPoint\",\"urlTemplate\":\"https:\/\/librairie7l.com\/en\/?s={search_term_string}\"},\"query-input\":\"required name=search_term_string\"}],\"inLanguage\":\"en-US\"},{\"@type\":\"Organization\",\"@id\":\"https:\/\/librairie7l.com\/en\/#organization\",\"name\":\"Librairie 7L\",\"url\":\"https:\/\/librairie7l.com\/en\/\",\"logo\":{\"@type\":\"ImageObject\",\"inLanguage\":\"en-US\",\"@id\":\"https:\/\/librairie7l.com\/en\/#\/schema\/logo\/image\/\",\"url\":\"https:\/\/librairie7l.com\/wp-content\/uploads\/2022\/08\/logo-1.png\",\"contentUrl\":\"https:\/\/librairie7l.com\/wp-content\/uploads\/2022\/08\/logo-1.png\",\"width\":227,\"height\":301,\"caption\":\"Librairie 7L\"},\"image\":{\"@id\":\"https:\/\/librairie7l.com\/en\/#\/schema\/logo\/image\/\"}}]}<\/script>\n<!-- \/ Yoast SEO plugin. -->","yoast_head_json":{"title":"Jacqueline Lamba : The forgotten surrealist - Librairie 7L","robots":{"index":"index","follow":"follow","max-snippet":"max-snippet:-1","max-image-preview":"max-image-preview:large","max-video-preview":"max-video-preview:-1"},"canonical":"https:\/\/librairie7l.com\/en\/produit\/jacqueline-lamba-the-forgotten-surrealist-2\/","og_locale":"en_US","og_type":"article","og_title":"Jacqueline Lamba : The forgotten surrealist - Librairie 7L","og_description":"Cette nouvelle biographie reconsid\u00e8re Jacqueline Lamba comme l&#8217;une des pionni\u00e8res et des plus grandes figures de la peinture surr\u00e9aliste. Jacqueline Lamba (1910-1993) d\u00e9fia toute cat\u00e9gorisation. Longtemps r\u00e9duite au r\u00f4le d&#8217;\u00e9pouse d&#8217;Andr\u00e9 Breton, po\u00e8te fran\u00e7ais et fondateur du surr\u00e9alisme, elle fut avant tout une peintre \u00e0 part enti\u00e8re. Une r\u00e9\u00e9valuation attendue de longue date de sa [&hellip;]","og_url":"https:\/\/librairie7l.com\/en\/produit\/jacqueline-lamba-the-forgotten-surrealist-2\/","og_site_name":"Librairie 7L","article_modified_time":"2026-05-07T09:34:02+00:00","og_image":[{"width":600,"height":857,"url":"https:\/\/librairie7l.com\/wp-content\/uploads\/2026\/02\/9781858947266_1_75.jpg","type":"image\/jpeg"}],"twitter_card":"summary_large_image","twitter_misc":{"Est. reading time":"2 minutes"},"schema":{"@context":"https:\/\/schema.org","@graph":[{"@type":"WebPage","@id":"https:\/\/librairie7l.com\/en\/produit\/jacqueline-lamba-the-forgotten-surrealist-2\/","url":"https:\/\/librairie7l.com\/en\/produit\/jacqueline-lamba-the-forgotten-surrealist-2\/","name":"Jacqueline Lamba : The forgotten surrealist - Librairie 7L","isPartOf":{"@id":"https:\/\/librairie7l.com\/en\/#website"},"datePublished":"2026-05-07T07:17:22+00:00","dateModified":"2026-05-07T09:34:02+00:00","breadcrumb":{"@id":"https:\/\/librairie7l.com\/en\/produit\/jacqueline-lamba-the-forgotten-surrealist-2\/#breadcrumb"},"inLanguage":"en-US","potentialAction":[{"@type":"ReadAction","target":["https:\/\/librairie7l.com\/en\/produit\/jacqueline-lamba-the-forgotten-surrealist-2\/"]}]},{"@type":"BreadcrumbList","@id":"https:\/\/librairie7l.com\/en\/produit\/jacqueline-lamba-the-forgotten-surrealist-2\/#breadcrumb","itemListElement":[{"@type":"ListItem","position":1,"name":"Accueil","item":"https:\/\/librairie7l.com\/en\/"},{"@type":"ListItem","position":2,"name":"Shop","item":"https:\/\/librairie7l.com\/en\/shop\/"},{"@type":"ListItem","position":3,"name":"JACQUELINE LAMBA : THE FORGOTTEN SURREALIST"}]},{"@type":"WebSite","@id":"https:\/\/librairie7l.com\/en\/#website","url":"https:\/\/librairie7l.com\/en\/","name":"Librairie 7L","description":"Librairie fond\u00e9e en 1999 par Karl Lagerfeld \u00e0 Paris","publisher":{"@id":"https:\/\/librairie7l.com\/en\/#organization"},"potentialAction":[{"@type":"SearchAction","target":{"@type":"EntryPoint","urlTemplate":"https:\/\/librairie7l.com\/en\/?s={search_term_string}"},"query-input":"required name=search_term_string"}],"inLanguage":"en-US"},{"@type":"Organization","@id":"https:\/\/librairie7l.com\/en\/#organization","name":"Librairie 7L","url":"https:\/\/librairie7l.com\/en\/","logo":{"@type":"ImageObject","inLanguage":"en-US","@id":"https:\/\/librairie7l.com\/en\/#\/schema\/logo\/image\/","url":"https:\/\/librairie7l.com\/wp-content\/uploads\/2022\/08\/logo-1.png","contentUrl":"https:\/\/librairie7l.com\/wp-content\/uploads\/2022\/08\/logo-1.png","width":227,"height":301,"caption":"Librairie 7L"},"image":{"@id":"https:\/\/librairie7l.com\/en\/#\/schema\/logo\/image\/"}}]}},"_links":{"self":[{"href":"https:\/\/librairie7l.com\/en\/wp-json\/wp\/v2\/product\/56968"}],"collection":[{"href":"https:\/\/librairie7l.com\/en\/wp-json\/wp\/v2\/product"}],"about":[{"href":"https:\/\/librairie7l.com\/en\/wp-json\/wp\/v2\/types\/product"}],"wp:featuredmedia":[{"embeddable":true,"href":"https:\/\/librairie7l.com\/en\/wp-json\/wp\/v2\/media\/56966"}],"wp:attachment":[{"href":"https:\/\/librairie7l.com\/en\/wp-json\/wp\/v2\/media?parent=56968"}],"wp:term":[{"taxonomy":"product_cat","embeddable":true,"href":"https:\/\/librairie7l.com\/en\/wp-json\/wp\/v2\/product_cat?post=56968"},{"taxonomy":"product_tag","embeddable":true,"href":"https:\/\/librairie7l.com\/en\/wp-json\/wp\/v2\/product_tag?post=56968"}],"curies":[{"name":"wp","href":"https:\/\/api.w.org\/{rel}","templated":true}]}}