{"id":56988,"date":"2026-05-07T09:17:35","date_gmt":"2026-05-07T07:17:35","guid":{"rendered":"https:\/\/librairie7l.com\/?post_type=product&#038;p=56988"},"modified":"2026-05-07T11:34:02","modified_gmt":"2026-05-07T09:34:02","slug":"la-piscine-de-roubaix-2","status":"publish","type":"product","link":"https:\/\/librairie7l.com\/en\/produit\/la-piscine-de-roubaix-2\/","title":{"rendered":"LA PISCINE DE ROUBAIX"},"content":{"rendered":"<p>OEuvre de l&#8217;architecte Albert Baert, l&#8217;ancienne piscine Art d\u00e9co de la ville de Roubaix, construite en 1932, est devenue depuis 2001 mus\u00e9e d&#8217;Art et d&#8217;Industrie. Sont rassembl\u00e9es dans cet \u00e9difice pittoresque et atypique les sublimes collections du mus\u00e9e industriel, du mus\u00e9e national et du mus\u00e9e Jean-Joseph Weerts de Roubaix. Au mois d&#8217;octobre 2018, La Piscine r\u00e9ouvrira ses portes apr\u00e8s deux ans de travaux de r\u00e9novation et d&#8217;agrandissement.<\/p>\n<p>Cet ouvrage propose d&#8217;une part une pr\u00e9sentation chronologique des fonds de peinture et de sculpture, puis les ensembles d&#8217;arts appliqu\u00e9s (c\u00e9ramique, mobilier, design, textiles), pour s&#8217;achever avec quelques exemples du cabinet d&#8217;arts graphiques et photographiques. D&#8217;autre part, trois essais document\u00e9s et illustr\u00e9s de nombreux documents d&#8217;archives d\u00e9taillent l&#8217;histoire de l&#8217;ancienne piscine de Roubaix, celle de ses mus\u00e9es, et en?n celle de la cr\u00e9ation et de l&#8217;animation &#8211; enrichissement des collections, expositions, \u00e9v\u00e9nements &#8211; de l&#8217;\u00e9tablissement.<\/p>\n","protected":false},"excerpt":{"rendered":"<p>OEuvre de l&#8217;architecte Albert Baert, l&#8217;ancienne piscine Art d\u00e9co de la ville de Roubaix, construite en 1932, est devenue depuis 2001 mus\u00e9e d&#8217;Art et d&#8217;Industrie. Sont rassembl\u00e9es dans cet \u00e9difice pittoresque et atypique les sublimes collections du mus\u00e9e industriel, du mus\u00e9e national et du mus\u00e9e Jean-Joseph Weerts de Roubaix. Au mois d&#8217;octobre 2018, La Piscine [&hellip;]<\/p>\n","protected":false},"featured_media":56986,"template":"","meta":[],"product_cat":[2948],"product_tag":[],"acf":[],"yoast_head":"<!-- This site is optimized with the Yoast SEO plugin v20.11 - https:\/\/yoast.com\/wordpress\/plugins\/seo\/ -->\n<title>La Piscine de Roubaix - Librairie 7L<\/title>\n<meta name=\"robots\" content=\"index, follow, max-snippet:-1, max-image-preview:large, max-video-preview:-1\" \/>\n<link rel=\"canonical\" href=\"https:\/\/librairie7l.com\/en\/produit\/la-piscine-de-roubaix-2\/\" \/>\n<meta property=\"og:locale\" content=\"en_US\" \/>\n<meta property=\"og:type\" content=\"article\" \/>\n<meta property=\"og:title\" content=\"La Piscine de Roubaix - Librairie 7L\" \/>\n<meta property=\"og:description\" content=\"OEuvre de l&#8217;architecte Albert Baert, l&#8217;ancienne piscine Art d\u00e9co de la ville de Roubaix, construite en 1932, est devenue depuis 2001 mus\u00e9e d&#8217;Art et d&#8217;Industrie. Sont rassembl\u00e9es dans cet \u00e9difice pittoresque et atypique les sublimes collections du mus\u00e9e industriel, du mus\u00e9e national et du mus\u00e9e Jean-Joseph Weerts de Roubaix. Au mois d&#8217;octobre 2018, La Piscine [&hellip;]\" \/>\n<meta property=\"og:url\" content=\"https:\/\/librairie7l.com\/en\/produit\/la-piscine-de-roubaix-2\/\" \/>\n<meta property=\"og:site_name\" content=\"Librairie 7L\" \/>\n<meta property=\"article:modified_time\" content=\"2026-05-07T09:34:02+00:00\" \/>\n<meta property=\"og:image\" content=\"https:\/\/librairie7l.com\/wp-content\/uploads\/2018\/05\/9782072819773_1_75.jpg\" \/>\n\t<meta property=\"og:image:width\" content=\"600\" \/>\n\t<meta property=\"og:image:height\" content=\"719\" \/>\n\t<meta property=\"og:image:type\" content=\"image\/jpeg\" \/>\n<meta name=\"twitter:card\" content=\"summary_large_image\" \/>\n<meta name=\"twitter:label1\" content=\"Est. reading time\" \/>\n\t<meta name=\"twitter:data1\" content=\"1 minute\" \/>\n<script type=\"application\/ld+json\" class=\"yoast-schema-graph\">{\"@context\":\"https:\/\/schema.org\",\"@graph\":[{\"@type\":\"WebPage\",\"@id\":\"https:\/\/librairie7l.com\/en\/produit\/la-piscine-de-roubaix-2\/\",\"url\":\"https:\/\/librairie7l.com\/en\/produit\/la-piscine-de-roubaix-2\/\",\"name\":\"La Piscine de Roubaix - Librairie 7L\",\"isPartOf\":{\"@id\":\"https:\/\/librairie7l.com\/en\/#website\"},\"datePublished\":\"2026-05-07T07:17:35+00:00\",\"dateModified\":\"2026-05-07T09:34:02+00:00\",\"breadcrumb\":{\"@id\":\"https:\/\/librairie7l.com\/en\/produit\/la-piscine-de-roubaix-2\/#breadcrumb\"},\"inLanguage\":\"en-US\",\"potentialAction\":[{\"@type\":\"ReadAction\",\"target\":[\"https:\/\/librairie7l.com\/en\/produit\/la-piscine-de-roubaix-2\/\"]}]},{\"@type\":\"BreadcrumbList\",\"@id\":\"https:\/\/librairie7l.com\/en\/produit\/la-piscine-de-roubaix-2\/#breadcrumb\",\"itemListElement\":[{\"@type\":\"ListItem\",\"position\":1,\"name\":\"Accueil\",\"item\":\"https:\/\/librairie7l.com\/en\/\"},{\"@type\":\"ListItem\",\"position\":2,\"name\":\"Shop\",\"item\":\"https:\/\/librairie7l.com\/en\/shop\/\"},{\"@type\":\"ListItem\",\"position\":3,\"name\":\"LA PISCINE DE ROUBAIX\"}]},{\"@type\":\"WebSite\",\"@id\":\"https:\/\/librairie7l.com\/en\/#website\",\"url\":\"https:\/\/librairie7l.com\/en\/\",\"name\":\"Librairie 7L\",\"description\":\"Librairie fond\u00e9e en 1999 par Karl Lagerfeld \u00e0 Paris\",\"publisher\":{\"@id\":\"https:\/\/librairie7l.com\/en\/#organization\"},\"potentialAction\":[{\"@type\":\"SearchAction\",\"target\":{\"@type\":\"EntryPoint\",\"urlTemplate\":\"https:\/\/librairie7l.com\/en\/?s={search_term_string}\"},\"query-input\":\"required name=search_term_string\"}],\"inLanguage\":\"en-US\"},{\"@type\":\"Organization\",\"@id\":\"https:\/\/librairie7l.com\/en\/#organization\",\"name\":\"Librairie 7L\",\"url\":\"https:\/\/librairie7l.com\/en\/\",\"logo\":{\"@type\":\"ImageObject\",\"inLanguage\":\"en-US\",\"@id\":\"https:\/\/librairie7l.com\/en\/#\/schema\/logo\/image\/\",\"url\":\"https:\/\/librairie7l.com\/wp-content\/uploads\/2022\/08\/logo-1.png\",\"contentUrl\":\"https:\/\/librairie7l.com\/wp-content\/uploads\/2022\/08\/logo-1.png\",\"width\":227,\"height\":301,\"caption\":\"Librairie 7L\"},\"image\":{\"@id\":\"https:\/\/librairie7l.com\/en\/#\/schema\/logo\/image\/\"}}]}<\/script>\n<!-- \/ Yoast SEO plugin. -->","yoast_head_json":{"title":"La Piscine de Roubaix - Librairie 7L","robots":{"index":"index","follow":"follow","max-snippet":"max-snippet:-1","max-image-preview":"max-image-preview:large","max-video-preview":"max-video-preview:-1"},"canonical":"https:\/\/librairie7l.com\/en\/produit\/la-piscine-de-roubaix-2\/","og_locale":"en_US","og_type":"article","og_title":"La Piscine de Roubaix - Librairie 7L","og_description":"OEuvre de l&#8217;architecte Albert Baert, l&#8217;ancienne piscine Art d\u00e9co de la ville de Roubaix, construite en 1932, est devenue depuis 2001 mus\u00e9e d&#8217;Art et d&#8217;Industrie. Sont rassembl\u00e9es dans cet \u00e9difice pittoresque et atypique les sublimes collections du mus\u00e9e industriel, du mus\u00e9e national et du mus\u00e9e Jean-Joseph Weerts de Roubaix. Au mois d&#8217;octobre 2018, La Piscine [&hellip;]","og_url":"https:\/\/librairie7l.com\/en\/produit\/la-piscine-de-roubaix-2\/","og_site_name":"Librairie 7L","article_modified_time":"2026-05-07T09:34:02+00:00","og_image":[{"width":600,"height":719,"url":"https:\/\/librairie7l.com\/wp-content\/uploads\/2018\/05\/9782072819773_1_75.jpg","type":"image\/jpeg"}],"twitter_card":"summary_large_image","twitter_misc":{"Est. reading time":"1 minute"},"schema":{"@context":"https:\/\/schema.org","@graph":[{"@type":"WebPage","@id":"https:\/\/librairie7l.com\/en\/produit\/la-piscine-de-roubaix-2\/","url":"https:\/\/librairie7l.com\/en\/produit\/la-piscine-de-roubaix-2\/","name":"La Piscine de Roubaix - Librairie 7L","isPartOf":{"@id":"https:\/\/librairie7l.com\/en\/#website"},"datePublished":"2026-05-07T07:17:35+00:00","dateModified":"2026-05-07T09:34:02+00:00","breadcrumb":{"@id":"https:\/\/librairie7l.com\/en\/produit\/la-piscine-de-roubaix-2\/#breadcrumb"},"inLanguage":"en-US","potentialAction":[{"@type":"ReadAction","target":["https:\/\/librairie7l.com\/en\/produit\/la-piscine-de-roubaix-2\/"]}]},{"@type":"BreadcrumbList","@id":"https:\/\/librairie7l.com\/en\/produit\/la-piscine-de-roubaix-2\/#breadcrumb","itemListElement":[{"@type":"ListItem","position":1,"name":"Accueil","item":"https:\/\/librairie7l.com\/en\/"},{"@type":"ListItem","position":2,"name":"Shop","item":"https:\/\/librairie7l.com\/en\/shop\/"},{"@type":"ListItem","position":3,"name":"LA PISCINE DE ROUBAIX"}]},{"@type":"WebSite","@id":"https:\/\/librairie7l.com\/en\/#website","url":"https:\/\/librairie7l.com\/en\/","name":"Librairie 7L","description":"Librairie fond\u00e9e en 1999 par Karl Lagerfeld \u00e0 Paris","publisher":{"@id":"https:\/\/librairie7l.com\/en\/#organization"},"potentialAction":[{"@type":"SearchAction","target":{"@type":"EntryPoint","urlTemplate":"https:\/\/librairie7l.com\/en\/?s={search_term_string}"},"query-input":"required name=search_term_string"}],"inLanguage":"en-US"},{"@type":"Organization","@id":"https:\/\/librairie7l.com\/en\/#organization","name":"Librairie 7L","url":"https:\/\/librairie7l.com\/en\/","logo":{"@type":"ImageObject","inLanguage":"en-US","@id":"https:\/\/librairie7l.com\/en\/#\/schema\/logo\/image\/","url":"https:\/\/librairie7l.com\/wp-content\/uploads\/2022\/08\/logo-1.png","contentUrl":"https:\/\/librairie7l.com\/wp-content\/uploads\/2022\/08\/logo-1.png","width":227,"height":301,"caption":"Librairie 7L"},"image":{"@id":"https:\/\/librairie7l.com\/en\/#\/schema\/logo\/image\/"}}]}},"_links":{"self":[{"href":"https:\/\/librairie7l.com\/en\/wp-json\/wp\/v2\/product\/56988"}],"collection":[{"href":"https:\/\/librairie7l.com\/en\/wp-json\/wp\/v2\/product"}],"about":[{"href":"https:\/\/librairie7l.com\/en\/wp-json\/wp\/v2\/types\/product"}],"wp:featuredmedia":[{"embeddable":true,"href":"https:\/\/librairie7l.com\/en\/wp-json\/wp\/v2\/media\/56986"}],"wp:attachment":[{"href":"https:\/\/librairie7l.com\/en\/wp-json\/wp\/v2\/media?parent=56988"}],"wp:term":[{"taxonomy":"product_cat","embeddable":true,"href":"https:\/\/librairie7l.com\/en\/wp-json\/wp\/v2\/product_cat?post=56988"},{"taxonomy":"product_tag","embeddable":true,"href":"https:\/\/librairie7l.com\/en\/wp-json\/wp\/v2\/product_tag?post=56988"}],"curies":[{"name":"wp","href":"https:\/\/api.w.org\/{rel}","templated":true}]}}