{"id":56994,"date":"2026-05-08T09:17:48","date_gmt":"2026-05-08T07:17:48","guid":{"rendered":"https:\/\/librairie7l.com\/?post_type=product&#038;p=56994"},"modified":"2026-05-08T09:17:49","modified_gmt":"2026-05-08T07:17:49","slug":"la-danse-tant-dhistoires-2","status":"publish","type":"product","link":"https:\/\/librairie7l.com\/en\/produit\/la-danse-tant-dhistoires-2\/","title":{"rendered":"LA DANSE, TANT D&#8217;HISTOIRES !"},"content":{"rendered":"<p>Qu&#8217;est-ce qu&#8217;\u00eatre danseur ? La danse a-t-elle toujours consid\u00e9r\u00e9e comme r\u00e9serv\u00e9e aux filles ? Comment devient-on ballerine \u00e0 l&#8217;Op\u00e9ra de Paris au 19e si\u00e8cle ? Comment s&#8217;invente-t-on danseur hip-hop dans les rues de New York au cours des ann\u00e9es 1970 ? Selon les \u00e9poques, les cultures et les styles, la r\u00e9alit\u00e9 du m\u00e9tier de danseur n&#8217;a cess\u00e9 d&#8217;\u00e9voluer au fil du temps. Destin\u00e9 aux jeunes lecteurs, ce livre propose une immersion dans une histoire longue et foisonnante. Il offre des cl\u00e9s pour comprendre la diversit\u00e9 des parcours et des styles, tout en montrant comment l&#8217;histoire de la danse croise celle des soci\u00e9t\u00e9s, des arts, des technologies, des \u00e9v\u00e9nements politiques ou des bouleversements sociaux. Richement document\u00e9 et illustr\u00e9, il vient compl\u00e9ter la collection \u00ab Jeunesse \u00bb d\u00e9velopp\u00e9e par le CND, et les deux volumes d\u00e9j\u00e0 parus : \u00ab Ma danse, tout un art \u00bb (d\u00e9di\u00e9 \u00e0 la pratique de la danse) et \u00ab Cette danse, quel spectacle ! \u00bb (qui vise \u00e0 aiguiser le regard des jeunes spectateurs). <\/p>\n","protected":false},"excerpt":{"rendered":"<p>Qu&#8217;est-ce qu&#8217;\u00eatre danseur ? La danse a-t-elle toujours consid\u00e9r\u00e9e comme r\u00e9serv\u00e9e aux filles ? Comment devient-on ballerine \u00e0 l&#8217;Op\u00e9ra de Paris au 19e si\u00e8cle ? Comment s&#8217;invente-t-on danseur hip-hop dans les rues de New York au cours des ann\u00e9es 1970 ? Selon les \u00e9poques, les cultures et les styles, la r\u00e9alit\u00e9 du m\u00e9tier de danseur [&hellip;]<\/p>\n","protected":false},"featured_media":0,"template":"","meta":[],"product_cat":[2948],"product_tag":[],"acf":[],"yoast_head":"<!-- This site is optimized with the Yoast SEO plugin v20.11 - https:\/\/yoast.com\/wordpress\/plugins\/seo\/ -->\n<title>La danse, tant d&#039;histoires ! - Librairie 7L<\/title>\n<meta name=\"robots\" content=\"index, follow, max-snippet:-1, max-image-preview:large, max-video-preview:-1\" \/>\n<link rel=\"canonical\" href=\"https:\/\/librairie7l.com\/en\/produit\/la-danse-tant-dhistoires-2\/\" \/>\n<meta property=\"og:locale\" content=\"en_US\" \/>\n<meta property=\"og:type\" content=\"article\" \/>\n<meta property=\"og:title\" content=\"La danse, tant d&#039;histoires ! - Librairie 7L\" \/>\n<meta property=\"og:description\" content=\"Qu&#8217;est-ce qu&#8217;\u00eatre danseur ? La danse a-t-elle toujours consid\u00e9r\u00e9e comme r\u00e9serv\u00e9e aux filles ? Comment devient-on ballerine \u00e0 l&#8217;Op\u00e9ra de Paris au 19e si\u00e8cle ? Comment s&#8217;invente-t-on danseur hip-hop dans les rues de New York au cours des ann\u00e9es 1970 ? Selon les \u00e9poques, les cultures et les styles, la r\u00e9alit\u00e9 du m\u00e9tier de danseur [&hellip;]\" \/>\n<meta property=\"og:url\" content=\"https:\/\/librairie7l.com\/en\/produit\/la-danse-tant-dhistoires-2\/\" \/>\n<meta property=\"og:site_name\" content=\"Librairie 7L\" \/>\n<meta property=\"article:modified_time\" content=\"2026-05-08T07:17:49+00:00\" \/>\n<meta name=\"twitter:card\" content=\"summary_large_image\" \/>\n<meta name=\"twitter:label1\" content=\"Est. reading time\" \/>\n\t<meta name=\"twitter:data1\" content=\"1 minute\" \/>\n<script type=\"application\/ld+json\" class=\"yoast-schema-graph\">{\"@context\":\"https:\/\/schema.org\",\"@graph\":[{\"@type\":\"WebPage\",\"@id\":\"https:\/\/librairie7l.com\/en\/produit\/la-danse-tant-dhistoires-2\/\",\"url\":\"https:\/\/librairie7l.com\/en\/produit\/la-danse-tant-dhistoires-2\/\",\"name\":\"La danse, tant d'histoires ! - Librairie 7L\",\"isPartOf\":{\"@id\":\"https:\/\/librairie7l.com\/en\/#website\"},\"datePublished\":\"2026-05-08T07:17:48+00:00\",\"dateModified\":\"2026-05-08T07:17:49+00:00\",\"breadcrumb\":{\"@id\":\"https:\/\/librairie7l.com\/en\/produit\/la-danse-tant-dhistoires-2\/#breadcrumb\"},\"inLanguage\":\"en-US\",\"potentialAction\":[{\"@type\":\"ReadAction\",\"target\":[\"https:\/\/librairie7l.com\/en\/produit\/la-danse-tant-dhistoires-2\/\"]}]},{\"@type\":\"BreadcrumbList\",\"@id\":\"https:\/\/librairie7l.com\/en\/produit\/la-danse-tant-dhistoires-2\/#breadcrumb\",\"itemListElement\":[{\"@type\":\"ListItem\",\"position\":1,\"name\":\"Accueil\",\"item\":\"https:\/\/librairie7l.com\/en\/\"},{\"@type\":\"ListItem\",\"position\":2,\"name\":\"Shop\",\"item\":\"https:\/\/librairie7l.com\/en\/shop\/\"},{\"@type\":\"ListItem\",\"position\":3,\"name\":\"LA DANSE, TANT D&#8217;HISTOIRES !\"}]},{\"@type\":\"WebSite\",\"@id\":\"https:\/\/librairie7l.com\/en\/#website\",\"url\":\"https:\/\/librairie7l.com\/en\/\",\"name\":\"Librairie 7L\",\"description\":\"Librairie fond\u00e9e en 1999 par Karl Lagerfeld \u00e0 Paris\",\"publisher\":{\"@id\":\"https:\/\/librairie7l.com\/en\/#organization\"},\"potentialAction\":[{\"@type\":\"SearchAction\",\"target\":{\"@type\":\"EntryPoint\",\"urlTemplate\":\"https:\/\/librairie7l.com\/en\/?s={search_term_string}\"},\"query-input\":\"required name=search_term_string\"}],\"inLanguage\":\"en-US\"},{\"@type\":\"Organization\",\"@id\":\"https:\/\/librairie7l.com\/en\/#organization\",\"name\":\"Librairie 7L\",\"url\":\"https:\/\/librairie7l.com\/en\/\",\"logo\":{\"@type\":\"ImageObject\",\"inLanguage\":\"en-US\",\"@id\":\"https:\/\/librairie7l.com\/en\/#\/schema\/logo\/image\/\",\"url\":\"https:\/\/librairie7l.com\/wp-content\/uploads\/2022\/08\/logo-1.png\",\"contentUrl\":\"https:\/\/librairie7l.com\/wp-content\/uploads\/2022\/08\/logo-1.png\",\"width\":227,\"height\":301,\"caption\":\"Librairie 7L\"},\"image\":{\"@id\":\"https:\/\/librairie7l.com\/en\/#\/schema\/logo\/image\/\"}}]}<\/script>\n<!-- \/ Yoast SEO plugin. -->","yoast_head_json":{"title":"La danse, tant d'histoires ! - Librairie 7L","robots":{"index":"index","follow":"follow","max-snippet":"max-snippet:-1","max-image-preview":"max-image-preview:large","max-video-preview":"max-video-preview:-1"},"canonical":"https:\/\/librairie7l.com\/en\/produit\/la-danse-tant-dhistoires-2\/","og_locale":"en_US","og_type":"article","og_title":"La danse, tant d'histoires ! - Librairie 7L","og_description":"Qu&#8217;est-ce qu&#8217;\u00eatre danseur ? La danse a-t-elle toujours consid\u00e9r\u00e9e comme r\u00e9serv\u00e9e aux filles ? Comment devient-on ballerine \u00e0 l&#8217;Op\u00e9ra de Paris au 19e si\u00e8cle ? Comment s&#8217;invente-t-on danseur hip-hop dans les rues de New York au cours des ann\u00e9es 1970 ? Selon les \u00e9poques, les cultures et les styles, la r\u00e9alit\u00e9 du m\u00e9tier de danseur [&hellip;]","og_url":"https:\/\/librairie7l.com\/en\/produit\/la-danse-tant-dhistoires-2\/","og_site_name":"Librairie 7L","article_modified_time":"2026-05-08T07:17:49+00:00","twitter_card":"summary_large_image","twitter_misc":{"Est. reading time":"1 minute"},"schema":{"@context":"https:\/\/schema.org","@graph":[{"@type":"WebPage","@id":"https:\/\/librairie7l.com\/en\/produit\/la-danse-tant-dhistoires-2\/","url":"https:\/\/librairie7l.com\/en\/produit\/la-danse-tant-dhistoires-2\/","name":"La danse, tant d'histoires ! - Librairie 7L","isPartOf":{"@id":"https:\/\/librairie7l.com\/en\/#website"},"datePublished":"2026-05-08T07:17:48+00:00","dateModified":"2026-05-08T07:17:49+00:00","breadcrumb":{"@id":"https:\/\/librairie7l.com\/en\/produit\/la-danse-tant-dhistoires-2\/#breadcrumb"},"inLanguage":"en-US","potentialAction":[{"@type":"ReadAction","target":["https:\/\/librairie7l.com\/en\/produit\/la-danse-tant-dhistoires-2\/"]}]},{"@type":"BreadcrumbList","@id":"https:\/\/librairie7l.com\/en\/produit\/la-danse-tant-dhistoires-2\/#breadcrumb","itemListElement":[{"@type":"ListItem","position":1,"name":"Accueil","item":"https:\/\/librairie7l.com\/en\/"},{"@type":"ListItem","position":2,"name":"Shop","item":"https:\/\/librairie7l.com\/en\/shop\/"},{"@type":"ListItem","position":3,"name":"LA DANSE, TANT D&#8217;HISTOIRES !"}]},{"@type":"WebSite","@id":"https:\/\/librairie7l.com\/en\/#website","url":"https:\/\/librairie7l.com\/en\/","name":"Librairie 7L","description":"Librairie fond\u00e9e en 1999 par Karl Lagerfeld \u00e0 Paris","publisher":{"@id":"https:\/\/librairie7l.com\/en\/#organization"},"potentialAction":[{"@type":"SearchAction","target":{"@type":"EntryPoint","urlTemplate":"https:\/\/librairie7l.com\/en\/?s={search_term_string}"},"query-input":"required name=search_term_string"}],"inLanguage":"en-US"},{"@type":"Organization","@id":"https:\/\/librairie7l.com\/en\/#organization","name":"Librairie 7L","url":"https:\/\/librairie7l.com\/en\/","logo":{"@type":"ImageObject","inLanguage":"en-US","@id":"https:\/\/librairie7l.com\/en\/#\/schema\/logo\/image\/","url":"https:\/\/librairie7l.com\/wp-content\/uploads\/2022\/08\/logo-1.png","contentUrl":"https:\/\/librairie7l.com\/wp-content\/uploads\/2022\/08\/logo-1.png","width":227,"height":301,"caption":"Librairie 7L"},"image":{"@id":"https:\/\/librairie7l.com\/en\/#\/schema\/logo\/image\/"}}]}},"_links":{"self":[{"href":"https:\/\/librairie7l.com\/en\/wp-json\/wp\/v2\/product\/56994"}],"collection":[{"href":"https:\/\/librairie7l.com\/en\/wp-json\/wp\/v2\/product"}],"about":[{"href":"https:\/\/librairie7l.com\/en\/wp-json\/wp\/v2\/types\/product"}],"wp:attachment":[{"href":"https:\/\/librairie7l.com\/en\/wp-json\/wp\/v2\/media?parent=56994"}],"wp:term":[{"taxonomy":"product_cat","embeddable":true,"href":"https:\/\/librairie7l.com\/en\/wp-json\/wp\/v2\/product_cat?post=56994"},{"taxonomy":"product_tag","embeddable":true,"href":"https:\/\/librairie7l.com\/en\/wp-json\/wp\/v2\/product_tag?post=56994"}],"curies":[{"name":"wp","href":"https:\/\/api.w.org\/{rel}","templated":true}]}}