{"id":57002,"date":"2026-05-08T09:17:53","date_gmt":"2026-05-08T07:17:53","guid":{"rendered":"https:\/\/librairie7l.com\/?post_type=product&#038;p=57002"},"modified":"2026-05-08T09:17:54","modified_gmt":"2026-05-08T07:17:54","slug":"failed-postcards-from-napoli-2","status":"publish","type":"product","link":"https:\/\/librairie7l.com\/en\/produit\/failed-postcards-from-napoli-2\/","title":{"rendered":"FAILED POSTCARDS FROM NAPOLI"},"content":{"rendered":"<p>Dans &#8220;Failed Postcards from Napoli&#8221; nous retrouvons tout l&#8217;univers de Kourtney Roy, l&#8217;esprit cin\u00e9matographique de ses cadrages et de ses mises en sc\u00e8ne, ses \u00e9clairages aux couleurs flashies si particuli\u00e8res, l&#8217;absurde des situations et son humour provocant, l&#8217;artiste traverse les interstices de la ville, ses ombres, ses espaces liminaires, \u00ab le non-soi de Naples \u00bb. Toutes les images de Roy, o\u00f9 la r\u00e9alit\u00e9 elle-m\u00eame devient un d\u00e9cor et o\u00f9 ses personnages vibrants nous renvoient \u00e0 des fragments d&#8217;un film dont elle r\u00e9\u00e9crit constamment le sc\u00e9nario. Dans ces mises en sc\u00e8ne, la photographie devient un lieu de performance, o\u00f9 le corps de l&#8217;artiste, multipli\u00e9 par ses nombreux doubles, interroge les limites du regard, oscillant entre provocation et vuln\u00e9rabilit\u00e9.<\/p>\n","protected":false},"excerpt":{"rendered":"<p>Dans &#8220;Failed Postcards from Napoli&#8221; nous retrouvons tout l&#8217;univers de Kourtney Roy, l&#8217;esprit cin\u00e9matographique de ses cadrages et de ses mises en sc\u00e8ne, ses \u00e9clairages aux couleurs flashies si particuli\u00e8res, l&#8217;absurde des situations et son humour provocant, l&#8217;artiste traverse les interstices de la ville, ses ombres, ses espaces liminaires, \u00ab le non-soi de Naples \u00bb. [&hellip;]<\/p>\n","protected":false},"featured_media":57000,"template":"","meta":[],"product_cat":[2948],"product_tag":[],"acf":[],"yoast_head":"<!-- This site is optimized with the Yoast SEO plugin v20.11 - https:\/\/yoast.com\/wordpress\/plugins\/seo\/ -->\n<title>Failed Postcards from Napoli - Librairie 7L<\/title>\n<meta name=\"robots\" content=\"index, follow, max-snippet:-1, max-image-preview:large, max-video-preview:-1\" \/>\n<link rel=\"canonical\" href=\"https:\/\/librairie7l.com\/en\/produit\/failed-postcards-from-napoli-2\/\" \/>\n<meta property=\"og:locale\" content=\"en_US\" \/>\n<meta property=\"og:type\" content=\"article\" \/>\n<meta property=\"og:title\" content=\"Failed Postcards from Napoli - Librairie 7L\" \/>\n<meta property=\"og:description\" content=\"Dans &#8220;Failed Postcards from Napoli&#8221; nous retrouvons tout l&#8217;univers de Kourtney Roy, l&#8217;esprit cin\u00e9matographique de ses cadrages et de ses mises en sc\u00e8ne, ses \u00e9clairages aux couleurs flashies si particuli\u00e8res, l&#8217;absurde des situations et son humour provocant, l&#8217;artiste traverse les interstices de la ville, ses ombres, ses espaces liminaires, \u00ab le non-soi de Naples \u00bb. [&hellip;]\" \/>\n<meta property=\"og:url\" content=\"https:\/\/librairie7l.com\/en\/produit\/failed-postcards-from-napoli-2\/\" \/>\n<meta property=\"og:site_name\" content=\"Librairie 7L\" \/>\n<meta property=\"article:modified_time\" content=\"2026-05-08T07:17:54+00:00\" \/>\n<meta property=\"og:image\" content=\"https:\/\/librairie7l.com\/wp-content\/uploads\/2026\/02\/9782492696275_1_75.jpg\" \/>\n\t<meta property=\"og:image:width\" content=\"890\" \/>\n\t<meta property=\"og:image:height\" content=\"600\" \/>\n\t<meta property=\"og:image:type\" content=\"image\/jpeg\" \/>\n<meta name=\"twitter:card\" content=\"summary_large_image\" \/>\n<meta name=\"twitter:label1\" content=\"Est. reading time\" \/>\n\t<meta name=\"twitter:data1\" content=\"1 minute\" \/>\n<script type=\"application\/ld+json\" class=\"yoast-schema-graph\">{\"@context\":\"https:\/\/schema.org\",\"@graph\":[{\"@type\":\"WebPage\",\"@id\":\"https:\/\/librairie7l.com\/en\/produit\/failed-postcards-from-napoli-2\/\",\"url\":\"https:\/\/librairie7l.com\/en\/produit\/failed-postcards-from-napoli-2\/\",\"name\":\"Failed Postcards from Napoli - Librairie 7L\",\"isPartOf\":{\"@id\":\"https:\/\/librairie7l.com\/en\/#website\"},\"datePublished\":\"2026-05-08T07:17:53+00:00\",\"dateModified\":\"2026-05-08T07:17:54+00:00\",\"breadcrumb\":{\"@id\":\"https:\/\/librairie7l.com\/en\/produit\/failed-postcards-from-napoli-2\/#breadcrumb\"},\"inLanguage\":\"en-US\",\"potentialAction\":[{\"@type\":\"ReadAction\",\"target\":[\"https:\/\/librairie7l.com\/en\/produit\/failed-postcards-from-napoli-2\/\"]}]},{\"@type\":\"BreadcrumbList\",\"@id\":\"https:\/\/librairie7l.com\/en\/produit\/failed-postcards-from-napoli-2\/#breadcrumb\",\"itemListElement\":[{\"@type\":\"ListItem\",\"position\":1,\"name\":\"Accueil\",\"item\":\"https:\/\/librairie7l.com\/en\/\"},{\"@type\":\"ListItem\",\"position\":2,\"name\":\"Shop\",\"item\":\"https:\/\/librairie7l.com\/en\/shop\/\"},{\"@type\":\"ListItem\",\"position\":3,\"name\":\"FAILED POSTCARDS FROM NAPOLI\"}]},{\"@type\":\"WebSite\",\"@id\":\"https:\/\/librairie7l.com\/en\/#website\",\"url\":\"https:\/\/librairie7l.com\/en\/\",\"name\":\"Librairie 7L\",\"description\":\"Librairie fond\u00e9e en 1999 par Karl Lagerfeld \u00e0 Paris\",\"publisher\":{\"@id\":\"https:\/\/librairie7l.com\/en\/#organization\"},\"potentialAction\":[{\"@type\":\"SearchAction\",\"target\":{\"@type\":\"EntryPoint\",\"urlTemplate\":\"https:\/\/librairie7l.com\/en\/?s={search_term_string}\"},\"query-input\":\"required name=search_term_string\"}],\"inLanguage\":\"en-US\"},{\"@type\":\"Organization\",\"@id\":\"https:\/\/librairie7l.com\/en\/#organization\",\"name\":\"Librairie 7L\",\"url\":\"https:\/\/librairie7l.com\/en\/\",\"logo\":{\"@type\":\"ImageObject\",\"inLanguage\":\"en-US\",\"@id\":\"https:\/\/librairie7l.com\/en\/#\/schema\/logo\/image\/\",\"url\":\"https:\/\/librairie7l.com\/wp-content\/uploads\/2022\/08\/logo-1.png\",\"contentUrl\":\"https:\/\/librairie7l.com\/wp-content\/uploads\/2022\/08\/logo-1.png\",\"width\":227,\"height\":301,\"caption\":\"Librairie 7L\"},\"image\":{\"@id\":\"https:\/\/librairie7l.com\/en\/#\/schema\/logo\/image\/\"}}]}<\/script>\n<!-- \/ Yoast SEO plugin. -->","yoast_head_json":{"title":"Failed Postcards from Napoli - Librairie 7L","robots":{"index":"index","follow":"follow","max-snippet":"max-snippet:-1","max-image-preview":"max-image-preview:large","max-video-preview":"max-video-preview:-1"},"canonical":"https:\/\/librairie7l.com\/en\/produit\/failed-postcards-from-napoli-2\/","og_locale":"en_US","og_type":"article","og_title":"Failed Postcards from Napoli - Librairie 7L","og_description":"Dans &#8220;Failed Postcards from Napoli&#8221; nous retrouvons tout l&#8217;univers de Kourtney Roy, l&#8217;esprit cin\u00e9matographique de ses cadrages et de ses mises en sc\u00e8ne, ses \u00e9clairages aux couleurs flashies si particuli\u00e8res, l&#8217;absurde des situations et son humour provocant, l&#8217;artiste traverse les interstices de la ville, ses ombres, ses espaces liminaires, \u00ab le non-soi de Naples \u00bb. [&hellip;]","og_url":"https:\/\/librairie7l.com\/en\/produit\/failed-postcards-from-napoli-2\/","og_site_name":"Librairie 7L","article_modified_time":"2026-05-08T07:17:54+00:00","og_image":[{"width":890,"height":600,"url":"https:\/\/librairie7l.com\/wp-content\/uploads\/2026\/02\/9782492696275_1_75.jpg","type":"image\/jpeg"}],"twitter_card":"summary_large_image","twitter_misc":{"Est. reading time":"1 minute"},"schema":{"@context":"https:\/\/schema.org","@graph":[{"@type":"WebPage","@id":"https:\/\/librairie7l.com\/en\/produit\/failed-postcards-from-napoli-2\/","url":"https:\/\/librairie7l.com\/en\/produit\/failed-postcards-from-napoli-2\/","name":"Failed Postcards from Napoli - Librairie 7L","isPartOf":{"@id":"https:\/\/librairie7l.com\/en\/#website"},"datePublished":"2026-05-08T07:17:53+00:00","dateModified":"2026-05-08T07:17:54+00:00","breadcrumb":{"@id":"https:\/\/librairie7l.com\/en\/produit\/failed-postcards-from-napoli-2\/#breadcrumb"},"inLanguage":"en-US","potentialAction":[{"@type":"ReadAction","target":["https:\/\/librairie7l.com\/en\/produit\/failed-postcards-from-napoli-2\/"]}]},{"@type":"BreadcrumbList","@id":"https:\/\/librairie7l.com\/en\/produit\/failed-postcards-from-napoli-2\/#breadcrumb","itemListElement":[{"@type":"ListItem","position":1,"name":"Accueil","item":"https:\/\/librairie7l.com\/en\/"},{"@type":"ListItem","position":2,"name":"Shop","item":"https:\/\/librairie7l.com\/en\/shop\/"},{"@type":"ListItem","position":3,"name":"FAILED POSTCARDS FROM NAPOLI"}]},{"@type":"WebSite","@id":"https:\/\/librairie7l.com\/en\/#website","url":"https:\/\/librairie7l.com\/en\/","name":"Librairie 7L","description":"Librairie fond\u00e9e en 1999 par Karl Lagerfeld \u00e0 Paris","publisher":{"@id":"https:\/\/librairie7l.com\/en\/#organization"},"potentialAction":[{"@type":"SearchAction","target":{"@type":"EntryPoint","urlTemplate":"https:\/\/librairie7l.com\/en\/?s={search_term_string}"},"query-input":"required name=search_term_string"}],"inLanguage":"en-US"},{"@type":"Organization","@id":"https:\/\/librairie7l.com\/en\/#organization","name":"Librairie 7L","url":"https:\/\/librairie7l.com\/en\/","logo":{"@type":"ImageObject","inLanguage":"en-US","@id":"https:\/\/librairie7l.com\/en\/#\/schema\/logo\/image\/","url":"https:\/\/librairie7l.com\/wp-content\/uploads\/2022\/08\/logo-1.png","contentUrl":"https:\/\/librairie7l.com\/wp-content\/uploads\/2022\/08\/logo-1.png","width":227,"height":301,"caption":"Librairie 7L"},"image":{"@id":"https:\/\/librairie7l.com\/en\/#\/schema\/logo\/image\/"}}]}},"_links":{"self":[{"href":"https:\/\/librairie7l.com\/en\/wp-json\/wp\/v2\/product\/57002"}],"collection":[{"href":"https:\/\/librairie7l.com\/en\/wp-json\/wp\/v2\/product"}],"about":[{"href":"https:\/\/librairie7l.com\/en\/wp-json\/wp\/v2\/types\/product"}],"wp:featuredmedia":[{"embeddable":true,"href":"https:\/\/librairie7l.com\/en\/wp-json\/wp\/v2\/media\/57000"}],"wp:attachment":[{"href":"https:\/\/librairie7l.com\/en\/wp-json\/wp\/v2\/media?parent=57002"}],"wp:term":[{"taxonomy":"product_cat","embeddable":true,"href":"https:\/\/librairie7l.com\/en\/wp-json\/wp\/v2\/product_cat?post=57002"},{"taxonomy":"product_tag","embeddable":true,"href":"https:\/\/librairie7l.com\/en\/wp-json\/wp\/v2\/product_tag?post=57002"}],"curies":[{"name":"wp","href":"https:\/\/api.w.org\/{rel}","templated":true}]}}