{"id":57043,"date":"2026-05-12T07:12:06","date_gmt":"2026-05-12T05:12:06","guid":{"rendered":"https:\/\/librairie7l.com\/?post_type=product&#038;p=57043"},"modified":"2026-05-12T07:31:01","modified_gmt":"2026-05-12T05:31:01","slug":"costumes-regionaux-en-pays-de-hanau-2","status":"publish","type":"product","link":"https:\/\/librairie7l.com\/en\/produit\/costumes-regionaux-en-pays-de-hanau-2\/","title":{"rendered":"COSTUMES R\u00c9GIONAUX : EN PAYS DE HANAU"},"content":{"rendered":"<p>\u00c0 partir d&#8217;un chantier des collections et de ses tr\u00e9sors red\u00e9couverts, ce catalogue s&#8217;appuie sur un foisonnement de disciplines pour \u00e9tudier les costumes r\u00e9gionaux port\u00e9s aux 19e et 20e si\u00e8cles dans le Pays de Hanau : histoire des collections, \u00e9tude mat\u00e9rielle, histoire des repr\u00e9sentations, historiographie, r\u00e9appropriations et folklore, mus\u00e9ologie. \u00c0 Bouxwiller, d\u00e8s 1933 et les premiers dons textiles puis avec les mus\u00e9ographies successives, le mus\u00e9e affirme son int\u00e9r\u00eat pour ce sujet marqueur d&#8217;un territoire.<br \/>\n\u00c0 la lumi\u00e8re des \u00e9tudes r\u00e9centes et en synth\u00e9tisant certains travaux pass\u00e9s, l&#8217;ouvrage explore chaque \u00e9l\u00e9ment typologique constituant ce v\u00eatement, de la chemise brod\u00e9e \u00e0 la coiffe alsacienne, et s&#8217;int\u00e9resse aux contextes d&#8217;usages, aux utilisateurs et aux utilisatrices derri\u00e8re la mat\u00e9rialit\u00e9 du coton, du bombasin ou les verroteries des devantiers. Le textile peut-il retracer des parcours de vie ? Par des focus techniques, des analyses compar\u00e9es et des sources photographiques, le v\u00eatement est explor\u00e9 sous toutes ses coutures.<br \/>\nLe costume r\u00e9gional est aussi une source d&#8217;inspiration foisonnante, observ\u00e9, peint et dessin\u00e9 par de nombreux artistes &#8211; notamment locaux, comme Charles-Fran\u00e7ois Marchal ou Charles \u00c9mile Ehrmann. Il est l&#8217;objet de r\u00e9appropriations, instrumentalisations et sauvegardes patrimoniales, se voyant dot\u00e9 de nouveaux usages, associ\u00e9s par exemple au folklore. C&#8217;est v\u00e9ritablement la pluralit\u00e9 de ses significations et repr\u00e9sentations que cet ouvrage propose de creuser.<br \/>\nLes passionn\u00e9s de mode, de culture r\u00e9gionale et d&#8217;ethnographie pourront d\u00e9couvrir ou red\u00e9couvrir, derri\u00e8re les coloris des \u00e9toffes, un touchant aper\u00e7u des individus ayant habit\u00e9 le Pays de Hanau.<\/p>\n","protected":false},"excerpt":{"rendered":"<p>\u00c0 partir d&#8217;un chantier des collections et de ses tr\u00e9sors red\u00e9couverts, ce catalogue s&#8217;appuie sur un foisonnement de disciplines pour \u00e9tudier les costumes r\u00e9gionaux port\u00e9s aux 19e et 20e si\u00e8cles dans le Pays de Hanau : histoire des collections, \u00e9tude mat\u00e9rielle, histoire des repr\u00e9sentations, historiographie, r\u00e9appropriations et folklore, mus\u00e9ologie. \u00c0 Bouxwiller, d\u00e8s 1933 et les [&hellip;]<\/p>\n","protected":false},"featured_media":57041,"template":"","meta":[],"product_cat":[7364,2948],"product_tag":[],"acf":[],"yoast_head":"<!-- This site is optimized with the Yoast SEO plugin v20.11 - https:\/\/yoast.com\/wordpress\/plugins\/seo\/ -->\n<title>Costumes R\u00e9gionaux : en Pays de Hanau - Librairie 7L<\/title>\n<meta name=\"robots\" content=\"index, follow, max-snippet:-1, max-image-preview:large, max-video-preview:-1\" \/>\n<link rel=\"canonical\" href=\"https:\/\/librairie7l.com\/en\/produit\/costumes-regionaux-en-pays-de-hanau-2\/\" \/>\n<meta property=\"og:locale\" content=\"en_US\" \/>\n<meta property=\"og:type\" content=\"article\" \/>\n<meta property=\"og:title\" content=\"Costumes R\u00e9gionaux : en Pays de Hanau - Librairie 7L\" \/>\n<meta property=\"og:description\" content=\"\u00c0 partir d&#8217;un chantier des collections et de ses tr\u00e9sors red\u00e9couverts, ce catalogue s&#8217;appuie sur un foisonnement de disciplines pour \u00e9tudier les costumes r\u00e9gionaux port\u00e9s aux 19e et 20e si\u00e8cles dans le Pays de Hanau : histoire des collections, \u00e9tude mat\u00e9rielle, histoire des repr\u00e9sentations, historiographie, r\u00e9appropriations et folklore, mus\u00e9ologie. \u00c0 Bouxwiller, d\u00e8s 1933 et les [&hellip;]\" \/>\n<meta property=\"og:url\" content=\"https:\/\/librairie7l.com\/en\/produit\/costumes-regionaux-en-pays-de-hanau-2\/\" \/>\n<meta property=\"og:site_name\" content=\"Librairie 7L\" \/>\n<meta property=\"article:modified_time\" content=\"2026-05-12T05:31:01+00:00\" \/>\n<meta property=\"og:image\" content=\"https:\/\/librairie7l.com\/wp-content\/uploads\/2026\/01\/9782367013428_1_75.jpg\" \/>\n\t<meta property=\"og:image:width\" content=\"600\" \/>\n\t<meta property=\"og:image:height\" content=\"763\" \/>\n\t<meta property=\"og:image:type\" content=\"image\/jpeg\" \/>\n<meta name=\"twitter:card\" content=\"summary_large_image\" \/>\n<meta name=\"twitter:label1\" content=\"Est. reading time\" \/>\n\t<meta name=\"twitter:data1\" content=\"1 minute\" \/>\n<script type=\"application\/ld+json\" class=\"yoast-schema-graph\">{\"@context\":\"https:\/\/schema.org\",\"@graph\":[{\"@type\":\"WebPage\",\"@id\":\"https:\/\/librairie7l.com\/en\/produit\/costumes-regionaux-en-pays-de-hanau-2\/\",\"url\":\"https:\/\/librairie7l.com\/en\/produit\/costumes-regionaux-en-pays-de-hanau-2\/\",\"name\":\"Costumes R\u00e9gionaux : en Pays de Hanau - Librairie 7L\",\"isPartOf\":{\"@id\":\"https:\/\/librairie7l.com\/en\/#website\"},\"datePublished\":\"2026-05-12T05:12:06+00:00\",\"dateModified\":\"2026-05-12T05:31:01+00:00\",\"breadcrumb\":{\"@id\":\"https:\/\/librairie7l.com\/en\/produit\/costumes-regionaux-en-pays-de-hanau-2\/#breadcrumb\"},\"inLanguage\":\"en-US\",\"potentialAction\":[{\"@type\":\"ReadAction\",\"target\":[\"https:\/\/librairie7l.com\/en\/produit\/costumes-regionaux-en-pays-de-hanau-2\/\"]}]},{\"@type\":\"BreadcrumbList\",\"@id\":\"https:\/\/librairie7l.com\/en\/produit\/costumes-regionaux-en-pays-de-hanau-2\/#breadcrumb\",\"itemListElement\":[{\"@type\":\"ListItem\",\"position\":1,\"name\":\"Accueil\",\"item\":\"https:\/\/librairie7l.com\/en\/\"},{\"@type\":\"ListItem\",\"position\":2,\"name\":\"Shop\",\"item\":\"https:\/\/librairie7l.com\/en\/shop\/\"},{\"@type\":\"ListItem\",\"position\":3,\"name\":\"COSTUMES R\u00c9GIONAUX : EN PAYS DE HANAU\"}]},{\"@type\":\"WebSite\",\"@id\":\"https:\/\/librairie7l.com\/en\/#website\",\"url\":\"https:\/\/librairie7l.com\/en\/\",\"name\":\"Librairie 7L\",\"description\":\"Librairie fond\u00e9e en 1999 par Karl Lagerfeld \u00e0 Paris\",\"publisher\":{\"@id\":\"https:\/\/librairie7l.com\/en\/#organization\"},\"potentialAction\":[{\"@type\":\"SearchAction\",\"target\":{\"@type\":\"EntryPoint\",\"urlTemplate\":\"https:\/\/librairie7l.com\/en\/?s={search_term_string}\"},\"query-input\":\"required name=search_term_string\"}],\"inLanguage\":\"en-US\"},{\"@type\":\"Organization\",\"@id\":\"https:\/\/librairie7l.com\/en\/#organization\",\"name\":\"Librairie 7L\",\"url\":\"https:\/\/librairie7l.com\/en\/\",\"logo\":{\"@type\":\"ImageObject\",\"inLanguage\":\"en-US\",\"@id\":\"https:\/\/librairie7l.com\/en\/#\/schema\/logo\/image\/\",\"url\":\"https:\/\/librairie7l.com\/wp-content\/uploads\/2022\/08\/logo-1.png\",\"contentUrl\":\"https:\/\/librairie7l.com\/wp-content\/uploads\/2022\/08\/logo-1.png\",\"width\":227,\"height\":301,\"caption\":\"Librairie 7L\"},\"image\":{\"@id\":\"https:\/\/librairie7l.com\/en\/#\/schema\/logo\/image\/\"}}]}<\/script>\n<!-- \/ Yoast SEO plugin. -->","yoast_head_json":{"title":"Costumes R\u00e9gionaux : en Pays de Hanau - Librairie 7L","robots":{"index":"index","follow":"follow","max-snippet":"max-snippet:-1","max-image-preview":"max-image-preview:large","max-video-preview":"max-video-preview:-1"},"canonical":"https:\/\/librairie7l.com\/en\/produit\/costumes-regionaux-en-pays-de-hanau-2\/","og_locale":"en_US","og_type":"article","og_title":"Costumes R\u00e9gionaux : en Pays de Hanau - Librairie 7L","og_description":"\u00c0 partir d&#8217;un chantier des collections et de ses tr\u00e9sors red\u00e9couverts, ce catalogue s&#8217;appuie sur un foisonnement de disciplines pour \u00e9tudier les costumes r\u00e9gionaux port\u00e9s aux 19e et 20e si\u00e8cles dans le Pays de Hanau : histoire des collections, \u00e9tude mat\u00e9rielle, histoire des repr\u00e9sentations, historiographie, r\u00e9appropriations et folklore, mus\u00e9ologie. \u00c0 Bouxwiller, d\u00e8s 1933 et les [&hellip;]","og_url":"https:\/\/librairie7l.com\/en\/produit\/costumes-regionaux-en-pays-de-hanau-2\/","og_site_name":"Librairie 7L","article_modified_time":"2026-05-12T05:31:01+00:00","og_image":[{"width":600,"height":763,"url":"https:\/\/librairie7l.com\/wp-content\/uploads\/2026\/01\/9782367013428_1_75.jpg","type":"image\/jpeg"}],"twitter_card":"summary_large_image","twitter_misc":{"Est. reading time":"1 minute"},"schema":{"@context":"https:\/\/schema.org","@graph":[{"@type":"WebPage","@id":"https:\/\/librairie7l.com\/en\/produit\/costumes-regionaux-en-pays-de-hanau-2\/","url":"https:\/\/librairie7l.com\/en\/produit\/costumes-regionaux-en-pays-de-hanau-2\/","name":"Costumes R\u00e9gionaux : en Pays de Hanau - Librairie 7L","isPartOf":{"@id":"https:\/\/librairie7l.com\/en\/#website"},"datePublished":"2026-05-12T05:12:06+00:00","dateModified":"2026-05-12T05:31:01+00:00","breadcrumb":{"@id":"https:\/\/librairie7l.com\/en\/produit\/costumes-regionaux-en-pays-de-hanau-2\/#breadcrumb"},"inLanguage":"en-US","potentialAction":[{"@type":"ReadAction","target":["https:\/\/librairie7l.com\/en\/produit\/costumes-regionaux-en-pays-de-hanau-2\/"]}]},{"@type":"BreadcrumbList","@id":"https:\/\/librairie7l.com\/en\/produit\/costumes-regionaux-en-pays-de-hanau-2\/#breadcrumb","itemListElement":[{"@type":"ListItem","position":1,"name":"Accueil","item":"https:\/\/librairie7l.com\/en\/"},{"@type":"ListItem","position":2,"name":"Shop","item":"https:\/\/librairie7l.com\/en\/shop\/"},{"@type":"ListItem","position":3,"name":"COSTUMES R\u00c9GIONAUX : EN PAYS DE HANAU"}]},{"@type":"WebSite","@id":"https:\/\/librairie7l.com\/en\/#website","url":"https:\/\/librairie7l.com\/en\/","name":"Librairie 7L","description":"Librairie fond\u00e9e en 1999 par Karl Lagerfeld \u00e0 Paris","publisher":{"@id":"https:\/\/librairie7l.com\/en\/#organization"},"potentialAction":[{"@type":"SearchAction","target":{"@type":"EntryPoint","urlTemplate":"https:\/\/librairie7l.com\/en\/?s={search_term_string}"},"query-input":"required name=search_term_string"}],"inLanguage":"en-US"},{"@type":"Organization","@id":"https:\/\/librairie7l.com\/en\/#organization","name":"Librairie 7L","url":"https:\/\/librairie7l.com\/en\/","logo":{"@type":"ImageObject","inLanguage":"en-US","@id":"https:\/\/librairie7l.com\/en\/#\/schema\/logo\/image\/","url":"https:\/\/librairie7l.com\/wp-content\/uploads\/2022\/08\/logo-1.png","contentUrl":"https:\/\/librairie7l.com\/wp-content\/uploads\/2022\/08\/logo-1.png","width":227,"height":301,"caption":"Librairie 7L"},"image":{"@id":"https:\/\/librairie7l.com\/en\/#\/schema\/logo\/image\/"}}]}},"_links":{"self":[{"href":"https:\/\/librairie7l.com\/en\/wp-json\/wp\/v2\/product\/57043"}],"collection":[{"href":"https:\/\/librairie7l.com\/en\/wp-json\/wp\/v2\/product"}],"about":[{"href":"https:\/\/librairie7l.com\/en\/wp-json\/wp\/v2\/types\/product"}],"wp:featuredmedia":[{"embeddable":true,"href":"https:\/\/librairie7l.com\/en\/wp-json\/wp\/v2\/media\/57041"}],"wp:attachment":[{"href":"https:\/\/librairie7l.com\/en\/wp-json\/wp\/v2\/media?parent=57043"}],"wp:term":[{"taxonomy":"product_cat","embeddable":true,"href":"https:\/\/librairie7l.com\/en\/wp-json\/wp\/v2\/product_cat?post=57043"},{"taxonomy":"product_tag","embeddable":true,"href":"https:\/\/librairie7l.com\/en\/wp-json\/wp\/v2\/product_tag?post=57043"}],"curies":[{"name":"wp","href":"https:\/\/api.w.org\/{rel}","templated":true}]}}