{"id":57047,"date":"2026-05-12T14:07:24","date_gmt":"2026-05-12T12:07:24","guid":{"rendered":"https:\/\/librairie7l.com\/?post_type=product&#038;p=57047"},"modified":"2026-05-12T22:06:28","modified_gmt":"2026-05-12T20:06:28","slug":"messages-creatifs-de-coco-chanel-12-cartes-incluses-2","status":"publish","type":"product","link":"https:\/\/librairie7l.com\/en\/produit\/messages-creatifs-de-coco-chanel-12-cartes-incluses-2\/","title":{"rendered":"MESSAGES CR\u00c9ATIFS DE COCO CHANEL : 12 CARTES INCLUSES"},"content":{"rendered":"<p>\u00ab Ma vie ne me plaisait pas, alors j&#8217;ai cr\u00e9\u00e9 ma vie. \u00bb Coco Chanel<\/p>\n<p>Un c\u00e9l\u00e8bre pseudonyme, un parfum et un sac iconiques, un tailleur ind\u00e9modable&#8230; Autant de symboles qui rendent l&#8217;intemporelle Coco Chanel aussi myst\u00e9rieuse qu&#8217;insaisissable. Des trag\u00e9dies, elle en a surmont\u00e9 pour devenir la femme incontournable connue de tous. Toute sa vie, Coco a su se relever de chaque \u00e9preuve et en faire une force pour nourrir son processus cr\u00e9atif. En cr\u00e9ant pour retrouver du sens, elle a instigu\u00e9 une v\u00e9ritable r\u00e9volution de la mode, lib\u00e9rant le corps des femmes et r\u00e9inventant leur silhouette \u00e0 l&#8217;image de sa propre destin\u00e9e, intense et exalt\u00e9e. Le parcours de Coco Chanel nous invite \u00e0 notre tour \u00e0 explorer nos propres traumatismes pour nous en lib\u00e9rer, nous r\u00e9inventer et cr\u00e9er. Cr\u00e9er notre vie, cr\u00e9er notre destin\u00e9e, cr\u00e9er nos nouvelles joies. \u00c0 l&#8217;aide de l&#8217;oracle propos\u00e9 avec cet ouvrage, compos\u00e9 de douze magnifiques cartes d\u00e9tachables inspir\u00e9es du vestiaire de Coco Chanel, r\u00e9v\u00e9lons la cr\u00e9ativit\u00e9 qui sommeille en nous !<\/p>\n<p>Des exercices de style et des visualisations audio sont \u00e0 d\u00e9couvrir au fil des pages. <\/p>\n","protected":false},"excerpt":{"rendered":"<p>\u00ab Ma vie ne me plaisait pas, alors j&#8217;ai cr\u00e9\u00e9 ma vie. \u00bb Coco Chanel Un c\u00e9l\u00e8bre pseudonyme, un parfum et un sac iconiques, un tailleur ind\u00e9modable&#8230; Autant de symboles qui rendent l&#8217;intemporelle Coco Chanel aussi myst\u00e9rieuse qu&#8217;insaisissable. Des trag\u00e9dies, elle en a surmont\u00e9 pour devenir la femme incontournable connue de tous. Toute sa vie, [&hellip;]<\/p>\n","protected":false},"featured_media":57045,"template":"","meta":[],"product_cat":[7364,2948],"product_tag":[],"acf":[],"yoast_head":"<!-- This site is optimized with the Yoast SEO plugin v20.11 - https:\/\/yoast.com\/wordpress\/plugins\/seo\/ -->\n<title>Messages cr\u00e9atifs de Coco Chanel : 12 cartes incluses - Librairie 7L<\/title>\n<meta name=\"robots\" content=\"index, follow, max-snippet:-1, max-image-preview:large, max-video-preview:-1\" \/>\n<link rel=\"canonical\" href=\"https:\/\/librairie7l.com\/en\/produit\/messages-creatifs-de-coco-chanel-12-cartes-incluses-2\/\" \/>\n<meta property=\"og:locale\" content=\"en_US\" \/>\n<meta property=\"og:type\" content=\"article\" \/>\n<meta property=\"og:title\" content=\"Messages cr\u00e9atifs de Coco Chanel : 12 cartes incluses - Librairie 7L\" \/>\n<meta property=\"og:description\" content=\"\u00ab Ma vie ne me plaisait pas, alors j&#8217;ai cr\u00e9\u00e9 ma vie. \u00bb Coco Chanel Un c\u00e9l\u00e8bre pseudonyme, un parfum et un sac iconiques, un tailleur ind\u00e9modable&#8230; Autant de symboles qui rendent l&#8217;intemporelle Coco Chanel aussi myst\u00e9rieuse qu&#8217;insaisissable. Des trag\u00e9dies, elle en a surmont\u00e9 pour devenir la femme incontournable connue de tous. Toute sa vie, [&hellip;]\" \/>\n<meta property=\"og:url\" content=\"https:\/\/librairie7l.com\/en\/produit\/messages-creatifs-de-coco-chanel-12-cartes-incluses-2\/\" \/>\n<meta property=\"og:site_name\" content=\"Librairie 7L\" \/>\n<meta property=\"article:modified_time\" content=\"2026-05-12T20:06:28+00:00\" \/>\n<meta property=\"og:image\" content=\"https:\/\/librairie7l.com\/wp-content\/uploads\/2024\/07\/9782940787036_1_75.jpg\" \/>\n\t<meta property=\"og:image:width\" content=\"600\" \/>\n\t<meta property=\"og:image:height\" content=\"1071\" \/>\n\t<meta property=\"og:image:type\" content=\"image\/jpeg\" \/>\n<meta name=\"twitter:card\" content=\"summary_large_image\" \/>\n<meta name=\"twitter:label1\" content=\"Est. reading time\" \/>\n\t<meta name=\"twitter:data1\" content=\"1 minute\" \/>\n<script type=\"application\/ld+json\" class=\"yoast-schema-graph\">{\"@context\":\"https:\/\/schema.org\",\"@graph\":[{\"@type\":\"WebPage\",\"@id\":\"https:\/\/librairie7l.com\/en\/produit\/messages-creatifs-de-coco-chanel-12-cartes-incluses-2\/\",\"url\":\"https:\/\/librairie7l.com\/en\/produit\/messages-creatifs-de-coco-chanel-12-cartes-incluses-2\/\",\"name\":\"Messages cr\u00e9atifs de Coco Chanel : 12 cartes incluses - Librairie 7L\",\"isPartOf\":{\"@id\":\"https:\/\/librairie7l.com\/en\/#website\"},\"datePublished\":\"2026-05-12T12:07:24+00:00\",\"dateModified\":\"2026-05-12T20:06:28+00:00\",\"breadcrumb\":{\"@id\":\"https:\/\/librairie7l.com\/en\/produit\/messages-creatifs-de-coco-chanel-12-cartes-incluses-2\/#breadcrumb\"},\"inLanguage\":\"en-US\",\"potentialAction\":[{\"@type\":\"ReadAction\",\"target\":[\"https:\/\/librairie7l.com\/en\/produit\/messages-creatifs-de-coco-chanel-12-cartes-incluses-2\/\"]}]},{\"@type\":\"BreadcrumbList\",\"@id\":\"https:\/\/librairie7l.com\/en\/produit\/messages-creatifs-de-coco-chanel-12-cartes-incluses-2\/#breadcrumb\",\"itemListElement\":[{\"@type\":\"ListItem\",\"position\":1,\"name\":\"Accueil\",\"item\":\"https:\/\/librairie7l.com\/en\/\"},{\"@type\":\"ListItem\",\"position\":2,\"name\":\"Shop\",\"item\":\"https:\/\/librairie7l.com\/en\/shop\/\"},{\"@type\":\"ListItem\",\"position\":3,\"name\":\"MESSAGES CR\u00c9ATIFS DE COCO CHANEL : 12 CARTES INCLUSES\"}]},{\"@type\":\"WebSite\",\"@id\":\"https:\/\/librairie7l.com\/en\/#website\",\"url\":\"https:\/\/librairie7l.com\/en\/\",\"name\":\"Librairie 7L\",\"description\":\"Librairie fond\u00e9e en 1999 par Karl Lagerfeld \u00e0 Paris\",\"publisher\":{\"@id\":\"https:\/\/librairie7l.com\/en\/#organization\"},\"potentialAction\":[{\"@type\":\"SearchAction\",\"target\":{\"@type\":\"EntryPoint\",\"urlTemplate\":\"https:\/\/librairie7l.com\/en\/?s={search_term_string}\"},\"query-input\":\"required name=search_term_string\"}],\"inLanguage\":\"en-US\"},{\"@type\":\"Organization\",\"@id\":\"https:\/\/librairie7l.com\/en\/#organization\",\"name\":\"Librairie 7L\",\"url\":\"https:\/\/librairie7l.com\/en\/\",\"logo\":{\"@type\":\"ImageObject\",\"inLanguage\":\"en-US\",\"@id\":\"https:\/\/librairie7l.com\/en\/#\/schema\/logo\/image\/\",\"url\":\"https:\/\/librairie7l.com\/wp-content\/uploads\/2022\/08\/logo-1.png\",\"contentUrl\":\"https:\/\/librairie7l.com\/wp-content\/uploads\/2022\/08\/logo-1.png\",\"width\":227,\"height\":301,\"caption\":\"Librairie 7L\"},\"image\":{\"@id\":\"https:\/\/librairie7l.com\/en\/#\/schema\/logo\/image\/\"}}]}<\/script>\n<!-- \/ Yoast SEO plugin. -->","yoast_head_json":{"title":"Messages cr\u00e9atifs de Coco Chanel : 12 cartes incluses - Librairie 7L","robots":{"index":"index","follow":"follow","max-snippet":"max-snippet:-1","max-image-preview":"max-image-preview:large","max-video-preview":"max-video-preview:-1"},"canonical":"https:\/\/librairie7l.com\/en\/produit\/messages-creatifs-de-coco-chanel-12-cartes-incluses-2\/","og_locale":"en_US","og_type":"article","og_title":"Messages cr\u00e9atifs de Coco Chanel : 12 cartes incluses - Librairie 7L","og_description":"\u00ab Ma vie ne me plaisait pas, alors j&#8217;ai cr\u00e9\u00e9 ma vie. \u00bb Coco Chanel Un c\u00e9l\u00e8bre pseudonyme, un parfum et un sac iconiques, un tailleur ind\u00e9modable&#8230; Autant de symboles qui rendent l&#8217;intemporelle Coco Chanel aussi myst\u00e9rieuse qu&#8217;insaisissable. Des trag\u00e9dies, elle en a surmont\u00e9 pour devenir la femme incontournable connue de tous. Toute sa vie, [&hellip;]","og_url":"https:\/\/librairie7l.com\/en\/produit\/messages-creatifs-de-coco-chanel-12-cartes-incluses-2\/","og_site_name":"Librairie 7L","article_modified_time":"2026-05-12T20:06:28+00:00","og_image":[{"width":600,"height":1071,"url":"https:\/\/librairie7l.com\/wp-content\/uploads\/2024\/07\/9782940787036_1_75.jpg","type":"image\/jpeg"}],"twitter_card":"summary_large_image","twitter_misc":{"Est. reading time":"1 minute"},"schema":{"@context":"https:\/\/schema.org","@graph":[{"@type":"WebPage","@id":"https:\/\/librairie7l.com\/en\/produit\/messages-creatifs-de-coco-chanel-12-cartes-incluses-2\/","url":"https:\/\/librairie7l.com\/en\/produit\/messages-creatifs-de-coco-chanel-12-cartes-incluses-2\/","name":"Messages cr\u00e9atifs de Coco Chanel : 12 cartes incluses - Librairie 7L","isPartOf":{"@id":"https:\/\/librairie7l.com\/en\/#website"},"datePublished":"2026-05-12T12:07:24+00:00","dateModified":"2026-05-12T20:06:28+00:00","breadcrumb":{"@id":"https:\/\/librairie7l.com\/en\/produit\/messages-creatifs-de-coco-chanel-12-cartes-incluses-2\/#breadcrumb"},"inLanguage":"en-US","potentialAction":[{"@type":"ReadAction","target":["https:\/\/librairie7l.com\/en\/produit\/messages-creatifs-de-coco-chanel-12-cartes-incluses-2\/"]}]},{"@type":"BreadcrumbList","@id":"https:\/\/librairie7l.com\/en\/produit\/messages-creatifs-de-coco-chanel-12-cartes-incluses-2\/#breadcrumb","itemListElement":[{"@type":"ListItem","position":1,"name":"Accueil","item":"https:\/\/librairie7l.com\/en\/"},{"@type":"ListItem","position":2,"name":"Shop","item":"https:\/\/librairie7l.com\/en\/shop\/"},{"@type":"ListItem","position":3,"name":"MESSAGES CR\u00c9ATIFS DE COCO CHANEL : 12 CARTES INCLUSES"}]},{"@type":"WebSite","@id":"https:\/\/librairie7l.com\/en\/#website","url":"https:\/\/librairie7l.com\/en\/","name":"Librairie 7L","description":"Librairie fond\u00e9e en 1999 par Karl Lagerfeld \u00e0 Paris","publisher":{"@id":"https:\/\/librairie7l.com\/en\/#organization"},"potentialAction":[{"@type":"SearchAction","target":{"@type":"EntryPoint","urlTemplate":"https:\/\/librairie7l.com\/en\/?s={search_term_string}"},"query-input":"required name=search_term_string"}],"inLanguage":"en-US"},{"@type":"Organization","@id":"https:\/\/librairie7l.com\/en\/#organization","name":"Librairie 7L","url":"https:\/\/librairie7l.com\/en\/","logo":{"@type":"ImageObject","inLanguage":"en-US","@id":"https:\/\/librairie7l.com\/en\/#\/schema\/logo\/image\/","url":"https:\/\/librairie7l.com\/wp-content\/uploads\/2022\/08\/logo-1.png","contentUrl":"https:\/\/librairie7l.com\/wp-content\/uploads\/2022\/08\/logo-1.png","width":227,"height":301,"caption":"Librairie 7L"},"image":{"@id":"https:\/\/librairie7l.com\/en\/#\/schema\/logo\/image\/"}}]}},"_links":{"self":[{"href":"https:\/\/librairie7l.com\/en\/wp-json\/wp\/v2\/product\/57047"}],"collection":[{"href":"https:\/\/librairie7l.com\/en\/wp-json\/wp\/v2\/product"}],"about":[{"href":"https:\/\/librairie7l.com\/en\/wp-json\/wp\/v2\/types\/product"}],"wp:featuredmedia":[{"embeddable":true,"href":"https:\/\/librairie7l.com\/en\/wp-json\/wp\/v2\/media\/57045"}],"wp:attachment":[{"href":"https:\/\/librairie7l.com\/en\/wp-json\/wp\/v2\/media?parent=57047"}],"wp:term":[{"taxonomy":"product_cat","embeddable":true,"href":"https:\/\/librairie7l.com\/en\/wp-json\/wp\/v2\/product_cat?post=57047"},{"taxonomy":"product_tag","embeddable":true,"href":"https:\/\/librairie7l.com\/en\/wp-json\/wp\/v2\/product_tag?post=57047"}],"curies":[{"name":"wp","href":"https:\/\/api.w.org\/{rel}","templated":true}]}}