{"id":57059,"date":"2026-05-13T09:18:13","date_gmt":"2026-05-13T07:18:13","guid":{"rendered":"https:\/\/librairie7l.com\/?post_type=product&#038;p=57059"},"modified":"2026-05-13T11:20:16","modified_gmt":"2026-05-13T09:20:16","slug":"jacques-garcia-le-chateau-du-champ-de-bataille-2","status":"publish","type":"product","link":"https:\/\/librairie7l.com\/en\/produit\/jacques-garcia-le-chateau-du-champ-de-bataille-2\/","title":{"rendered":"JACQUES GARCIA : LE CH\u00c2TEAU DU CHAMP DE BATAILLE"},"content":{"rendered":"<p>Surplombant majestueusement les riches terres de Normandie, le ch\u00e2teau du Champ de Bataille, propri\u00e9t\u00e9 de Jacques Garcia, constitue un v\u00e9ritable fleuron de l&#8217;architecture, du mobilier et du jardin \u00e0 la fran\u00e7aise des xviie et XVIIIe si\u00e8cles. Construit par le comte Alexandre de Cr\u00e9qui entre 1653 et 1665, ce somptueux ch\u00e2teau, alors en bien mauvais \u00e9tat, a \u00e9t\u00e9 acquis par Jacques Garcia il y a trente ans. C&#8217;est avec passion qu&#8217;il en a entrepris la restauration pour lui rendre sa splendeur pass\u00e9e et en faire sa demeure. Les \u00e9l\u00e9gantes pi\u00e8ces du ch\u00e2teau sont pourvues d&#8217;une collection admirable de peintures, de sculptures, de porcelaine, d&#8217;argenterie et de meubles, dont beaucoup proviennent des collections royales de l&#8217;Ancien R\u00e9gime. De vastes et splendides jardins s&#8217;\u00e9tendent sur plus de quarante-cinq hectares. Le jardin fran\u00e7ais, en majest\u00e9 au centre du domaine, a \u00e9t\u00e9 recr\u00e9\u00e9 d&#8217;apr\u00e8s un dessin de la main d&#8217;Andr\u00e9 Le N\u00f4tre. De part et d&#8217;autre de l&#8217;axe central, le go\u00fbt de l&#8217;exotisme, cher au XVIIIe si\u00e8cle, invite au voyage dans des contr\u00e9es et des civilisations parfois disparues. Ainsi le jardin \u00e9gyptien, le jardin anglo-indien, la grotte de Cyb\u00e8le et le th\u00e9\u00e2tre antique surprennent et \u00e9merveillent les visiteurs qui se prom\u00e8nent le long des all\u00e9es. Non loin, en contrebas, \u00e0 l&#8217;abri des regards, se dresse le tr\u00e8s secret pavillon des r\u00eaves, imagin\u00e9 et enti\u00e8rement construit par Jacques Garcia \u00e0 partir d&#8217;authentiques vestiges, magnifique ode \u00e0 l&#8217;Inde moghole qu&#8217;il adore. Cet ouvrage superbement illustr\u00e9 est une v\u00e9ritable source d&#8217;inspiration pour tous ceux qui se passionnent pour la d\u00e9coration d&#8217;int\u00e9rieur, les principes de la restauration et l&#8217;art des jardins.<\/p>\n","protected":false},"excerpt":{"rendered":"<p>Surplombant majestueusement les riches terres de Normandie, le ch\u00e2teau du Champ de Bataille, propri\u00e9t\u00e9 de Jacques Garcia, constitue un v\u00e9ritable fleuron de l&#8217;architecture, du mobilier et du jardin \u00e0 la fran\u00e7aise des xviie et XVIIIe si\u00e8cles. Construit par le comte Alexandre de Cr\u00e9qui entre 1653 et 1665, ce somptueux ch\u00e2teau, alors en bien mauvais \u00e9tat, [&hellip;]<\/p>\n","protected":false},"featured_media":57057,"template":"","meta":[],"product_cat":[2948],"product_tag":[],"acf":[],"yoast_head":"<!-- This site is optimized with the Yoast SEO plugin v20.11 - https:\/\/yoast.com\/wordpress\/plugins\/seo\/ -->\n<title>Jacques Garcia : Le Ch\u00e2teau du Champ de Bataille - Librairie 7L<\/title>\n<meta name=\"robots\" content=\"index, follow, max-snippet:-1, max-image-preview:large, max-video-preview:-1\" \/>\n<link rel=\"canonical\" href=\"https:\/\/librairie7l.com\/en\/produit\/jacques-garcia-le-chateau-du-champ-de-bataille-2\/\" \/>\n<meta property=\"og:locale\" content=\"en_US\" \/>\n<meta property=\"og:type\" content=\"article\" \/>\n<meta property=\"og:title\" content=\"Jacques Garcia : Le Ch\u00e2teau du Champ de Bataille - Librairie 7L\" \/>\n<meta property=\"og:description\" content=\"Surplombant majestueusement les riches terres de Normandie, le ch\u00e2teau du Champ de Bataille, propri\u00e9t\u00e9 de Jacques Garcia, constitue un v\u00e9ritable fleuron de l&#8217;architecture, du mobilier et du jardin \u00e0 la fran\u00e7aise des xviie et XVIIIe si\u00e8cles. Construit par le comte Alexandre de Cr\u00e9qui entre 1653 et 1665, ce somptueux ch\u00e2teau, alors en bien mauvais \u00e9tat, [&hellip;]\" \/>\n<meta property=\"og:url\" content=\"https:\/\/librairie7l.com\/en\/produit\/jacques-garcia-le-chateau-du-champ-de-bataille-2\/\" \/>\n<meta property=\"og:site_name\" content=\"Librairie 7L\" \/>\n<meta property=\"article:modified_time\" content=\"2026-05-13T09:20:16+00:00\" \/>\n<meta property=\"og:image\" content=\"https:\/\/librairie7l.com\/wp-content\/uploads\/2025\/12\/9782080159533_1_75.jpg\" \/>\n\t<meta property=\"og:image:width\" content=\"600\" \/>\n\t<meta property=\"og:image:height\" content=\"787\" \/>\n\t<meta property=\"og:image:type\" content=\"image\/jpeg\" \/>\n<meta name=\"twitter:card\" content=\"summary_large_image\" \/>\n<meta name=\"twitter:label1\" content=\"Est. reading time\" \/>\n\t<meta name=\"twitter:data1\" content=\"1 minute\" \/>\n<script type=\"application\/ld+json\" class=\"yoast-schema-graph\">{\"@context\":\"https:\/\/schema.org\",\"@graph\":[{\"@type\":\"WebPage\",\"@id\":\"https:\/\/librairie7l.com\/en\/produit\/jacques-garcia-le-chateau-du-champ-de-bataille-2\/\",\"url\":\"https:\/\/librairie7l.com\/en\/produit\/jacques-garcia-le-chateau-du-champ-de-bataille-2\/\",\"name\":\"Jacques Garcia : Le Ch\u00e2teau du Champ de Bataille - Librairie 7L\",\"isPartOf\":{\"@id\":\"https:\/\/librairie7l.com\/en\/#website\"},\"datePublished\":\"2026-05-13T07:18:13+00:00\",\"dateModified\":\"2026-05-13T09:20:16+00:00\",\"breadcrumb\":{\"@id\":\"https:\/\/librairie7l.com\/en\/produit\/jacques-garcia-le-chateau-du-champ-de-bataille-2\/#breadcrumb\"},\"inLanguage\":\"en-US\",\"potentialAction\":[{\"@type\":\"ReadAction\",\"target\":[\"https:\/\/librairie7l.com\/en\/produit\/jacques-garcia-le-chateau-du-champ-de-bataille-2\/\"]}]},{\"@type\":\"BreadcrumbList\",\"@id\":\"https:\/\/librairie7l.com\/en\/produit\/jacques-garcia-le-chateau-du-champ-de-bataille-2\/#breadcrumb\",\"itemListElement\":[{\"@type\":\"ListItem\",\"position\":1,\"name\":\"Accueil\",\"item\":\"https:\/\/librairie7l.com\/en\/\"},{\"@type\":\"ListItem\",\"position\":2,\"name\":\"Shop\",\"item\":\"https:\/\/librairie7l.com\/en\/shop\/\"},{\"@type\":\"ListItem\",\"position\":3,\"name\":\"JACQUES GARCIA : LE CH\u00c2TEAU DU CHAMP DE BATAILLE\"}]},{\"@type\":\"WebSite\",\"@id\":\"https:\/\/librairie7l.com\/en\/#website\",\"url\":\"https:\/\/librairie7l.com\/en\/\",\"name\":\"Librairie 7L\",\"description\":\"Librairie fond\u00e9e en 1999 par Karl Lagerfeld \u00e0 Paris\",\"publisher\":{\"@id\":\"https:\/\/librairie7l.com\/en\/#organization\"},\"potentialAction\":[{\"@type\":\"SearchAction\",\"target\":{\"@type\":\"EntryPoint\",\"urlTemplate\":\"https:\/\/librairie7l.com\/en\/?s={search_term_string}\"},\"query-input\":\"required name=search_term_string\"}],\"inLanguage\":\"en-US\"},{\"@type\":\"Organization\",\"@id\":\"https:\/\/librairie7l.com\/en\/#organization\",\"name\":\"Librairie 7L\",\"url\":\"https:\/\/librairie7l.com\/en\/\",\"logo\":{\"@type\":\"ImageObject\",\"inLanguage\":\"en-US\",\"@id\":\"https:\/\/librairie7l.com\/en\/#\/schema\/logo\/image\/\",\"url\":\"https:\/\/librairie7l.com\/wp-content\/uploads\/2022\/08\/logo-1.png\",\"contentUrl\":\"https:\/\/librairie7l.com\/wp-content\/uploads\/2022\/08\/logo-1.png\",\"width\":227,\"height\":301,\"caption\":\"Librairie 7L\"},\"image\":{\"@id\":\"https:\/\/librairie7l.com\/en\/#\/schema\/logo\/image\/\"}}]}<\/script>\n<!-- \/ Yoast SEO plugin. -->","yoast_head_json":{"title":"Jacques Garcia : Le Ch\u00e2teau du Champ de Bataille - Librairie 7L","robots":{"index":"index","follow":"follow","max-snippet":"max-snippet:-1","max-image-preview":"max-image-preview:large","max-video-preview":"max-video-preview:-1"},"canonical":"https:\/\/librairie7l.com\/en\/produit\/jacques-garcia-le-chateau-du-champ-de-bataille-2\/","og_locale":"en_US","og_type":"article","og_title":"Jacques Garcia : Le Ch\u00e2teau du Champ de Bataille - Librairie 7L","og_description":"Surplombant majestueusement les riches terres de Normandie, le ch\u00e2teau du Champ de Bataille, propri\u00e9t\u00e9 de Jacques Garcia, constitue un v\u00e9ritable fleuron de l&#8217;architecture, du mobilier et du jardin \u00e0 la fran\u00e7aise des xviie et XVIIIe si\u00e8cles. Construit par le comte Alexandre de Cr\u00e9qui entre 1653 et 1665, ce somptueux ch\u00e2teau, alors en bien mauvais \u00e9tat, [&hellip;]","og_url":"https:\/\/librairie7l.com\/en\/produit\/jacques-garcia-le-chateau-du-champ-de-bataille-2\/","og_site_name":"Librairie 7L","article_modified_time":"2026-05-13T09:20:16+00:00","og_image":[{"width":600,"height":787,"url":"https:\/\/librairie7l.com\/wp-content\/uploads\/2025\/12\/9782080159533_1_75.jpg","type":"image\/jpeg"}],"twitter_card":"summary_large_image","twitter_misc":{"Est. reading time":"1 minute"},"schema":{"@context":"https:\/\/schema.org","@graph":[{"@type":"WebPage","@id":"https:\/\/librairie7l.com\/en\/produit\/jacques-garcia-le-chateau-du-champ-de-bataille-2\/","url":"https:\/\/librairie7l.com\/en\/produit\/jacques-garcia-le-chateau-du-champ-de-bataille-2\/","name":"Jacques Garcia : Le Ch\u00e2teau du Champ de Bataille - Librairie 7L","isPartOf":{"@id":"https:\/\/librairie7l.com\/en\/#website"},"datePublished":"2026-05-13T07:18:13+00:00","dateModified":"2026-05-13T09:20:16+00:00","breadcrumb":{"@id":"https:\/\/librairie7l.com\/en\/produit\/jacques-garcia-le-chateau-du-champ-de-bataille-2\/#breadcrumb"},"inLanguage":"en-US","potentialAction":[{"@type":"ReadAction","target":["https:\/\/librairie7l.com\/en\/produit\/jacques-garcia-le-chateau-du-champ-de-bataille-2\/"]}]},{"@type":"BreadcrumbList","@id":"https:\/\/librairie7l.com\/en\/produit\/jacques-garcia-le-chateau-du-champ-de-bataille-2\/#breadcrumb","itemListElement":[{"@type":"ListItem","position":1,"name":"Accueil","item":"https:\/\/librairie7l.com\/en\/"},{"@type":"ListItem","position":2,"name":"Shop","item":"https:\/\/librairie7l.com\/en\/shop\/"},{"@type":"ListItem","position":3,"name":"JACQUES GARCIA : LE CH\u00c2TEAU DU CHAMP DE BATAILLE"}]},{"@type":"WebSite","@id":"https:\/\/librairie7l.com\/en\/#website","url":"https:\/\/librairie7l.com\/en\/","name":"Librairie 7L","description":"Librairie fond\u00e9e en 1999 par Karl Lagerfeld \u00e0 Paris","publisher":{"@id":"https:\/\/librairie7l.com\/en\/#organization"},"potentialAction":[{"@type":"SearchAction","target":{"@type":"EntryPoint","urlTemplate":"https:\/\/librairie7l.com\/en\/?s={search_term_string}"},"query-input":"required name=search_term_string"}],"inLanguage":"en-US"},{"@type":"Organization","@id":"https:\/\/librairie7l.com\/en\/#organization","name":"Librairie 7L","url":"https:\/\/librairie7l.com\/en\/","logo":{"@type":"ImageObject","inLanguage":"en-US","@id":"https:\/\/librairie7l.com\/en\/#\/schema\/logo\/image\/","url":"https:\/\/librairie7l.com\/wp-content\/uploads\/2022\/08\/logo-1.png","contentUrl":"https:\/\/librairie7l.com\/wp-content\/uploads\/2022\/08\/logo-1.png","width":227,"height":301,"caption":"Librairie 7L"},"image":{"@id":"https:\/\/librairie7l.com\/en\/#\/schema\/logo\/image\/"}}]}},"_links":{"self":[{"href":"https:\/\/librairie7l.com\/en\/wp-json\/wp\/v2\/product\/57059"}],"collection":[{"href":"https:\/\/librairie7l.com\/en\/wp-json\/wp\/v2\/product"}],"about":[{"href":"https:\/\/librairie7l.com\/en\/wp-json\/wp\/v2\/types\/product"}],"wp:featuredmedia":[{"embeddable":true,"href":"https:\/\/librairie7l.com\/en\/wp-json\/wp\/v2\/media\/57057"}],"wp:attachment":[{"href":"https:\/\/librairie7l.com\/en\/wp-json\/wp\/v2\/media?parent=57059"}],"wp:term":[{"taxonomy":"product_cat","embeddable":true,"href":"https:\/\/librairie7l.com\/en\/wp-json\/wp\/v2\/product_cat?post=57059"},{"taxonomy":"product_tag","embeddable":true,"href":"https:\/\/librairie7l.com\/en\/wp-json\/wp\/v2\/product_tag?post=57059"}],"curies":[{"name":"wp","href":"https:\/\/api.w.org\/{rel}","templated":true}]}}