{"id":57063,"date":"2026-05-13T09:18:17","date_gmt":"2026-05-13T07:18:17","guid":{"rendered":"https:\/\/librairie7l.com\/?post_type=product&#038;p=57063"},"modified":"2026-05-13T11:20:18","modified_gmt":"2026-05-13T09:20:18","slug":"les-femmes-dangereuses-2","status":"publish","type":"product","link":"https:\/\/librairie7l.com\/en\/produit\/les-femmes-dangereuses-2\/","title":{"rendered":"LES FEMMES DANGEREUSES"},"content":{"rendered":"<p>\u00abElles existent \u00e0 travers le monde, affrontant l&#8217;avenir avec inqui\u00e9tude et tentant d&#8217;embrasser ce qu&#8217;elles per\u00e7oivent, de faire corps avec elles-m\u00eames, d&#8217;\u00eatre au plus pr\u00e8s de la faille, de l&#8217;incertitude, du trouble, de l&#8217;approche de la v\u00e9rit\u00e9.\u00bb Laure Adler La plume \u00e9rudite et brillante de Laure Adler, remet tr\u00e8s justement en lumi\u00e8re les femmes \u00bf \u00e9crivaines, artistes, penseuses ou photographes \u00bf qui ont trop souvent \u00e9t\u00e9 invisibilis\u00e9es. Cet ouvrage est une compilation originale des textes issus de la collection \u00abLes Femmes qui\u00bb, pr\u00e9fac\u00e9 d&#8217;un essai in\u00e9dit de Laure Adler.<\/p>\n","protected":false},"excerpt":{"rendered":"<p>\u00abElles existent \u00e0 travers le monde, affrontant l&#8217;avenir avec inqui\u00e9tude et tentant d&#8217;embrasser ce qu&#8217;elles per\u00e7oivent, de faire corps avec elles-m\u00eames, d&#8217;\u00eatre au plus pr\u00e8s de la faille, de l&#8217;incertitude, du trouble, de l&#8217;approche de la v\u00e9rit\u00e9.\u00bb Laure Adler La plume \u00e9rudite et brillante de Laure Adler, remet tr\u00e8s justement en lumi\u00e8re les femmes \u00bf [&hellip;]<\/p>\n","protected":false},"featured_media":57061,"template":"","meta":[],"product_cat":[2948],"product_tag":[],"acf":[],"yoast_head":"<!-- This site is optimized with the Yoast SEO plugin v20.11 - https:\/\/yoast.com\/wordpress\/plugins\/seo\/ -->\n<title>Les femmes dangereuses - Librairie 7L<\/title>\n<meta name=\"robots\" content=\"index, follow, max-snippet:-1, max-image-preview:large, max-video-preview:-1\" \/>\n<link rel=\"canonical\" href=\"https:\/\/librairie7l.com\/en\/produit\/les-femmes-dangereuses-2\/\" \/>\n<meta property=\"og:locale\" content=\"en_US\" \/>\n<meta property=\"og:type\" content=\"article\" \/>\n<meta property=\"og:title\" content=\"Les femmes dangereuses - Librairie 7L\" \/>\n<meta property=\"og:description\" content=\"\u00abElles existent \u00e0 travers le monde, affrontant l&#8217;avenir avec inqui\u00e9tude et tentant d&#8217;embrasser ce qu&#8217;elles per\u00e7oivent, de faire corps avec elles-m\u00eames, d&#8217;\u00eatre au plus pr\u00e8s de la faille, de l&#8217;incertitude, du trouble, de l&#8217;approche de la v\u00e9rit\u00e9.\u00bb Laure Adler La plume \u00e9rudite et brillante de Laure Adler, remet tr\u00e8s justement en lumi\u00e8re les femmes \u00bf [&hellip;]\" \/>\n<meta property=\"og:url\" content=\"https:\/\/librairie7l.com\/en\/produit\/les-femmes-dangereuses-2\/\" \/>\n<meta property=\"og:site_name\" content=\"Librairie 7L\" \/>\n<meta property=\"article:modified_time\" content=\"2026-05-13T09:20:18+00:00\" \/>\n<meta property=\"og:image\" content=\"https:\/\/librairie7l.com\/wp-content\/uploads\/2026\/02\/9782080162724_1_75.jpg\" \/>\n\t<meta property=\"og:image:width\" content=\"600\" \/>\n\t<meta property=\"og:image:height\" content=\"933\" \/>\n\t<meta property=\"og:image:type\" content=\"image\/jpeg\" \/>\n<meta name=\"twitter:card\" content=\"summary_large_image\" \/>\n<script type=\"application\/ld+json\" class=\"yoast-schema-graph\">{\"@context\":\"https:\/\/schema.org\",\"@graph\":[{\"@type\":\"WebPage\",\"@id\":\"https:\/\/librairie7l.com\/en\/produit\/les-femmes-dangereuses-2\/\",\"url\":\"https:\/\/librairie7l.com\/en\/produit\/les-femmes-dangereuses-2\/\",\"name\":\"Les femmes dangereuses - Librairie 7L\",\"isPartOf\":{\"@id\":\"https:\/\/librairie7l.com\/en\/#website\"},\"datePublished\":\"2026-05-13T07:18:17+00:00\",\"dateModified\":\"2026-05-13T09:20:18+00:00\",\"breadcrumb\":{\"@id\":\"https:\/\/librairie7l.com\/en\/produit\/les-femmes-dangereuses-2\/#breadcrumb\"},\"inLanguage\":\"en-US\",\"potentialAction\":[{\"@type\":\"ReadAction\",\"target\":[\"https:\/\/librairie7l.com\/en\/produit\/les-femmes-dangereuses-2\/\"]}]},{\"@type\":\"BreadcrumbList\",\"@id\":\"https:\/\/librairie7l.com\/en\/produit\/les-femmes-dangereuses-2\/#breadcrumb\",\"itemListElement\":[{\"@type\":\"ListItem\",\"position\":1,\"name\":\"Accueil\",\"item\":\"https:\/\/librairie7l.com\/en\/\"},{\"@type\":\"ListItem\",\"position\":2,\"name\":\"Shop\",\"item\":\"https:\/\/librairie7l.com\/en\/shop\/\"},{\"@type\":\"ListItem\",\"position\":3,\"name\":\"LES FEMMES DANGEREUSES\"}]},{\"@type\":\"WebSite\",\"@id\":\"https:\/\/librairie7l.com\/en\/#website\",\"url\":\"https:\/\/librairie7l.com\/en\/\",\"name\":\"Librairie 7L\",\"description\":\"Librairie fond\u00e9e en 1999 par Karl Lagerfeld \u00e0 Paris\",\"publisher\":{\"@id\":\"https:\/\/librairie7l.com\/en\/#organization\"},\"potentialAction\":[{\"@type\":\"SearchAction\",\"target\":{\"@type\":\"EntryPoint\",\"urlTemplate\":\"https:\/\/librairie7l.com\/en\/?s={search_term_string}\"},\"query-input\":\"required name=search_term_string\"}],\"inLanguage\":\"en-US\"},{\"@type\":\"Organization\",\"@id\":\"https:\/\/librairie7l.com\/en\/#organization\",\"name\":\"Librairie 7L\",\"url\":\"https:\/\/librairie7l.com\/en\/\",\"logo\":{\"@type\":\"ImageObject\",\"inLanguage\":\"en-US\",\"@id\":\"https:\/\/librairie7l.com\/en\/#\/schema\/logo\/image\/\",\"url\":\"https:\/\/librairie7l.com\/wp-content\/uploads\/2022\/08\/logo-1.png\",\"contentUrl\":\"https:\/\/librairie7l.com\/wp-content\/uploads\/2022\/08\/logo-1.png\",\"width\":227,\"height\":301,\"caption\":\"Librairie 7L\"},\"image\":{\"@id\":\"https:\/\/librairie7l.com\/en\/#\/schema\/logo\/image\/\"}}]}<\/script>\n<!-- \/ Yoast SEO plugin. -->","yoast_head_json":{"title":"Les femmes dangereuses - Librairie 7L","robots":{"index":"index","follow":"follow","max-snippet":"max-snippet:-1","max-image-preview":"max-image-preview:large","max-video-preview":"max-video-preview:-1"},"canonical":"https:\/\/librairie7l.com\/en\/produit\/les-femmes-dangereuses-2\/","og_locale":"en_US","og_type":"article","og_title":"Les femmes dangereuses - Librairie 7L","og_description":"\u00abElles existent \u00e0 travers le monde, affrontant l&#8217;avenir avec inqui\u00e9tude et tentant d&#8217;embrasser ce qu&#8217;elles per\u00e7oivent, de faire corps avec elles-m\u00eames, d&#8217;\u00eatre au plus pr\u00e8s de la faille, de l&#8217;incertitude, du trouble, de l&#8217;approche de la v\u00e9rit\u00e9.\u00bb Laure Adler La plume \u00e9rudite et brillante de Laure Adler, remet tr\u00e8s justement en lumi\u00e8re les femmes \u00bf [&hellip;]","og_url":"https:\/\/librairie7l.com\/en\/produit\/les-femmes-dangereuses-2\/","og_site_name":"Librairie 7L","article_modified_time":"2026-05-13T09:20:18+00:00","og_image":[{"width":600,"height":933,"url":"https:\/\/librairie7l.com\/wp-content\/uploads\/2026\/02\/9782080162724_1_75.jpg","type":"image\/jpeg"}],"twitter_card":"summary_large_image","schema":{"@context":"https:\/\/schema.org","@graph":[{"@type":"WebPage","@id":"https:\/\/librairie7l.com\/en\/produit\/les-femmes-dangereuses-2\/","url":"https:\/\/librairie7l.com\/en\/produit\/les-femmes-dangereuses-2\/","name":"Les femmes dangereuses - Librairie 7L","isPartOf":{"@id":"https:\/\/librairie7l.com\/en\/#website"},"datePublished":"2026-05-13T07:18:17+00:00","dateModified":"2026-05-13T09:20:18+00:00","breadcrumb":{"@id":"https:\/\/librairie7l.com\/en\/produit\/les-femmes-dangereuses-2\/#breadcrumb"},"inLanguage":"en-US","potentialAction":[{"@type":"ReadAction","target":["https:\/\/librairie7l.com\/en\/produit\/les-femmes-dangereuses-2\/"]}]},{"@type":"BreadcrumbList","@id":"https:\/\/librairie7l.com\/en\/produit\/les-femmes-dangereuses-2\/#breadcrumb","itemListElement":[{"@type":"ListItem","position":1,"name":"Accueil","item":"https:\/\/librairie7l.com\/en\/"},{"@type":"ListItem","position":2,"name":"Shop","item":"https:\/\/librairie7l.com\/en\/shop\/"},{"@type":"ListItem","position":3,"name":"LES FEMMES DANGEREUSES"}]},{"@type":"WebSite","@id":"https:\/\/librairie7l.com\/en\/#website","url":"https:\/\/librairie7l.com\/en\/","name":"Librairie 7L","description":"Librairie fond\u00e9e en 1999 par Karl Lagerfeld \u00e0 Paris","publisher":{"@id":"https:\/\/librairie7l.com\/en\/#organization"},"potentialAction":[{"@type":"SearchAction","target":{"@type":"EntryPoint","urlTemplate":"https:\/\/librairie7l.com\/en\/?s={search_term_string}"},"query-input":"required name=search_term_string"}],"inLanguage":"en-US"},{"@type":"Organization","@id":"https:\/\/librairie7l.com\/en\/#organization","name":"Librairie 7L","url":"https:\/\/librairie7l.com\/en\/","logo":{"@type":"ImageObject","inLanguage":"en-US","@id":"https:\/\/librairie7l.com\/en\/#\/schema\/logo\/image\/","url":"https:\/\/librairie7l.com\/wp-content\/uploads\/2022\/08\/logo-1.png","contentUrl":"https:\/\/librairie7l.com\/wp-content\/uploads\/2022\/08\/logo-1.png","width":227,"height":301,"caption":"Librairie 7L"},"image":{"@id":"https:\/\/librairie7l.com\/en\/#\/schema\/logo\/image\/"}}]}},"_links":{"self":[{"href":"https:\/\/librairie7l.com\/en\/wp-json\/wp\/v2\/product\/57063"}],"collection":[{"href":"https:\/\/librairie7l.com\/en\/wp-json\/wp\/v2\/product"}],"about":[{"href":"https:\/\/librairie7l.com\/en\/wp-json\/wp\/v2\/types\/product"}],"wp:featuredmedia":[{"embeddable":true,"href":"https:\/\/librairie7l.com\/en\/wp-json\/wp\/v2\/media\/57061"}],"wp:attachment":[{"href":"https:\/\/librairie7l.com\/en\/wp-json\/wp\/v2\/media?parent=57063"}],"wp:term":[{"taxonomy":"product_cat","embeddable":true,"href":"https:\/\/librairie7l.com\/en\/wp-json\/wp\/v2\/product_cat?post=57063"},{"taxonomy":"product_tag","embeddable":true,"href":"https:\/\/librairie7l.com\/en\/wp-json\/wp\/v2\/product_tag?post=57063"}],"curies":[{"name":"wp","href":"https:\/\/api.w.org\/{rel}","templated":true}]}}