{"id":57067,"date":"2026-05-13T09:18:21","date_gmt":"2026-05-13T07:18:21","guid":{"rendered":"https:\/\/librairie7l.com\/?post_type=product&#038;p=57067"},"modified":"2026-05-13T11:20:10","modified_gmt":"2026-05-13T09:20:10","slug":"marilyn-cherie-2","status":"publish","type":"product","link":"https:\/\/librairie7l.com\/en\/produit\/marilyn-cherie-2\/","title":{"rendered":"MARILYN CH\u00c9RIE"},"content":{"rendered":"<p>\u00c0 l&#8217;occasion du centenaire de Marilyn Monroe, Catherine Deneuve et le collectionneur S\u00e9bastien Cauchon rendent hommage \u00e0 celle qui demeure la plus grande star du XXe si\u00e8cle. Dans Marilyn Ch\u00e9rie, Catherine Deneuve porte un regard libre, tendre et tr\u00e8s personnel sur les photographies de celle qu&#8217;elle consid\u00e8re comme \u00abla plus belle image jamais vue sur un \u00e9cran\u00bb. \u00c0 partir d&#8217;un ensemble exceptionnel de photographies &#8211; dont certaines in\u00e9dites &#8211; se dessine un portrait sensible de la star\u00a0:\u00a0son charme, son intelligence, ses paradoxes, son courage, mais aussi ce myst\u00e8re que l&#8217;image ne peut enti\u00e8rement saisir.<\/p>\n","protected":false},"excerpt":{"rendered":"<p>\u00c0 l&#8217;occasion du centenaire de Marilyn Monroe, Catherine Deneuve et le collectionneur S\u00e9bastien Cauchon rendent hommage \u00e0 celle qui demeure la plus grande star du XXe si\u00e8cle. Dans Marilyn Ch\u00e9rie, Catherine Deneuve porte un regard libre, tendre et tr\u00e8s personnel sur les photographies de celle qu&#8217;elle consid\u00e8re comme \u00abla plus belle image jamais vue sur [&hellip;]<\/p>\n","protected":false},"featured_media":57065,"template":"","meta":[],"product_cat":[2948],"product_tag":[],"acf":[],"yoast_head":"<!-- This site is optimized with the Yoast SEO plugin v20.11 - https:\/\/yoast.com\/wordpress\/plugins\/seo\/ -->\n<title>Marilyn ch\u00e9rie - Librairie 7L<\/title>\n<meta name=\"robots\" content=\"index, follow, max-snippet:-1, max-image-preview:large, max-video-preview:-1\" \/>\n<link rel=\"canonical\" href=\"https:\/\/librairie7l.com\/en\/produit\/marilyn-cherie-2\/\" \/>\n<meta property=\"og:locale\" content=\"en_US\" \/>\n<meta property=\"og:type\" content=\"article\" \/>\n<meta property=\"og:title\" content=\"Marilyn ch\u00e9rie - Librairie 7L\" \/>\n<meta property=\"og:description\" content=\"\u00c0 l&#8217;occasion du centenaire de Marilyn Monroe, Catherine Deneuve et le collectionneur S\u00e9bastien Cauchon rendent hommage \u00e0 celle qui demeure la plus grande star du XXe si\u00e8cle. Dans Marilyn Ch\u00e9rie, Catherine Deneuve porte un regard libre, tendre et tr\u00e8s personnel sur les photographies de celle qu&#8217;elle consid\u00e8re comme \u00abla plus belle image jamais vue sur [&hellip;]\" \/>\n<meta property=\"og:url\" content=\"https:\/\/librairie7l.com\/en\/produit\/marilyn-cherie-2\/\" \/>\n<meta property=\"og:site_name\" content=\"Librairie 7L\" \/>\n<meta property=\"article:modified_time\" content=\"2026-05-13T09:20:10+00:00\" \/>\n<meta property=\"og:image\" content=\"https:\/\/librairie7l.com\/wp-content\/uploads\/2026\/02\/9782080511867_1_75.jpg\" \/>\n\t<meta property=\"og:image:width\" content=\"600\" \/>\n\t<meta property=\"og:image:height\" content=\"762\" \/>\n\t<meta property=\"og:image:type\" content=\"image\/jpeg\" \/>\n<meta name=\"twitter:card\" content=\"summary_large_image\" \/>\n<meta name=\"twitter:label1\" content=\"Est. reading time\" \/>\n\t<meta name=\"twitter:data1\" content=\"1 minute\" \/>\n<script type=\"application\/ld+json\" class=\"yoast-schema-graph\">{\"@context\":\"https:\/\/schema.org\",\"@graph\":[{\"@type\":\"WebPage\",\"@id\":\"https:\/\/librairie7l.com\/en\/produit\/marilyn-cherie-2\/\",\"url\":\"https:\/\/librairie7l.com\/en\/produit\/marilyn-cherie-2\/\",\"name\":\"Marilyn ch\u00e9rie - Librairie 7L\",\"isPartOf\":{\"@id\":\"https:\/\/librairie7l.com\/en\/#website\"},\"datePublished\":\"2026-05-13T07:18:21+00:00\",\"dateModified\":\"2026-05-13T09:20:10+00:00\",\"breadcrumb\":{\"@id\":\"https:\/\/librairie7l.com\/en\/produit\/marilyn-cherie-2\/#breadcrumb\"},\"inLanguage\":\"en-US\",\"potentialAction\":[{\"@type\":\"ReadAction\",\"target\":[\"https:\/\/librairie7l.com\/en\/produit\/marilyn-cherie-2\/\"]}]},{\"@type\":\"BreadcrumbList\",\"@id\":\"https:\/\/librairie7l.com\/en\/produit\/marilyn-cherie-2\/#breadcrumb\",\"itemListElement\":[{\"@type\":\"ListItem\",\"position\":1,\"name\":\"Accueil\",\"item\":\"https:\/\/librairie7l.com\/en\/\"},{\"@type\":\"ListItem\",\"position\":2,\"name\":\"Shop\",\"item\":\"https:\/\/librairie7l.com\/en\/shop\/\"},{\"@type\":\"ListItem\",\"position\":3,\"name\":\"MARILYN CH\u00c9RIE\"}]},{\"@type\":\"WebSite\",\"@id\":\"https:\/\/librairie7l.com\/en\/#website\",\"url\":\"https:\/\/librairie7l.com\/en\/\",\"name\":\"Librairie 7L\",\"description\":\"Librairie fond\u00e9e en 1999 par Karl Lagerfeld \u00e0 Paris\",\"publisher\":{\"@id\":\"https:\/\/librairie7l.com\/en\/#organization\"},\"potentialAction\":[{\"@type\":\"SearchAction\",\"target\":{\"@type\":\"EntryPoint\",\"urlTemplate\":\"https:\/\/librairie7l.com\/en\/?s={search_term_string}\"},\"query-input\":\"required name=search_term_string\"}],\"inLanguage\":\"en-US\"},{\"@type\":\"Organization\",\"@id\":\"https:\/\/librairie7l.com\/en\/#organization\",\"name\":\"Librairie 7L\",\"url\":\"https:\/\/librairie7l.com\/en\/\",\"logo\":{\"@type\":\"ImageObject\",\"inLanguage\":\"en-US\",\"@id\":\"https:\/\/librairie7l.com\/en\/#\/schema\/logo\/image\/\",\"url\":\"https:\/\/librairie7l.com\/wp-content\/uploads\/2022\/08\/logo-1.png\",\"contentUrl\":\"https:\/\/librairie7l.com\/wp-content\/uploads\/2022\/08\/logo-1.png\",\"width\":227,\"height\":301,\"caption\":\"Librairie 7L\"},\"image\":{\"@id\":\"https:\/\/librairie7l.com\/en\/#\/schema\/logo\/image\/\"}}]}<\/script>\n<!-- \/ Yoast SEO plugin. -->","yoast_head_json":{"title":"Marilyn ch\u00e9rie - Librairie 7L","robots":{"index":"index","follow":"follow","max-snippet":"max-snippet:-1","max-image-preview":"max-image-preview:large","max-video-preview":"max-video-preview:-1"},"canonical":"https:\/\/librairie7l.com\/en\/produit\/marilyn-cherie-2\/","og_locale":"en_US","og_type":"article","og_title":"Marilyn ch\u00e9rie - Librairie 7L","og_description":"\u00c0 l&#8217;occasion du centenaire de Marilyn Monroe, Catherine Deneuve et le collectionneur S\u00e9bastien Cauchon rendent hommage \u00e0 celle qui demeure la plus grande star du XXe si\u00e8cle. Dans Marilyn Ch\u00e9rie, Catherine Deneuve porte un regard libre, tendre et tr\u00e8s personnel sur les photographies de celle qu&#8217;elle consid\u00e8re comme \u00abla plus belle image jamais vue sur [&hellip;]","og_url":"https:\/\/librairie7l.com\/en\/produit\/marilyn-cherie-2\/","og_site_name":"Librairie 7L","article_modified_time":"2026-05-13T09:20:10+00:00","og_image":[{"width":600,"height":762,"url":"https:\/\/librairie7l.com\/wp-content\/uploads\/2026\/02\/9782080511867_1_75.jpg","type":"image\/jpeg"}],"twitter_card":"summary_large_image","twitter_misc":{"Est. reading time":"1 minute"},"schema":{"@context":"https:\/\/schema.org","@graph":[{"@type":"WebPage","@id":"https:\/\/librairie7l.com\/en\/produit\/marilyn-cherie-2\/","url":"https:\/\/librairie7l.com\/en\/produit\/marilyn-cherie-2\/","name":"Marilyn ch\u00e9rie - Librairie 7L","isPartOf":{"@id":"https:\/\/librairie7l.com\/en\/#website"},"datePublished":"2026-05-13T07:18:21+00:00","dateModified":"2026-05-13T09:20:10+00:00","breadcrumb":{"@id":"https:\/\/librairie7l.com\/en\/produit\/marilyn-cherie-2\/#breadcrumb"},"inLanguage":"en-US","potentialAction":[{"@type":"ReadAction","target":["https:\/\/librairie7l.com\/en\/produit\/marilyn-cherie-2\/"]}]},{"@type":"BreadcrumbList","@id":"https:\/\/librairie7l.com\/en\/produit\/marilyn-cherie-2\/#breadcrumb","itemListElement":[{"@type":"ListItem","position":1,"name":"Accueil","item":"https:\/\/librairie7l.com\/en\/"},{"@type":"ListItem","position":2,"name":"Shop","item":"https:\/\/librairie7l.com\/en\/shop\/"},{"@type":"ListItem","position":3,"name":"MARILYN CH\u00c9RIE"}]},{"@type":"WebSite","@id":"https:\/\/librairie7l.com\/en\/#website","url":"https:\/\/librairie7l.com\/en\/","name":"Librairie 7L","description":"Librairie fond\u00e9e en 1999 par Karl Lagerfeld \u00e0 Paris","publisher":{"@id":"https:\/\/librairie7l.com\/en\/#organization"},"potentialAction":[{"@type":"SearchAction","target":{"@type":"EntryPoint","urlTemplate":"https:\/\/librairie7l.com\/en\/?s={search_term_string}"},"query-input":"required name=search_term_string"}],"inLanguage":"en-US"},{"@type":"Organization","@id":"https:\/\/librairie7l.com\/en\/#organization","name":"Librairie 7L","url":"https:\/\/librairie7l.com\/en\/","logo":{"@type":"ImageObject","inLanguage":"en-US","@id":"https:\/\/librairie7l.com\/en\/#\/schema\/logo\/image\/","url":"https:\/\/librairie7l.com\/wp-content\/uploads\/2022\/08\/logo-1.png","contentUrl":"https:\/\/librairie7l.com\/wp-content\/uploads\/2022\/08\/logo-1.png","width":227,"height":301,"caption":"Librairie 7L"},"image":{"@id":"https:\/\/librairie7l.com\/en\/#\/schema\/logo\/image\/"}}]}},"_links":{"self":[{"href":"https:\/\/librairie7l.com\/en\/wp-json\/wp\/v2\/product\/57067"}],"collection":[{"href":"https:\/\/librairie7l.com\/en\/wp-json\/wp\/v2\/product"}],"about":[{"href":"https:\/\/librairie7l.com\/en\/wp-json\/wp\/v2\/types\/product"}],"wp:featuredmedia":[{"embeddable":true,"href":"https:\/\/librairie7l.com\/en\/wp-json\/wp\/v2\/media\/57065"}],"wp:attachment":[{"href":"https:\/\/librairie7l.com\/en\/wp-json\/wp\/v2\/media?parent=57067"}],"wp:term":[{"taxonomy":"product_cat","embeddable":true,"href":"https:\/\/librairie7l.com\/en\/wp-json\/wp\/v2\/product_cat?post=57067"},{"taxonomy":"product_tag","embeddable":true,"href":"https:\/\/librairie7l.com\/en\/wp-json\/wp\/v2\/product_tag?post=57067"}],"curies":[{"name":"wp","href":"https:\/\/api.w.org\/{rel}","templated":true}]}}