{"id":57069,"date":"2026-05-13T09:18:23","date_gmt":"2026-05-13T07:18:23","guid":{"rendered":"https:\/\/librairie7l.com\/?post_type=product&#038;p=57069"},"modified":"2026-05-13T11:20:07","modified_gmt":"2026-05-13T09:20:07","slug":"eric-schmitt-2","status":"publish","type":"product","link":"https:\/\/librairie7l.com\/en\/produit\/eric-schmitt-2\/","title":{"rendered":"ERIC SCHMITT"},"content":{"rendered":"<p>Oeuvres 2015-2025<br \/>\nDesigner fran\u00e7ais majeur de la sc\u00e8ne contemporaine, \u00c9ric Schmitt d\u00e9veloppe depuis plus de trente ans une oeuvre singuli\u00e8re \u00e0 la crois\u00e9e de l&#8217;art, du design et de l&#8217;artisanat d&#8217;exception. Son \u00e9criture formelle, \u00e0 la fois rigoureuse et sensuelle, se distingue par des lignes \u00e9pur\u00e9es, une forte dimension sculpturale et une ma\u00eetrise remarquable des mat\u00e9riaux &#8211;<br \/>\nm\u00e9tal, verre, bois ou pierre. Expos\u00e9es dans les galeries et mus\u00e9es du monde entier, ses cr\u00e9ations incarnent un dialogue constant entre innovation, savoir-faire et usage.<br \/>\nCe deuxi\u00e8me volume monographique, couvrant la p\u00e9riode 2015-2025, s&#8217;impose comme un ouvrage de r\u00e9f\u00e9rence consacr\u00e9 \u00e0 l&#8217;oeuvre r\u00e9cente d&#8217;\u00c9ric Schmitt. Con\u00e7u comme un objet \u00e9ditorial ambitieux et durable, il s&#8217;adresse aux collectionneurs, professionnels du march\u00e9 de l&#8217;art, institutions et amateurs \u00e9clair\u00e9s de design contemporain. L&#8217;ouvrage est bilingue fran\u00e7ais \/ anglais, avec une pr\u00e9sentation successive des langues, \u00e0 l&#8217;exception du catalogue raisonn\u00e9, propos\u00e9 int\u00e9gralement dans les deux langues.<\/p>\n","protected":false},"excerpt":{"rendered":"<p>Oeuvres 2015-2025 Designer fran\u00e7ais majeur de la sc\u00e8ne contemporaine, \u00c9ric Schmitt d\u00e9veloppe depuis plus de trente ans une oeuvre singuli\u00e8re \u00e0 la crois\u00e9e de l&#8217;art, du design et de l&#8217;artisanat d&#8217;exception. Son \u00e9criture formelle, \u00e0 la fois rigoureuse et sensuelle, se distingue par des lignes \u00e9pur\u00e9es, une forte dimension sculpturale et une ma\u00eetrise remarquable des [&hellip;]<\/p>\n","protected":false},"featured_media":0,"template":"","meta":[],"product_cat":[2948],"product_tag":[],"acf":[],"yoast_head":"<!-- This site is optimized with the Yoast SEO plugin v20.11 - https:\/\/yoast.com\/wordpress\/plugins\/seo\/ -->\n<title>Eric Schmitt - Librairie 7L<\/title>\n<meta name=\"robots\" content=\"index, follow, max-snippet:-1, max-image-preview:large, max-video-preview:-1\" \/>\n<link rel=\"canonical\" href=\"https:\/\/librairie7l.com\/en\/produit\/eric-schmitt-2\/\" \/>\n<meta property=\"og:locale\" content=\"en_US\" \/>\n<meta property=\"og:type\" content=\"article\" \/>\n<meta property=\"og:title\" content=\"Eric Schmitt - Librairie 7L\" \/>\n<meta property=\"og:description\" content=\"Oeuvres 2015-2025 Designer fran\u00e7ais majeur de la sc\u00e8ne contemporaine, \u00c9ric Schmitt d\u00e9veloppe depuis plus de trente ans une oeuvre singuli\u00e8re \u00e0 la crois\u00e9e de l&#8217;art, du design et de l&#8217;artisanat d&#8217;exception. Son \u00e9criture formelle, \u00e0 la fois rigoureuse et sensuelle, se distingue par des lignes \u00e9pur\u00e9es, une forte dimension sculpturale et une ma\u00eetrise remarquable des [&hellip;]\" \/>\n<meta property=\"og:url\" content=\"https:\/\/librairie7l.com\/en\/produit\/eric-schmitt-2\/\" \/>\n<meta property=\"og:site_name\" content=\"Librairie 7L\" \/>\n<meta property=\"article:modified_time\" content=\"2026-05-13T09:20:07+00:00\" \/>\n<meta name=\"twitter:card\" content=\"summary_large_image\" \/>\n<meta name=\"twitter:label1\" content=\"Est. reading time\" \/>\n\t<meta name=\"twitter:data1\" content=\"1 minute\" \/>\n<script type=\"application\/ld+json\" class=\"yoast-schema-graph\">{\"@context\":\"https:\/\/schema.org\",\"@graph\":[{\"@type\":\"WebPage\",\"@id\":\"https:\/\/librairie7l.com\/en\/produit\/eric-schmitt-2\/\",\"url\":\"https:\/\/librairie7l.com\/en\/produit\/eric-schmitt-2\/\",\"name\":\"Eric Schmitt - Librairie 7L\",\"isPartOf\":{\"@id\":\"https:\/\/librairie7l.com\/en\/#website\"},\"datePublished\":\"2026-05-13T07:18:23+00:00\",\"dateModified\":\"2026-05-13T09:20:07+00:00\",\"breadcrumb\":{\"@id\":\"https:\/\/librairie7l.com\/en\/produit\/eric-schmitt-2\/#breadcrumb\"},\"inLanguage\":\"en-US\",\"potentialAction\":[{\"@type\":\"ReadAction\",\"target\":[\"https:\/\/librairie7l.com\/en\/produit\/eric-schmitt-2\/\"]}]},{\"@type\":\"BreadcrumbList\",\"@id\":\"https:\/\/librairie7l.com\/en\/produit\/eric-schmitt-2\/#breadcrumb\",\"itemListElement\":[{\"@type\":\"ListItem\",\"position\":1,\"name\":\"Accueil\",\"item\":\"https:\/\/librairie7l.com\/en\/\"},{\"@type\":\"ListItem\",\"position\":2,\"name\":\"Shop\",\"item\":\"https:\/\/librairie7l.com\/en\/shop\/\"},{\"@type\":\"ListItem\",\"position\":3,\"name\":\"ERIC SCHMITT\"}]},{\"@type\":\"WebSite\",\"@id\":\"https:\/\/librairie7l.com\/en\/#website\",\"url\":\"https:\/\/librairie7l.com\/en\/\",\"name\":\"Librairie 7L\",\"description\":\"Librairie fond\u00e9e en 1999 par Karl Lagerfeld \u00e0 Paris\",\"publisher\":{\"@id\":\"https:\/\/librairie7l.com\/en\/#organization\"},\"potentialAction\":[{\"@type\":\"SearchAction\",\"target\":{\"@type\":\"EntryPoint\",\"urlTemplate\":\"https:\/\/librairie7l.com\/en\/?s={search_term_string}\"},\"query-input\":\"required name=search_term_string\"}],\"inLanguage\":\"en-US\"},{\"@type\":\"Organization\",\"@id\":\"https:\/\/librairie7l.com\/en\/#organization\",\"name\":\"Librairie 7L\",\"url\":\"https:\/\/librairie7l.com\/en\/\",\"logo\":{\"@type\":\"ImageObject\",\"inLanguage\":\"en-US\",\"@id\":\"https:\/\/librairie7l.com\/en\/#\/schema\/logo\/image\/\",\"url\":\"https:\/\/librairie7l.com\/wp-content\/uploads\/2022\/08\/logo-1.png\",\"contentUrl\":\"https:\/\/librairie7l.com\/wp-content\/uploads\/2022\/08\/logo-1.png\",\"width\":227,\"height\":301,\"caption\":\"Librairie 7L\"},\"image\":{\"@id\":\"https:\/\/librairie7l.com\/en\/#\/schema\/logo\/image\/\"}}]}<\/script>\n<!-- \/ Yoast SEO plugin. -->","yoast_head_json":{"title":"Eric Schmitt - Librairie 7L","robots":{"index":"index","follow":"follow","max-snippet":"max-snippet:-1","max-image-preview":"max-image-preview:large","max-video-preview":"max-video-preview:-1"},"canonical":"https:\/\/librairie7l.com\/en\/produit\/eric-schmitt-2\/","og_locale":"en_US","og_type":"article","og_title":"Eric Schmitt - Librairie 7L","og_description":"Oeuvres 2015-2025 Designer fran\u00e7ais majeur de la sc\u00e8ne contemporaine, \u00c9ric Schmitt d\u00e9veloppe depuis plus de trente ans une oeuvre singuli\u00e8re \u00e0 la crois\u00e9e de l&#8217;art, du design et de l&#8217;artisanat d&#8217;exception. Son \u00e9criture formelle, \u00e0 la fois rigoureuse et sensuelle, se distingue par des lignes \u00e9pur\u00e9es, une forte dimension sculpturale et une ma\u00eetrise remarquable des [&hellip;]","og_url":"https:\/\/librairie7l.com\/en\/produit\/eric-schmitt-2\/","og_site_name":"Librairie 7L","article_modified_time":"2026-05-13T09:20:07+00:00","twitter_card":"summary_large_image","twitter_misc":{"Est. reading time":"1 minute"},"schema":{"@context":"https:\/\/schema.org","@graph":[{"@type":"WebPage","@id":"https:\/\/librairie7l.com\/en\/produit\/eric-schmitt-2\/","url":"https:\/\/librairie7l.com\/en\/produit\/eric-schmitt-2\/","name":"Eric Schmitt - Librairie 7L","isPartOf":{"@id":"https:\/\/librairie7l.com\/en\/#website"},"datePublished":"2026-05-13T07:18:23+00:00","dateModified":"2026-05-13T09:20:07+00:00","breadcrumb":{"@id":"https:\/\/librairie7l.com\/en\/produit\/eric-schmitt-2\/#breadcrumb"},"inLanguage":"en-US","potentialAction":[{"@type":"ReadAction","target":["https:\/\/librairie7l.com\/en\/produit\/eric-schmitt-2\/"]}]},{"@type":"BreadcrumbList","@id":"https:\/\/librairie7l.com\/en\/produit\/eric-schmitt-2\/#breadcrumb","itemListElement":[{"@type":"ListItem","position":1,"name":"Accueil","item":"https:\/\/librairie7l.com\/en\/"},{"@type":"ListItem","position":2,"name":"Shop","item":"https:\/\/librairie7l.com\/en\/shop\/"},{"@type":"ListItem","position":3,"name":"ERIC SCHMITT"}]},{"@type":"WebSite","@id":"https:\/\/librairie7l.com\/en\/#website","url":"https:\/\/librairie7l.com\/en\/","name":"Librairie 7L","description":"Librairie fond\u00e9e en 1999 par Karl Lagerfeld \u00e0 Paris","publisher":{"@id":"https:\/\/librairie7l.com\/en\/#organization"},"potentialAction":[{"@type":"SearchAction","target":{"@type":"EntryPoint","urlTemplate":"https:\/\/librairie7l.com\/en\/?s={search_term_string}"},"query-input":"required name=search_term_string"}],"inLanguage":"en-US"},{"@type":"Organization","@id":"https:\/\/librairie7l.com\/en\/#organization","name":"Librairie 7L","url":"https:\/\/librairie7l.com\/en\/","logo":{"@type":"ImageObject","inLanguage":"en-US","@id":"https:\/\/librairie7l.com\/en\/#\/schema\/logo\/image\/","url":"https:\/\/librairie7l.com\/wp-content\/uploads\/2022\/08\/logo-1.png","contentUrl":"https:\/\/librairie7l.com\/wp-content\/uploads\/2022\/08\/logo-1.png","width":227,"height":301,"caption":"Librairie 7L"},"image":{"@id":"https:\/\/librairie7l.com\/en\/#\/schema\/logo\/image\/"}}]}},"_links":{"self":[{"href":"https:\/\/librairie7l.com\/en\/wp-json\/wp\/v2\/product\/57069"}],"collection":[{"href":"https:\/\/librairie7l.com\/en\/wp-json\/wp\/v2\/product"}],"about":[{"href":"https:\/\/librairie7l.com\/en\/wp-json\/wp\/v2\/types\/product"}],"wp:attachment":[{"href":"https:\/\/librairie7l.com\/en\/wp-json\/wp\/v2\/media?parent=57069"}],"wp:term":[{"taxonomy":"product_cat","embeddable":true,"href":"https:\/\/librairie7l.com\/en\/wp-json\/wp\/v2\/product_cat?post=57069"},{"taxonomy":"product_tag","embeddable":true,"href":"https:\/\/librairie7l.com\/en\/wp-json\/wp\/v2\/product_tag?post=57069"}],"curies":[{"name":"wp","href":"https:\/\/api.w.org\/{rel}","templated":true}]}}